{"id":13633,"date":"2020-05-09T00:20:21","date_gmt":"2020-05-09T00:20:21","guid":{"rendered":"https:\/\/staging.encore-emea.com\/modern-slavery-act\/"},"modified":"2022-11-13T18:37:33","modified_gmt":"2022-11-13T18:37:33","slug":"modern-slavery-act","status":"publish","type":"page","link":"https:\/\/info.encore-emea.com\/de\/modern-slavery-act\/","title":{"rendered":"Modern Slavery Act"},"content":{"rendered":"\t\t<div data-elementor-type=\"wp-page\" data-elementor-id=\"13633\" class=\"elementor elementor-13633 elementor-3\" data-elementor-post-type=\"page\">\n\t\t\t\t\t\t<section class=\"elementor-section elementor-top-section elementor-element elementor-element-20ccea3 elementor-section-boxed elementor-section-height-default elementor-section-height-default\" data-id=\"20ccea3\" data-element_type=\"section\">\n\t\t\t\t\t\t<div class=\"elementor-container elementor-column-gap-default\">\n\t\t\t\t\t<div class=\"elementor-column elementor-col-100 elementor-top-column elementor-element elementor-element-52e6750f\" data-id=\"52e6750f\" data-element_type=\"column\">\n\t\t\t<div class=\"elementor-widget-wrap elementor-element-populated\">\n\t\t\t\t\t\t<div class=\"elementor-element elementor-element-5ae887bf elementor-widget elementor-widget-text-editor\" data-id=\"5ae887bf\" data-element_type=\"widget\" data-widget_type=\"text-editor.default\">\n\t\t\t\t<div class=\"elementor-widget-container\">\n\t\t\t\t\t\t\t\t\t<h2 class=\"elementor-heading-title elementor-size-default\">Richtlinie zur Modernen Sklaverei (UK Modern Slavery Act)<br \/><br \/><\/h2><p>Die Encore-Unternehmensgruppe ist bestrebt, Gesch\u00e4fte auf rechtm\u00e4\u00dfige und ethische Weise zu f\u00fchren. Deshalb beteiligen wir uns am Modern Slavery Act. Encore erwartet, dass sich auch die Lieferanten, mit denen wir Gesch\u00e4fte machen, so verhalten.<\/p><p>Wir setzen uns daf\u00fcr ein, dass in unseren Lieferketten oder in unseren Gesch\u00e4ftsbereichen keine moderne Sklaverei oder Menschenhandel stattfindet. Wir fordern von all unseren Mitarbeitern und Partnern, dass wir in all unseren Gesch\u00e4ftsbeziehungen ethisch und integer handeln und wirksame Systeme und Kontrollprozesse implementieren und durchsetzen, um sicherzustellen, dass Sklaverei und Menschenhandel nirgendwo in unseren Lieferketten stattfinden. An diesen Kontrollprozessen sind alle Personen und Abteilungen beteiligt, die mit unseren Lieferanten zu tun haben, einschlie\u00dflich unserer internen Auditteams.<\/p><p>Alle Mitarbeiter, die direkt oder indirekt bei Encore angestellt sind und mit der Lieferkette in Verbindung stehen, werden geschult, um Menschenhandel und Sklaverei zu identifizieren und zu melden. Au\u00dferdem wird allen Mitarbeitern von Encore eine Richtlinie zu Menschenhandel und Sklaverei ausgeh\u00e4ndigt.<\/p><p>Wir erwarten von allen unseren Partnern in unserer Branche, dass sie alle relevanten Gesetze einschlie\u00dflich des UK Modern Slavery Act einhalten. Wir unterbreiten unseren Lieferanten unseren Verhaltenskodex f\u00fcr Lieferanten, der unter anderem den Einsatz von Zwangs- oder unfreiwilliger Arbeit jeglicher Art, einschlie\u00dflich ungesetzlicher Kinderarbeit, ausdr\u00fccklich verbietet. Unsere Lieferanten best\u00e4tigen schriftlich, dass sie den Encore-Verhaltenskodex f\u00fcr Lieferanten zur Kenntnis genommen haben und somit verpflichtet sind, die Standards unseres Verhaltenskodexes und alle relevanten Gesetze einschlie\u00dflich des UK Modern Slavery Act einzuhalten.<\/p>\t\t\t\t\t\t\t\t<\/div>\n\t\t\t\t<\/div>\n\t\t\t\t\t<\/div>\n\t\t<\/div>\n\t\t\t\t\t<\/div>\n\t\t<\/section>\n\t\t\t\t<\/div>\n\t\t","protected":false},"excerpt":{"rendered":"<p>Richtlinie zur Modernen Sklaverei (UK Modern Slavery Act) Die Encore-Unternehmensgruppe ist bestrebt, Gesch\u00e4fte auf rechtm\u00e4\u00dfige und ethische Weise zu f\u00fchren. Deshalb beteiligen wir uns am Modern Slavery Act. Encore erwartet, dass sich auch die Lieferanten, mit denen wir Gesch\u00e4fte machen, so verhalten. Wir setzen uns daf\u00fcr ein, dass in unseren Lieferketten oder in unseren Gesch\u00e4ftsbereichen &#8230; <a href=\"https:\/\/info.encore-emea.com\/de\/modern-slavery-act\/\">Weiterlesen<\/a><\/p>\n","protected":false},"author":41,"featured_media":24464,"parent":0,"menu_order":0,"comment_status":"closed","ping_status":"closed","template":"","meta":{"footnotes":""},"tags":[],"class_list":["post-13633","page","type-page","status-publish","has-post-thumbnail","hentry"],"yoast_head":"<!-- This site is optimized with the Yoast SEO Premium plugin v25.4 (Yoast SEO v25.4) - https:\/\/yoast.com\/wordpress\/plugins\/seo\/ -->\n<title>Modern Slavery Act - Lawful and Ethical Business - Encore EMEA<\/title>\n<meta name=\"description\" content=\"The Encore family of companies are dedicated to conducting business in a lawful and ethical manner. That&#039;s why we participate in the Modern Slavery Act.\" \/>\n<meta name=\"robots\" content=\"noindex, follow, max-snippet:-1, max-image-preview:large, max-video-preview:-1\" \/>\n<meta property=\"og:locale\" content=\"de_DE\" \/>\n<meta property=\"og:type\" content=\"article\" \/>\n<meta property=\"og:title\" content=\"Modern Slavery Act\" \/>\n<meta property=\"og:description\" content=\"The Encore family of companies are dedicated to conducting business in a lawful and ethical manner. That&#039;s why we participate in the Modern Slavery Act.\" \/>\n<meta property=\"og:url\" content=\"https:\/\/info.encore-emea.com\/de\/modern-slavery-act\/\" \/>\n<meta property=\"og:site_name\" content=\"Encore EMEA\" \/>\n<meta property=\"article:publisher\" content=\"https:\/\/www.facebook.com\/EncoreEMEA\" \/>\n<meta property=\"article:modified_time\" content=\"2022-11-13T18:37:33+00:00\" \/>\n<meta property=\"og:image\" content=\"https:\/\/cdn.encoreglobal.com\/wp-content\/uploads\/sites\/2\/2021\/07\/04065312\/encore_generic_feature.png\" \/>\n\t<meta property=\"og:image:width\" content=\"708\" \/>\n\t<meta property=\"og:image:height\" content=\"395\" \/>\n\t<meta property=\"og:image:type\" content=\"image\/png\" \/>\n<meta name=\"twitter:card\" content=\"summary_large_image\" \/>\n<meta name=\"twitter:site\" content=\"@EncoreEMEA\" \/>\n<meta name=\"twitter:label1\" content=\"Gesch\u00e4tzte Lesezeit\" \/>\n\t<meta name=\"twitter:data1\" content=\"2 Minuten\" \/>\n<script type=\"application\/ld+json\" class=\"yoast-schema-graph\">{\"@context\":\"https:\/\/schema.org\",\"@graph\":[{\"@type\":\"WebPage\",\"@id\":\"https:\/\/info.encore-emea.com\/de\/modern-slavery-act\/\",\"url\":\"https:\/\/info.encore-emea.com\/de\/modern-slavery-act\/\",\"name\":\"Modern Slavery Act - Lawful and Ethical Business - Encore EMEA\",\"isPartOf\":{\"@id\":\"https:\/\/info.encore-emea.com\/#website\"},\"primaryImageOfPage\":{\"@id\":\"https:\/\/info.encore-emea.com\/de\/modern-slavery-act\/#primaryimage\"},\"image\":{\"@id\":\"https:\/\/info.encore-emea.com\/de\/modern-slavery-act\/#primaryimage\"},\"thumbnailUrl\":\"https:\/\/cdn.encoreglobal.com\/wp-content\/uploads\/sites\/2\/2021\/07\/04065312\/encore_generic_feature.png\",\"datePublished\":\"2020-05-09T00:20:21+00:00\",\"dateModified\":\"2022-11-13T18:37:33+00:00\",\"description\":\"The Encore family of companies are dedicated to conducting business in a lawful and ethical manner. That's why we participate in the Modern Slavery Act.\",\"breadcrumb\":{\"@id\":\"https:\/\/info.encore-emea.com\/de\/modern-slavery-act\/#breadcrumb\"},\"inLanguage\":\"de-DE\",\"potentialAction\":[{\"@type\":\"ReadAction\",\"target\":[\"https:\/\/info.encore-emea.com\/de\/modern-slavery-act\/\"]}]},{\"@type\":\"ImageObject\",\"inLanguage\":\"de-DE\",\"@id\":\"https:\/\/info.encore-emea.com\/de\/modern-slavery-act\/#primaryimage\",\"url\":\"https:\/\/cdn.encoreglobal.com\/wp-content\/uploads\/sites\/2\/2021\/07\/04065312\/encore_generic_feature.png\",\"contentUrl\":\"https:\/\/cdn.encoreglobal.com\/wp-content\/uploads\/sites\/2\/2021\/07\/04065312\/encore_generic_feature.png\",\"width\":708,\"height\":395},{\"@type\":\"BreadcrumbList\",\"@id\":\"https:\/\/info.encore-emea.com\/de\/modern-slavery-act\/#breadcrumb\",\"itemListElement\":[{\"@type\":\"ListItem\",\"position\":1,\"name\":\"Home\",\"item\":\"https:\/\/info.encore-emea.com\/de\/\"},{\"@type\":\"ListItem\",\"position\":2,\"name\":\"Modern Slavery Act\"}]},{\"@type\":\"WebSite\",\"@id\":\"https:\/\/info.encore-emea.com\/#website\",\"url\":\"https:\/\/info.encore-emea.com\/\",\"name\":\"Encore EMEA\",\"description\":\"Events That Transform\",\"publisher\":{\"@id\":\"https:\/\/info.encore-emea.com\/#organization\"},\"potentialAction\":[{\"@type\":\"SearchAction\",\"target\":{\"@type\":\"EntryPoint\",\"urlTemplate\":\"https:\/\/info.encore-emea.com\/?s={search_term_string}\"},\"query-input\":{\"@type\":\"PropertyValueSpecification\",\"valueRequired\":true,\"valueName\":\"search_term_string\"}}],\"inLanguage\":\"de-DE\"},{\"@type\":\"Organization\",\"@id\":\"https:\/\/info.encore-emea.com\/#organization\",\"name\":\"ENCORE EMEA\",\"url\":\"https:\/\/info.encore-emea.com\/\",\"logo\":{\"@type\":\"ImageObject\",\"inLanguage\":\"de-DE\",\"@id\":\"https:\/\/info.encore-emea.com\/#\/schema\/logo\/image\/\",\"url\":\"https:\/\/cdn.encoreglobal.com\/wp-content\/uploads\/sites\/2\/2021\/01\/13170758\/encore_logo_RGB.png\",\"contentUrl\":\"https:\/\/cdn.encoreglobal.com\/wp-content\/uploads\/sites\/2\/2021\/01\/13170758\/encore_logo_RGB.png\",\"width\":6797,\"height\":1934,\"caption\":\"ENCORE EMEA\"},\"image\":{\"@id\":\"https:\/\/info.encore-emea.com\/#\/schema\/logo\/image\/\"},\"sameAs\":[\"https:\/\/www.facebook.com\/EncoreEMEA\",\"https:\/\/x.com\/EncoreEMEA\",\"https:\/\/www.instagram.com\/encoreemea\/\",\"https:\/\/www.linkedin.com\/company\/encoreuk\/\"]}]}<\/script>\n<!-- \/ Yoast SEO Premium plugin. -->","yoast_head_json":{"title":"Modern Slavery Act - Lawful and Ethical Business - Encore EMEA","description":"The Encore family of companies are dedicated to conducting business in a lawful and ethical manner. That's why we participate in the Modern Slavery Act.","robots":{"index":"noindex","follow":"follow","max-snippet":"max-snippet:-1","max-image-preview":"max-image-preview:large","max-video-preview":"max-video-preview:-1"},"og_locale":"de_DE","og_type":"article","og_title":"Modern Slavery Act","og_description":"The Encore family of companies are dedicated to conducting business in a lawful and ethical manner. That's why we participate in the Modern Slavery Act.","og_url":"https:\/\/info.encore-emea.com\/de\/modern-slavery-act\/","og_site_name":"Encore EMEA","article_publisher":"https:\/\/www.facebook.com\/EncoreEMEA","article_modified_time":"2022-11-13T18:37:33+00:00","og_image":[{"width":708,"height":395,"url":"https:\/\/cdn.encoreglobal.com\/wp-content\/uploads\/sites\/2\/2021\/07\/04065312\/encore_generic_feature.png","type":"image\/png"}],"twitter_card":"summary_large_image","twitter_site":"@EncoreEMEA","twitter_misc":{"Gesch\u00e4tzte Lesezeit":"2 Minuten"},"schema":{"@context":"https:\/\/schema.org","@graph":[{"@type":"WebPage","@id":"https:\/\/info.encore-emea.com\/de\/modern-slavery-act\/","url":"https:\/\/info.encore-emea.com\/de\/modern-slavery-act\/","name":"Modern Slavery Act - Lawful and Ethical Business - Encore EMEA","isPartOf":{"@id":"https:\/\/info.encore-emea.com\/#website"},"primaryImageOfPage":{"@id":"https:\/\/info.encore-emea.com\/de\/modern-slavery-act\/#primaryimage"},"image":{"@id":"https:\/\/info.encore-emea.com\/de\/modern-slavery-act\/#primaryimage"},"thumbnailUrl":"https:\/\/cdn.encoreglobal.com\/wp-content\/uploads\/sites\/2\/2021\/07\/04065312\/encore_generic_feature.png","datePublished":"2020-05-09T00:20:21+00:00","dateModified":"2022-11-13T18:37:33+00:00","description":"The Encore family of companies are dedicated to conducting business in a lawful and ethical manner. That's why we participate in the Modern Slavery Act.","breadcrumb":{"@id":"https:\/\/info.encore-emea.com\/de\/modern-slavery-act\/#breadcrumb"},"inLanguage":"de-DE","potentialAction":[{"@type":"ReadAction","target":["https:\/\/info.encore-emea.com\/de\/modern-slavery-act\/"]}]},{"@type":"ImageObject","inLanguage":"de-DE","@id":"https:\/\/info.encore-emea.com\/de\/modern-slavery-act\/#primaryimage","url":"https:\/\/cdn.encoreglobal.com\/wp-content\/uploads\/sites\/2\/2021\/07\/04065312\/encore_generic_feature.png","contentUrl":"https:\/\/cdn.encoreglobal.com\/wp-content\/uploads\/sites\/2\/2021\/07\/04065312\/encore_generic_feature.png","width":708,"height":395},{"@type":"BreadcrumbList","@id":"https:\/\/info.encore-emea.com\/de\/modern-slavery-act\/#breadcrumb","itemListElement":[{"@type":"ListItem","position":1,"name":"Home","item":"https:\/\/info.encore-emea.com\/de\/"},{"@type":"ListItem","position":2,"name":"Modern Slavery Act"}]},{"@type":"WebSite","@id":"https:\/\/info.encore-emea.com\/#website","url":"https:\/\/info.encore-emea.com\/","name":"Encore EMEA","description":"Events That Transform","publisher":{"@id":"https:\/\/info.encore-emea.com\/#organization"},"potentialAction":[{"@type":"SearchAction","target":{"@type":"EntryPoint","urlTemplate":"https:\/\/info.encore-emea.com\/?s={search_term_string}"},"query-input":{"@type":"PropertyValueSpecification","valueRequired":true,"valueName":"search_term_string"}}],"inLanguage":"de-DE"},{"@type":"Organization","@id":"https:\/\/info.encore-emea.com\/#organization","name":"ENCORE EMEA","url":"https:\/\/info.encore-emea.com\/","logo":{"@type":"ImageObject","inLanguage":"de-DE","@id":"https:\/\/info.encore-emea.com\/#\/schema\/logo\/image\/","url":"https:\/\/cdn.encoreglobal.com\/wp-content\/uploads\/sites\/2\/2021\/01\/13170758\/encore_logo_RGB.png","contentUrl":"https:\/\/cdn.encoreglobal.com\/wp-content\/uploads\/sites\/2\/2021\/01\/13170758\/encore_logo_RGB.png","width":6797,"height":1934,"caption":"ENCORE EMEA"},"image":{"@id":"https:\/\/info.encore-emea.com\/#\/schema\/logo\/image\/"},"sameAs":["https:\/\/www.facebook.com\/EncoreEMEA","https:\/\/x.com\/EncoreEMEA","https:\/\/www.instagram.com\/encoreemea\/","https:\/\/www.linkedin.com\/company\/encoreuk\/"]}]}},"_links":{"self":[{"href":"https:\/\/info.encore-emea.com\/de\/wp-json\/wp\/v2\/pages\/13633","targetHints":{"allow":["GET"]}}],"collection":[{"href":"https:\/\/info.encore-emea.com\/de\/wp-json\/wp\/v2\/pages"}],"about":[{"href":"https:\/\/info.encore-emea.com\/de\/wp-json\/wp\/v2\/types\/page"}],"author":[{"embeddable":true,"href":"https:\/\/info.encore-emea.com\/de\/wp-json\/wp\/v2\/users\/41"}],"replies":[{"embeddable":true,"href":"https:\/\/info.encore-emea.com\/de\/wp-json\/wp\/v2\/comments?post=13633"}],"version-history":[{"count":0,"href":"https:\/\/info.encore-emea.com\/de\/wp-json\/wp\/v2\/pages\/13633\/revisions"}],"wp:featuredmedia":[{"embeddable":true,"href":"https:\/\/info.encore-emea.com\/de\/wp-json\/wp\/v2\/media\/24464"}],"wp:attachment":[{"href":"https:\/\/info.encore-emea.com\/de\/wp-json\/wp\/v2\/media?parent=13633"}],"wp:term":[{"taxonomy":"post_tag","embeddable":true,"href":"https:\/\/info.encore-emea.com\/de\/wp-json\/wp\/v2\/tags?post=13633"}],"curies":[{"name":"wp","href":"https:\/\/api.w.org\/{rel}","templated":true}]}}