{"id":2258,"date":"2020-07-11T05:36:44","date_gmt":"2020-07-11T05:36:44","guid":{"rendered":"https:\/\/staging.encore-emea.com\/bandwidth-calculator\/"},"modified":"2021-07-13T11:43:42","modified_gmt":"2021-07-13T11:43:42","slug":"bandbreiten-rechner","status":"publish","type":"page","link":"https:\/\/info.encore-emea.com\/de\/bandbreiten-rechner\/","title":{"rendered":"Bandbreiten-Rechner"},"content":{"rendered":"\t\t<div data-elementor-type=\"wp-page\" data-elementor-id=\"2258\" class=\"elementor elementor-2258 elementor-1015\" data-elementor-post-type=\"page\">\n\t\t\t\t\t\t<section class=\"elementor-section elementor-top-section elementor-element elementor-element-18f736d6 elementor-section-boxed elementor-section-height-default elementor-section-height-default\" data-id=\"18f736d6\" data-element_type=\"section\">\n\t\t\t\t\t\t<div class=\"elementor-container elementor-column-gap-default\">\n\t\t\t\t\t<div class=\"elementor-column elementor-col-100 elementor-top-column elementor-element elementor-element-7bd0a133\" data-id=\"7bd0a133\" data-element_type=\"column\">\n\t\t\t<div class=\"elementor-widget-wrap elementor-element-populated\">\n\t\t\t\t\t\t<div class=\"elementor-element elementor-element-2c77194 elementor-widget elementor-widget-image\" data-id=\"2c77194\" data-element_type=\"widget\" data-widget_type=\"image.default\">\n\t\t\t\t<div class=\"elementor-widget-container\">\n\t\t\t\t\t\t\t\t\t\t\t\t\t\t\t<img fetchpriority=\"high\" decoding=\"async\" width=\"1024\" height=\"84\" src=\"https:\/\/cdn.encoreglobal.com\/wp-content\/uploads\/sites\/2\/2021\/05\/25134457\/EncoreEMEA_BandwidthCalc.png\" class=\"attachment-large size-large wp-image-22176\" alt=\"\" srcset=\"https:\/\/cdn.encoreglobal.com\/wp-content\/uploads\/sites\/2\/2021\/05\/25134457\/EncoreEMEA_BandwidthCalc.png 1024w, https:\/\/cdn.encoreglobal.com\/wp-content\/uploads\/sites\/2\/2021\/05\/25134457\/EncoreEMEA_BandwidthCalc-300x25.png 300w, https:\/\/cdn.encoreglobal.com\/wp-content\/uploads\/sites\/2\/2021\/05\/25134457\/EncoreEMEA_BandwidthCalc-768x63.png 768w\" sizes=\"(max-width: 1024px) 100vw, 1024px\" \/>\t\t\t\t\t\t\t\t\t\t\t\t\t\t\t<\/div>\n\t\t\t\t<\/div>\n\t\t\t\t\t<\/div>\n\t\t<\/div>\n\t\t\t\t\t<\/div>\n\t\t<\/section>\n\t\t\t\t<section class=\"elementor-section elementor-top-section elementor-element elementor-element-554d68be elementor-section-boxed elementor-section-height-default elementor-section-height-default\" data-id=\"554d68be\" data-element_type=\"section\">\n\t\t\t\t\t\t<div class=\"elementor-container elementor-column-gap-default\">\n\t\t\t\t\t<div class=\"elementor-column elementor-col-50 elementor-top-column elementor-element elementor-element-27ca4a12\" data-id=\"27ca4a12\" data-element_type=\"column\">\n\t\t\t<div class=\"elementor-widget-wrap elementor-element-populated\">\n\t\t\t\t\t\t<div class=\"elementor-element elementor-element-15a11a7 elementor-widget elementor-widget-heading\" data-id=\"15a11a7\" data-element_type=\"widget\" data-widget_type=\"heading.default\">\n\t\t\t\t<div class=\"elementor-widget-container\">\n\t\t\t\t\t<h2 class=\"elementor-heading-title elementor-size-default\">Wie unser Bandbreite-Rechner funktioniert<\/h2>\t\t\t\t<\/div>\n\t\t\t\t<\/div>\n\t\t\t\t<div class=\"elementor-element elementor-element-368a2563 elementor-widget elementor-widget-text-editor\" data-id=\"368a2563\" data-element_type=\"widget\" data-widget_type=\"text-editor.default\">\n\t\t\t\t<div class=\"elementor-widget-container\">\n\t\t\t\t\t\t\t\t\t<p>Geben Sie eine gesch\u00e4tzte Anzahl von Meeting- oder Event-Teilnehmern an, die Art der Nutzung und ob Sie mehrere Ger\u00e4te pro Teilnehmer unterst\u00fctzen m\u00f6chten, um Ihre optimale Bandbreite zu berechnen. F\u00fcr mehrere Ger\u00e4te berechnen wir einen zus\u00e4tzlichen Zuschlag f\u00fcr die Bandbreite von 25 %, wobei wir davon ausgehen, dass die meisten Teilnehmer jeweils nur ein Ger\u00e4t verwenden werden.<\/p><p><strong>Geteilte vs. dedizierte Bandbreite:<\/strong> Haben Sie sich schon einmal gefragt, worin der Unterschied besteht und wann Sie sich f\u00fcr die jeweilige Bandbreite entscheiden sollten? M\u00f6chten Sie mehr \u00fcber Internet-L\u00f6sungen f\u00fcr Events erfahren? <strong>Sehen Sie sich unser Video zur Bandbreite an!<\/strong><\/p>\t\t\t\t\t\t\t\t<\/div>\n\t\t\t\t<\/div>\n\t\t\t\t\t<\/div>\n\t\t<\/div>\n\t\t\t\t<div class=\"elementor-column elementor-col-50 elementor-top-column elementor-element elementor-element-480e7eb1\" data-id=\"480e7eb1\" data-element_type=\"column\">\n\t\t\t<div class=\"elementor-widget-wrap elementor-element-populated\">\n\t\t\t\t\t\t<div class=\"elementor-element elementor-element-75db11d2 elementor-widget elementor-widget-video\" data-id=\"75db11d2\" data-element_type=\"widget\" data-settings=\"{&quot;video_type&quot;:&quot;vimeo&quot;}\" data-widget_type=\"video.default\">\n\t\t\t\t<div class=\"elementor-widget-container\">\n\t\t\t\t\t\t\t<div class=\"elementor-wrapper elementor-open-inline\">\n\t\t\t<iframe class=\"elementor-video-iframe\" allowfullscreen allow=\"clipboard-write\" title=\"vimeo Video Player\" src=\"https:\/\/player.vimeo.com\/video\/449353681?color&amp;autopause=0&amp;loop=0&amp;muted=0&amp;title=1&amp;portrait=1&amp;byline=1&amp;h=9d0006fdf9#t=\"><\/iframe>\t\t<\/div>\n\t\t\t\t\t\t<\/div>\n\t\t\t\t<\/div>\n\t\t\t\t<div class=\"elementor-element elementor-element-01c243f elementor-widget elementor-widget-text-editor\" data-id=\"01c243f\" data-element_type=\"widget\" data-widget_type=\"text-editor.default\">\n\t\t\t\t<div class=\"elementor-widget-container\">\n\t\t\t\t\t\t\t\t\t<p>Mit unseren Internet-Services k\u00f6nnen Sie Ihre Veranstaltung jederzeit problemlos durchf\u00fchren und Ihre Teilnehmer miteinander verbinden, wo auch immer Sie sich befinden und welche Bandbreite sie ben\u00f6tigen. <a href=\"\/de\/internet\/\" target=\"_blank\" rel=\"noopener\"><span style=\"text-decoration: underline; color: #33cccc;\"><strong>Entdecken Sie all unsere L\u00f6sungen!<\/strong><\/span><\/a><\/p><p>Brauchen Sie mehr Inspiration f\u00fcr Ihr n\u00e4chstes hybrides oder virtuelles Event? Finden Sie alle unsere L\u00f6sungen auf <a href=\"https:\/\/virtual-hybrid-events.com\/de\/\" target=\"_blank\" rel=\"noopener\"><span style=\"text-decoration: underline; color: #33cccc;\"><strong>unserer dedizierten Microsite!<\/strong><\/span><\/a><\/p>\t\t\t\t\t\t\t\t<\/div>\n\t\t\t\t<\/div>\n\t\t\t\t\t<\/div>\n\t\t<\/div>\n\t\t\t\t\t<\/div>\n\t\t<\/section>\n\t\t\t\t<section class=\"elementor-section elementor-top-section elementor-element elementor-element-3fcd5cd elementor-section-stretched elementor-section-boxed elementor-section-height-default elementor-section-height-default\" data-id=\"3fcd5cd\" data-element_type=\"section\" data-settings=\"{&quot;stretch_section&quot;:&quot;section-stretched&quot;,&quot;background_background&quot;:&quot;classic&quot;}\">\n\t\t\t\t\t\t<div class=\"elementor-container elementor-column-gap-default\">\n\t\t\t\t\t<div class=\"elementor-column elementor-col-100 elementor-top-column elementor-element elementor-element-5f9174b\" data-id=\"5f9174b\" data-element_type=\"column\">\n\t\t\t<div class=\"elementor-widget-wrap elementor-element-populated\">\n\t\t\t\t\t\t<div class=\"elementor-element elementor-element-4e03c4e elementor-widget elementor-widget-encore-bandwidth\" data-id=\"4e03c4e\" data-element_type=\"widget\" data-widget_type=\"encore-bandwidth.default\">\n\t\t\t\t<div class=\"elementor-widget-container\">\n\t\t\t\t\t\n<div id=\"bandwidth-calculator\"><\/div>\n\n<script>\n    let reactData = {\"bandwidth_title\":\"\",\"bandwidth_description\":\"\",\"bandwidth_result_first_text\":\"\",\"bandwidth_result_second_text\":\"\",\"bandwidth_column_two_text\":\"\",\"bandwidth_contact_btn\":\"\",\"bandwidth_question_btn\":\"\",\"bandwidth_question_sendto\":\"internet@encoreglobal.com\",\"bandwidth_question_sendto_subject\":\"\",\"bandwidth_email_btn\":\"\",\"pdf_results_txt\":\"\",\"pdf-bandwidth-calculator-logo\":false,\"pdf_description_txt\":\"\",\"pdf_copyright_txt\":\"\",\"pdf_contact_txt\":\"\",\"attendee_color\":\"\",\"attendee_calculations\":\"%users*(LOG(1.01531,%users)*%tier)*100\",\"attendee_tooltip\":\"\",\"attendee_title\":\"\",\"attendee_1_column_description\":\"\",\"attendee_results_text\":\"\",\"pdf_attendee_results_text\":\"\",\"attendee_2_input_label\":\"\",\"attendee_2_column_description\":\"\",\"attendee_3_input_label\":\"\",\"attendee_3_column_description\":\"\",\"live_streams_color\":\"\",\"live_streams_calculations\":\"(%encoders*15)+(%streams*5)\",\"live_streams_tooltip\":\"\",\"live_streams_title\":\"\",\"live_streams_1_column_description\":\"\",\"live_streams_results_text\":\"\",\"pdf_live_streams_results_text\":\"\",\"live_streams_2_input_label\":\"\",\"live_streams_2_column_description\":\"\",\"live_streams_3_input_label\":\"\",\"live_streams_3_column_description\":\"\",\"presenter_color\":\"\",\"presenter_calculations\":\"%sessions*%tier\",\"presenter_tooltip\":\"\",\"presenter_title\":\"\",\"presenter_1_column_description\":\"\",\"presenter_results_text\":\"\",\"pdf_presenter_results_text\":\"\",\"presenter_2_input_label\":\"\",\"presenter_2_column_description\":\"\",\"presenter_3_input_label\":\"\",\"presenter_3_column_description\":\"\",\"staff_color\":\"\",\"staff_calculations\":\"(%users*1.1)+5\",\"staff_tooltip\":\"\",\"staff_title\":\"\",\"staff_1_column_description\":\"\",\"staff_results_text\":\"\",\"pdf_staff_results_text\":\"\",\"staff_2_input_label\":\"\",\"staff_2_column_description\":\"\",\"registration_color\":\"\",\"registration_calculations\":\"%type\",\"registration_tooltip\":\"\",\"registration_title\":\"\",\"registration_1_column_description\":\"\",\"registration_results_text\":\"\",\"pdf_registration_results_text\":\"\",\"registration_2_input_label\":\"\",\"registration_2_column_description\":\"\",\"registration_2_input_custom_label\":\"\",\"production_color\":\"\",\"production_calculations\":\"%production\",\"production_tooltip\":\"\",\"production_title\":\"\",\"production_1_column_description\":\"\",\"production_results_text\":\"\",\"pdf_production_results_text\":\"\",\"production_2_input_label\":\"\",\"production_2_column_description\":\"\"};\n<\/script>\n\n<div class=\"modal micromodal-slide bandwidth-modal\" id=\"contactRep\" aria-hidden=\"true\">\n    <div class=\"modal__overlay\" tabindex=\"-1\" data-micromodal-close>\n        <div class=\"modal__container\" role=\"dialog\" aria-modal=\"true\" aria-labelledby=\"modal-1-title\" style=\"width:60%;\">\n            <header class=\"modal__header\">\n                <h2 class=\"modal__title\" id=\"modal-1-title\">\n                    Contact Representative\n                <\/h2>\n                <button class=\"modal__close close-btn\" aria-label=\"Close modal\" data-micromodal-close><\/button>\n            <\/header>\n            <main class=\"modal__content\" id=\"modal-1-content\">\n                <iframe src=\"https:\/\/create.encoreglobal.com\/eContactGlobalLocator?utm_source=&utm_medium=&utm_campaign=&utm_term=&utm_content=&utm_id=&campid=&furl=https:\/\/info.encore-emea.com\/de\/wp-json\/wp\/v2\/pages\/2258\" title=\"\" width=\"100%\" height=\"1100px\" style=\"border:0px solid white;\"><\/iframe>                <!--<script src=\"\/\/info.encoreglobal.com\/js\/forms2\/js\/forms2.min.js\"><\/script>\n                <form id=\"mktoForm_1190\"><\/form>\n                <script>MktoForms2.loadForm(\"\/\/info.encoreglobal.com\", \"920-VLN-838\", 1190);<\/script>-->\n            <\/main>\n            <footer class=\"modal__footer\">\n                <button class=\"modal__btn close-btn\" data-micromodal-close aria-label=\"Close this dialog window\">Close<\/button>\n            <\/footer>\n        <\/div>\n    <\/div>\n<\/div>\n\t\t\t\t<\/div>\n\t\t\t\t<\/div>\n\t\t\t\t\t<\/div>\n\t\t<\/div>\n\t\t\t\t\t<\/div>\n\t\t<\/section>\n\t\t\t\t<\/div>\n\t\t","protected":false},"excerpt":{"rendered":"<p>Wie unser Bandbreite-Rechner funktioniert Geben Sie eine gesch\u00e4tzte Anzahl von Meeting- oder Event-Teilnehmern an, die Art der Nutzung und ob Sie mehrere Ger\u00e4te pro Teilnehmer unterst\u00fctzen m\u00f6chten, um Ihre optimale Bandbreite zu berechnen. F\u00fcr mehrere Ger\u00e4te berechnen wir einen zus\u00e4tzlichen Zuschlag f\u00fcr die Bandbreite von 25 %, wobei wir davon ausgehen, dass die meisten Teilnehmer &#8230; <a href=\"https:\/\/info.encore-emea.com\/de\/bandbreiten-rechner\/\">Weiterlesen<\/a><\/p>\n","protected":false},"author":6934,"featured_media":0,"parent":0,"menu_order":0,"comment_status":"closed","ping_status":"closed","template":"","meta":{"footnotes":""},"tags":[],"class_list":["post-2258","page","type-page","status-publish","hentry"],"yoast_head":"<!-- This site is optimized with the Yoast SEO Premium plugin v25.4 (Yoast SEO v25.4) - https:\/\/yoast.com\/wordpress\/plugins\/seo\/ -->\n<title>Perfekte Bandbreite f\u00fcr Ihr Event - Bandbreiten-Rechner - Encore EMEA<\/title>\n<meta name=\"description\" content=\"Der exklusive Bandbreiten-Rechner von Encore gibt Ihnen die Sicherheit, die Sie f\u00fcr die Planung der technischen Details Ihrer Veranstaltung ben\u00f6tigen.\" \/>\n<meta name=\"robots\" content=\"noindex, follow, max-snippet:-1, max-image-preview:large, max-video-preview:-1\" \/>\n<meta property=\"og:locale\" content=\"de_DE\" \/>\n<meta property=\"og:type\" content=\"article\" \/>\n<meta property=\"og:title\" content=\"Bandbreiten-Rechner\" \/>\n<meta property=\"og:description\" content=\"Der exklusive Bandbreiten-Rechner von Encore gibt Ihnen die Sicherheit, die Sie f\u00fcr die Planung der technischen Details Ihrer Veranstaltung ben\u00f6tigen.\" \/>\n<meta property=\"og:url\" content=\"https:\/\/info.encore-emea.com\/bandwidth-calculator\/\" \/>\n<meta property=\"og:site_name\" content=\"Encore EMEA\" \/>\n<meta property=\"article:publisher\" content=\"https:\/\/www.facebook.com\/EncoreEMEA\" \/>\n<meta property=\"article:modified_time\" content=\"2021-07-13T11:43:42+00:00\" \/>\n<meta property=\"og:image\" content=\"https:\/\/www.encoreglobal.com\/app\/uploads\/sites\/2\/2021\/05\/EncoreEMEA_BandwidthCalc.png\" \/>\n<meta name=\"twitter:card\" content=\"summary_large_image\" \/>\n<meta name=\"twitter:site\" content=\"@EncoreEMEA\" \/>\n<meta name=\"twitter:label1\" content=\"Gesch\u00e4tzte Lesezeit\" \/>\n\t<meta name=\"twitter:data1\" content=\"2 Minuten\" \/>\n<script type=\"application\/ld+json\" class=\"yoast-schema-graph\">{\"@context\":\"https:\/\/schema.org\",\"@graph\":[{\"@type\":\"WebPage\",\"@id\":\"https:\/\/info.encore-emea.com\/bandwidth-calculator\/\",\"url\":\"https:\/\/info.encore-emea.com\/bandwidth-calculator\/\",\"name\":\"Perfekte Bandbreite f\u00fcr Ihr Event - Bandbreiten-Rechner - Encore EMEA\",\"isPartOf\":{\"@id\":\"https:\/\/info.encore-emea.com\/#website\"},\"primaryImageOfPage\":{\"@id\":\"https:\/\/info.encore-emea.com\/bandwidth-calculator\/#primaryimage\"},\"image\":{\"@id\":\"https:\/\/info.encore-emea.com\/bandwidth-calculator\/#primaryimage\"},\"thumbnailUrl\":\"https:\/\/www.encoreglobal.com\/app\/uploads\/sites\/2\/2021\/05\/EncoreEMEA_BandwidthCalc.png\",\"datePublished\":\"2020-07-11T05:36:44+00:00\",\"dateModified\":\"2021-07-13T11:43:42+00:00\",\"description\":\"Der exklusive Bandbreiten-Rechner von Encore gibt Ihnen die Sicherheit, die Sie f\u00fcr die Planung der technischen Details Ihrer Veranstaltung ben\u00f6tigen.\",\"breadcrumb\":{\"@id\":\"https:\/\/info.encore-emea.com\/bandwidth-calculator\/#breadcrumb\"},\"inLanguage\":\"de-DE\",\"potentialAction\":[{\"@type\":\"ReadAction\",\"target\":[\"https:\/\/info.encore-emea.com\/bandwidth-calculator\/\"]}]},{\"@type\":\"ImageObject\",\"inLanguage\":\"de-DE\",\"@id\":\"https:\/\/info.encore-emea.com\/bandwidth-calculator\/#primaryimage\",\"url\":\"https:\/\/www.encoreglobal.com\/app\/uploads\/sites\/2\/2021\/05\/EncoreEMEA_BandwidthCalc.png\",\"contentUrl\":\"https:\/\/www.encoreglobal.com\/app\/uploads\/sites\/2\/2021\/05\/EncoreEMEA_BandwidthCalc.png\"},{\"@type\":\"BreadcrumbList\",\"@id\":\"https:\/\/info.encore-emea.com\/bandwidth-calculator\/#breadcrumb\",\"itemListElement\":[{\"@type\":\"ListItem\",\"position\":1,\"name\":\"Home\",\"item\":\"https:\/\/info.encore-emea.com\/de\/\"},{\"@type\":\"ListItem\",\"position\":2,\"name\":\"Bandbreiten-Rechner\"}]},{\"@type\":\"WebSite\",\"@id\":\"https:\/\/info.encore-emea.com\/#website\",\"url\":\"https:\/\/info.encore-emea.com\/\",\"name\":\"Encore EMEA\",\"description\":\"Events That Transform\",\"publisher\":{\"@id\":\"https:\/\/info.encore-emea.com\/#organization\"},\"potentialAction\":[{\"@type\":\"SearchAction\",\"target\":{\"@type\":\"EntryPoint\",\"urlTemplate\":\"https:\/\/info.encore-emea.com\/?s={search_term_string}\"},\"query-input\":{\"@type\":\"PropertyValueSpecification\",\"valueRequired\":true,\"valueName\":\"search_term_string\"}}],\"inLanguage\":\"de-DE\"},{\"@type\":\"Organization\",\"@id\":\"https:\/\/info.encore-emea.com\/#organization\",\"name\":\"ENCORE EMEA\",\"url\":\"https:\/\/info.encore-emea.com\/\",\"logo\":{\"@type\":\"ImageObject\",\"inLanguage\":\"de-DE\",\"@id\":\"https:\/\/info.encore-emea.com\/#\/schema\/logo\/image\/\",\"url\":\"https:\/\/cdn.encoreglobal.com\/wp-content\/uploads\/sites\/2\/2021\/01\/13170758\/encore_logo_RGB.png\",\"contentUrl\":\"https:\/\/cdn.encoreglobal.com\/wp-content\/uploads\/sites\/2\/2021\/01\/13170758\/encore_logo_RGB.png\",\"width\":6797,\"height\":1934,\"caption\":\"ENCORE EMEA\"},\"image\":{\"@id\":\"https:\/\/info.encore-emea.com\/#\/schema\/logo\/image\/\"},\"sameAs\":[\"https:\/\/www.facebook.com\/EncoreEMEA\",\"https:\/\/x.com\/EncoreEMEA\",\"https:\/\/www.instagram.com\/encoreemea\/\",\"https:\/\/www.linkedin.com\/company\/encoreuk\/\"]}]}<\/script>\n<!-- \/ Yoast SEO Premium plugin. -->","yoast_head_json":{"title":"Perfekte Bandbreite f\u00fcr Ihr Event - Bandbreiten-Rechner - Encore EMEA","description":"Der exklusive Bandbreiten-Rechner von Encore gibt Ihnen die Sicherheit, die Sie f\u00fcr die Planung der technischen Details Ihrer Veranstaltung ben\u00f6tigen.","robots":{"index":"noindex","follow":"follow","max-snippet":"max-snippet:-1","max-image-preview":"max-image-preview:large","max-video-preview":"max-video-preview:-1"},"og_locale":"de_DE","og_type":"article","og_title":"Bandbreiten-Rechner","og_description":"Der exklusive Bandbreiten-Rechner von Encore gibt Ihnen die Sicherheit, die Sie f\u00fcr die Planung der technischen Details Ihrer Veranstaltung ben\u00f6tigen.","og_url":"https:\/\/info.encore-emea.com\/bandwidth-calculator\/","og_site_name":"Encore EMEA","article_publisher":"https:\/\/www.facebook.com\/EncoreEMEA","article_modified_time":"2021-07-13T11:43:42+00:00","og_image":[{"url":"https:\/\/www.encoreglobal.com\/app\/uploads\/sites\/2\/2021\/05\/EncoreEMEA_BandwidthCalc.png","type":"","width":"","height":""}],"twitter_card":"summary_large_image","twitter_site":"@EncoreEMEA","twitter_misc":{"Gesch\u00e4tzte Lesezeit":"2 Minuten"},"schema":{"@context":"https:\/\/schema.org","@graph":[{"@type":"WebPage","@id":"https:\/\/info.encore-emea.com\/bandwidth-calculator\/","url":"https:\/\/info.encore-emea.com\/bandwidth-calculator\/","name":"Perfekte Bandbreite f\u00fcr Ihr Event - Bandbreiten-Rechner - Encore EMEA","isPartOf":{"@id":"https:\/\/info.encore-emea.com\/#website"},"primaryImageOfPage":{"@id":"https:\/\/info.encore-emea.com\/bandwidth-calculator\/#primaryimage"},"image":{"@id":"https:\/\/info.encore-emea.com\/bandwidth-calculator\/#primaryimage"},"thumbnailUrl":"https:\/\/www.encoreglobal.com\/app\/uploads\/sites\/2\/2021\/05\/EncoreEMEA_BandwidthCalc.png","datePublished":"2020-07-11T05:36:44+00:00","dateModified":"2021-07-13T11:43:42+00:00","description":"Der exklusive Bandbreiten-Rechner von Encore gibt Ihnen die Sicherheit, die Sie f\u00fcr die Planung der technischen Details Ihrer Veranstaltung ben\u00f6tigen.","breadcrumb":{"@id":"https:\/\/info.encore-emea.com\/bandwidth-calculator\/#breadcrumb"},"inLanguage":"de-DE","potentialAction":[{"@type":"ReadAction","target":["https:\/\/info.encore-emea.com\/bandwidth-calculator\/"]}]},{"@type":"ImageObject","inLanguage":"de-DE","@id":"https:\/\/info.encore-emea.com\/bandwidth-calculator\/#primaryimage","url":"https:\/\/www.encoreglobal.com\/app\/uploads\/sites\/2\/2021\/05\/EncoreEMEA_BandwidthCalc.png","contentUrl":"https:\/\/www.encoreglobal.com\/app\/uploads\/sites\/2\/2021\/05\/EncoreEMEA_BandwidthCalc.png"},{"@type":"BreadcrumbList","@id":"https:\/\/info.encore-emea.com\/bandwidth-calculator\/#breadcrumb","itemListElement":[{"@type":"ListItem","position":1,"name":"Home","item":"https:\/\/info.encore-emea.com\/de\/"},{"@type":"ListItem","position":2,"name":"Bandbreiten-Rechner"}]},{"@type":"WebSite","@id":"https:\/\/info.encore-emea.com\/#website","url":"https:\/\/info.encore-emea.com\/","name":"Encore EMEA","description":"Events That Transform","publisher":{"@id":"https:\/\/info.encore-emea.com\/#organization"},"potentialAction":[{"@type":"SearchAction","target":{"@type":"EntryPoint","urlTemplate":"https:\/\/info.encore-emea.com\/?s={search_term_string}"},"query-input":{"@type":"PropertyValueSpecification","valueRequired":true,"valueName":"search_term_string"}}],"inLanguage":"de-DE"},{"@type":"Organization","@id":"https:\/\/info.encore-emea.com\/#organization","name":"ENCORE EMEA","url":"https:\/\/info.encore-emea.com\/","logo":{"@type":"ImageObject","inLanguage":"de-DE","@id":"https:\/\/info.encore-emea.com\/#\/schema\/logo\/image\/","url":"https:\/\/cdn.encoreglobal.com\/wp-content\/uploads\/sites\/2\/2021\/01\/13170758\/encore_logo_RGB.png","contentUrl":"https:\/\/cdn.encoreglobal.com\/wp-content\/uploads\/sites\/2\/2021\/01\/13170758\/encore_logo_RGB.png","width":6797,"height":1934,"caption":"ENCORE EMEA"},"image":{"@id":"https:\/\/info.encore-emea.com\/#\/schema\/logo\/image\/"},"sameAs":["https:\/\/www.facebook.com\/EncoreEMEA","https:\/\/x.com\/EncoreEMEA","https:\/\/www.instagram.com\/encoreemea\/","https:\/\/www.linkedin.com\/company\/encoreuk\/"]}]}},"_links":{"self":[{"href":"https:\/\/info.encore-emea.com\/de\/wp-json\/wp\/v2\/pages\/2258","targetHints":{"allow":["GET"]}}],"collection":[{"href":"https:\/\/info.encore-emea.com\/de\/wp-json\/wp\/v2\/pages"}],"about":[{"href":"https:\/\/info.encore-emea.com\/de\/wp-json\/wp\/v2\/types\/page"}],"author":[{"embeddable":true,"href":"https:\/\/info.encore-emea.com\/de\/wp-json\/wp\/v2\/users\/6934"}],"replies":[{"embeddable":true,"href":"https:\/\/info.encore-emea.com\/de\/wp-json\/wp\/v2\/comments?post=2258"}],"version-history":[{"count":0,"href":"https:\/\/info.encore-emea.com\/de\/wp-json\/wp\/v2\/pages\/2258\/revisions"}],"wp:attachment":[{"href":"https:\/\/info.encore-emea.com\/de\/wp-json\/wp\/v2\/media?parent=2258"}],"wp:term":[{"taxonomy":"post_tag","embeddable":true,"href":"https:\/\/info.encore-emea.com\/de\/wp-json\/wp\/v2\/tags?post=2258"}],"curies":[{"name":"wp","href":"https:\/\/api.w.org\/{rel}","templated":true}]}}