{"id":2302,"date":"2020-05-13T00:03:01","date_gmt":"2020-05-13T00:03:01","guid":{"rendered":"https:\/\/staging.encore-emea.com\/event-solutions\/"},"modified":"2021-07-07T11:18:39","modified_gmt":"2021-07-07T11:18:39","slug":"event-losungen","status":"publish","type":"page","link":"https:\/\/info.encore-emea.com\/de\/event-losungen\/","title":{"rendered":"Event-L\u00f6sungen"},"content":{"rendered":"\t\t<div data-elementor-type=\"wp-page\" data-elementor-id=\"2302\" class=\"elementor elementor-2302 elementor-17\" data-elementor-post-type=\"page\">\n\t\t\t\t\t\t<section class=\"elementor-section elementor-top-section elementor-element elementor-element-80e8699 elementor-section-boxed elementor-section-height-default elementor-section-height-default\" data-id=\"80e8699\" data-element_type=\"section\">\n\t\t\t\t\t\t<div class=\"elementor-container elementor-column-gap-default\">\n\t\t\t\t\t<div class=\"elementor-column elementor-col-100 elementor-top-column elementor-element elementor-element-c7acd6e\" data-id=\"c7acd6e\" data-element_type=\"column\">\n\t\t\t<div class=\"elementor-widget-wrap elementor-element-populated\">\n\t\t\t\t\t\t<div class=\"elementor-element elementor-element-db581d3 elementor-widget elementor-widget-text-editor\" data-id=\"db581d3\" data-element_type=\"widget\" data-widget_type=\"text-editor.default\">\n\t\t\t\t<div class=\"elementor-widget-container\">\n\t\t\t\t\t\t\t\t\t<p style=\"text-align: center;\">Unsere Partnerschaft ist weit mehr als das Organisieren unz\u00e4hliger Details \u2013 unser Ziel ist es, Ihre Story so \u00fcberzeugend wie m\u00f6glich zu inszenieren. Von Beratung, Planung, Projekt-Management und Pre-Production bis zur finalen Veranstaltung \u2013 schon inklusive der Planung f\u00fcr Ihre n\u00e4chste Veranstaltung \u2013 haben wir das richtige Team, um mit den passenden Event-L\u00f6sungen das beste Ergebnisse zu erzielen.<\/p>\t\t\t\t\t\t\t\t<\/div>\n\t\t\t\t<\/div>\n\t\t\t\t<div class=\"elementor-element elementor-element-1342e49 elementor-widget elementor-widget-video\" data-id=\"1342e49\" data-element_type=\"widget\" data-settings=\"{&quot;video_type&quot;:&quot;vimeo&quot;,&quot;show_image_overlay&quot;:&quot;yes&quot;,&quot;image_overlay&quot;:{&quot;url&quot;:&quot;https:\\\/\\\/encoreglobal.com\\\/app\\\/uploads\\\/sites\\\/2\\\/2021\\\/01\\\/brand-release-2.png&quot;,&quot;id&quot;:15889,&quot;size&quot;:&quot;&quot;}}\" data-widget_type=\"video.default\">\n\t\t\t\t<div class=\"elementor-widget-container\">\n\t\t\t\t\t\t\t<div class=\"elementor-wrapper elementor-open-inline\">\n\t\t\t<iframe class=\"elementor-video-iframe\" allowfullscreen allow=\"clipboard-write\" title=\"vimeo Video Player\" src=\"https:\/\/player.vimeo.com\/video\/498342235?color&amp;autopause=0&amp;loop=0&amp;muted=0&amp;title=0&amp;portrait=0&amp;byline=0&amp;h=7b53498ff8#t=\"><\/iframe>\t\t\t\t<div class=\"elementor-custom-embed-image-overlay\" style=\"background-image: url(https:\/\/cdn.encoreglobal.com\/wp-content\/uploads\/sites\/2\/2021\/01\/19093652\/brand-release-2.png);\">\n\t\t\t\t\t\t\t\t\t\t\t\t\t\t\t\t<div class=\"elementor-custom-embed-play\" role=\"button\" aria-label=\"Video abspielen\" tabindex=\"0\">\n\t\t\t\t\t\t\t<i aria-hidden=\"true\" class=\"eicon-play\"><\/i>\t\t\t\t\t\t<\/div>\n\t\t\t\t\t\t\t\t\t<\/div>\n\t\t\t\t\t<\/div>\n\t\t\t\t\t\t<\/div>\n\t\t\t\t<\/div>\n\t\t\t\t\t<\/div>\n\t\t<\/div>\n\t\t\t\t\t<\/div>\n\t\t<\/section>\n\t\t\t\t<section class=\"elementor-section elementor-top-section elementor-element elementor-element-ab8caa5 elementor-section-boxed elementor-section-height-default elementor-section-height-default\" data-id=\"ab8caa5\" data-element_type=\"section\">\n\t\t\t\t\t\t<div class=\"elementor-container elementor-column-gap-default\">\n\t\t\t\t\t<div class=\"elementor-column elementor-col-16 elementor-top-column elementor-element elementor-element-cd9f667\" data-id=\"cd9f667\" data-element_type=\"column\">\n\t\t\t<div class=\"elementor-widget-wrap\">\n\t\t\t\t\t\t\t<\/div>\n\t\t<\/div>\n\t\t\t\t<div class=\"elementor-column elementor-col-66 elementor-top-column elementor-element elementor-element-b6f073a\" data-id=\"b6f073a\" data-element_type=\"column\">\n\t\t\t<div class=\"elementor-widget-wrap elementor-element-populated\">\n\t\t\t\t\t\t<div class=\"elementor-element elementor-element-d091355 elementor-widget elementor-widget-heading\" data-id=\"d091355\" data-element_type=\"widget\" data-widget_type=\"heading.default\">\n\t\t\t\t<div class=\"elementor-widget-container\">\n\t\t\t\t\t<h2 class=\"elementor-heading-title elementor-size-default\">Event-L\u00f6sungen<\/h2>\t\t\t\t<\/div>\n\t\t\t\t<\/div>\n\t\t\t\t<section class=\"elementor-section elementor-inner-section elementor-element elementor-element-4fde7e5 elementor-section-boxed elementor-section-height-default elementor-section-height-default\" data-id=\"4fde7e5\" data-element_type=\"section\">\n\t\t\t\t\t\t<div class=\"elementor-container elementor-column-gap-default\">\n\t\t\t\t\t<div class=\"elementor-column elementor-col-50 elementor-inner-column elementor-element elementor-element-62ddf1f\" data-id=\"62ddf1f\" data-element_type=\"column\">\n\t\t\t<div class=\"elementor-widget-wrap elementor-element-populated\">\n\t\t\t\t\t\t<div class=\"elementor-element elementor-element-5dfb5b93 elementor-widget elementor-widget-encore-capabilities\" data-id=\"5dfb5b93\" data-element_type=\"widget\" data-widget_type=\"encore-capabilities.default\">\n\t\t\t\t<div class=\"elementor-widget-container\">\n\t\t\t\t\t<div class=\"capability-wrapper\">\n\t<div class=\"entry\" style=\"background-image:url(https:\/\/encoreglobal.com\/app\/uploads\/sites\/2\/2020\/10\/Encore_EventSolutions_Creative.jpg);\">\n\t\t<div class=\"entry-display teal\">\n\t\t\t<div class=\"title\">Kreativleistungen<\/div>\n            <div class=\"clear\"><\/div>\n\t\t\t<div class=\"link\">\n\t\t\t\t<a href=\"\/de\/kreativleistungen\/\">Mehr erfahren<\/a>\n\t\t\t<\/div>\n\t\t<\/div>\n\t<\/div>\n<\/div>\n\t\t\t\t<\/div>\n\t\t\t\t<\/div>\n\t\t\t\t<div class=\"elementor-element elementor-element-ebe79c8 elementor-widget elementor-widget-encore-capabilities\" data-id=\"ebe79c8\" data-element_type=\"widget\" data-widget_type=\"encore-capabilities.default\">\n\t\t\t\t<div class=\"elementor-widget-container\">\n\t\t\t\t\t<div class=\"capability-wrapper\">\n\t<div class=\"entry\" style=\"background-image:url(https:\/\/encoreglobal.com\/app\/uploads\/sites\/2\/2020\/10\/Encore_EventSolutions_Technology.jpg);\">\n\t\t<div class=\"entry-display orange\">\n\t\t\t<div class=\"title\">Event-Technologie<\/div>\n            <div class=\"clear\"><\/div>\n\t\t\t<div class=\"link\">\n\t\t\t\t<a href=\"\/de\/event-losungen\/event-technologie\/\">Mehr erfahren<\/a>\n\t\t\t<\/div>\n\t\t<\/div>\n\t<\/div>\n<\/div>\n\t\t\t\t<\/div>\n\t\t\t\t<\/div>\n\t\t\t\t\t<\/div>\n\t\t<\/div>\n\t\t\t\t<div class=\"elementor-column elementor-col-50 elementor-inner-column elementor-element elementor-element-53e1708\" data-id=\"53e1708\" data-element_type=\"column\">\n\t\t\t<div class=\"elementor-widget-wrap elementor-element-populated\">\n\t\t\t\t\t\t<div class=\"elementor-element elementor-element-5a50ee0f elementor-widget elementor-widget-encore-capabilities\" data-id=\"5a50ee0f\" data-element_type=\"widget\" data-widget_type=\"encore-capabilities.default\">\n\t\t\t\t<div class=\"elementor-widget-container\">\n\t\t\t\t\t<div class=\"capability-wrapper\">\n\t<div class=\"entry\" style=\"background-image:url(https:\/\/encoreglobal.com\/app\/uploads\/sites\/2\/2020\/10\/Encore_EventSolutions_Production.jpg);\">\n\t\t<div class=\"entry-display green\">\n\t\t\t<div class=\"title\">Event-Produktion<\/div>\n            <div class=\"clear\"><\/div>\n\t\t\t<div class=\"link\">\n\t\t\t\t<a href=\"\/de\/event-produktion\/\">Mehr erfahren<\/a>\n\t\t\t<\/div>\n\t\t<\/div>\n\t<\/div>\n<\/div>\n\t\t\t\t<\/div>\n\t\t\t\t<\/div>\n\t\t\t\t<div class=\"elementor-element elementor-element-07bccc6 elementor-widget elementor-widget-encore-capabilities\" data-id=\"07bccc6\" data-element_type=\"widget\" data-widget_type=\"encore-capabilities.default\">\n\t\t\t\t<div class=\"elementor-widget-container\">\n\t\t\t\t\t<div class=\"capability-wrapper\">\n\t<div class=\"entry\" style=\"background-image:url(https:\/\/info.encoreglobal.com\/app\/uploads\/sites\/2\/2020\/10\/Encore_EventType_VirtualandHybridEvents.jpg);\">\n\t\t<div class=\"entry-display green\">\n\t\t\t<div class=\"title\">Virtual &amp; Hybrid Events<\/div>\n            <div class=\"clear\"><\/div>\n\t\t\t<div class=\"link\">\n\t\t\t\t<a href=\"\/de\/virtual-hybrid-events\/\">Mehr erfahren<\/a>\n\t\t\t<\/div>\n\t\t<\/div>\n\t<\/div>\n<\/div>\n\t\t\t\t<\/div>\n\t\t\t\t<\/div>\n\t\t\t\t\t<\/div>\n\t\t<\/div>\n\t\t\t\t\t<\/div>\n\t\t<\/section>\n\t\t\t\t\t<\/div>\n\t\t<\/div>\n\t\t\t\t<div class=\"elementor-column elementor-col-16 elementor-top-column elementor-element elementor-element-26c42e8\" data-id=\"26c42e8\" data-element_type=\"column\">\n\t\t\t<div class=\"elementor-widget-wrap\">\n\t\t\t\t\t\t\t<\/div>\n\t\t<\/div>\n\t\t\t\t\t<\/div>\n\t\t<\/section>\n\t\t\t\t<section class=\"elementor-section elementor-top-section elementor-element elementor-element-6fc56a8 elementor-section-boxed elementor-section-height-default elementor-section-height-default\" data-id=\"6fc56a8\" data-element_type=\"section\">\n\t\t\t\t\t\t<div class=\"elementor-container elementor-column-gap-default\">\n\t\t\t\t\t<div class=\"elementor-column elementor-col-100 elementor-top-column elementor-element elementor-element-614145b\" data-id=\"614145b\" data-element_type=\"column\">\n\t\t\t<div class=\"elementor-widget-wrap elementor-element-populated\">\n\t\t\t\t\t\t<div class=\"elementor-element elementor-element-e81b4dc elementor-widget elementor-widget-spacer\" data-id=\"e81b4dc\" data-element_type=\"widget\" data-widget_type=\"spacer.default\">\n\t\t\t\t<div class=\"elementor-widget-container\">\n\t\t\t\t\t\t\t<div class=\"elementor-spacer\">\n\t\t\t<div class=\"elementor-spacer-inner\"><\/div>\n\t\t<\/div>\n\t\t\t\t\t\t<\/div>\n\t\t\t\t<\/div>\n\t\t\t\t<div class=\"elementor-element elementor-element-92742a2 elementor-widget elementor-widget-text-editor\" data-id=\"92742a2\" data-element_type=\"widget\" data-widget_type=\"text-editor.default\">\n\t\t\t\t<div class=\"elementor-widget-container\">\n\t\t\t\t\t\t\t\t\t<h4><strong><a href=\"\/de\/kreativleistungen\/\">Kreativit\u00e4t, die inspiriert<\/a><\/strong><\/h4><p>Noch w\u00e4hrend der \u201eWas w\u00e4re, wenn?\u201c-Phase arbeitet unsere Beraterungs- und Design-Team mit Ihnen an der besten Umsetzung und den besten Event-L\u00f6sungen, um Ihre Teilnehmer zu inspirieren \u2013 stets mit den neuesten technischen M\u00f6glichkeiten. Das Know-how und das kreative Mind-Set unseres breitgef\u00e4cherten Experten-Teams unterst\u00fctzt Sie im gesamten Projektverlauf von \u201eWas w\u00e4re, wenn?\u201c zu \u201eWarum nicht?\u201c<\/p><h4><a href=\"\/de\/event-produktion\/\"><strong>Event-Produktionen, die begeistern<\/strong><\/a><\/h4><p>Dank unserer globalen Ausrichtung k\u00f6nnen wir Live-, Virtual- und Hybrid Events praktisch in allen wichtigen Kongressst\u00e4dten sowie mit allen Hotel- und Veranstaltungspartnern weltweit umsetzen. Wir produzieren sichere und professionelle Events, ganz gleich, ob es sich um ein begrenztes Budget oder gro\u00dfe Event-Produktionen handelt.<\/p><h4><a href=\"\/de\/event-technologie\/\"><strong>Event-Technologie, die verbindet<\/strong><\/a><\/h4><p>Der Erfolg eines Live Events steht und f\u00e4llt damit, wie gut Sie eine Verbindung zu Ihrem Publikum herstellen k\u00f6nnen. Unsere Teams sp\u00fcren auf der ganzen Welt die neuesten Industrie- und Techniktrends auf, so gelingt es uns pr\u00e4mierte Event-Konzeptionen durch ein umfangreiches Leistungsportfolio an Event-L\u00f6sungen f\u00fcr Sie zum Leben zu erwecken.<\/p>\t\t\t\t\t\t\t\t<\/div>\n\t\t\t\t<\/div>\n\t\t\t\t\t<\/div>\n\t\t<\/div>\n\t\t\t\t\t<\/div>\n\t\t<\/section>\n\t\t\t\t<section class=\"elementor-section elementor-top-section elementor-element elementor-element-56b67b3 elementor-section-boxed elementor-section-height-default elementor-section-height-default\" data-id=\"56b67b3\" data-element_type=\"section\">\n\t\t\t\t\t\t<div class=\"elementor-container elementor-column-gap-default\">\n\t\t\t\t\t<div class=\"elementor-column elementor-col-100 elementor-top-column elementor-element elementor-element-d9257e9\" data-id=\"d9257e9\" data-element_type=\"column\">\n\t\t\t<div class=\"elementor-widget-wrap\">\n\t\t\t\t\t\t\t<\/div>\n\t\t<\/div>\n\t\t\t\t\t<\/div>\n\t\t<\/section>\n\t\t\t\t<\/div>\n\t\t","protected":false},"excerpt":{"rendered":"<p>Unsere Partnerschaft ist weit mehr als das Organisieren unz\u00e4hliger Details \u2013 unser Ziel ist es, Ihre Story so \u00fcberzeugend wie m\u00f6glich zu inszenieren. Von Beratung, Planung, Projekt-Management und Pre-Production bis zur finalen Veranstaltung \u2013 schon inklusive der Planung f\u00fcr Ihre n\u00e4chste Veranstaltung \u2013 haben wir das richtige Team, um mit den passenden Event-L\u00f6sungen das beste &#8230; <a href=\"https:\/\/info.encore-emea.com\/de\/event-losungen\/\">Weiterlesen<\/a><\/p>\n","protected":false},"author":41,"featured_media":6040,"parent":0,"menu_order":0,"comment_status":"closed","ping_status":"closed","template":"","meta":{"footnotes":""},"tags":[],"class_list":["post-2302","page","type-page","status-publish","has-post-thumbnail","hentry"],"yoast_head":"<!-- This site is optimized with the Yoast SEO Premium plugin v25.4 (Yoast SEO v25.4) - https:\/\/yoast.com\/wordpress\/plugins\/seo\/ -->\n<title>Event-L\u00f6sungen - Passenden L\u00f6sungen, beste Ergebnisse - Encore EMEA<\/title>\n<meta name=\"description\" content=\"Unsere Event-L\u00f6sungen sind eine Kombination aus Kreativ-, Produktions- und Technologieservices, die Deine Vision zum Leben erwecken.\" \/>\n<meta name=\"robots\" content=\"noindex, follow, max-snippet:-1, max-image-preview:large, max-video-preview:-1\" \/>\n<meta property=\"og:locale\" content=\"de_DE\" \/>\n<meta property=\"og:type\" content=\"article\" \/>\n<meta property=\"og:title\" content=\"Event-L\u00f6sungen\" \/>\n<meta property=\"og:description\" content=\"Unsere Event-L\u00f6sungen sind eine Kombination aus Kreativ-, Produktions- und Technologieservices, die Deine Vision zum Leben erwecken.\" \/>\n<meta property=\"og:url\" content=\"https:\/\/info.encore-emea.com\/event-solutions\/\" \/>\n<meta property=\"og:site_name\" content=\"Encore EMEA\" \/>\n<meta property=\"article:publisher\" content=\"https:\/\/www.facebook.com\/EncoreEMEA\" \/>\n<meta property=\"article:modified_time\" content=\"2021-07-07T11:18:39+00:00\" \/>\n<meta property=\"og:image\" content=\"http:\/\/cdn.encoreglobal.com\/wp-content\/uploads\/sites\/2\/2020\/10\/25101436\/Encore_EventSolutions_Header.jpg\" \/>\n\t<meta property=\"og:image:width\" content=\"2560\" \/>\n\t<meta property=\"og:image:height\" content=\"1440\" \/>\n\t<meta property=\"og:image:type\" content=\"image\/jpeg\" \/>\n<meta name=\"twitter:card\" content=\"summary_large_image\" \/>\n<meta name=\"twitter:site\" content=\"@EncoreEMEA\" \/>\n<meta name=\"twitter:label1\" content=\"Gesch\u00e4tzte Lesezeit\" \/>\n\t<meta name=\"twitter:data1\" content=\"1 Minute\" \/>\n<script type=\"application\/ld+json\" class=\"yoast-schema-graph\">{\"@context\":\"https:\/\/schema.org\",\"@graph\":[{\"@type\":\"WebPage\",\"@id\":\"https:\/\/info.encore-emea.com\/event-solutions\/\",\"url\":\"https:\/\/info.encore-emea.com\/event-solutions\/\",\"name\":\"Event-L\u00f6sungen - Passenden L\u00f6sungen, beste Ergebnisse - Encore EMEA\",\"isPartOf\":{\"@id\":\"https:\/\/info.encore-emea.com\/#website\"},\"primaryImageOfPage\":{\"@id\":\"https:\/\/info.encore-emea.com\/event-solutions\/#primaryimage\"},\"image\":{\"@id\":\"https:\/\/info.encore-emea.com\/event-solutions\/#primaryimage\"},\"thumbnailUrl\":\"https:\/\/cdn.encoreglobal.com\/wp-content\/uploads\/sites\/2\/2020\/10\/25101436\/Encore_EventSolutions_Header.jpg\",\"datePublished\":\"2020-05-13T00:03:01+00:00\",\"dateModified\":\"2021-07-07T11:18:39+00:00\",\"description\":\"Unsere Event-L\u00f6sungen sind eine Kombination aus Kreativ-, Produktions- und Technologieservices, die Deine Vision zum Leben erwecken.\",\"breadcrumb\":{\"@id\":\"https:\/\/info.encore-emea.com\/event-solutions\/#breadcrumb\"},\"inLanguage\":\"de-DE\",\"potentialAction\":[{\"@type\":\"ReadAction\",\"target\":[\"https:\/\/info.encore-emea.com\/event-solutions\/\"]}]},{\"@type\":\"ImageObject\",\"inLanguage\":\"de-DE\",\"@id\":\"https:\/\/info.encore-emea.com\/event-solutions\/#primaryimage\",\"url\":\"https:\/\/cdn.encoreglobal.com\/wp-content\/uploads\/sites\/2\/2020\/10\/25101436\/Encore_EventSolutions_Header.jpg\",\"contentUrl\":\"https:\/\/cdn.encoreglobal.com\/wp-content\/uploads\/sites\/2\/2020\/10\/25101436\/Encore_EventSolutions_Header.jpg\",\"width\":2560,\"height\":1440},{\"@type\":\"BreadcrumbList\",\"@id\":\"https:\/\/info.encore-emea.com\/event-solutions\/#breadcrumb\",\"itemListElement\":[{\"@type\":\"ListItem\",\"position\":1,\"name\":\"Home\",\"item\":\"https:\/\/info.encore-emea.com\/de\/\"},{\"@type\":\"ListItem\",\"position\":2,\"name\":\"Event-L\u00f6sungen\"}]},{\"@type\":\"WebSite\",\"@id\":\"https:\/\/info.encore-emea.com\/#website\",\"url\":\"https:\/\/info.encore-emea.com\/\",\"name\":\"Encore EMEA\",\"description\":\"Events That Transform\",\"publisher\":{\"@id\":\"https:\/\/info.encore-emea.com\/#organization\"},\"potentialAction\":[{\"@type\":\"SearchAction\",\"target\":{\"@type\":\"EntryPoint\",\"urlTemplate\":\"https:\/\/info.encore-emea.com\/?s={search_term_string}\"},\"query-input\":{\"@type\":\"PropertyValueSpecification\",\"valueRequired\":true,\"valueName\":\"search_term_string\"}}],\"inLanguage\":\"de-DE\"},{\"@type\":\"Organization\",\"@id\":\"https:\/\/info.encore-emea.com\/#organization\",\"name\":\"ENCORE EMEA\",\"url\":\"https:\/\/info.encore-emea.com\/\",\"logo\":{\"@type\":\"ImageObject\",\"inLanguage\":\"de-DE\",\"@id\":\"https:\/\/info.encore-emea.com\/#\/schema\/logo\/image\/\",\"url\":\"https:\/\/cdn.encoreglobal.com\/wp-content\/uploads\/sites\/2\/2021\/01\/13170758\/encore_logo_RGB.png\",\"contentUrl\":\"https:\/\/cdn.encoreglobal.com\/wp-content\/uploads\/sites\/2\/2021\/01\/13170758\/encore_logo_RGB.png\",\"width\":6797,\"height\":1934,\"caption\":\"ENCORE EMEA\"},\"image\":{\"@id\":\"https:\/\/info.encore-emea.com\/#\/schema\/logo\/image\/\"},\"sameAs\":[\"https:\/\/www.facebook.com\/EncoreEMEA\",\"https:\/\/x.com\/EncoreEMEA\",\"https:\/\/www.instagram.com\/encoreemea\/\",\"https:\/\/www.linkedin.com\/company\/encoreuk\/\"]}]}<\/script>\n<!-- \/ Yoast SEO Premium plugin. -->","yoast_head_json":{"title":"Event-L\u00f6sungen - Passenden L\u00f6sungen, beste Ergebnisse - Encore EMEA","description":"Unsere Event-L\u00f6sungen sind eine Kombination aus Kreativ-, Produktions- und Technologieservices, die Deine Vision zum Leben erwecken.","robots":{"index":"noindex","follow":"follow","max-snippet":"max-snippet:-1","max-image-preview":"max-image-preview:large","max-video-preview":"max-video-preview:-1"},"og_locale":"de_DE","og_type":"article","og_title":"Event-L\u00f6sungen","og_description":"Unsere Event-L\u00f6sungen sind eine Kombination aus Kreativ-, Produktions- und Technologieservices, die Deine Vision zum Leben erwecken.","og_url":"https:\/\/info.encore-emea.com\/event-solutions\/","og_site_name":"Encore EMEA","article_publisher":"https:\/\/www.facebook.com\/EncoreEMEA","article_modified_time":"2021-07-07T11:18:39+00:00","og_image":[{"width":2560,"height":1440,"url":"http:\/\/cdn.encoreglobal.com\/wp-content\/uploads\/sites\/2\/2020\/10\/25101436\/Encore_EventSolutions_Header.jpg","type":"image\/jpeg"}],"twitter_card":"summary_large_image","twitter_site":"@EncoreEMEA","twitter_misc":{"Gesch\u00e4tzte Lesezeit":"1 Minute"},"schema":{"@context":"https:\/\/schema.org","@graph":[{"@type":"WebPage","@id":"https:\/\/info.encore-emea.com\/event-solutions\/","url":"https:\/\/info.encore-emea.com\/event-solutions\/","name":"Event-L\u00f6sungen - Passenden L\u00f6sungen, beste Ergebnisse - Encore EMEA","isPartOf":{"@id":"https:\/\/info.encore-emea.com\/#website"},"primaryImageOfPage":{"@id":"https:\/\/info.encore-emea.com\/event-solutions\/#primaryimage"},"image":{"@id":"https:\/\/info.encore-emea.com\/event-solutions\/#primaryimage"},"thumbnailUrl":"https:\/\/cdn.encoreglobal.com\/wp-content\/uploads\/sites\/2\/2020\/10\/25101436\/Encore_EventSolutions_Header.jpg","datePublished":"2020-05-13T00:03:01+00:00","dateModified":"2021-07-07T11:18:39+00:00","description":"Unsere Event-L\u00f6sungen sind eine Kombination aus Kreativ-, Produktions- und Technologieservices, die Deine Vision zum Leben erwecken.","breadcrumb":{"@id":"https:\/\/info.encore-emea.com\/event-solutions\/#breadcrumb"},"inLanguage":"de-DE","potentialAction":[{"@type":"ReadAction","target":["https:\/\/info.encore-emea.com\/event-solutions\/"]}]},{"@type":"ImageObject","inLanguage":"de-DE","@id":"https:\/\/info.encore-emea.com\/event-solutions\/#primaryimage","url":"https:\/\/cdn.encoreglobal.com\/wp-content\/uploads\/sites\/2\/2020\/10\/25101436\/Encore_EventSolutions_Header.jpg","contentUrl":"https:\/\/cdn.encoreglobal.com\/wp-content\/uploads\/sites\/2\/2020\/10\/25101436\/Encore_EventSolutions_Header.jpg","width":2560,"height":1440},{"@type":"BreadcrumbList","@id":"https:\/\/info.encore-emea.com\/event-solutions\/#breadcrumb","itemListElement":[{"@type":"ListItem","position":1,"name":"Home","item":"https:\/\/info.encore-emea.com\/de\/"},{"@type":"ListItem","position":2,"name":"Event-L\u00f6sungen"}]},{"@type":"WebSite","@id":"https:\/\/info.encore-emea.com\/#website","url":"https:\/\/info.encore-emea.com\/","name":"Encore EMEA","description":"Events That Transform","publisher":{"@id":"https:\/\/info.encore-emea.com\/#organization"},"potentialAction":[{"@type":"SearchAction","target":{"@type":"EntryPoint","urlTemplate":"https:\/\/info.encore-emea.com\/?s={search_term_string}"},"query-input":{"@type":"PropertyValueSpecification","valueRequired":true,"valueName":"search_term_string"}}],"inLanguage":"de-DE"},{"@type":"Organization","@id":"https:\/\/info.encore-emea.com\/#organization","name":"ENCORE EMEA","url":"https:\/\/info.encore-emea.com\/","logo":{"@type":"ImageObject","inLanguage":"de-DE","@id":"https:\/\/info.encore-emea.com\/#\/schema\/logo\/image\/","url":"https:\/\/cdn.encoreglobal.com\/wp-content\/uploads\/sites\/2\/2021\/01\/13170758\/encore_logo_RGB.png","contentUrl":"https:\/\/cdn.encoreglobal.com\/wp-content\/uploads\/sites\/2\/2021\/01\/13170758\/encore_logo_RGB.png","width":6797,"height":1934,"caption":"ENCORE EMEA"},"image":{"@id":"https:\/\/info.encore-emea.com\/#\/schema\/logo\/image\/"},"sameAs":["https:\/\/www.facebook.com\/EncoreEMEA","https:\/\/x.com\/EncoreEMEA","https:\/\/www.instagram.com\/encoreemea\/","https:\/\/www.linkedin.com\/company\/encoreuk\/"]}]}},"_links":{"self":[{"href":"https:\/\/info.encore-emea.com\/de\/wp-json\/wp\/v2\/pages\/2302","targetHints":{"allow":["GET"]}}],"collection":[{"href":"https:\/\/info.encore-emea.com\/de\/wp-json\/wp\/v2\/pages"}],"about":[{"href":"https:\/\/info.encore-emea.com\/de\/wp-json\/wp\/v2\/types\/page"}],"author":[{"embeddable":true,"href":"https:\/\/info.encore-emea.com\/de\/wp-json\/wp\/v2\/users\/41"}],"replies":[{"embeddable":true,"href":"https:\/\/info.encore-emea.com\/de\/wp-json\/wp\/v2\/comments?post=2302"}],"version-history":[{"count":0,"href":"https:\/\/info.encore-emea.com\/de\/wp-json\/wp\/v2\/pages\/2302\/revisions"}],"wp:featuredmedia":[{"embeddable":true,"href":"https:\/\/info.encore-emea.com\/de\/wp-json\/wp\/v2\/media\/6040"}],"wp:attachment":[{"href":"https:\/\/info.encore-emea.com\/de\/wp-json\/wp\/v2\/media?parent=2302"}],"wp:term":[{"taxonomy":"post_tag","embeddable":true,"href":"https:\/\/info.encore-emea.com\/de\/wp-json\/wp\/v2\/tags?post=2302"}],"curies":[{"name":"wp","href":"https:\/\/api.w.org\/{rel}","templated":true}]}}