{"id":2330,"date":"2020-07-12T17:51:39","date_gmt":"2020-07-12T17:51:39","guid":{"rendered":"https:\/\/staging.encore-emea.com\/news-hub\/"},"modified":"2021-07-01T08:30:31","modified_gmt":"2021-07-01T08:30:31","slug":"news-hub","status":"publish","type":"page","link":"https:\/\/info.encore-emea.com\/de\/news-hub\/","title":{"rendered":"News"},"content":{"rendered":"\t\t<div data-elementor-type=\"wp-page\" data-elementor-id=\"2330\" class=\"elementor elementor-2330 elementor-1032\" data-elementor-post-type=\"page\">\n\t\t\t\t\t\t<section class=\"elementor-section elementor-top-section elementor-element elementor-element-59dc4ffa elementor-section-stretched logo-bg right elementor-section-boxed elementor-section-height-default elementor-section-height-default\" data-id=\"59dc4ffa\" data-element_type=\"section\" data-settings=\"{&quot;stretch_section&quot;:&quot;section-stretched&quot;}\">\n\t\t\t\t\t\t<div class=\"elementor-container elementor-column-gap-default\">\n\t\t\t\t\t<div class=\"elementor-column elementor-col-33 elementor-top-column elementor-element elementor-element-24eb50af\" data-id=\"24eb50af\" data-element_type=\"column\">\n\t\t\t<div class=\"elementor-widget-wrap\">\n\t\t\t\t\t\t\t<\/div>\n\t\t<\/div>\n\t\t\t\t<div class=\"elementor-column elementor-col-33 elementor-top-column elementor-element elementor-element-4694ca9b\" data-id=\"4694ca9b\" data-element_type=\"column\">\n\t\t\t<div class=\"elementor-widget-wrap elementor-element-populated\">\n\t\t\t\t\t\t<div class=\"elementor-element elementor-element-76082305 elementor-widget elementor-widget-heading\" data-id=\"76082305\" data-element_type=\"widget\" data-widget_type=\"heading.default\">\n\t\t\t\t<div class=\"elementor-widget-container\">\n\t\t\t\t\t<h2 class=\"elementor-heading-title elementor-size-default\">Pressemitteilungen<\/h2>\t\t\t\t<\/div>\n\t\t\t\t<\/div>\n\t\t\t\t<div class=\"elementor-element elementor-element-68260b6 elementor-widget elementor-widget-encore-posttype\" data-id=\"68260b6\" data-element_type=\"widget\" data-widget_type=\"encore-posttype.default\">\n\t\t\t\t<div class=\"elementor-widget-container\">\n\t\t\t\t\t<div class=\"container-fluid news-releases-elementor\">\n\t\t\t<div class=\"row\">\n\t\t\t<div class=\"col-md-4\">\n\t\t\t\t<img fetchpriority=\"high\" decoding=\"async\" width=\"1956\" height=\"904\" src=\"https:\/\/cdn.encoreglobal.com\/wp-content\/uploads\/sites\/2\/2024\/04\/11110852\/Untitled-design-19.png\" class=\"attachment-post-thumbnail size-post-thumbnail wp-post-image\" alt=\"\" srcset=\"https:\/\/cdn.encoreglobal.com\/wp-content\/uploads\/sites\/2\/2024\/04\/11110852\/Untitled-design-19.png 1956w, https:\/\/cdn.encoreglobal.com\/wp-content\/uploads\/sites\/2\/2024\/04\/11110852\/Untitled-design-19-300x139.png 300w, https:\/\/cdn.encoreglobal.com\/wp-content\/uploads\/sites\/2\/2024\/04\/11110852\/Untitled-design-19-1024x473.png 1024w, https:\/\/cdn.encoreglobal.com\/wp-content\/uploads\/sites\/2\/2024\/04\/11110852\/Untitled-design-19-768x355.png 768w, https:\/\/cdn.encoreglobal.com\/wp-content\/uploads\/sites\/2\/2024\/04\/11110852\/Untitled-design-19-1536x710.png 1536w\" sizes=\"(max-width: 1956px) 100vw, 1956px\" \/>\t\t\t<\/div>\n\t\t\t<div class=\"col-md-8\">\n\t\t\t\t<h3>Encore wird als neuestes Mitglied der World Sustainable Hospitality Alliance bekanntgegeben\u00a0\u00a0<\/h3>\t\t\t\t<div class=\"news-meta\">\n\t\t\t\t\t<div class=\"date\">Mai 23, 2024<\/div>\n\t\t\t\t\t<div class=\"name\">News Release<\/div>\n\t\t\t\t<\/div>\n\n\t\t\t\t<div class=\"excerpt\">\n\t\t\t\t\t<p>Encore, ein weltweit f\u00fchrender Anbieter von Eventtechnologie- und Produktionsservices, ist stolz darauf, seinen Beitritt zur World Sustainable Hospitality Alliance bekannt zu geben. Die Allianz setzt sich aus fast 50 gleichgesinnten Mitgliedern zusammen, die gemeinsam kritische Herausforderungen angehen, die den Planeten, die Menschen und Orte auf der ganzen Welt betreffen.\u00a0 Encore setzt sich seit Jahrzehnten f\u00fcr &#8230; <a href=\"https:\/\/info.encore-emea.com\/de\/news-releases\/news-sustainable-hospitality-alliance\/\">Weiterlesen<\/a><\/p>\n\t\t\t\t<\/div>\n\t\t\t<\/div>\n\t\t<\/div>\n\t\t\t<div class=\"row\">\n\t\t\t<div class=\"col-md-4\">\n\t\t\t\t<img decoding=\"async\" width=\"1308\" height=\"603\" src=\"https:\/\/cdn.encoreglobal.com\/wp-content\/uploads\/sites\/2\/2024\/03\/27112051\/Illuminating-Brighter-Future-News-Banner.jpg\" class=\"attachment-post-thumbnail size-post-thumbnail wp-post-image\" alt=\"\" srcset=\"https:\/\/cdn.encoreglobal.com\/wp-content\/uploads\/sites\/2\/2024\/03\/27112051\/Illuminating-Brighter-Future-News-Banner.jpg 1308w, https:\/\/cdn.encoreglobal.com\/wp-content\/uploads\/sites\/2\/2024\/03\/27112051\/Illuminating-Brighter-Future-News-Banner-300x138.jpg 300w, https:\/\/cdn.encoreglobal.com\/wp-content\/uploads\/sites\/2\/2024\/03\/27112051\/Illuminating-Brighter-Future-News-Banner-1024x472.jpg 1024w, https:\/\/cdn.encoreglobal.com\/wp-content\/uploads\/sites\/2\/2024\/03\/27112051\/Illuminating-Brighter-Future-News-Banner-768x354.jpg 768w\" sizes=\"(max-width: 1308px) 100vw, 1308px\" \/>\t\t\t<\/div>\n\t\t\t<div class=\"col-md-8\">\n\t\t\t\t<h3>Encore k\u00fcndigt mit \u201eIlluminating a Brighter Future\u201c eine Plattform f\u00fcr verantwortungsbewusstes Unternehmen an\u00a0<\/h3>\t\t\t\t<div class=\"news-meta\">\n\t\t\t\t\t<div class=\"date\">M\u00e4rz 28, 2024<\/div>\n\t\t\t\t\t<div class=\"name\">News Release<\/div>\n\t\t\t\t<\/div>\n\n\t\t\t\t<div class=\"excerpt\">\n\t\t\t\t\t<p>Patrick Sullivan wird zum Direktor f\u00fcr globale Nachhaltigkeit ernannt\u00a0 Encore freut sich, Illuminating a Brighter Future, eine neue Plattform f\u00fcr nachhaltiges Engagement, vorzustellen. Die Plattform vereint die vielf\u00e4ltigen Initiativen von Encore, die sich f\u00fcr eine bessere Welt einsetzen.\u00a0 Als Dienstleister, der sich seinen rund 12.000 Teammitgliedern, die an Veranstaltungsorten auf der ganzen Welt t\u00e4tig sind, &#8230; <a href=\"https:\/\/info.encore-emea.com\/de\/news-releases\/illuminating-a-brighter-future\/\">Weiterlesen<\/a><\/p>\n\t\t\t\t<\/div>\n\t\t\t<\/div>\n\t\t<\/div>\n\t\t\t<div class=\"row\">\n\t\t\t<div class=\"col-md-4\">\n\t\t\t\t<img decoding=\"async\" width=\"5793\" height=\"2736\" src=\"https:\/\/cdn.encoreglobal.com\/wp-content\/uploads\/sites\/2\/2024\/03\/21154052\/Stefica_NL-Banner-Photo.png\" class=\"attachment-post-thumbnail size-post-thumbnail wp-post-image\" alt=\"\" srcset=\"https:\/\/cdn.encoreglobal.com\/wp-content\/uploads\/sites\/2\/2024\/03\/21154052\/Stefica_NL-Banner-Photo.png 5793w, https:\/\/cdn.encoreglobal.com\/wp-content\/uploads\/sites\/2\/2024\/03\/21154052\/Stefica_NL-Banner-Photo-300x142.png 300w, https:\/\/cdn.encoreglobal.com\/wp-content\/uploads\/sites\/2\/2024\/03\/21154052\/Stefica_NL-Banner-Photo-1024x484.png 1024w, https:\/\/cdn.encoreglobal.com\/wp-content\/uploads\/sites\/2\/2024\/03\/21154052\/Stefica_NL-Banner-Photo-768x363.png 768w, https:\/\/cdn.encoreglobal.com\/wp-content\/uploads\/sites\/2\/2024\/03\/21154052\/Stefica_NL-Banner-Photo-1536x725.png 1536w, https:\/\/cdn.encoreglobal.com\/wp-content\/uploads\/sites\/2\/2024\/03\/21154052\/Stefica_NL-Banner-Photo-2048x967.png 2048w\" sizes=\"(max-width: 5793px) 100vw, 5793px\" \/>\t\t\t<\/div>\n\t\t\t<div class=\"col-md-8\">\n\t\t\t\t<h3>Encore erweitert sein globales F\u00fchrungsteam mit Stefica Divkovic\u00a0\u00a0<\/h3>\t\t\t\t<div class=\"news-meta\">\n\t\t\t\t\t<div class=\"date\">M\u00e4rz 25, 2024<\/div>\n\t\t\t\t\t<div class=\"name\">News Release<\/div>\n\t\t\t\t<\/div>\n\n\t\t\t\t<div class=\"excerpt\">\n\t\t\t\t\t<p>Encore, ein weltweit f\u00fchrender Anbieter von Eventtechnologie- und Produktionsservices, hat Stefica Divkovic zur Gesch\u00e4ftsf\u00fchrerin f\u00fcr Europa, den Nahen Osten und Afrika (EMEA) ernannt. In ihrer neuen Position wird Divkovic den strategischen Plan von Encore f\u00fcr die EMEA-Region entwickeln und umsetzen.\u00a0\u00a0\u00a0 Frau Divkovic verf\u00fcgt \u00fcber umfangreiche Erfahrung in der Steigerung des Gesch\u00e4ftswachstums, der operativen F\u00fchrung und &#8230; <a href=\"https:\/\/info.encore-emea.com\/de\/news-releases\/encore-erweitert-sein-globales-fuehrungsteam-mit-stefica-divkovic\/\">Weiterlesen<\/a><\/p>\n\t\t\t\t<\/div>\n\t\t\t<\/div>\n\t\t<\/div>\n\t<\/div>\n\t\t\t\t<\/div>\n\t\t\t\t<\/div>\n\t\t\t\t<div class=\"elementor-element elementor-element-4fb864c elementor-widget-divider--view-line elementor-widget elementor-widget-divider\" data-id=\"4fb864c\" data-element_type=\"widget\" data-widget_type=\"divider.default\">\n\t\t\t\t<div class=\"elementor-widget-container\">\n\t\t\t\t\t\t\t<div class=\"elementor-divider\">\n\t\t\t<span class=\"elementor-divider-separator\">\n\t\t\t\t\t\t<\/span>\n\t\t<\/div>\n\t\t\t\t\t\t<\/div>\n\t\t\t\t<\/div>\n\t\t\t\t<div class=\"elementor-element elementor-element-43a0818 elementor-align-center elementor-widget elementor-widget-button\" data-id=\"43a0818\" data-element_type=\"widget\" data-widget_type=\"button.default\">\n\t\t\t\t<div class=\"elementor-widget-container\">\n\t\t\t\t\t\t\t\t\t<div class=\"elementor-button-wrapper\">\n\t\t\t\t\t<a class=\"elementor-button elementor-button-link elementor-size-sm\" href=\"\/de\/news-releases\/\">\n\t\t\t\t\t\t<span class=\"elementor-button-content-wrapper\">\n\t\t\t\t\t\t\t\t\t<span class=\"elementor-button-text\">Archiv<\/span>\n\t\t\t\t\t<\/span>\n\t\t\t\t\t<\/a>\n\t\t\t\t<\/div>\n\t\t\t\t\t\t\t\t<\/div>\n\t\t\t\t<\/div>\n\t\t\t\t\t<\/div>\n\t\t<\/div>\n\t\t\t\t<div class=\"elementor-column elementor-col-33 elementor-top-column elementor-element elementor-element-29c272ae\" data-id=\"29c272ae\" data-element_type=\"column\">\n\t\t\t<div class=\"elementor-widget-wrap\">\n\t\t\t\t\t\t\t<\/div>\n\t\t<\/div>\n\t\t\t\t\t<\/div>\n\t\t<\/section>\n\t\t\t\t<section class=\"elementor-section elementor-top-section elementor-element elementor-element-3871e927 elementor-section-stretched elementor-section-boxed elementor-section-height-default elementor-section-height-default\" data-id=\"3871e927\" data-element_type=\"section\" data-settings=\"{&quot;stretch_section&quot;:&quot;section-stretched&quot;,&quot;background_background&quot;:&quot;classic&quot;}\">\n\t\t\t\t\t\t<div class=\"elementor-container elementor-column-gap-default\">\n\t\t\t\t\t<div class=\"elementor-column elementor-col-33 elementor-top-column elementor-element elementor-element-56defb8a\" data-id=\"56defb8a\" data-element_type=\"column\">\n\t\t\t<div class=\"elementor-widget-wrap elementor-element-populated\">\n\t\t\t\t\t\t<div class=\"elementor-element elementor-element-5ccffdb2 elementor-widget elementor-widget-image\" data-id=\"5ccffdb2\" data-element_type=\"widget\" data-widget_type=\"image.default\">\n\t\t\t\t<div class=\"elementor-widget-container\">\n\t\t\t\t\t\t\t\t\t\t\t\t\t\t\t<img loading=\"lazy\" decoding=\"async\" width=\"335\" height=\"412\" src=\"https:\/\/cdn.encoreglobal.com\/wp-content\/uploads\/sites\/2\/2020\/08\/04031834\/encore-icon.png\" class=\"attachment-large size-large wp-image-1970\" alt=\"\" srcset=\"https:\/\/cdn.encoreglobal.com\/wp-content\/uploads\/sites\/2\/2020\/08\/04031834\/encore-icon.png 335w, https:\/\/cdn.encoreglobal.com\/wp-content\/uploads\/sites\/2\/2020\/08\/04031834\/encore-icon-244x300.png 244w\" sizes=\"(max-width: 335px) 100vw, 335px\" \/>\t\t\t\t\t\t\t\t\t\t\t\t\t\t\t<\/div>\n\t\t\t\t<\/div>\n\t\t\t\t\t<\/div>\n\t\t<\/div>\n\t\t\t\t<div class=\"elementor-column elementor-col-33 elementor-top-column elementor-element elementor-element-3f0a017\" data-id=\"3f0a017\" data-element_type=\"column\">\n\t\t\t<div class=\"elementor-widget-wrap elementor-element-populated\">\n\t\t\t\t\t\t<div class=\"elementor-element elementor-element-47379179 elementor-widget elementor-widget-text-editor\" data-id=\"47379179\" data-element_type=\"widget\" data-widget_type=\"text-editor.default\">\n\t\t\t\t<div class=\"elementor-widget-container\">\n\t\t\t\t\t\t\t\t\t<h2>Media Assets<\/h2><p>Encores Corporate Identity. Lizenzierte Fotos und Filmmaterial f\u00fcr redaktionelle Zwecke. Wer wir sind und wie wir auf dem Markt auftreten m\u00f6chten.<\/p><p><a style=\"color: #fff;\" href=\"\/brand-assets\/\"><strong>Mehr erfahren<\/strong><\/a><\/p>\t\t\t\t\t\t\t\t<\/div>\n\t\t\t\t<\/div>\n\t\t\t\t\t<\/div>\n\t\t<\/div>\n\t\t\t\t<div class=\"elementor-column elementor-col-33 elementor-top-column elementor-element elementor-element-28582105\" data-id=\"28582105\" data-element_type=\"column\">\n\t\t\t<div class=\"elementor-widget-wrap\">\n\t\t\t\t\t\t\t<\/div>\n\t\t<\/div>\n\t\t\t\t\t<\/div>\n\t\t<\/section>\n\t\t\t\t<\/div>\n\t\t","protected":false},"excerpt":{"rendered":"<p>Pressemitteilungen Intrado Digital Media and Encore Enter Strategic Partnership to Lead the Future of Business Events June 30, 2021 News Release Global industry leaders combine production and technology services to deliver unmatched event experiences for virtual and in-person audiences Intrado Corporation (\u201cIntrado\u201d or the \u201cCompany\u201d), a global leader in technology-enabled services, and Encore, a leading &#8230; <a href=\"https:\/\/info.encore-emea.com\/de\/news-releases\/encore-erweitert-sein-globales-fuehrungsteam-mit-stefica-divkovic\/\">Weiterlesen<\/a><\/p>\n","protected":false},"author":24,"featured_media":24464,"parent":0,"menu_order":0,"comment_status":"closed","ping_status":"closed","template":"","meta":{"footnotes":""},"tags":[],"class_list":["post-2330","page","type-page","status-publish","has-post-thumbnail","hentry"],"yoast_head":"<!-- This site is optimized with the Yoast SEO Premium plugin v25.4 (Yoast SEO v25.4) - https:\/\/yoast.com\/wordpress\/plugins\/seo\/ -->\n<title>News Hub - Alle Neuigkeiten und unsere Brand Identity - Encore EMEA<\/title>\n<meta name=\"description\" content=\"Aktuelle Neuigkeiten und Updates in Encores News-Hub. Bleib auf dem Laufenden mit News und Insights aus der Welt unserer Event-Profis.\" \/>\n<meta name=\"robots\" content=\"noindex, follow, max-snippet:-1, max-image-preview:large, max-video-preview:-1\" \/>\n<meta property=\"og:locale\" content=\"de_DE\" \/>\n<meta property=\"og:type\" content=\"article\" \/>\n<meta property=\"og:title\" content=\"News\" \/>\n<meta property=\"og:description\" content=\"Aktuelle Neuigkeiten und Updates in Encores News-Hub. Bleib auf dem Laufenden mit News und Insights aus der Welt unserer Event-Profis.\" \/>\n<meta property=\"og:url\" content=\"https:\/\/info.encore-emea.com\/news-hub\/\" \/>\n<meta property=\"og:site_name\" content=\"Encore EMEA\" \/>\n<meta property=\"article:publisher\" content=\"https:\/\/www.facebook.com\/EncoreEMEA\" \/>\n<meta property=\"article:modified_time\" content=\"2021-07-01T08:30:31+00:00\" \/>\n<meta property=\"og:image\" content=\"https:\/\/cdn.encoreglobal.com\/wp-content\/uploads\/sites\/2\/2021\/07\/04065312\/encore_generic_feature.png\" \/>\n\t<meta property=\"og:image:width\" content=\"708\" \/>\n\t<meta property=\"og:image:height\" content=\"395\" \/>\n\t<meta property=\"og:image:type\" content=\"image\/png\" \/>\n<meta name=\"twitter:card\" content=\"summary_large_image\" \/>\n<meta name=\"twitter:site\" content=\"@EncoreEMEA\" \/>\n<meta name=\"twitter:label1\" content=\"Gesch\u00e4tzte Lesezeit\" \/>\n\t<meta name=\"twitter:data1\" content=\"2 Minuten\" \/>\n<script type=\"application\/ld+json\" class=\"yoast-schema-graph\">{\"@context\":\"https:\/\/schema.org\",\"@graph\":[{\"@type\":\"WebPage\",\"@id\":\"https:\/\/info.encore-emea.com\/news-hub\/\",\"url\":\"https:\/\/info.encore-emea.com\/news-hub\/\",\"name\":\"News Hub - Alle Neuigkeiten und unsere Brand Identity - Encore EMEA\",\"isPartOf\":{\"@id\":\"https:\/\/info.encore-emea.com\/#website\"},\"primaryImageOfPage\":{\"@id\":\"https:\/\/info.encore-emea.com\/news-hub\/#primaryimage\"},\"image\":{\"@id\":\"https:\/\/info.encore-emea.com\/news-hub\/#primaryimage\"},\"thumbnailUrl\":\"https:\/\/cdn.encoreglobal.com\/wp-content\/uploads\/sites\/2\/2021\/07\/04065312\/encore_generic_feature.png\",\"datePublished\":\"2020-07-12T17:51:39+00:00\",\"dateModified\":\"2021-07-01T08:30:31+00:00\",\"description\":\"Aktuelle Neuigkeiten und Updates in Encores News-Hub. Bleib auf dem Laufenden mit News und Insights aus der Welt unserer Event-Profis.\",\"breadcrumb\":{\"@id\":\"https:\/\/info.encore-emea.com\/news-hub\/#breadcrumb\"},\"inLanguage\":\"de-DE\",\"potentialAction\":[{\"@type\":\"ReadAction\",\"target\":[\"https:\/\/info.encore-emea.com\/news-hub\/\"]}]},{\"@type\":\"ImageObject\",\"inLanguage\":\"de-DE\",\"@id\":\"https:\/\/info.encore-emea.com\/news-hub\/#primaryimage\",\"url\":\"https:\/\/cdn.encoreglobal.com\/wp-content\/uploads\/sites\/2\/2021\/07\/04065312\/encore_generic_feature.png\",\"contentUrl\":\"https:\/\/cdn.encoreglobal.com\/wp-content\/uploads\/sites\/2\/2021\/07\/04065312\/encore_generic_feature.png\",\"width\":708,\"height\":395},{\"@type\":\"BreadcrumbList\",\"@id\":\"https:\/\/info.encore-emea.com\/news-hub\/#breadcrumb\",\"itemListElement\":[{\"@type\":\"ListItem\",\"position\":1,\"name\":\"Home\",\"item\":\"https:\/\/info.encore-emea.com\/de\/\"},{\"@type\":\"ListItem\",\"position\":2,\"name\":\"News\"}]},{\"@type\":\"WebSite\",\"@id\":\"https:\/\/info.encore-emea.com\/#website\",\"url\":\"https:\/\/info.encore-emea.com\/\",\"name\":\"Encore EMEA\",\"description\":\"Events That Transform\",\"publisher\":{\"@id\":\"https:\/\/info.encore-emea.com\/#organization\"},\"potentialAction\":[{\"@type\":\"SearchAction\",\"target\":{\"@type\":\"EntryPoint\",\"urlTemplate\":\"https:\/\/info.encore-emea.com\/?s={search_term_string}\"},\"query-input\":{\"@type\":\"PropertyValueSpecification\",\"valueRequired\":true,\"valueName\":\"search_term_string\"}}],\"inLanguage\":\"de-DE\"},{\"@type\":\"Organization\",\"@id\":\"https:\/\/info.encore-emea.com\/#organization\",\"name\":\"ENCORE EMEA\",\"url\":\"https:\/\/info.encore-emea.com\/\",\"logo\":{\"@type\":\"ImageObject\",\"inLanguage\":\"de-DE\",\"@id\":\"https:\/\/info.encore-emea.com\/#\/schema\/logo\/image\/\",\"url\":\"https:\/\/cdn.encoreglobal.com\/wp-content\/uploads\/sites\/2\/2021\/01\/13170758\/encore_logo_RGB.png\",\"contentUrl\":\"https:\/\/cdn.encoreglobal.com\/wp-content\/uploads\/sites\/2\/2021\/01\/13170758\/encore_logo_RGB.png\",\"width\":6797,\"height\":1934,\"caption\":\"ENCORE EMEA\"},\"image\":{\"@id\":\"https:\/\/info.encore-emea.com\/#\/schema\/logo\/image\/\"},\"sameAs\":[\"https:\/\/www.facebook.com\/EncoreEMEA\",\"https:\/\/x.com\/EncoreEMEA\",\"https:\/\/www.instagram.com\/encoreemea\/\",\"https:\/\/www.linkedin.com\/company\/encoreuk\/\"]}]}<\/script>\n<!-- \/ Yoast SEO Premium plugin. -->","yoast_head_json":{"title":"News Hub - Alle Neuigkeiten und unsere Brand Identity - Encore EMEA","description":"Aktuelle Neuigkeiten und Updates in Encores News-Hub. Bleib auf dem Laufenden mit News und Insights aus der Welt unserer Event-Profis.","robots":{"index":"noindex","follow":"follow","max-snippet":"max-snippet:-1","max-image-preview":"max-image-preview:large","max-video-preview":"max-video-preview:-1"},"og_locale":"de_DE","og_type":"article","og_title":"News","og_description":"Aktuelle Neuigkeiten und Updates in Encores News-Hub. Bleib auf dem Laufenden mit News und Insights aus der Welt unserer Event-Profis.","og_url":"https:\/\/info.encore-emea.com\/news-hub\/","og_site_name":"Encore EMEA","article_publisher":"https:\/\/www.facebook.com\/EncoreEMEA","article_modified_time":"2021-07-01T08:30:31+00:00","og_image":[{"width":708,"height":395,"url":"https:\/\/cdn.encoreglobal.com\/wp-content\/uploads\/sites\/2\/2021\/07\/04065312\/encore_generic_feature.png","type":"image\/png"}],"twitter_card":"summary_large_image","twitter_site":"@EncoreEMEA","twitter_misc":{"Gesch\u00e4tzte Lesezeit":"2 Minuten"},"schema":{"@context":"https:\/\/schema.org","@graph":[{"@type":"WebPage","@id":"https:\/\/info.encore-emea.com\/news-hub\/","url":"https:\/\/info.encore-emea.com\/news-hub\/","name":"News Hub - Alle Neuigkeiten und unsere Brand Identity - Encore EMEA","isPartOf":{"@id":"https:\/\/info.encore-emea.com\/#website"},"primaryImageOfPage":{"@id":"https:\/\/info.encore-emea.com\/news-hub\/#primaryimage"},"image":{"@id":"https:\/\/info.encore-emea.com\/news-hub\/#primaryimage"},"thumbnailUrl":"https:\/\/cdn.encoreglobal.com\/wp-content\/uploads\/sites\/2\/2021\/07\/04065312\/encore_generic_feature.png","datePublished":"2020-07-12T17:51:39+00:00","dateModified":"2021-07-01T08:30:31+00:00","description":"Aktuelle Neuigkeiten und Updates in Encores News-Hub. Bleib auf dem Laufenden mit News und Insights aus der Welt unserer Event-Profis.","breadcrumb":{"@id":"https:\/\/info.encore-emea.com\/news-hub\/#breadcrumb"},"inLanguage":"de-DE","potentialAction":[{"@type":"ReadAction","target":["https:\/\/info.encore-emea.com\/news-hub\/"]}]},{"@type":"ImageObject","inLanguage":"de-DE","@id":"https:\/\/info.encore-emea.com\/news-hub\/#primaryimage","url":"https:\/\/cdn.encoreglobal.com\/wp-content\/uploads\/sites\/2\/2021\/07\/04065312\/encore_generic_feature.png","contentUrl":"https:\/\/cdn.encoreglobal.com\/wp-content\/uploads\/sites\/2\/2021\/07\/04065312\/encore_generic_feature.png","width":708,"height":395},{"@type":"BreadcrumbList","@id":"https:\/\/info.encore-emea.com\/news-hub\/#breadcrumb","itemListElement":[{"@type":"ListItem","position":1,"name":"Home","item":"https:\/\/info.encore-emea.com\/de\/"},{"@type":"ListItem","position":2,"name":"News"}]},{"@type":"WebSite","@id":"https:\/\/info.encore-emea.com\/#website","url":"https:\/\/info.encore-emea.com\/","name":"Encore EMEA","description":"Events That Transform","publisher":{"@id":"https:\/\/info.encore-emea.com\/#organization"},"potentialAction":[{"@type":"SearchAction","target":{"@type":"EntryPoint","urlTemplate":"https:\/\/info.encore-emea.com\/?s={search_term_string}"},"query-input":{"@type":"PropertyValueSpecification","valueRequired":true,"valueName":"search_term_string"}}],"inLanguage":"de-DE"},{"@type":"Organization","@id":"https:\/\/info.encore-emea.com\/#organization","name":"ENCORE EMEA","url":"https:\/\/info.encore-emea.com\/","logo":{"@type":"ImageObject","inLanguage":"de-DE","@id":"https:\/\/info.encore-emea.com\/#\/schema\/logo\/image\/","url":"https:\/\/cdn.encoreglobal.com\/wp-content\/uploads\/sites\/2\/2021\/01\/13170758\/encore_logo_RGB.png","contentUrl":"https:\/\/cdn.encoreglobal.com\/wp-content\/uploads\/sites\/2\/2021\/01\/13170758\/encore_logo_RGB.png","width":6797,"height":1934,"caption":"ENCORE EMEA"},"image":{"@id":"https:\/\/info.encore-emea.com\/#\/schema\/logo\/image\/"},"sameAs":["https:\/\/www.facebook.com\/EncoreEMEA","https:\/\/x.com\/EncoreEMEA","https:\/\/www.instagram.com\/encoreemea\/","https:\/\/www.linkedin.com\/company\/encoreuk\/"]}]}},"_links":{"self":[{"href":"https:\/\/info.encore-emea.com\/de\/wp-json\/wp\/v2\/pages\/2330","targetHints":{"allow":["GET"]}}],"collection":[{"href":"https:\/\/info.encore-emea.com\/de\/wp-json\/wp\/v2\/pages"}],"about":[{"href":"https:\/\/info.encore-emea.com\/de\/wp-json\/wp\/v2\/types\/page"}],"author":[{"embeddable":true,"href":"https:\/\/info.encore-emea.com\/de\/wp-json\/wp\/v2\/users\/24"}],"replies":[{"embeddable":true,"href":"https:\/\/info.encore-emea.com\/de\/wp-json\/wp\/v2\/comments?post=2330"}],"version-history":[{"count":0,"href":"https:\/\/info.encore-emea.com\/de\/wp-json\/wp\/v2\/pages\/2330\/revisions"}],"wp:featuredmedia":[{"embeddable":true,"href":"https:\/\/info.encore-emea.com\/de\/wp-json\/wp\/v2\/media\/24464"}],"wp:attachment":[{"href":"https:\/\/info.encore-emea.com\/de\/wp-json\/wp\/v2\/media?parent=2330"}],"wp:term":[{"taxonomy":"post_tag","embeddable":true,"href":"https:\/\/info.encore-emea.com\/de\/wp-json\/wp\/v2\/tags?post=2330"}],"curies":[{"name":"wp","href":"https:\/\/api.w.org\/{rel}","templated":true}]}}