{"id":27496,"date":"2021-09-15T09:34:20","date_gmt":"2021-09-15T09:34:20","guid":{"rendered":"https:\/\/www.encore-emea.com\/?page_id=27496"},"modified":"2021-09-20T16:04:53","modified_gmt":"2021-09-20T16:04:53","slug":"wir-freuen-uns-auf-ein-gesprach-mit-ihnen-hybrid","status":"publish","type":"page","link":"https:\/\/info.encore-emea.com\/de\/wir-freuen-uns-auf-ein-gesprach-mit-ihnen-hybrid\/","title":{"rendered":"Wir freuen uns auf ein Gespr\u00e4ch mit Ihnen! Hybrid LP"},"content":{"rendered":"\t\t<div data-elementor-type=\"wp-page\" data-elementor-id=\"27496\" class=\"elementor elementor-27496 elementor-27494\" data-elementor-post-type=\"page\">\n\t\t\t\t\t\t<section class=\"elementor-section elementor-top-section elementor-element elementor-element-1e73edc elementor-section-boxed elementor-section-height-default elementor-section-height-default\" data-id=\"1e73edc\" data-element_type=\"section\">\n\t\t\t\t\t\t<div class=\"elementor-container elementor-column-gap-default\">\n\t\t\t\t\t<div class=\"elementor-column elementor-col-25 elementor-top-column elementor-element elementor-element-724ccdd\" data-id=\"724ccdd\" data-element_type=\"column\">\n\t\t\t<div class=\"elementor-widget-wrap\">\n\t\t\t\t\t\t\t<\/div>\n\t\t<\/div>\n\t\t\t\t<div class=\"elementor-column elementor-col-50 elementor-top-column elementor-element elementor-element-f3ba8d3\" data-id=\"f3ba8d3\" data-element_type=\"column\">\n\t\t\t<div class=\"elementor-widget-wrap elementor-element-populated\">\n\t\t\t\t\t\t<div class=\"elementor-element elementor-element-72efa9e elementor-widget elementor-widget-heading\" data-id=\"72efa9e\" data-element_type=\"widget\" data-widget_type=\"heading.default\">\n\t\t\t\t<div class=\"elementor-widget-container\">\n\t\t\t\t\t<h2 class=\"elementor-heading-title elementor-size-default\">Wir melden uns baldm\u00f6glichst bei Ihnen!<\/h2>\t\t\t\t<\/div>\n\t\t\t\t<\/div>\n\t\t\t\t<div class=\"elementor-element elementor-element-b952787 elementor-widget elementor-widget-text-editor\" data-id=\"b952787\" data-element_type=\"widget\" data-widget_type=\"text-editor.default\">\n\t\t\t\t<div class=\"elementor-widget-container\">\n\t\t\t\t\t\t\t\t\t<p style=\"text-align: center;\">Wir haben Ihre Anfrage erhalten. Ein Mitglied unseres Teams wird sich in K\u00fcrze bei Ihnen melden! Gemeinsam setzen wir Ihre Vision in inspirierende Event-Erlebnisse um.<\/p>\t\t\t\t\t\t\t\t<\/div>\n\t\t\t\t<\/div>\n\t\t\t\t\t<\/div>\n\t\t<\/div>\n\t\t\t\t<div class=\"elementor-column elementor-col-25 elementor-top-column elementor-element elementor-element-404a171\" data-id=\"404a171\" data-element_type=\"column\">\n\t\t\t<div class=\"elementor-widget-wrap\">\n\t\t\t\t\t\t\t<\/div>\n\t\t<\/div>\n\t\t\t\t\t<\/div>\n\t\t<\/section>\n\t\t\t\t<section class=\"elementor-section elementor-top-section elementor-element elementor-element-6593d33 elementor-section-boxed elementor-section-height-default elementor-section-height-default\" data-id=\"6593d33\" data-element_type=\"section\">\n\t\t\t\t\t\t<div class=\"elementor-container elementor-column-gap-default\">\n\t\t\t\t\t<div class=\"elementor-column elementor-col-100 elementor-top-column elementor-element elementor-element-3af0dbc\" data-id=\"3af0dbc\" data-element_type=\"column\">\n\t\t\t<div class=\"elementor-widget-wrap elementor-element-populated\">\n\t\t\t\t\t\t<div class=\"elementor-element elementor-element-095e30a elementor-widget elementor-widget-text-editor\" data-id=\"095e30a\" data-element_type=\"widget\" data-widget_type=\"text-editor.default\">\n\t\t\t\t<div class=\"elementor-widget-container\">\n\t\t\t\t\t\t\t\t\t<p style=\"text-align: center;\">Werfen Sie in der Zwischenzeit einen Blick auf die Leistungen und Angebote auf unserer Website. Oder erleben Sie die Welt von Encore auf unseren Social Media Kan\u00e4len!<\/p>\t\t\t\t\t\t\t\t<\/div>\n\t\t\t\t<\/div>\n\t\t\t\t\t<\/div>\n\t\t<\/div>\n\t\t\t\t\t<\/div>\n\t\t<\/section>\n\t\t\t\t<section class=\"elementor-section elementor-top-section elementor-element elementor-element-8e53bd6 elementor-section-boxed elementor-section-height-default elementor-section-height-default\" data-id=\"8e53bd6\" data-element_type=\"section\">\n\t\t\t\t\t\t<div class=\"elementor-container elementor-column-gap-default\">\n\t\t\t\t\t<div class=\"elementor-column elementor-col-20 elementor-top-column elementor-element elementor-element-485897e\" data-id=\"485897e\" data-element_type=\"column\">\n\t\t\t<div class=\"elementor-widget-wrap elementor-element-populated\">\n\t\t\t\t\t\t<div class=\"elementor-element elementor-element-b1775ae elementor-widget elementor-widget-image\" data-id=\"b1775ae\" data-element_type=\"widget\" data-widget_type=\"image.default\">\n\t\t\t\t<div class=\"elementor-widget-container\">\n\t\t\t\t\t\t\t\t\t\t\t\t\t\t\t\t<a href=\"https:\/\/www.facebook.com\/EncoreEMEA\" target=\"_blank\">\n\t\t\t\t\t\t\t<img decoding=\"async\" width=\"200\" height=\"200\" src=\"https:\/\/cdn.encoreglobal.com\/wp-content\/uploads\/sites\/2\/2021\/02\/23153832\/Facebook_Option1.png\" class=\"attachment-large size-large wp-image-17542\" alt=\"\" srcset=\"https:\/\/cdn.encoreglobal.com\/wp-content\/uploads\/sites\/2\/2021\/02\/23153832\/Facebook_Option1.png 200w, https:\/\/cdn.encoreglobal.com\/wp-content\/uploads\/sites\/2\/2021\/02\/23153832\/Facebook_Option1-150x150.png 150w\" sizes=\"(max-width: 200px) 100vw, 200px\" \/>\t\t\t\t\t\t\t\t<\/a>\n\t\t\t\t\t\t\t\t\t\t\t\t\t\t\t<\/div>\n\t\t\t\t<\/div>\n\t\t\t\t\t<\/div>\n\t\t<\/div>\n\t\t\t\t<div class=\"elementor-column elementor-col-20 elementor-top-column elementor-element elementor-element-dc346a4\" data-id=\"dc346a4\" data-element_type=\"column\">\n\t\t\t<div class=\"elementor-widget-wrap elementor-element-populated\">\n\t\t\t\t\t\t<div class=\"elementor-element elementor-element-dcf6cf6 elementor-widget elementor-widget-image\" data-id=\"dcf6cf6\" data-element_type=\"widget\" data-widget_type=\"image.default\">\n\t\t\t\t<div class=\"elementor-widget-container\">\n\t\t\t\t\t\t\t\t\t\t\t\t\t\t\t\t<a href=\"https:\/\/www.instagram.com\/encoreemea\/\" target=\"_blank\">\n\t\t\t\t\t\t\t<img decoding=\"async\" width=\"200\" height=\"200\" src=\"https:\/\/cdn.encoreglobal.com\/wp-content\/uploads\/sites\/2\/2021\/02\/23155304\/Instagram_Option1.png\" class=\"attachment-large size-large wp-image-17554\" alt=\"\" srcset=\"https:\/\/cdn.encoreglobal.com\/wp-content\/uploads\/sites\/2\/2021\/02\/23155304\/Instagram_Option1.png 200w, https:\/\/cdn.encoreglobal.com\/wp-content\/uploads\/sites\/2\/2021\/02\/23155304\/Instagram_Option1-150x150.png 150w\" sizes=\"(max-width: 200px) 100vw, 200px\" \/>\t\t\t\t\t\t\t\t<\/a>\n\t\t\t\t\t\t\t\t\t\t\t\t\t\t\t<\/div>\n\t\t\t\t<\/div>\n\t\t\t\t\t<\/div>\n\t\t<\/div>\n\t\t\t\t<div class=\"elementor-column elementor-col-20 elementor-top-column elementor-element elementor-element-fe3a31f\" data-id=\"fe3a31f\" data-element_type=\"column\">\n\t\t\t<div class=\"elementor-widget-wrap elementor-element-populated\">\n\t\t\t\t\t\t<div class=\"elementor-element elementor-element-db2c85f elementor-widget elementor-widget-image\" data-id=\"db2c85f\" data-element_type=\"widget\" data-widget_type=\"image.default\">\n\t\t\t\t<div class=\"elementor-widget-container\">\n\t\t\t\t\t\t\t\t\t\t\t\t\t\t\t\t<a href=\"https:\/\/twitter.com\/EncoreEMEA\" target=\"_blank\">\n\t\t\t\t\t\t\t<img decoding=\"async\" width=\"200\" height=\"200\" src=\"https:\/\/cdn.encoreglobal.com\/wp-content\/uploads\/sites\/2\/2021\/02\/23153835\/Twitter_Option1.png\" class=\"attachment-large size-large wp-image-17546\" alt=\"\" srcset=\"https:\/\/cdn.encoreglobal.com\/wp-content\/uploads\/sites\/2\/2021\/02\/23153835\/Twitter_Option1.png 200w, https:\/\/cdn.encoreglobal.com\/wp-content\/uploads\/sites\/2\/2021\/02\/23153835\/Twitter_Option1-150x150.png 150w\" sizes=\"(max-width: 200px) 100vw, 200px\" \/>\t\t\t\t\t\t\t\t<\/a>\n\t\t\t\t\t\t\t\t\t\t\t\t\t\t\t<\/div>\n\t\t\t\t<\/div>\n\t\t\t\t\t<\/div>\n\t\t<\/div>\n\t\t\t\t<div class=\"elementor-column elementor-col-20 elementor-top-column elementor-element elementor-element-0dfe645\" data-id=\"0dfe645\" data-element_type=\"column\">\n\t\t\t<div class=\"elementor-widget-wrap elementor-element-populated\">\n\t\t\t\t\t\t<div class=\"elementor-element elementor-element-99c25c9 elementor-widget elementor-widget-image\" data-id=\"99c25c9\" data-element_type=\"widget\" data-widget_type=\"image.default\">\n\t\t\t\t<div class=\"elementor-widget-container\">\n\t\t\t\t\t\t\t\t\t\t\t\t\t\t\t\t<a href=\"https:\/\/www.linkedin.com\/company\/encore-dach\/\" target=\"_blank\">\n\t\t\t\t\t\t\t<img loading=\"lazy\" decoding=\"async\" width=\"200\" height=\"200\" src=\"https:\/\/cdn.encoreglobal.com\/wp-content\/uploads\/sites\/2\/2021\/02\/23153821\/Linkeidn_Option1.png\" class=\"attachment-large size-large wp-image-17534\" alt=\"\" srcset=\"https:\/\/cdn.encoreglobal.com\/wp-content\/uploads\/sites\/2\/2021\/02\/23153821\/Linkeidn_Option1.png 200w, https:\/\/cdn.encoreglobal.com\/wp-content\/uploads\/sites\/2\/2021\/02\/23153821\/Linkeidn_Option1-150x150.png 150w\" sizes=\"(max-width: 200px) 100vw, 200px\" \/>\t\t\t\t\t\t\t\t<\/a>\n\t\t\t\t\t\t\t\t\t\t\t\t\t\t\t<\/div>\n\t\t\t\t<\/div>\n\t\t\t\t\t<\/div>\n\t\t<\/div>\n\t\t\t\t<div class=\"elementor-column elementor-col-20 elementor-top-column elementor-element elementor-element-8b03103\" data-id=\"8b03103\" data-element_type=\"column\">\n\t\t\t<div class=\"elementor-widget-wrap elementor-element-populated\">\n\t\t\t\t\t\t<div class=\"elementor-element elementor-element-e8752bf elementor-widget elementor-widget-image\" data-id=\"e8752bf\" data-element_type=\"widget\" data-widget_type=\"image.default\">\n\t\t\t\t<div class=\"elementor-widget-container\">\n\t\t\t\t\t\t\t\t\t\t\t\t\t\t\t\t<a href=\"https:\/\/vimeo.com\/encoreemea\" target=\"_blank\">\n\t\t\t\t\t\t\t<img loading=\"lazy\" decoding=\"async\" width=\"200\" height=\"200\" src=\"https:\/\/cdn.encoreglobal.com\/wp-content\/uploads\/sites\/2\/2021\/02\/23153829\/Vimeo_Option.png\" class=\"attachment-large size-large wp-image-17538\" alt=\"\" srcset=\"https:\/\/cdn.encoreglobal.com\/wp-content\/uploads\/sites\/2\/2021\/02\/23153829\/Vimeo_Option.png 200w, https:\/\/cdn.encoreglobal.com\/wp-content\/uploads\/sites\/2\/2021\/02\/23153829\/Vimeo_Option-150x150.png 150w\" sizes=\"(max-width: 200px) 100vw, 200px\" \/>\t\t\t\t\t\t\t\t<\/a>\n\t\t\t\t\t\t\t\t\t\t\t\t\t\t\t<\/div>\n\t\t\t\t<\/div>\n\t\t\t\t\t<\/div>\n\t\t<\/div>\n\t\t\t\t\t<\/div>\n\t\t<\/section>\n\t\t\t\t<\/div>\n\t\t","protected":false},"excerpt":{"rendered":"<p>Wir melden uns baldm\u00f6glichst bei Ihnen! Wir haben Ihre Anfrage erhalten. Ein Mitglied unseres Teams wird sich in K\u00fcrze bei Ihnen melden! Gemeinsam setzen wir Ihre Vision in inspirierende Event-Erlebnisse um. Werfen Sie in der Zwischenzeit einen Blick auf die Leistungen und Angebote auf unserer Website. Oder erleben Sie die Welt von Encore auf unseren &#8230; <a href=\"https:\/\/info.encore-emea.com\/de\/wir-freuen-uns-auf-ein-gesprach-mit-ihnen-hybrid\/\">Weiterlesen<\/a><\/p>\n","protected":false},"author":41,"featured_media":0,"parent":0,"menu_order":0,"comment_status":"closed","ping_status":"closed","template":"","meta":{"footnotes":""},"tags":[],"class_list":["post-27496","page","type-page","status-publish","hentry"],"yoast_head":"<!-- This site is optimized with the Yoast SEO Premium plugin v25.4 (Yoast SEO v25.4) - https:\/\/yoast.com\/wordpress\/plugins\/seo\/ -->\n<title>Wir freuen uns auf ein Gespr\u00e4ch mit Ihnen! Hybrid LP - Encore EMEA<\/title>\n<meta name=\"robots\" content=\"noindex, follow, max-snippet:-1, max-image-preview:large, max-video-preview:-1\" \/>\n<meta property=\"og:locale\" content=\"de_DE\" \/>\n<meta property=\"og:type\" content=\"article\" \/>\n<meta property=\"og:title\" content=\"Wir freuen uns auf ein Gespr\u00e4ch mit Ihnen! Hybrid LP\" \/>\n<meta property=\"og:description\" content=\"Wir melden uns baldm\u00f6glichst bei Ihnen! Wir haben Ihre Anfrage erhalten. Ein Mitglied unseres Teams wird sich in K\u00fcrze bei Ihnen melden! Gemeinsam setzen wir Ihre Vision in inspirierende Event-Erlebnisse um. Werfen Sie in der Zwischenzeit einen Blick auf die Leistungen und Angebote auf unserer Website. Oder erleben Sie die Welt von Encore auf unseren ... Weiterlesen\" \/>\n<meta property=\"og:url\" content=\"https:\/\/info.encore-emea.com\/de\/wir-freuen-uns-auf-ein-gesprach-mit-ihnen-hybrid\/\" \/>\n<meta property=\"og:site_name\" content=\"Encore EMEA\" \/>\n<meta property=\"article:publisher\" content=\"https:\/\/www.facebook.com\/EncoreEMEA\" \/>\n<meta property=\"article:modified_time\" content=\"2021-09-20T16:04:53+00:00\" \/>\n<meta property=\"og:image\" content=\"https:\/\/www.encoreglobal.com\/app\/uploads\/sites\/2\/2021\/02\/Facebook_Option1.png\" \/>\n<meta name=\"twitter:card\" content=\"summary_large_image\" \/>\n<meta name=\"twitter:site\" content=\"@EncoreEMEA\" \/>\n<meta name=\"twitter:label1\" content=\"Gesch\u00e4tzte Lesezeit\" \/>\n\t<meta name=\"twitter:data1\" content=\"2 Minuten\" \/>\n<script type=\"application\/ld+json\" class=\"yoast-schema-graph\">{\"@context\":\"https:\/\/schema.org\",\"@graph\":[{\"@type\":\"WebPage\",\"@id\":\"https:\/\/info.encore-emea.com\/de\/wir-freuen-uns-auf-ein-gesprach-mit-ihnen-hybrid\/\",\"url\":\"https:\/\/info.encore-emea.com\/de\/wir-freuen-uns-auf-ein-gesprach-mit-ihnen-hybrid\/\",\"name\":\"Wir freuen uns auf ein Gespr\u00e4ch mit Ihnen! Hybrid LP - Encore EMEA\",\"isPartOf\":{\"@id\":\"https:\/\/info.encore-emea.com\/#website\"},\"primaryImageOfPage\":{\"@id\":\"https:\/\/info.encore-emea.com\/de\/wir-freuen-uns-auf-ein-gesprach-mit-ihnen-hybrid\/#primaryimage\"},\"image\":{\"@id\":\"https:\/\/info.encore-emea.com\/de\/wir-freuen-uns-auf-ein-gesprach-mit-ihnen-hybrid\/#primaryimage\"},\"thumbnailUrl\":\"https:\/\/www.encoreglobal.com\/app\/uploads\/sites\/2\/2021\/02\/Facebook_Option1.png\",\"datePublished\":\"2021-09-15T09:34:20+00:00\",\"dateModified\":\"2021-09-20T16:04:53+00:00\",\"breadcrumb\":{\"@id\":\"https:\/\/info.encore-emea.com\/de\/wir-freuen-uns-auf-ein-gesprach-mit-ihnen-hybrid\/#breadcrumb\"},\"inLanguage\":\"de-DE\",\"potentialAction\":[{\"@type\":\"ReadAction\",\"target\":[\"https:\/\/info.encore-emea.com\/de\/wir-freuen-uns-auf-ein-gesprach-mit-ihnen-hybrid\/\"]}]},{\"@type\":\"ImageObject\",\"inLanguage\":\"de-DE\",\"@id\":\"https:\/\/info.encore-emea.com\/de\/wir-freuen-uns-auf-ein-gesprach-mit-ihnen-hybrid\/#primaryimage\",\"url\":\"https:\/\/www.encoreglobal.com\/app\/uploads\/sites\/2\/2021\/02\/Facebook_Option1.png\",\"contentUrl\":\"https:\/\/www.encoreglobal.com\/app\/uploads\/sites\/2\/2021\/02\/Facebook_Option1.png\"},{\"@type\":\"BreadcrumbList\",\"@id\":\"https:\/\/info.encore-emea.com\/de\/wir-freuen-uns-auf-ein-gesprach-mit-ihnen-hybrid\/#breadcrumb\",\"itemListElement\":[{\"@type\":\"ListItem\",\"position\":1,\"name\":\"Home\",\"item\":\"https:\/\/info.encore-emea.com\/de\/\"},{\"@type\":\"ListItem\",\"position\":2,\"name\":\"Wir freuen uns auf ein Gespr\u00e4ch mit Ihnen! Hybrid LP\"}]},{\"@type\":\"WebSite\",\"@id\":\"https:\/\/info.encore-emea.com\/#website\",\"url\":\"https:\/\/info.encore-emea.com\/\",\"name\":\"Encore EMEA\",\"description\":\"Events That Transform\",\"publisher\":{\"@id\":\"https:\/\/info.encore-emea.com\/#organization\"},\"potentialAction\":[{\"@type\":\"SearchAction\",\"target\":{\"@type\":\"EntryPoint\",\"urlTemplate\":\"https:\/\/info.encore-emea.com\/?s={search_term_string}\"},\"query-input\":{\"@type\":\"PropertyValueSpecification\",\"valueRequired\":true,\"valueName\":\"search_term_string\"}}],\"inLanguage\":\"de-DE\"},{\"@type\":\"Organization\",\"@id\":\"https:\/\/info.encore-emea.com\/#organization\",\"name\":\"ENCORE EMEA\",\"url\":\"https:\/\/info.encore-emea.com\/\",\"logo\":{\"@type\":\"ImageObject\",\"inLanguage\":\"de-DE\",\"@id\":\"https:\/\/info.encore-emea.com\/#\/schema\/logo\/image\/\",\"url\":\"https:\/\/cdn.encoreglobal.com\/wp-content\/uploads\/sites\/2\/2021\/01\/13170758\/encore_logo_RGB.png\",\"contentUrl\":\"https:\/\/cdn.encoreglobal.com\/wp-content\/uploads\/sites\/2\/2021\/01\/13170758\/encore_logo_RGB.png\",\"width\":6797,\"height\":1934,\"caption\":\"ENCORE EMEA\"},\"image\":{\"@id\":\"https:\/\/info.encore-emea.com\/#\/schema\/logo\/image\/\"},\"sameAs\":[\"https:\/\/www.facebook.com\/EncoreEMEA\",\"https:\/\/x.com\/EncoreEMEA\",\"https:\/\/www.instagram.com\/encoreemea\/\",\"https:\/\/www.linkedin.com\/company\/encoreuk\/\"]}]}<\/script>\n<!-- \/ Yoast SEO Premium plugin. -->","yoast_head_json":{"title":"Wir freuen uns auf ein Gespr\u00e4ch mit Ihnen! Hybrid LP - Encore EMEA","robots":{"index":"noindex","follow":"follow","max-snippet":"max-snippet:-1","max-image-preview":"max-image-preview:large","max-video-preview":"max-video-preview:-1"},"og_locale":"de_DE","og_type":"article","og_title":"Wir freuen uns auf ein Gespr\u00e4ch mit Ihnen! Hybrid LP","og_description":"Wir melden uns baldm\u00f6glichst bei Ihnen! Wir haben Ihre Anfrage erhalten. Ein Mitglied unseres Teams wird sich in K\u00fcrze bei Ihnen melden! Gemeinsam setzen wir Ihre Vision in inspirierende Event-Erlebnisse um. Werfen Sie in der Zwischenzeit einen Blick auf die Leistungen und Angebote auf unserer Website. Oder erleben Sie die Welt von Encore auf unseren ... Weiterlesen","og_url":"https:\/\/info.encore-emea.com\/de\/wir-freuen-uns-auf-ein-gesprach-mit-ihnen-hybrid\/","og_site_name":"Encore EMEA","article_publisher":"https:\/\/www.facebook.com\/EncoreEMEA","article_modified_time":"2021-09-20T16:04:53+00:00","og_image":[{"url":"https:\/\/www.encoreglobal.com\/app\/uploads\/sites\/2\/2021\/02\/Facebook_Option1.png","type":"","width":"","height":""}],"twitter_card":"summary_large_image","twitter_site":"@EncoreEMEA","twitter_misc":{"Gesch\u00e4tzte Lesezeit":"2 Minuten"},"schema":{"@context":"https:\/\/schema.org","@graph":[{"@type":"WebPage","@id":"https:\/\/info.encore-emea.com\/de\/wir-freuen-uns-auf-ein-gesprach-mit-ihnen-hybrid\/","url":"https:\/\/info.encore-emea.com\/de\/wir-freuen-uns-auf-ein-gesprach-mit-ihnen-hybrid\/","name":"Wir freuen uns auf ein Gespr\u00e4ch mit Ihnen! Hybrid LP - Encore EMEA","isPartOf":{"@id":"https:\/\/info.encore-emea.com\/#website"},"primaryImageOfPage":{"@id":"https:\/\/info.encore-emea.com\/de\/wir-freuen-uns-auf-ein-gesprach-mit-ihnen-hybrid\/#primaryimage"},"image":{"@id":"https:\/\/info.encore-emea.com\/de\/wir-freuen-uns-auf-ein-gesprach-mit-ihnen-hybrid\/#primaryimage"},"thumbnailUrl":"https:\/\/www.encoreglobal.com\/app\/uploads\/sites\/2\/2021\/02\/Facebook_Option1.png","datePublished":"2021-09-15T09:34:20+00:00","dateModified":"2021-09-20T16:04:53+00:00","breadcrumb":{"@id":"https:\/\/info.encore-emea.com\/de\/wir-freuen-uns-auf-ein-gesprach-mit-ihnen-hybrid\/#breadcrumb"},"inLanguage":"de-DE","potentialAction":[{"@type":"ReadAction","target":["https:\/\/info.encore-emea.com\/de\/wir-freuen-uns-auf-ein-gesprach-mit-ihnen-hybrid\/"]}]},{"@type":"ImageObject","inLanguage":"de-DE","@id":"https:\/\/info.encore-emea.com\/de\/wir-freuen-uns-auf-ein-gesprach-mit-ihnen-hybrid\/#primaryimage","url":"https:\/\/www.encoreglobal.com\/app\/uploads\/sites\/2\/2021\/02\/Facebook_Option1.png","contentUrl":"https:\/\/www.encoreglobal.com\/app\/uploads\/sites\/2\/2021\/02\/Facebook_Option1.png"},{"@type":"BreadcrumbList","@id":"https:\/\/info.encore-emea.com\/de\/wir-freuen-uns-auf-ein-gesprach-mit-ihnen-hybrid\/#breadcrumb","itemListElement":[{"@type":"ListItem","position":1,"name":"Home","item":"https:\/\/info.encore-emea.com\/de\/"},{"@type":"ListItem","position":2,"name":"Wir freuen uns auf ein Gespr\u00e4ch mit Ihnen! Hybrid LP"}]},{"@type":"WebSite","@id":"https:\/\/info.encore-emea.com\/#website","url":"https:\/\/info.encore-emea.com\/","name":"Encore EMEA","description":"Events That Transform","publisher":{"@id":"https:\/\/info.encore-emea.com\/#organization"},"potentialAction":[{"@type":"SearchAction","target":{"@type":"EntryPoint","urlTemplate":"https:\/\/info.encore-emea.com\/?s={search_term_string}"},"query-input":{"@type":"PropertyValueSpecification","valueRequired":true,"valueName":"search_term_string"}}],"inLanguage":"de-DE"},{"@type":"Organization","@id":"https:\/\/info.encore-emea.com\/#organization","name":"ENCORE EMEA","url":"https:\/\/info.encore-emea.com\/","logo":{"@type":"ImageObject","inLanguage":"de-DE","@id":"https:\/\/info.encore-emea.com\/#\/schema\/logo\/image\/","url":"https:\/\/cdn.encoreglobal.com\/wp-content\/uploads\/sites\/2\/2021\/01\/13170758\/encore_logo_RGB.png","contentUrl":"https:\/\/cdn.encoreglobal.com\/wp-content\/uploads\/sites\/2\/2021\/01\/13170758\/encore_logo_RGB.png","width":6797,"height":1934,"caption":"ENCORE EMEA"},"image":{"@id":"https:\/\/info.encore-emea.com\/#\/schema\/logo\/image\/"},"sameAs":["https:\/\/www.facebook.com\/EncoreEMEA","https:\/\/x.com\/EncoreEMEA","https:\/\/www.instagram.com\/encoreemea\/","https:\/\/www.linkedin.com\/company\/encoreuk\/"]}]}},"_links":{"self":[{"href":"https:\/\/info.encore-emea.com\/de\/wp-json\/wp\/v2\/pages\/27496","targetHints":{"allow":["GET"]}}],"collection":[{"href":"https:\/\/info.encore-emea.com\/de\/wp-json\/wp\/v2\/pages"}],"about":[{"href":"https:\/\/info.encore-emea.com\/de\/wp-json\/wp\/v2\/types\/page"}],"author":[{"embeddable":true,"href":"https:\/\/info.encore-emea.com\/de\/wp-json\/wp\/v2\/users\/41"}],"replies":[{"embeddable":true,"href":"https:\/\/info.encore-emea.com\/de\/wp-json\/wp\/v2\/comments?post=27496"}],"version-history":[{"count":0,"href":"https:\/\/info.encore-emea.com\/de\/wp-json\/wp\/v2\/pages\/27496\/revisions"}],"wp:attachment":[{"href":"https:\/\/info.encore-emea.com\/de\/wp-json\/wp\/v2\/media?parent=27496"}],"wp:term":[{"taxonomy":"post_tag","embeddable":true,"href":"https:\/\/info.encore-emea.com\/de\/wp-json\/wp\/v2\/tags?post=27496"}],"curies":[{"name":"wp","href":"https:\/\/api.w.org\/{rel}","templated":true}]}}