{"id":33295,"date":"2021-11-05T16:15:43","date_gmt":"2021-11-05T16:15:43","guid":{"rendered":"https:\/\/www.encore-emea.com\/?page_id=33295"},"modified":"2022-12-29T10:00:44","modified_gmt":"2022-12-29T10:00:44","slug":"kreativitaet-die-inspiriert","status":"publish","type":"page","link":"https:\/\/info.encore-emea.com\/de\/kreativitaet-die-inspiriert\/","title":{"rendered":"Kreativit\u00e4t, die inspiriert"},"content":{"rendered":"\t\t<div data-elementor-type=\"wp-page\" data-elementor-id=\"33295\" class=\"elementor elementor-33295 elementor-32907\" data-elementor-post-type=\"page\">\n\t\t\t\t\t\t<section class=\"elementor-section elementor-top-section elementor-element elementor-element-115d3e5 elementor-section-boxed elementor-section-height-default elementor-section-height-default\" data-id=\"115d3e5\" data-element_type=\"section\">\n\t\t\t\t\t\t<div class=\"elementor-container elementor-column-gap-default\">\n\t\t\t\t\t<div class=\"elementor-column elementor-col-100 elementor-top-column elementor-element elementor-element-3db7372f\" data-id=\"3db7372f\" data-element_type=\"column\">\n\t\t\t<div class=\"elementor-widget-wrap elementor-element-populated\">\n\t\t\t\t\t\t<div class=\"elementor-element elementor-element-7f2c6a91 elementor-widget elementor-widget-heading\" data-id=\"7f2c6a91\" data-element_type=\"widget\" data-widget_type=\"heading.default\">\n\t\t\t\t<div class=\"elementor-widget-container\">\n\t\t\t\t\t<h2 class=\"elementor-heading-title elementor-size-default\">Aus Ideen werden Erlebnisse<\/h2>\t\t\t\t<\/div>\n\t\t\t\t<\/div>\n\t\t\t\t\t<\/div>\n\t\t<\/div>\n\t\t\t\t\t<\/div>\n\t\t<\/section>\n\t\t\t\t<section class=\"elementor-section elementor-top-section elementor-element elementor-element-ea88742 elementor-section-boxed elementor-section-height-default elementor-section-height-default\" data-id=\"ea88742\" data-element_type=\"section\">\n\t\t\t\t\t\t<div class=\"elementor-container elementor-column-gap-default\">\n\t\t\t\t\t<div class=\"elementor-column elementor-col-100 elementor-top-column elementor-element elementor-element-7644f038\" data-id=\"7644f038\" data-element_type=\"column\">\n\t\t\t<div class=\"elementor-widget-wrap elementor-element-populated\">\n\t\t\t\t\t\t<div class=\"elementor-element elementor-element-514247b8 elementor-widget elementor-widget-text-editor\" data-id=\"514247b8\" data-element_type=\"widget\" data-widget_type=\"text-editor.default\">\n\t\t\t\t<div class=\"elementor-widget-container\">\n\t\t\t\t\t\t\t\t\t<p style=\"text-align: center;\">Mit Leidenschaft fu\u0308r unser Handwerk streben wir nach kreativer Exzellenz. Unsere Teams entwickeln kreative L\u00f6sungen und Ideen, die Ihr Publikum \u00fcberzeugen. Unser Team von Strategen und Designer arbeiten von Anfang an eng mit Ihnen zusammen, um passende L\u00f6sungen zu finden, wie Sie ihre virtuellen, hybriden und In-person Teilnehmer bestm\u00f6glich verbinden und inspirieren.<\/p><p style=\"text-align: center;\">Kollaboration ist einer unserer Eckpfeiler \u2013 gemeinsam mit unseren Kunden erarbeiten wir eine kreative Strategie, die echte Ergebnisse liefert. Ganz gleich, wie gro\u00df, klein, unkonventionell oder einzigartig Ihre n\u00e4chste Veranstaltung auch sein soll, es ist unsere Aufgabe, sie auf das n\u00e4chste Niveau zu bringen.<\/p>\t\t\t\t\t\t\t\t<\/div>\n\t\t\t\t<\/div>\n\t\t\t\t\t<\/div>\n\t\t<\/div>\n\t\t\t\t\t<\/div>\n\t\t<\/section>\n\t\t\t\t<section class=\"elementor-section elementor-top-section elementor-element elementor-element-1ba54bb8 elementor-section-stretched elementor-section-boxed elementor-section-height-default elementor-section-height-default\" data-id=\"1ba54bb8\" data-element_type=\"section\" data-settings=\"{&quot;background_background&quot;:&quot;classic&quot;,&quot;stretch_section&quot;:&quot;section-stretched&quot;}\">\n\t\t\t\t\t\t<div class=\"elementor-container elementor-column-gap-default\">\n\t\t\t\t\t<div class=\"elementor-column elementor-col-100 elementor-top-column elementor-element elementor-element-6c1471c3\" data-id=\"6c1471c3\" data-element_type=\"column\">\n\t\t\t<div class=\"elementor-widget-wrap elementor-element-populated\">\n\t\t\t\t\t\t<div class=\"elementor-element elementor-element-60b77fcf elementor-widget elementor-widget-heading\" data-id=\"60b77fcf\" data-element_type=\"widget\" data-widget_type=\"heading.default\">\n\t\t\t\t<div class=\"elementor-widget-container\">\n\t\t\t\t\t<h2 class=\"elementor-heading-title elementor-size-default\">Kreative Dienstleistungen<\/h2>\t\t\t\t<\/div>\n\t\t\t\t<\/div>\n\t\t\t\t\t<\/div>\n\t\t<\/div>\n\t\t\t\t\t<\/div>\n\t\t<\/section>\n\t\t\t\t<section class=\"elementor-section elementor-top-section elementor-element elementor-element-7acdfa4b elementor-section-stretched elementor-section-boxed elementor-section-height-default elementor-section-height-default\" data-id=\"7acdfa4b\" data-element_type=\"section\" data-settings=\"{&quot;background_background&quot;:&quot;classic&quot;,&quot;stretch_section&quot;:&quot;section-stretched&quot;}\">\n\t\t\t\t\t\t<div class=\"elementor-container elementor-column-gap-default\">\n\t\t\t\t\t<div class=\"elementor-column elementor-col-33 elementor-top-column elementor-element elementor-element-647ee3ec\" data-id=\"647ee3ec\" data-element_type=\"column\" data-settings=\"{&quot;background_background&quot;:&quot;classic&quot;}\">\n\t\t\t<div class=\"elementor-widget-wrap elementor-element-populated\">\n\t\t\t\t\t\t<div class=\"elementor-element elementor-element-13cf9df4 elementor-widget elementor-widget-heading\" data-id=\"13cf9df4\" data-element_type=\"widget\" data-widget_type=\"heading.default\">\n\t\t\t\t<div class=\"elementor-widget-container\">\n\t\t\t\t\t<h5 class=\"elementor-heading-title elementor-size-default\">Event-Strategie und Design<\/h5>\t\t\t\t<\/div>\n\t\t\t\t<\/div>\n\t\t\t\t<div class=\"elementor-element elementor-element-7baac7ab elementor-widget elementor-widget-text-editor\" data-id=\"7baac7ab\" data-element_type=\"widget\" data-widget_type=\"text-editor.default\">\n\t\t\t\t<div class=\"elementor-widget-container\">\n\t\t\t\t\t\t\t\t\t<ul style=\"color: #ffffff;\"><li>Strategische Planung<\/li><\/ul><p>\u00a0<\/p><ul style=\"color: #ffffff;\"><li style=\"text-align: left;\">Engagement Strategien<\/li><\/ul><p>\u00a0<\/p><ul style=\"color: #ffffff;\"><li style=\"text-align: left;\">Themen-\/Mottoentwicklung<\/li><\/ul><p>\u00a0<\/p><ul style=\"color: #ffffff;\"><li style=\"text-align: left;\">Environment-Design<\/li><\/ul><p>\u00a0<\/p><ul style=\"color: #ffffff;\"><li style=\"text-align: left;\">Experience-Design<\/li><\/ul><p>\u00a0<\/p><ul style=\"color: #ffffff;\"><li>Sponsoring Support<\/li><\/ul><p style=\"line-height: 10px;\">\u00a0<\/p>\t\t\t\t\t\t\t\t<\/div>\n\t\t\t\t<\/div>\n\t\t\t\t\t<\/div>\n\t\t<\/div>\n\t\t\t\t<div class=\"elementor-column elementor-col-33 elementor-top-column elementor-element elementor-element-50059e7b\" data-id=\"50059e7b\" data-element_type=\"column\" data-settings=\"{&quot;background_background&quot;:&quot;classic&quot;}\">\n\t\t\t<div class=\"elementor-widget-wrap elementor-element-populated\">\n\t\t\t\t\t\t<div class=\"elementor-element elementor-element-5d8be0cc elementor-widget elementor-widget-heading\" data-id=\"5d8be0cc\" data-element_type=\"widget\" data-widget_type=\"heading.default\">\n\t\t\t\t<div class=\"elementor-widget-container\">\n\t\t\t\t\t<h5 class=\"elementor-heading-title elementor-size-default\">Event Branding<\/h5>\t\t\t\t<\/div>\n\t\t\t\t<\/div>\n\t\t\t\t<div class=\"elementor-element elementor-element-30b8226c elementor-widget elementor-widget-text-editor\" data-id=\"30b8226c\" data-element_type=\"widget\" data-widget_type=\"text-editor.default\">\n\t\t\t\t<div class=\"elementor-widget-container\">\n\t\t\t\t\t\t\t\t\t<ul style=\"color: #ffffff;\"><li>Themen-\/Mottoentwicklung<\/li><\/ul><p>\u00a0<\/p><ul style=\"color: #ffffff;\"><li>Logo &amp; Visuelles Asset Design<\/li><\/ul><p>\u00a0<\/p><ul style=\"color: #ffffff;\"><li>Digital Signage<\/li><\/ul><p>\u00a0<\/p><ul style=\"color: #ffffff;\"><li>Banner<\/li><\/ul><p>\u00a0<\/p><ul style=\"color: #ffffff;\"><li>Poster\u00a0<\/li><\/ul><p>\u00a0<\/p><ul style=\"color: #ffffff;\"><li>T\u00fcr- und Fensterfolien<\/li><\/ul><p>\u00a0<\/p>\t\t\t\t\t\t\t\t<\/div>\n\t\t\t\t<\/div>\n\t\t\t\t\t<\/div>\n\t\t<\/div>\n\t\t\t\t<div class=\"elementor-column elementor-col-33 elementor-top-column elementor-element elementor-element-4baadb5d\" data-id=\"4baadb5d\" data-element_type=\"column\" data-settings=\"{&quot;background_background&quot;:&quot;classic&quot;}\">\n\t\t\t<div class=\"elementor-widget-wrap elementor-element-populated\">\n\t\t\t\t\t\t<div class=\"elementor-element elementor-element-375d01a3 elementor-widget elementor-widget-heading\" data-id=\"375d01a3\" data-element_type=\"widget\" data-widget_type=\"heading.default\">\n\t\t\t\t<div class=\"elementor-widget-container\">\n\t\t\t\t\t<h5 class=\"elementor-heading-title elementor-size-default\">Content- Entwicklung<\/h5>\t\t\t\t<\/div>\n\t\t\t\t<\/div>\n\t\t\t\t<div class=\"elementor-element elementor-element-5d7281c4 elementor-widget elementor-widget-text-editor\" data-id=\"5d7281c4\" data-element_type=\"widget\" data-widget_type=\"text-editor.default\">\n\t\t\t\t<div class=\"elementor-widget-container\">\n\t\t\t\t\t\t\t\t\t<ul style=\"color: #ffffff;\"><li>Video-Produktion<\/li><\/ul><p>\u00a0<\/p><ul style=\"color: #ffffff;\"><li>Grafik-Design<\/li><\/ul><p>\u00a0<\/p><ul style=\"color: #ffffff;\"><li>Logo-Animationen<\/li><\/ul><p>\u00a0<\/p><ul style=\"color: #ffffff;\"><li>Pr\u00e4sentationsvorlagen<\/li><\/ul><p>\u00a0<\/p><ul style=\"color: #ffffff;\"><li>Interstitials<\/li><\/ul><p>\u00a0<\/p><ul style=\"color: #ffffff;\"><li>Motion Graphics<\/li><\/ul><p>\u00a0<\/p><ul style=\"color: #ffffff;\"><li>Referenten-Coaching<\/li><\/ul><p>\u00a0<\/p><ul style=\"color: #ffffff;\"><li>Event-Fotografie<\/li><\/ul><p>\u00a0<\/p>\t\t\t\t\t\t\t\t<\/div>\n\t\t\t\t<\/div>\n\t\t\t\t\t<\/div>\n\t\t<\/div>\n\t\t\t\t\t<\/div>\n\t\t<\/section>\n\t\t\t\t<section class=\"elementor-section elementor-top-section elementor-element elementor-element-3cba5046 elementor-section-boxed elementor-section-height-default elementor-section-height-default\" data-id=\"3cba5046\" data-element_type=\"section\" data-settings=\"{&quot;background_background&quot;:&quot;classic&quot;}\">\n\t\t\t\t\t\t<div class=\"elementor-container elementor-column-gap-default\">\n\t\t\t\t\t<div class=\"elementor-column elementor-col-100 elementor-top-column elementor-element elementor-element-16ab173e\" data-id=\"16ab173e\" data-element_type=\"column\">\n\t\t\t<div class=\"elementor-widget-wrap elementor-element-populated\">\n\t\t\t\t\t\t<div class=\"elementor-element elementor-element-319dcacc elementor-widget elementor-widget-spacer\" data-id=\"319dcacc\" data-element_type=\"widget\" data-widget_type=\"spacer.default\">\n\t\t\t\t<div class=\"elementor-widget-container\">\n\t\t\t\t\t\t\t<div class=\"elementor-spacer\">\n\t\t\t<div class=\"elementor-spacer-inner\"><\/div>\n\t\t<\/div>\n\t\t\t\t\t\t<\/div>\n\t\t\t\t<\/div>\n\t\t\t\t<div class=\"elementor-element elementor-element-5b5dc39e elementor-widget elementor-widget-heading\" data-id=\"5b5dc39e\" data-element_type=\"widget\" data-widget_type=\"heading.default\">\n\t\t\t\t<div class=\"elementor-widget-container\">\n\t\t\t\t\t<h2 class=\"elementor-heading-title elementor-size-default\">Kreativ-, Produktions- und Technologiedienstleistungen<\/h2>\t\t\t\t<\/div>\n\t\t\t\t<\/div>\n\t\t\t\t\t<\/div>\n\t\t<\/div>\n\t\t\t\t\t<\/div>\n\t\t<\/section>\n\t\t\t\t<section class=\"elementor-section elementor-inner-section elementor-element elementor-element-17303a82 elementor-section-boxed elementor-section-height-default elementor-section-height-default\" data-id=\"17303a82\" data-element_type=\"section\">\n\t\t\t\t\t\t<div class=\"elementor-container elementor-column-gap-default\">\n\t\t\t\t\t<div class=\"elementor-column elementor-col-33 elementor-inner-column elementor-element elementor-element-13449a94\" data-id=\"13449a94\" data-element_type=\"column\">\n\t\t\t<div class=\"elementor-widget-wrap elementor-element-populated\">\n\t\t\t\t\t\t<div class=\"elementor-element elementor-element-674acca4 elementor-widget elementor-widget-encore-capabilities\" data-id=\"674acca4\" data-element_type=\"widget\" data-widget_type=\"encore-capabilities.default\">\n\t\t\t\t<div class=\"elementor-widget-container\">\n\t\t\t\t\t<div class=\"capability-wrapper\">\n\t<div class=\"entry\" style=\"background-image:url(https:\/\/info.encoreglobal.com\/app\/uploads\/sites\/2\/2021\/10\/Encore-Creative-Production-Image.jpg);\">\n\t\t<div class=\"entry-display orange\">\n\t\t\t<div class=\"title\">Kreation<\/div>\n            <div class=\"clear\"><\/div>\n\t\t\t<div class=\"link\">\n\t\t\t\t<a href=\"https:\/\/www.encore-emea.com\/de\/event-losungen\/kreativleistungen\/\">Mehr erfahren<\/a>\n\t\t\t<\/div>\n\t\t<\/div>\n\t<\/div>\n<\/div>\n\t\t\t\t<\/div>\n\t\t\t\t<\/div>\n\t\t\t\t\t<\/div>\n\t\t<\/div>\n\t\t\t\t<div class=\"elementor-column elementor-col-33 elementor-inner-column elementor-element elementor-element-6c2a4f1b\" data-id=\"6c2a4f1b\" data-element_type=\"column\">\n\t\t\t<div class=\"elementor-widget-wrap elementor-element-populated\">\n\t\t\t\t\t\t<div class=\"elementor-element elementor-element-6a960773 elementor-widget elementor-widget-encore-capabilities\" data-id=\"6a960773\" data-element_type=\"widget\" data-widget_type=\"encore-capabilities.default\">\n\t\t\t\t<div class=\"elementor-widget-container\">\n\t\t\t\t\t<div class=\"capability-wrapper\">\n\t<div class=\"entry\" style=\"background-image:url(https:\/\/info.encoreglobal.com\/app\/uploads\/sites\/2\/2021\/10\/Encore-On-site-Production-Image.jpg);\">\n\t\t<div class=\"entry-display teal\">\n\t\t\t<div class=\"title\">Produktion<\/div>\n            <div class=\"clear\"><\/div>\n\t\t\t<div class=\"link\">\n\t\t\t\t<a href=\"https:\/\/www.encore-emea.com\/de\/produktionen-die-begeistern\/\">Mehr erfahren<\/a>\n\t\t\t<\/div>\n\t\t<\/div>\n\t<\/div>\n<\/div>\n\t\t\t\t<\/div>\n\t\t\t\t<\/div>\n\t\t\t\t\t<\/div>\n\t\t<\/div>\n\t\t\t\t<div class=\"elementor-column elementor-col-33 elementor-inner-column elementor-element elementor-element-2dc58872\" data-id=\"2dc58872\" data-element_type=\"column\">\n\t\t\t<div class=\"elementor-widget-wrap elementor-element-populated\">\n\t\t\t\t\t\t<div class=\"elementor-element elementor-element-31d3a51d elementor-widget elementor-widget-encore-capabilities\" data-id=\"31d3a51d\" data-element_type=\"widget\" data-widget_type=\"encore-capabilities.default\">\n\t\t\t\t<div class=\"elementor-widget-container\">\n\t\t\t\t\t<div class=\"capability-wrapper\">\n\t<div class=\"entry\" style=\"background-image:url(https:\/\/info.encoreglobal.com\/app\/uploads\/sites\/2\/2021\/10\/man-on-screen-within-chime-live-application.png);\">\n\t\t<div class=\"entry-display green\">\n\t\t\t<div class=\"title\">Technologie<\/div>\n            <div class=\"clear\"><\/div>\n\t\t\t<div class=\"link\">\n\t\t\t\t<a href=\"https:\/\/www.encore-emea.com\/de\/technologie-die-verbindet\/\">Mehr erfahren<\/a>\n\t\t\t<\/div>\n\t\t<\/div>\n\t<\/div>\n<\/div>\n\t\t\t\t<\/div>\n\t\t\t\t<\/div>\n\t\t\t\t\t<\/div>\n\t\t<\/div>\n\t\t\t\t\t<\/div>\n\t\t<\/section>\n\t\t\t\t<\/div>\n\t\t","protected":false},"excerpt":{"rendered":"<p>Aus Ideen werden Erlebnisse Mit Leidenschaft fu\u0308r unser Handwerk streben wir nach kreativer Exzellenz. Unsere Teams entwickeln kreative L\u00f6sungen und Ideen, die Ihr Publikum \u00fcberzeugen. Unser Team von Strategen und Designer arbeiten von Anfang an eng mit Ihnen zusammen, um passende L\u00f6sungen zu finden, wie Sie ihre virtuellen, hybriden und In-person Teilnehmer bestm\u00f6glich verbinden und &#8230; <a href=\"https:\/\/info.encore-emea.com\/de\/kreativitaet-die-inspiriert\/\">Weiterlesen<\/a><\/p>\n","protected":false},"author":5628,"featured_media":0,"parent":0,"menu_order":0,"comment_status":"closed","ping_status":"closed","template":"","meta":{"footnotes":""},"tags":[],"class_list":["post-33295","page","type-page","status-publish","hentry"],"yoast_head":"<!-- This site is optimized with the Yoast SEO Premium plugin v25.4 (Yoast SEO v25.4) - https:\/\/yoast.com\/wordpress\/plugins\/seo\/ -->\n<title>Kreativit\u00e4t, die inspiriert - Encore EMEA<\/title>\n<meta name=\"description\" content=\"Mit Leidenschaft fu\u0308r unser Handwerk streben wir nach Kreativit\u00e4t und bieten L\u00f6sungen mit unseren Produktions- und Technologiedienstleistungen\" \/>\n<meta name=\"robots\" content=\"noindex, follow, max-snippet:-1, max-image-preview:large, max-video-preview:-1\" \/>\n<meta property=\"og:locale\" content=\"de_DE\" \/>\n<meta property=\"og:type\" content=\"article\" \/>\n<meta property=\"og:title\" content=\"Kreativit\u00e4t, die inspiriert\" \/>\n<meta property=\"og:description\" content=\"Mit Leidenschaft fu\u0308r unser Handwerk streben wir nach Kreativit\u00e4t und bieten L\u00f6sungen mit unseren Produktions- und Technologiedienstleistungen\" \/>\n<meta property=\"og:url\" content=\"https:\/\/info.encore-emea.com\/de\/kreativitaet-die-inspiriert\/\" \/>\n<meta property=\"og:site_name\" content=\"Encore EMEA\" \/>\n<meta property=\"article:publisher\" content=\"https:\/\/www.facebook.com\/EncoreEMEA\" \/>\n<meta property=\"article:modified_time\" content=\"2022-12-29T10:00:44+00:00\" \/>\n<meta name=\"twitter:card\" content=\"summary_large_image\" \/>\n<meta name=\"twitter:site\" content=\"@EncoreEMEA\" \/>\n<meta name=\"twitter:label1\" content=\"Gesch\u00e4tzte Lesezeit\" \/>\n\t<meta name=\"twitter:data1\" content=\"1 Minute\" \/>\n<script type=\"application\/ld+json\" class=\"yoast-schema-graph\">{\"@context\":\"https:\/\/schema.org\",\"@graph\":[{\"@type\":\"WebPage\",\"@id\":\"https:\/\/info.encore-emea.com\/de\/kreativitaet-die-inspiriert\/\",\"url\":\"https:\/\/info.encore-emea.com\/de\/kreativitaet-die-inspiriert\/\",\"name\":\"Kreativit\u00e4t, die inspiriert - Encore EMEA\",\"isPartOf\":{\"@id\":\"https:\/\/info.encore-emea.com\/#website\"},\"datePublished\":\"2021-11-05T16:15:43+00:00\",\"dateModified\":\"2022-12-29T10:00:44+00:00\",\"description\":\"Mit Leidenschaft fu\u0308r unser Handwerk streben wir nach Kreativit\u00e4t und bieten L\u00f6sungen mit unseren Produktions- und Technologiedienstleistungen\",\"breadcrumb\":{\"@id\":\"https:\/\/info.encore-emea.com\/de\/kreativitaet-die-inspiriert\/#breadcrumb\"},\"inLanguage\":\"de-DE\",\"potentialAction\":[{\"@type\":\"ReadAction\",\"target\":[\"https:\/\/info.encore-emea.com\/de\/kreativitaet-die-inspiriert\/\"]}]},{\"@type\":\"BreadcrumbList\",\"@id\":\"https:\/\/info.encore-emea.com\/de\/kreativitaet-die-inspiriert\/#breadcrumb\",\"itemListElement\":[{\"@type\":\"ListItem\",\"position\":1,\"name\":\"Home\",\"item\":\"https:\/\/info.encore-emea.com\/de\/\"},{\"@type\":\"ListItem\",\"position\":2,\"name\":\"Kreativit\u00e4t, die inspiriert\"}]},{\"@type\":\"WebSite\",\"@id\":\"https:\/\/info.encore-emea.com\/#website\",\"url\":\"https:\/\/info.encore-emea.com\/\",\"name\":\"Encore EMEA\",\"description\":\"Events That Transform\",\"publisher\":{\"@id\":\"https:\/\/info.encore-emea.com\/#organization\"},\"potentialAction\":[{\"@type\":\"SearchAction\",\"target\":{\"@type\":\"EntryPoint\",\"urlTemplate\":\"https:\/\/info.encore-emea.com\/?s={search_term_string}\"},\"query-input\":{\"@type\":\"PropertyValueSpecification\",\"valueRequired\":true,\"valueName\":\"search_term_string\"}}],\"inLanguage\":\"de-DE\"},{\"@type\":\"Organization\",\"@id\":\"https:\/\/info.encore-emea.com\/#organization\",\"name\":\"ENCORE EMEA\",\"url\":\"https:\/\/info.encore-emea.com\/\",\"logo\":{\"@type\":\"ImageObject\",\"inLanguage\":\"de-DE\",\"@id\":\"https:\/\/info.encore-emea.com\/#\/schema\/logo\/image\/\",\"url\":\"https:\/\/cdn.encoreglobal.com\/wp-content\/uploads\/sites\/2\/2021\/01\/13170758\/encore_logo_RGB.png\",\"contentUrl\":\"https:\/\/cdn.encoreglobal.com\/wp-content\/uploads\/sites\/2\/2021\/01\/13170758\/encore_logo_RGB.png\",\"width\":6797,\"height\":1934,\"caption\":\"ENCORE EMEA\"},\"image\":{\"@id\":\"https:\/\/info.encore-emea.com\/#\/schema\/logo\/image\/\"},\"sameAs\":[\"https:\/\/www.facebook.com\/EncoreEMEA\",\"https:\/\/x.com\/EncoreEMEA\",\"https:\/\/www.instagram.com\/encoreemea\/\",\"https:\/\/www.linkedin.com\/company\/encoreuk\/\"]}]}<\/script>\n<!-- \/ Yoast SEO Premium plugin. -->","yoast_head_json":{"title":"Kreativit\u00e4t, die inspiriert - Encore EMEA","description":"Mit Leidenschaft fu\u0308r unser Handwerk streben wir nach Kreativit\u00e4t und bieten L\u00f6sungen mit unseren Produktions- und Technologiedienstleistungen","robots":{"index":"noindex","follow":"follow","max-snippet":"max-snippet:-1","max-image-preview":"max-image-preview:large","max-video-preview":"max-video-preview:-1"},"og_locale":"de_DE","og_type":"article","og_title":"Kreativit\u00e4t, die inspiriert","og_description":"Mit Leidenschaft fu\u0308r unser Handwerk streben wir nach Kreativit\u00e4t und bieten L\u00f6sungen mit unseren Produktions- und Technologiedienstleistungen","og_url":"https:\/\/info.encore-emea.com\/de\/kreativitaet-die-inspiriert\/","og_site_name":"Encore EMEA","article_publisher":"https:\/\/www.facebook.com\/EncoreEMEA","article_modified_time":"2022-12-29T10:00:44+00:00","twitter_card":"summary_large_image","twitter_site":"@EncoreEMEA","twitter_misc":{"Gesch\u00e4tzte Lesezeit":"1 Minute"},"schema":{"@context":"https:\/\/schema.org","@graph":[{"@type":"WebPage","@id":"https:\/\/info.encore-emea.com\/de\/kreativitaet-die-inspiriert\/","url":"https:\/\/info.encore-emea.com\/de\/kreativitaet-die-inspiriert\/","name":"Kreativit\u00e4t, die inspiriert - Encore EMEA","isPartOf":{"@id":"https:\/\/info.encore-emea.com\/#website"},"datePublished":"2021-11-05T16:15:43+00:00","dateModified":"2022-12-29T10:00:44+00:00","description":"Mit Leidenschaft fu\u0308r unser Handwerk streben wir nach Kreativit\u00e4t und bieten L\u00f6sungen mit unseren Produktions- und Technologiedienstleistungen","breadcrumb":{"@id":"https:\/\/info.encore-emea.com\/de\/kreativitaet-die-inspiriert\/#breadcrumb"},"inLanguage":"de-DE","potentialAction":[{"@type":"ReadAction","target":["https:\/\/info.encore-emea.com\/de\/kreativitaet-die-inspiriert\/"]}]},{"@type":"BreadcrumbList","@id":"https:\/\/info.encore-emea.com\/de\/kreativitaet-die-inspiriert\/#breadcrumb","itemListElement":[{"@type":"ListItem","position":1,"name":"Home","item":"https:\/\/info.encore-emea.com\/de\/"},{"@type":"ListItem","position":2,"name":"Kreativit\u00e4t, die inspiriert"}]},{"@type":"WebSite","@id":"https:\/\/info.encore-emea.com\/#website","url":"https:\/\/info.encore-emea.com\/","name":"Encore EMEA","description":"Events That Transform","publisher":{"@id":"https:\/\/info.encore-emea.com\/#organization"},"potentialAction":[{"@type":"SearchAction","target":{"@type":"EntryPoint","urlTemplate":"https:\/\/info.encore-emea.com\/?s={search_term_string}"},"query-input":{"@type":"PropertyValueSpecification","valueRequired":true,"valueName":"search_term_string"}}],"inLanguage":"de-DE"},{"@type":"Organization","@id":"https:\/\/info.encore-emea.com\/#organization","name":"ENCORE EMEA","url":"https:\/\/info.encore-emea.com\/","logo":{"@type":"ImageObject","inLanguage":"de-DE","@id":"https:\/\/info.encore-emea.com\/#\/schema\/logo\/image\/","url":"https:\/\/cdn.encoreglobal.com\/wp-content\/uploads\/sites\/2\/2021\/01\/13170758\/encore_logo_RGB.png","contentUrl":"https:\/\/cdn.encoreglobal.com\/wp-content\/uploads\/sites\/2\/2021\/01\/13170758\/encore_logo_RGB.png","width":6797,"height":1934,"caption":"ENCORE EMEA"},"image":{"@id":"https:\/\/info.encore-emea.com\/#\/schema\/logo\/image\/"},"sameAs":["https:\/\/www.facebook.com\/EncoreEMEA","https:\/\/x.com\/EncoreEMEA","https:\/\/www.instagram.com\/encoreemea\/","https:\/\/www.linkedin.com\/company\/encoreuk\/"]}]}},"_links":{"self":[{"href":"https:\/\/info.encore-emea.com\/de\/wp-json\/wp\/v2\/pages\/33295","targetHints":{"allow":["GET"]}}],"collection":[{"href":"https:\/\/info.encore-emea.com\/de\/wp-json\/wp\/v2\/pages"}],"about":[{"href":"https:\/\/info.encore-emea.com\/de\/wp-json\/wp\/v2\/types\/page"}],"author":[{"embeddable":true,"href":"https:\/\/info.encore-emea.com\/de\/wp-json\/wp\/v2\/users\/5628"}],"replies":[{"embeddable":true,"href":"https:\/\/info.encore-emea.com\/de\/wp-json\/wp\/v2\/comments?post=33295"}],"version-history":[{"count":0,"href":"https:\/\/info.encore-emea.com\/de\/wp-json\/wp\/v2\/pages\/33295\/revisions"}],"wp:attachment":[{"href":"https:\/\/info.encore-emea.com\/de\/wp-json\/wp\/v2\/media?parent=33295"}],"wp:term":[{"taxonomy":"post_tag","embeddable":true,"href":"https:\/\/info.encore-emea.com\/de\/wp-json\/wp\/v2\/tags?post=33295"}],"curies":[{"name":"wp","href":"https:\/\/api.w.org\/{rel}","templated":true}]}}