{"id":33315,"date":"2021-11-08T15:30:12","date_gmt":"2021-11-08T15:30:12","guid":{"rendered":"https:\/\/www.encore-emea.com\/?page_id=33315"},"modified":"2023-01-11T08:45:50","modified_gmt":"2023-01-11T08:45:50","slug":"produktionen-die-begeistern","status":"publish","type":"page","link":"https:\/\/info.encore-emea.com\/de\/produktionen-die-begeistern\/","title":{"rendered":"Produktionen, die begeistern"},"content":{"rendered":"\t\t<div data-elementor-type=\"wp-page\" data-elementor-id=\"33315\" class=\"elementor elementor-33315 elementor-32917\" data-elementor-post-type=\"page\">\n\t\t\t\t\t\t<section class=\"elementor-section elementor-top-section elementor-element elementor-element-2feecf8d elementor-section-boxed elementor-section-height-default elementor-section-height-default\" data-id=\"2feecf8d\" data-element_type=\"section\">\n\t\t\t\t\t\t<div class=\"elementor-container elementor-column-gap-default\">\n\t\t\t\t\t<div class=\"elementor-column elementor-col-100 elementor-top-column elementor-element elementor-element-7c56984\" data-id=\"7c56984\" data-element_type=\"column\">\n\t\t\t<div class=\"elementor-widget-wrap elementor-element-populated\">\n\t\t\t\t\t\t<div class=\"elementor-element elementor-element-71ba6552 elementor-widget elementor-widget-heading\" data-id=\"71ba6552\" data-element_type=\"widget\" data-widget_type=\"heading.default\">\n\t\t\t\t<div class=\"elementor-widget-container\">\n\t\t\t\t\t<h2 class=\"elementor-heading-title elementor-size-default\">B\u00fchne frei f\u00fcr einzigartige Erlebnisse<\/h2>\t\t\t\t<\/div>\n\t\t\t\t<\/div>\n\t\t\t\t\t<\/div>\n\t\t<\/div>\n\t\t\t\t\t<\/div>\n\t\t<\/section>\n\t\t\t\t<section class=\"elementor-section elementor-top-section elementor-element elementor-element-460b307c elementor-section-stretched elementor-section-boxed elementor-section-height-default elementor-section-height-default\" data-id=\"460b307c\" data-element_type=\"section\" data-settings=\"{&quot;stretch_section&quot;:&quot;section-stretched&quot;}\">\n\t\t\t\t\t\t<div class=\"elementor-container elementor-column-gap-default\">\n\t\t\t\t\t<div class=\"elementor-column elementor-col-100 elementor-top-column elementor-element elementor-element-19439c05\" data-id=\"19439c05\" data-element_type=\"column\">\n\t\t\t<div class=\"elementor-widget-wrap elementor-element-populated\">\n\t\t\t\t\t\t<div class=\"elementor-element elementor-element-711bc199 elementor-widget elementor-widget-text-editor\" data-id=\"711bc199\" data-element_type=\"widget\" data-widget_type=\"text-editor.default\">\n\t\t\t\t<div class=\"elementor-widget-container\">\n\t\t\t\t\t\t\t\t\t<p style=\"text-align: center;\">Als Marktf\u00fchrer in der Eventproduktion gibt es nichts, was wir noch nicht gesehen haben und kaum eine Idee ist au\u00dfer Reichweite. Unsere Produktionsteams sind die Besten der Branche, wenn es darum geht, Ideen auf einem wei\u00dfen Blatt Papier in ein einzigartiges Eventerlebnis zu verwandeln. Denken Sie gr\u00f6\u00dfer und gewagter als jemals zuvor. Wir schaffen die Voraussetzungen, um Sie ans Ziel zu bringen.<\/p><p style=\"text-align: center;\">Ganz gleich, ob virtuell, hybrid oder live vor Ort \u2013 unsere Aufgabe ist es, Events zu entwickeln, die Ihr Publikum auf neue und kreative Weise verbindet und inspiriert.<\/p><p style=\"text-align: center;\">\u00a0<\/p>\t\t\t\t\t\t\t\t<\/div>\n\t\t\t\t<\/div>\n\t\t\t\t\t<\/div>\n\t\t<\/div>\n\t\t\t\t\t<\/div>\n\t\t<\/section>\n\t\t\t\t<section class=\"elementor-section elementor-top-section elementor-element elementor-element-1b4629ca elementor-section-stretched elementor-section-boxed elementor-section-height-default elementor-section-height-default\" data-id=\"1b4629ca\" data-element_type=\"section\" data-settings=\"{&quot;background_background&quot;:&quot;classic&quot;,&quot;stretch_section&quot;:&quot;section-stretched&quot;}\">\n\t\t\t\t\t\t<div class=\"elementor-container elementor-column-gap-default\">\n\t\t\t\t\t<div class=\"elementor-column elementor-col-100 elementor-top-column elementor-element elementor-element-6ab6a6c\" data-id=\"6ab6a6c\" data-element_type=\"column\">\n\t\t\t<div class=\"elementor-widget-wrap elementor-element-populated\">\n\t\t\t\t\t\t<div class=\"elementor-element elementor-element-6f0c58cf elementor-widget elementor-widget-heading\" data-id=\"6f0c58cf\" data-element_type=\"widget\" data-widget_type=\"heading.default\">\n\t\t\t\t<div class=\"elementor-widget-container\">\n\t\t\t\t\t<h2 class=\"elementor-heading-title elementor-size-default\">Produktionsdienstleistungen<\/h2>\t\t\t\t<\/div>\n\t\t\t\t<\/div>\n\t\t\t\t\t<\/div>\n\t\t<\/div>\n\t\t\t\t\t<\/div>\n\t\t<\/section>\n\t\t\t\t<section class=\"elementor-section elementor-top-section elementor-element elementor-element-3f4898aa elementor-section-stretched elementor-section-boxed elementor-section-height-default elementor-section-height-default\" data-id=\"3f4898aa\" data-element_type=\"section\" data-settings=\"{&quot;background_background&quot;:&quot;classic&quot;,&quot;stretch_section&quot;:&quot;section-stretched&quot;}\">\n\t\t\t\t\t\t<div class=\"elementor-container elementor-column-gap-default\">\n\t\t\t\t\t<div class=\"elementor-column elementor-col-25 elementor-top-column elementor-element elementor-element-5d125b8a\" data-id=\"5d125b8a\" data-element_type=\"column\" data-settings=\"{&quot;background_background&quot;:&quot;classic&quot;}\">\n\t\t\t<div class=\"elementor-widget-wrap elementor-element-populated\">\n\t\t\t\t\t\t<div class=\"elementor-element elementor-element-11d03c55 elementor-widget elementor-widget-heading\" data-id=\"11d03c55\" data-element_type=\"widget\" data-widget_type=\"heading.default\">\n\t\t\t\t<div class=\"elementor-widget-container\">\n\t\t\t\t\t<h5 class=\"elementor-heading-title elementor-size-default\">Staging Services<\/h5>\t\t\t\t<\/div>\n\t\t\t\t<\/div>\n\t\t\t\t<div class=\"elementor-element elementor-element-74c8ef2e elementor-widget elementor-widget-text-editor\" data-id=\"74c8ef2e\" data-element_type=\"widget\" data-widget_type=\"text-editor.default\">\n\t\t\t\t<div class=\"elementor-widget-container\">\n\t\t\t\t\t\t\t\t\t<ul style=\"color: #ffffff;\"><li>Staging &amp; Produktions-Design<\/li><\/ul><p>\u00a0<\/p><ul style=\"color: #ffffff;\"><li>Konzert-Produktion &amp; Touring<\/li><\/ul><p>\u00a0<\/p><ul style=\"color: #ffffff;\"><li>Technischer Theater-Support<\/li><\/ul><p>\u00a0<\/p><ul style=\"color: #ffffff;\"><li>Pop-Up &amp; Broadcast Studios<\/li><\/ul><p>\u00a0<\/p><ul style=\"color: #ffffff;\"><li>Projection Mapping<\/li><\/ul><p>\u00a0<\/p>\t\t\t\t\t\t\t\t<\/div>\n\t\t\t\t<\/div>\n\t\t\t\t\t<\/div>\n\t\t<\/div>\n\t\t\t\t<div class=\"elementor-column elementor-col-25 elementor-top-column elementor-element elementor-element-6a554090\" data-id=\"6a554090\" data-element_type=\"column\" data-settings=\"{&quot;background_background&quot;:&quot;classic&quot;}\">\n\t\t\t<div class=\"elementor-widget-wrap elementor-element-populated\">\n\t\t\t\t\t\t<div class=\"elementor-element elementor-element-2dad0573 elementor-widget elementor-widget-heading\" data-id=\"2dad0573\" data-element_type=\"widget\" data-widget_type=\"heading.default\">\n\t\t\t\t<div class=\"elementor-widget-container\">\n\t\t\t\t\t<h5 class=\"elementor-heading-title elementor-size-default\">Kulissen und Dekor<\/h5>\t\t\t\t<\/div>\n\t\t\t\t<\/div>\n\t\t\t\t<div class=\"elementor-element elementor-element-550d9da7 elementor-widget elementor-widget-text-editor\" data-id=\"550d9da7\" data-element_type=\"widget\" data-widget_type=\"text-editor.default\">\n\t\t\t\t<div class=\"elementor-widget-container\">\n\t\t\t\t\t\t\t\t\t<ul style=\"color: #ffffff;\"><li>LED-W\u00e4nde<\/li><\/ul><p>\u00a0<\/p><ul style=\"color: #ffffff;\"><li>Modular Set<\/li><\/ul><p>\u00a0<\/p><ul style=\"color: #ffffff;\"><li>Kacheln &amp; Paneele<\/li><\/ul><p>\u00a0<\/p><ul style=\"color: #ffffff;\"><li>Spezielle M\u00f6bel (Ma\u00dfanfertigungen)<\/li><\/ul><p>\u00a0<\/p><ul style=\"color: #ffffff;\"><li>Huddle-R\u00e4ume<\/li><\/ul><p>\u00a0<\/p>\t\t\t\t\t\t\t\t<\/div>\n\t\t\t\t<\/div>\n\t\t\t\t\t<\/div>\n\t\t<\/div>\n\t\t\t\t<div class=\"elementor-column elementor-col-25 elementor-top-column elementor-element elementor-element-723815ad\" data-id=\"723815ad\" data-element_type=\"column\" data-settings=\"{&quot;background_background&quot;:&quot;classic&quot;}\">\n\t\t\t<div class=\"elementor-widget-wrap elementor-element-populated\">\n\t\t\t\t\t\t<div class=\"elementor-element elementor-element-26cb098b elementor-widget elementor-widget-heading\" data-id=\"26cb098b\" data-element_type=\"widget\" data-widget_type=\"heading.default\">\n\t\t\t\t<div class=\"elementor-widget-container\">\n\t\t\t\t\t<h5 class=\"elementor-heading-title elementor-size-default\">Show Management<\/h5>\t\t\t\t<\/div>\n\t\t\t\t<\/div>\n\t\t\t\t<div class=\"elementor-element elementor-element-29cf488b elementor-widget elementor-widget-text-editor\" data-id=\"29cf488b\" data-element_type=\"widget\" data-widget_type=\"text-editor.default\">\n\t\t\t\t<div class=\"elementor-widget-container\">\n\t\t\t\t\t\t\t\t\t<ul style=\"color: #ffffff;\"><li>Show-Produktion<\/li><\/ul><p>\u00a0<\/p><ul style=\"color: #ffffff;\"><li>B\u00fchnen-Management<\/li><\/ul><p>\u00a0<\/p><ul style=\"color: #ffffff;\"><li>K\u00fcnstler-Management<\/li><\/ul><p>\u00a0<\/p>\t\t\t\t\t\t\t\t<\/div>\n\t\t\t\t<\/div>\n\t\t\t\t\t<\/div>\n\t\t<\/div>\n\t\t\t\t<div class=\"elementor-column elementor-col-25 elementor-top-column elementor-element elementor-element-30368fcc\" data-id=\"30368fcc\" data-element_type=\"column\" data-settings=\"{&quot;background_background&quot;:&quot;classic&quot;}\">\n\t\t\t<div class=\"elementor-widget-wrap elementor-element-populated\">\n\t\t\t\t\t\t<div class=\"elementor-element elementor-element-2a3c5aec elementor-widget elementor-widget-heading\" data-id=\"2a3c5aec\" data-element_type=\"widget\" data-widget_type=\"heading.default\">\n\t\t\t\t<div class=\"elementor-widget-container\">\n\t\t\t\t\t<h5 class=\"elementor-heading-title elementor-size-default\">Messe-\/Ausstellungs-Services<\/h5>\t\t\t\t<\/div>\n\t\t\t\t<\/div>\n\t\t\t\t<div class=\"elementor-element elementor-element-3db6ac4b elementor-widget elementor-widget-text-editor\" data-id=\"3db6ac4b\" data-element_type=\"widget\" data-widget_type=\"text-editor.default\">\n\t\t\t\t<div class=\"elementor-widget-container\">\n\t\t\t\t\t\t\t\t\t<ul style=\"color: #ffffff;\"><li>Ausstellungsdesign &amp; Messe-Produktion<\/li><\/ul><p>\u00a0<\/p>\t\t\t\t\t\t\t\t<\/div>\n\t\t\t\t<\/div>\n\t\t\t\t\t<\/div>\n\t\t<\/div>\n\t\t\t\t\t<\/div>\n\t\t<\/section>\n\t\t\t\t<section class=\"elementor-section elementor-top-section elementor-element elementor-element-4694c991 elementor-section-boxed elementor-section-height-default elementor-section-height-default\" data-id=\"4694c991\" data-element_type=\"section\" data-settings=\"{&quot;background_background&quot;:&quot;classic&quot;}\">\n\t\t\t\t\t\t<div class=\"elementor-container elementor-column-gap-default\">\n\t\t\t\t\t<div class=\"elementor-column elementor-col-100 elementor-top-column elementor-element elementor-element-4a085012\" data-id=\"4a085012\" data-element_type=\"column\">\n\t\t\t<div class=\"elementor-widget-wrap elementor-element-populated\">\n\t\t\t\t\t\t<div class=\"elementor-element elementor-element-7d638c50 elementor-widget elementor-widget-spacer\" data-id=\"7d638c50\" data-element_type=\"widget\" data-widget_type=\"spacer.default\">\n\t\t\t\t<div class=\"elementor-widget-container\">\n\t\t\t\t\t\t\t<div class=\"elementor-spacer\">\n\t\t\t<div class=\"elementor-spacer-inner\"><\/div>\n\t\t<\/div>\n\t\t\t\t\t\t<\/div>\n\t\t\t\t<\/div>\n\t\t\t\t<div class=\"elementor-element elementor-element-5bbb295c elementor-widget elementor-widget-heading\" data-id=\"5bbb295c\" data-element_type=\"widget\" data-widget_type=\"heading.default\">\n\t\t\t\t<div class=\"elementor-widget-container\">\n\t\t\t\t\t<h2 class=\"elementor-heading-title elementor-size-default\">Kreativ-, Produktions- und Technologiedienstleistungen<\/h2>\t\t\t\t<\/div>\n\t\t\t\t<\/div>\n\t\t\t\t\t<\/div>\n\t\t<\/div>\n\t\t\t\t\t<\/div>\n\t\t<\/section>\n\t\t\t\t<section class=\"elementor-section elementor-inner-section elementor-element elementor-element-49c4cd5f elementor-section-boxed elementor-section-height-default elementor-section-height-default\" data-id=\"49c4cd5f\" data-element_type=\"section\">\n\t\t\t\t\t\t<div class=\"elementor-container elementor-column-gap-default\">\n\t\t\t\t\t<div class=\"elementor-column elementor-col-33 elementor-inner-column elementor-element elementor-element-46a76d0\" data-id=\"46a76d0\" data-element_type=\"column\">\n\t\t\t<div class=\"elementor-widget-wrap elementor-element-populated\">\n\t\t\t\t\t\t<div class=\"elementor-element elementor-element-7c3d04dd elementor-widget elementor-widget-encore-capabilities\" data-id=\"7c3d04dd\" data-element_type=\"widget\" data-widget_type=\"encore-capabilities.default\">\n\t\t\t\t<div class=\"elementor-widget-container\">\n\t\t\t\t\t<div class=\"capability-wrapper\">\n\t<div class=\"entry\" style=\"background-image:url(https:\/\/info.encoreglobal.com\/app\/uploads\/sites\/2\/2021\/10\/Encore-Creative-Production-Image.jpg);\">\n\t\t<div class=\"entry-display orange\">\n\t\t\t<div class=\"title\">Kreation<\/div>\n            <div class=\"clear\"><\/div>\n\t\t\t<div class=\"link\">\n\t\t\t\t<a href=\"https:\/\/www.encore-emea.com\/de\/kreativitaet-die-inspiriert\/\">Mehr erfahren<\/a>\n\t\t\t<\/div>\n\t\t<\/div>\n\t<\/div>\n<\/div>\n\t\t\t\t<\/div>\n\t\t\t\t<\/div>\n\t\t\t\t\t<\/div>\n\t\t<\/div>\n\t\t\t\t<div class=\"elementor-column elementor-col-33 elementor-inner-column elementor-element elementor-element-10f7a109\" data-id=\"10f7a109\" data-element_type=\"column\">\n\t\t\t<div class=\"elementor-widget-wrap elementor-element-populated\">\n\t\t\t\t\t\t<div class=\"elementor-element elementor-element-29691d21 elementor-widget elementor-widget-encore-capabilities\" data-id=\"29691d21\" data-element_type=\"widget\" data-widget_type=\"encore-capabilities.default\">\n\t\t\t\t<div class=\"elementor-widget-container\">\n\t\t\t\t\t<div class=\"capability-wrapper\">\n\t<div class=\"entry\" style=\"background-image:url(https:\/\/info.encoreglobal.com\/app\/uploads\/sites\/2\/2021\/10\/Encore-On-site-Production-Image.jpg);\">\n\t\t<div class=\"entry-display teal\">\n\t\t\t<div class=\"title\">Produktion<\/div>\n            <div class=\"clear\"><\/div>\n\t\t\t<div class=\"link\">\n\t\t\t\t<a href=\"https:\/\/www.encore-emea.com\/de\/event-losungen\/event-produktion\/\">Mehr erfahren<\/a>\n\t\t\t<\/div>\n\t\t<\/div>\n\t<\/div>\n<\/div>\n\t\t\t\t<\/div>\n\t\t\t\t<\/div>\n\t\t\t\t\t<\/div>\n\t\t<\/div>\n\t\t\t\t<div class=\"elementor-column elementor-col-33 elementor-inner-column elementor-element elementor-element-561e08b0\" data-id=\"561e08b0\" data-element_type=\"column\">\n\t\t\t<div class=\"elementor-widget-wrap elementor-element-populated\">\n\t\t\t\t\t\t<div class=\"elementor-element elementor-element-27062345 elementor-widget elementor-widget-encore-capabilities\" data-id=\"27062345\" data-element_type=\"widget\" data-widget_type=\"encore-capabilities.default\">\n\t\t\t\t<div class=\"elementor-widget-container\">\n\t\t\t\t\t<div class=\"capability-wrapper\">\n\t<div class=\"entry\" style=\"background-image:url(https:\/\/info.encoreglobal.com\/app\/uploads\/sites\/2\/2021\/10\/man-on-screen-within-chime-live-application.png);\">\n\t\t<div class=\"entry-display green\">\n\t\t\t<div class=\"title\">Technologie<\/div>\n            <div class=\"clear\"><\/div>\n\t\t\t<div class=\"link\">\n\t\t\t\t<a href=\"https:\/\/www.encore-emea.com\/de\/technologie-die-verbindet\/\">Mehr erfahren<\/a>\n\t\t\t<\/div>\n\t\t<\/div>\n\t<\/div>\n<\/div>\n\t\t\t\t<\/div>\n\t\t\t\t<\/div>\n\t\t\t\t\t<\/div>\n\t\t<\/div>\n\t\t\t\t\t<\/div>\n\t\t<\/section>\n\t\t\t\t<\/div>\n\t\t","protected":false},"excerpt":{"rendered":"<p>B\u00fchne frei f\u00fcr einzigartige Erlebnisse Als Marktf\u00fchrer in der Eventproduktion gibt es nichts, was wir noch nicht gesehen haben und kaum eine Idee ist au\u00dfer Reichweite. Unsere Produktionsteams sind die Besten der Branche, wenn es darum geht, Ideen auf einem wei\u00dfen Blatt Papier in ein einzigartiges Eventerlebnis zu verwandeln. Denken Sie gr\u00f6\u00dfer und gewagter als &#8230; <a href=\"https:\/\/info.encore-emea.com\/de\/produktionen-die-begeistern\/\">Weiterlesen<\/a><\/p>\n","protected":false},"author":5628,"featured_media":0,"parent":0,"menu_order":0,"comment_status":"closed","ping_status":"closed","template":"","meta":{"footnotes":""},"tags":[],"class_list":["post-33315","page","type-page","status-publish","hentry"],"yoast_head":"<!-- This site is optimized with the Yoast SEO Premium plugin v25.4 (Yoast SEO v25.4) - https:\/\/yoast.com\/wordpress\/plugins\/seo\/ -->\n<title>Produktionen, die begeistern - Encore EMEA<\/title>\n<meta name=\"description\" content=\"Ganz gleich, ob virtuell, hybrid oder live vor Ort \u2013 unsere Aufgabe ist es, Events zu entwickeln, die Ihr Publikum auf neue Weise begeistert.\" \/>\n<meta name=\"robots\" content=\"noindex, follow, max-snippet:-1, max-image-preview:large, max-video-preview:-1\" \/>\n<meta property=\"og:locale\" content=\"de_DE\" \/>\n<meta property=\"og:type\" content=\"article\" \/>\n<meta property=\"og:title\" content=\"Produktionen, die begeistern\" \/>\n<meta property=\"og:description\" content=\"Ganz gleich, ob virtuell, hybrid oder live vor Ort \u2013 unsere Aufgabe ist es, Events zu entwickeln, die Ihr Publikum auf neue Weise begeistert.\" \/>\n<meta property=\"og:url\" content=\"https:\/\/info.encore-emea.com\/de\/produktionen-die-begeistern\/\" \/>\n<meta property=\"og:site_name\" content=\"Encore EMEA\" \/>\n<meta property=\"article:publisher\" content=\"https:\/\/www.facebook.com\/EncoreEMEA\" \/>\n<meta property=\"article:modified_time\" content=\"2023-01-11T08:45:50+00:00\" \/>\n<meta name=\"twitter:card\" content=\"summary_large_image\" \/>\n<meta name=\"twitter:site\" content=\"@EncoreEMEA\" \/>\n<meta name=\"twitter:label1\" content=\"Gesch\u00e4tzte Lesezeit\" \/>\n\t<meta name=\"twitter:data1\" content=\"1 Minute\" \/>\n<script type=\"application\/ld+json\" class=\"yoast-schema-graph\">{\"@context\":\"https:\/\/schema.org\",\"@graph\":[{\"@type\":\"WebPage\",\"@id\":\"https:\/\/info.encore-emea.com\/de\/produktionen-die-begeistern\/\",\"url\":\"https:\/\/info.encore-emea.com\/de\/produktionen-die-begeistern\/\",\"name\":\"Produktionen, die begeistern - Encore EMEA\",\"isPartOf\":{\"@id\":\"https:\/\/info.encore-emea.com\/#website\"},\"datePublished\":\"2021-11-08T15:30:12+00:00\",\"dateModified\":\"2023-01-11T08:45:50+00:00\",\"description\":\"Ganz gleich, ob virtuell, hybrid oder live vor Ort \u2013 unsere Aufgabe ist es, Events zu entwickeln, die Ihr Publikum auf neue Weise begeistert.\",\"breadcrumb\":{\"@id\":\"https:\/\/info.encore-emea.com\/de\/produktionen-die-begeistern\/#breadcrumb\"},\"inLanguage\":\"de-DE\",\"potentialAction\":[{\"@type\":\"ReadAction\",\"target\":[\"https:\/\/info.encore-emea.com\/de\/produktionen-die-begeistern\/\"]}]},{\"@type\":\"BreadcrumbList\",\"@id\":\"https:\/\/info.encore-emea.com\/de\/produktionen-die-begeistern\/#breadcrumb\",\"itemListElement\":[{\"@type\":\"ListItem\",\"position\":1,\"name\":\"Home\",\"item\":\"https:\/\/info.encore-emea.com\/de\/\"},{\"@type\":\"ListItem\",\"position\":2,\"name\":\"Produktionen, die begeistern\"}]},{\"@type\":\"WebSite\",\"@id\":\"https:\/\/info.encore-emea.com\/#website\",\"url\":\"https:\/\/info.encore-emea.com\/\",\"name\":\"Encore EMEA\",\"description\":\"Events That Transform\",\"publisher\":{\"@id\":\"https:\/\/info.encore-emea.com\/#organization\"},\"potentialAction\":[{\"@type\":\"SearchAction\",\"target\":{\"@type\":\"EntryPoint\",\"urlTemplate\":\"https:\/\/info.encore-emea.com\/?s={search_term_string}\"},\"query-input\":{\"@type\":\"PropertyValueSpecification\",\"valueRequired\":true,\"valueName\":\"search_term_string\"}}],\"inLanguage\":\"de-DE\"},{\"@type\":\"Organization\",\"@id\":\"https:\/\/info.encore-emea.com\/#organization\",\"name\":\"ENCORE EMEA\",\"url\":\"https:\/\/info.encore-emea.com\/\",\"logo\":{\"@type\":\"ImageObject\",\"inLanguage\":\"de-DE\",\"@id\":\"https:\/\/info.encore-emea.com\/#\/schema\/logo\/image\/\",\"url\":\"https:\/\/cdn.encoreglobal.com\/wp-content\/uploads\/sites\/2\/2021\/01\/13170758\/encore_logo_RGB.png\",\"contentUrl\":\"https:\/\/cdn.encoreglobal.com\/wp-content\/uploads\/sites\/2\/2021\/01\/13170758\/encore_logo_RGB.png\",\"width\":6797,\"height\":1934,\"caption\":\"ENCORE EMEA\"},\"image\":{\"@id\":\"https:\/\/info.encore-emea.com\/#\/schema\/logo\/image\/\"},\"sameAs\":[\"https:\/\/www.facebook.com\/EncoreEMEA\",\"https:\/\/x.com\/EncoreEMEA\",\"https:\/\/www.instagram.com\/encoreemea\/\",\"https:\/\/www.linkedin.com\/company\/encoreuk\/\"]}]}<\/script>\n<!-- \/ Yoast SEO Premium plugin. -->","yoast_head_json":{"title":"Produktionen, die begeistern - Encore EMEA","description":"Ganz gleich, ob virtuell, hybrid oder live vor Ort \u2013 unsere Aufgabe ist es, Events zu entwickeln, die Ihr Publikum auf neue Weise begeistert.","robots":{"index":"noindex","follow":"follow","max-snippet":"max-snippet:-1","max-image-preview":"max-image-preview:large","max-video-preview":"max-video-preview:-1"},"og_locale":"de_DE","og_type":"article","og_title":"Produktionen, die begeistern","og_description":"Ganz gleich, ob virtuell, hybrid oder live vor Ort \u2013 unsere Aufgabe ist es, Events zu entwickeln, die Ihr Publikum auf neue Weise begeistert.","og_url":"https:\/\/info.encore-emea.com\/de\/produktionen-die-begeistern\/","og_site_name":"Encore EMEA","article_publisher":"https:\/\/www.facebook.com\/EncoreEMEA","article_modified_time":"2023-01-11T08:45:50+00:00","twitter_card":"summary_large_image","twitter_site":"@EncoreEMEA","twitter_misc":{"Gesch\u00e4tzte Lesezeit":"1 Minute"},"schema":{"@context":"https:\/\/schema.org","@graph":[{"@type":"WebPage","@id":"https:\/\/info.encore-emea.com\/de\/produktionen-die-begeistern\/","url":"https:\/\/info.encore-emea.com\/de\/produktionen-die-begeistern\/","name":"Produktionen, die begeistern - Encore EMEA","isPartOf":{"@id":"https:\/\/info.encore-emea.com\/#website"},"datePublished":"2021-11-08T15:30:12+00:00","dateModified":"2023-01-11T08:45:50+00:00","description":"Ganz gleich, ob virtuell, hybrid oder live vor Ort \u2013 unsere Aufgabe ist es, Events zu entwickeln, die Ihr Publikum auf neue Weise begeistert.","breadcrumb":{"@id":"https:\/\/info.encore-emea.com\/de\/produktionen-die-begeistern\/#breadcrumb"},"inLanguage":"de-DE","potentialAction":[{"@type":"ReadAction","target":["https:\/\/info.encore-emea.com\/de\/produktionen-die-begeistern\/"]}]},{"@type":"BreadcrumbList","@id":"https:\/\/info.encore-emea.com\/de\/produktionen-die-begeistern\/#breadcrumb","itemListElement":[{"@type":"ListItem","position":1,"name":"Home","item":"https:\/\/info.encore-emea.com\/de\/"},{"@type":"ListItem","position":2,"name":"Produktionen, die begeistern"}]},{"@type":"WebSite","@id":"https:\/\/info.encore-emea.com\/#website","url":"https:\/\/info.encore-emea.com\/","name":"Encore EMEA","description":"Events That Transform","publisher":{"@id":"https:\/\/info.encore-emea.com\/#organization"},"potentialAction":[{"@type":"SearchAction","target":{"@type":"EntryPoint","urlTemplate":"https:\/\/info.encore-emea.com\/?s={search_term_string}"},"query-input":{"@type":"PropertyValueSpecification","valueRequired":true,"valueName":"search_term_string"}}],"inLanguage":"de-DE"},{"@type":"Organization","@id":"https:\/\/info.encore-emea.com\/#organization","name":"ENCORE EMEA","url":"https:\/\/info.encore-emea.com\/","logo":{"@type":"ImageObject","inLanguage":"de-DE","@id":"https:\/\/info.encore-emea.com\/#\/schema\/logo\/image\/","url":"https:\/\/cdn.encoreglobal.com\/wp-content\/uploads\/sites\/2\/2021\/01\/13170758\/encore_logo_RGB.png","contentUrl":"https:\/\/cdn.encoreglobal.com\/wp-content\/uploads\/sites\/2\/2021\/01\/13170758\/encore_logo_RGB.png","width":6797,"height":1934,"caption":"ENCORE EMEA"},"image":{"@id":"https:\/\/info.encore-emea.com\/#\/schema\/logo\/image\/"},"sameAs":["https:\/\/www.facebook.com\/EncoreEMEA","https:\/\/x.com\/EncoreEMEA","https:\/\/www.instagram.com\/encoreemea\/","https:\/\/www.linkedin.com\/company\/encoreuk\/"]}]}},"_links":{"self":[{"href":"https:\/\/info.encore-emea.com\/de\/wp-json\/wp\/v2\/pages\/33315","targetHints":{"allow":["GET"]}}],"collection":[{"href":"https:\/\/info.encore-emea.com\/de\/wp-json\/wp\/v2\/pages"}],"about":[{"href":"https:\/\/info.encore-emea.com\/de\/wp-json\/wp\/v2\/types\/page"}],"author":[{"embeddable":true,"href":"https:\/\/info.encore-emea.com\/de\/wp-json\/wp\/v2\/users\/5628"}],"replies":[{"embeddable":true,"href":"https:\/\/info.encore-emea.com\/de\/wp-json\/wp\/v2\/comments?post=33315"}],"version-history":[{"count":0,"href":"https:\/\/info.encore-emea.com\/de\/wp-json\/wp\/v2\/pages\/33315\/revisions"}],"wp:attachment":[{"href":"https:\/\/info.encore-emea.com\/de\/wp-json\/wp\/v2\/media?parent=33315"}],"wp:term":[{"taxonomy":"post_tag","embeddable":true,"href":"https:\/\/info.encore-emea.com\/de\/wp-json\/wp\/v2\/tags?post=33315"}],"curies":[{"name":"wp","href":"https:\/\/api.w.org\/{rel}","templated":true}]}}