{"id":41970,"date":"2022-10-19T08:39:36","date_gmt":"2022-10-19T08:39:36","guid":{"rendered":"https:\/\/www.encore-emea.com\/?page_id=41970"},"modified":"2024-01-18T10:13:20","modified_gmt":"2024-01-18T10:13:20","slug":"great-place-to-work","status":"publish","type":"page","link":"https:\/\/info.encore-emea.com\/de\/great-place-to-work\/","title":{"rendered":"<strong>GREAT PLACE TO WORK<\/strong>\u00a0"},"content":{"rendered":"\t\t<div data-elementor-type=\"wp-page\" data-elementor-id=\"41970\" class=\"elementor elementor-41970 elementor-41960\" data-elementor-post-type=\"page\">\n\t\t\t\t\t\t<section class=\"elementor-section elementor-top-section elementor-element elementor-element-602e8e3 elementor-section-boxed elementor-section-height-default elementor-section-height-default\" data-id=\"602e8e3\" data-element_type=\"section\">\n\t\t\t\t\t\t<div class=\"elementor-container elementor-column-gap-default\">\n\t\t\t\t\t<div class=\"elementor-column elementor-col-100 elementor-top-column elementor-element elementor-element-15ca1bf\" data-id=\"15ca1bf\" data-element_type=\"column\">\n\t\t\t<div class=\"elementor-widget-wrap elementor-element-populated\">\n\t\t\t\t\t\t<div class=\"elementor-element elementor-element-114dcb6 elementor-widget elementor-widget-spacer\" data-id=\"114dcb6\" data-element_type=\"widget\" data-widget_type=\"spacer.default\">\n\t\t\t\t<div class=\"elementor-widget-container\">\n\t\t\t\t\t\t\t<div class=\"elementor-spacer\">\n\t\t\t<div class=\"elementor-spacer-inner\"><\/div>\n\t\t<\/div>\n\t\t\t\t\t\t<\/div>\n\t\t\t\t<\/div>\n\t\t\t\t\t<\/div>\n\t\t<\/div>\n\t\t\t\t\t<\/div>\n\t\t<\/section>\n\t\t\t\t<section class=\"elementor-section elementor-top-section elementor-element elementor-element-bbf74bd elementor-section-boxed elementor-section-height-default elementor-section-height-default\" data-id=\"bbf74bd\" data-element_type=\"section\">\n\t\t\t\t\t\t<div class=\"elementor-container elementor-column-gap-default\">\n\t\t\t\t\t<div class=\"elementor-column elementor-col-50 elementor-top-column elementor-element elementor-element-8dd6142\" data-id=\"8dd6142\" data-element_type=\"column\">\n\t\t\t<div class=\"elementor-widget-wrap elementor-element-populated\">\n\t\t\t\t\t\t<div class=\"elementor-element elementor-element-e20cdf6 elementor-widget elementor-widget-heading\" data-id=\"e20cdf6\" data-element_type=\"widget\" data-widget_type=\"heading.default\">\n\t\t\t\t<div class=\"elementor-widget-container\">\n\t\t\t\t\t<h3 class=\"elementor-heading-title elementor-size-default\">Zufriedene Teammitglieder f\u00fcr zufriedene Kunden! <\/h3>\t\t\t\t<\/div>\n\t\t\t\t<\/div>\n\t\t\t\t<div class=\"elementor-element elementor-element-d5a7488 elementor-widget elementor-widget-text-editor\" data-id=\"d5a7488\" data-element_type=\"widget\" data-widget_type=\"text-editor.default\">\n\t\t\t\t<div class=\"elementor-widget-container\">\n\t\t\t\t\t\t\t\t\t<p><span data-contrast=\"auto\">Wir freuen uns, in den USA, Australian, Kanada, Neuseeland, Mexiko, den Vereinigten Arabischen Emiraten und \u00d6sterreich als\u202f <\/span><a href=\"https:\/\/www.greatplacetowork.com\/certified-company\/7039707\"><span data-contrast=\"none\">Great Place to Work\u00ae <\/span><\/a><span data-contrast=\"auto\">zertifiziert worden zu sein. Great Place to Work ist die weltweit f\u00fchrende Autorit\u00e4t im Bereich Arbeitsplatzkultur.<\/span><span data-ccp-props=\"{&quot;201341983&quot;:0,&quot;335559740&quot;:259}\">\u00a0<\/span><\/p><p><span data-contrast=\"auto\">Nat\u00fcrlich wird unser globales Team auch k\u00fcnftig alles daf\u00fcr tun, unsere Ziele, unsere Mission und unsere Kernwerte im Unternehmen zu leben. Wir werden weiter auf unsere St\u00e4rken aufbauen, die in den Bereichen Glaubw\u00fcrdigkeit, Respekt, Fairness, Stolz und Teamgeist identifiziert wurden. Und nicht zuletzt werden wir den Raum f\u00fcr m\u00f6gliche Optimierungen nutzen, der sich im Rahmen der Umfrage aus dem Feedback unserer Teammitglieder herauskristallisiert hat.<\/span><span data-ccp-props=\"{&quot;201341983&quot;:0,&quot;335559740&quot;:259}\">\u00a0<\/span><\/p><p><span data-contrast=\"auto\">Unsere Mitarbeiter:innen sind das Herzst\u00fcck von Encore. Wir freuen uns darauf, auch in Zukunft die Bed\u00fcrfnisse unserer weltweiten Kunden und Kundinnen bei der Umsetzung ihrer Meetings und Events zu \u00fcbertreffen und mit unseren Venue Partnern zu kollaborieren.<br \/><\/span><span data-ccp-props=\"{&quot;201341983&quot;:0,&quot;335559740&quot;:259}\">\u00a0<\/span><\/p>\t\t\t\t\t\t\t\t<\/div>\n\t\t\t\t<\/div>\n\t\t\t\t\t<\/div>\n\t\t<\/div>\n\t\t\t\t<div class=\"elementor-column elementor-col-50 elementor-top-column elementor-element elementor-element-9b63a18\" data-id=\"9b63a18\" data-element_type=\"column\">\n\t\t\t<div class=\"elementor-widget-wrap elementor-element-populated\">\n\t\t\t\t\t\t<div class=\"elementor-element elementor-element-05252a0 elementor-widget elementor-widget-image\" data-id=\"05252a0\" data-element_type=\"widget\" data-widget_type=\"image.default\">\n\t\t\t\t<div class=\"elementor-widget-container\">\n\t\t\t\t\t\t\t\t\t\t\t\t\t\t\t<img fetchpriority=\"high\" decoding=\"async\" width=\"1024\" height=\"721\" src=\"https:\/\/cdn.encoreglobal.com\/wp-content\/uploads\/sites\/2\/2023\/09\/15143331\/GPTW_Logo_UAE_AUT-1024x721.jpg\" class=\"attachment-large size-large wp-image-52450\" alt=\"Great Place to Work Logo Austira and UAE\" srcset=\"https:\/\/cdn.encoreglobal.com\/wp-content\/uploads\/sites\/2\/2023\/09\/15143331\/GPTW_Logo_UAE_AUT-1024x721.jpg 1024w, https:\/\/cdn.encoreglobal.com\/wp-content\/uploads\/sites\/2\/2023\/09\/15143331\/GPTW_Logo_UAE_AUT-300x211.jpg 300w, https:\/\/cdn.encoreglobal.com\/wp-content\/uploads\/sites\/2\/2023\/09\/15143331\/GPTW_Logo_UAE_AUT-768x541.jpg 768w, https:\/\/cdn.encoreglobal.com\/wp-content\/uploads\/sites\/2\/2023\/09\/15143331\/GPTW_Logo_UAE_AUT-1536x1082.jpg 1536w, https:\/\/cdn.encoreglobal.com\/wp-content\/uploads\/sites\/2\/2023\/09\/15143331\/GPTW_Logo_UAE_AUT-2048x1442.jpg 2048w\" sizes=\"(max-width: 1024px) 100vw, 1024px\" \/>\t\t\t\t\t\t\t\t\t\t\t\t\t\t\t<\/div>\n\t\t\t\t<\/div>\n\t\t\t\t\t<\/div>\n\t\t<\/div>\n\t\t\t\t\t<\/div>\n\t\t<\/section>\n\t\t\t\t<\/div>\n\t\t","protected":false},"excerpt":{"rendered":"<p>Zufriedene Teammitglieder f\u00fcr zufriedene Kunden! Wir freuen uns, in den USA, Australian, Kanada, Neuseeland, Mexiko, den Vereinigten Arabischen Emiraten und \u00d6sterreich als\u202f Great Place to Work\u00ae zertifiziert worden zu sein. Great Place to Work ist die weltweit f\u00fchrende Autorit\u00e4t im Bereich Arbeitsplatzkultur.\u00a0 Nat\u00fcrlich wird unser globales Team auch k\u00fcnftig alles daf\u00fcr tun, unsere Ziele, unsere &#8230; <a href=\"https:\/\/info.encore-emea.com\/de\/great-place-to-work\/\">Weiterlesen<\/a><\/p>\n","protected":false},"author":6869,"featured_media":0,"parent":0,"menu_order":3,"comment_status":"closed","ping_status":"closed","template":"page-templates\/template-hybrid.php","meta":{"footnotes":""},"tags":[],"class_list":["post-41970","page","type-page","status-publish","hentry"],"yoast_head":"<!-- This site is optimized with the Yoast SEO Premium plugin v25.4 (Yoast SEO v25.4) - https:\/\/yoast.com\/wordpress\/plugins\/seo\/ -->\n<title>GREAT PLACE TO WORK\u00a0 - Encore EMEA<\/title>\n<meta name=\"description\" content=\"Dank der breiten Unterst\u00fctzung unserer Teammitglieder verk\u00fcnden wir unsere offizielle Zertifizierung als \u201eGreat Place to Work\u201c.\" \/>\n<meta name=\"robots\" content=\"noindex, follow, max-snippet:-1, max-image-preview:large, max-video-preview:-1\" \/>\n<meta property=\"og:locale\" content=\"de_DE\" \/>\n<meta property=\"og:type\" content=\"article\" \/>\n<meta property=\"og:title\" content=\"GREAT PLACE TO WORK\u00a0\" \/>\n<meta property=\"og:description\" content=\"Dank der breiten Unterst\u00fctzung unserer Teammitglieder verk\u00fcnden wir unsere offizielle Zertifizierung als \u201eGreat Place to Work\u201c.\" \/>\n<meta property=\"og:url\" content=\"https:\/\/info.encore-emea.com\/great-place-to-work\/\" \/>\n<meta property=\"og:site_name\" content=\"Encore EMEA\" \/>\n<meta property=\"article:publisher\" content=\"https:\/\/www.facebook.com\/EncoreEMEA\" \/>\n<meta property=\"article:modified_time\" content=\"2024-01-18T10:13:20+00:00\" \/>\n<meta property=\"og:image\" content=\"https:\/\/www.encoreglobal.com\/app\/uploads\/sites\/2\/2023\/09\/GPTW_Logo_UAE_AUT-1024x721.jpg\" \/>\n<meta name=\"twitter:card\" content=\"summary_large_image\" \/>\n<meta name=\"twitter:site\" content=\"@EncoreEMEA\" \/>\n<meta name=\"twitter:label1\" content=\"Gesch\u00e4tzte Lesezeit\" \/>\n\t<meta name=\"twitter:data1\" content=\"1 Minute\" \/>\n<script type=\"application\/ld+json\" class=\"yoast-schema-graph\">{\"@context\":\"https:\/\/schema.org\",\"@graph\":[{\"@type\":\"WebPage\",\"@id\":\"https:\/\/info.encore-emea.com\/great-place-to-work\/\",\"url\":\"https:\/\/info.encore-emea.com\/great-place-to-work\/\",\"name\":\"GREAT PLACE TO WORK\u00a0 - Encore EMEA\",\"isPartOf\":{\"@id\":\"https:\/\/info.encore-emea.com\/#website\"},\"primaryImageOfPage\":{\"@id\":\"https:\/\/info.encore-emea.com\/great-place-to-work\/#primaryimage\"},\"image\":{\"@id\":\"https:\/\/info.encore-emea.com\/great-place-to-work\/#primaryimage\"},\"thumbnailUrl\":\"https:\/\/www.encoreglobal.com\/app\/uploads\/sites\/2\/2023\/09\/GPTW_Logo_UAE_AUT-1024x721.jpg\",\"datePublished\":\"2022-10-19T08:39:36+00:00\",\"dateModified\":\"2024-01-18T10:13:20+00:00\",\"description\":\"Dank der breiten Unterst\u00fctzung unserer Teammitglieder verk\u00fcnden wir unsere offizielle Zertifizierung als \u201eGreat Place to Work\u201c.\",\"breadcrumb\":{\"@id\":\"https:\/\/info.encore-emea.com\/great-place-to-work\/#breadcrumb\"},\"inLanguage\":\"de-DE\",\"potentialAction\":[{\"@type\":\"ReadAction\",\"target\":[\"https:\/\/info.encore-emea.com\/great-place-to-work\/\"]}]},{\"@type\":\"ImageObject\",\"inLanguage\":\"de-DE\",\"@id\":\"https:\/\/info.encore-emea.com\/great-place-to-work\/#primaryimage\",\"url\":\"https:\/\/www.encoreglobal.com\/app\/uploads\/sites\/2\/2023\/09\/GPTW_Logo_UAE_AUT-1024x721.jpg\",\"contentUrl\":\"https:\/\/www.encoreglobal.com\/app\/uploads\/sites\/2\/2023\/09\/GPTW_Logo_UAE_AUT-1024x721.jpg\"},{\"@type\":\"BreadcrumbList\",\"@id\":\"https:\/\/info.encore-emea.com\/great-place-to-work\/#breadcrumb\",\"itemListElement\":[{\"@type\":\"ListItem\",\"position\":1,\"name\":\"Home\",\"item\":\"https:\/\/info.encore-emea.com\/de\/\"},{\"@type\":\"ListItem\",\"position\":2,\"name\":\"GREAT PLACE TO WORK\u00a0\"}]},{\"@type\":\"WebSite\",\"@id\":\"https:\/\/info.encore-emea.com\/#website\",\"url\":\"https:\/\/info.encore-emea.com\/\",\"name\":\"Encore EMEA\",\"description\":\"Events That Transform\",\"publisher\":{\"@id\":\"https:\/\/info.encore-emea.com\/#organization\"},\"potentialAction\":[{\"@type\":\"SearchAction\",\"target\":{\"@type\":\"EntryPoint\",\"urlTemplate\":\"https:\/\/info.encore-emea.com\/?s={search_term_string}\"},\"query-input\":{\"@type\":\"PropertyValueSpecification\",\"valueRequired\":true,\"valueName\":\"search_term_string\"}}],\"inLanguage\":\"de-DE\"},{\"@type\":\"Organization\",\"@id\":\"https:\/\/info.encore-emea.com\/#organization\",\"name\":\"ENCORE EMEA\",\"url\":\"https:\/\/info.encore-emea.com\/\",\"logo\":{\"@type\":\"ImageObject\",\"inLanguage\":\"de-DE\",\"@id\":\"https:\/\/info.encore-emea.com\/#\/schema\/logo\/image\/\",\"url\":\"https:\/\/cdn.encoreglobal.com\/wp-content\/uploads\/sites\/2\/2021\/01\/13170758\/encore_logo_RGB.png\",\"contentUrl\":\"https:\/\/cdn.encoreglobal.com\/wp-content\/uploads\/sites\/2\/2021\/01\/13170758\/encore_logo_RGB.png\",\"width\":6797,\"height\":1934,\"caption\":\"ENCORE EMEA\"},\"image\":{\"@id\":\"https:\/\/info.encore-emea.com\/#\/schema\/logo\/image\/\"},\"sameAs\":[\"https:\/\/www.facebook.com\/EncoreEMEA\",\"https:\/\/x.com\/EncoreEMEA\",\"https:\/\/www.instagram.com\/encoreemea\/\",\"https:\/\/www.linkedin.com\/company\/encoreuk\/\"]}]}<\/script>\n<!-- \/ Yoast SEO Premium plugin. -->","yoast_head_json":{"title":"GREAT PLACE TO WORK\u00a0 - Encore EMEA","description":"Dank der breiten Unterst\u00fctzung unserer Teammitglieder verk\u00fcnden wir unsere offizielle Zertifizierung als \u201eGreat Place to Work\u201c.","robots":{"index":"noindex","follow":"follow","max-snippet":"max-snippet:-1","max-image-preview":"max-image-preview:large","max-video-preview":"max-video-preview:-1"},"og_locale":"de_DE","og_type":"article","og_title":"GREAT PLACE TO WORK\u00a0","og_description":"Dank der breiten Unterst\u00fctzung unserer Teammitglieder verk\u00fcnden wir unsere offizielle Zertifizierung als \u201eGreat Place to Work\u201c.","og_url":"https:\/\/info.encore-emea.com\/great-place-to-work\/","og_site_name":"Encore EMEA","article_publisher":"https:\/\/www.facebook.com\/EncoreEMEA","article_modified_time":"2024-01-18T10:13:20+00:00","og_image":[{"url":"https:\/\/www.encoreglobal.com\/app\/uploads\/sites\/2\/2023\/09\/GPTW_Logo_UAE_AUT-1024x721.jpg","type":"","width":"","height":""}],"twitter_card":"summary_large_image","twitter_site":"@EncoreEMEA","twitter_misc":{"Gesch\u00e4tzte Lesezeit":"1 Minute"},"schema":{"@context":"https:\/\/schema.org","@graph":[{"@type":"WebPage","@id":"https:\/\/info.encore-emea.com\/great-place-to-work\/","url":"https:\/\/info.encore-emea.com\/great-place-to-work\/","name":"GREAT PLACE TO WORK\u00a0 - Encore EMEA","isPartOf":{"@id":"https:\/\/info.encore-emea.com\/#website"},"primaryImageOfPage":{"@id":"https:\/\/info.encore-emea.com\/great-place-to-work\/#primaryimage"},"image":{"@id":"https:\/\/info.encore-emea.com\/great-place-to-work\/#primaryimage"},"thumbnailUrl":"https:\/\/www.encoreglobal.com\/app\/uploads\/sites\/2\/2023\/09\/GPTW_Logo_UAE_AUT-1024x721.jpg","datePublished":"2022-10-19T08:39:36+00:00","dateModified":"2024-01-18T10:13:20+00:00","description":"Dank der breiten Unterst\u00fctzung unserer Teammitglieder verk\u00fcnden wir unsere offizielle Zertifizierung als \u201eGreat Place to Work\u201c.","breadcrumb":{"@id":"https:\/\/info.encore-emea.com\/great-place-to-work\/#breadcrumb"},"inLanguage":"de-DE","potentialAction":[{"@type":"ReadAction","target":["https:\/\/info.encore-emea.com\/great-place-to-work\/"]}]},{"@type":"ImageObject","inLanguage":"de-DE","@id":"https:\/\/info.encore-emea.com\/great-place-to-work\/#primaryimage","url":"https:\/\/www.encoreglobal.com\/app\/uploads\/sites\/2\/2023\/09\/GPTW_Logo_UAE_AUT-1024x721.jpg","contentUrl":"https:\/\/www.encoreglobal.com\/app\/uploads\/sites\/2\/2023\/09\/GPTW_Logo_UAE_AUT-1024x721.jpg"},{"@type":"BreadcrumbList","@id":"https:\/\/info.encore-emea.com\/great-place-to-work\/#breadcrumb","itemListElement":[{"@type":"ListItem","position":1,"name":"Home","item":"https:\/\/info.encore-emea.com\/de\/"},{"@type":"ListItem","position":2,"name":"GREAT PLACE TO WORK\u00a0"}]},{"@type":"WebSite","@id":"https:\/\/info.encore-emea.com\/#website","url":"https:\/\/info.encore-emea.com\/","name":"Encore EMEA","description":"Events That Transform","publisher":{"@id":"https:\/\/info.encore-emea.com\/#organization"},"potentialAction":[{"@type":"SearchAction","target":{"@type":"EntryPoint","urlTemplate":"https:\/\/info.encore-emea.com\/?s={search_term_string}"},"query-input":{"@type":"PropertyValueSpecification","valueRequired":true,"valueName":"search_term_string"}}],"inLanguage":"de-DE"},{"@type":"Organization","@id":"https:\/\/info.encore-emea.com\/#organization","name":"ENCORE EMEA","url":"https:\/\/info.encore-emea.com\/","logo":{"@type":"ImageObject","inLanguage":"de-DE","@id":"https:\/\/info.encore-emea.com\/#\/schema\/logo\/image\/","url":"https:\/\/cdn.encoreglobal.com\/wp-content\/uploads\/sites\/2\/2021\/01\/13170758\/encore_logo_RGB.png","contentUrl":"https:\/\/cdn.encoreglobal.com\/wp-content\/uploads\/sites\/2\/2021\/01\/13170758\/encore_logo_RGB.png","width":6797,"height":1934,"caption":"ENCORE EMEA"},"image":{"@id":"https:\/\/info.encore-emea.com\/#\/schema\/logo\/image\/"},"sameAs":["https:\/\/www.facebook.com\/EncoreEMEA","https:\/\/x.com\/EncoreEMEA","https:\/\/www.instagram.com\/encoreemea\/","https:\/\/www.linkedin.com\/company\/encoreuk\/"]}]}},"_links":{"self":[{"href":"https:\/\/info.encore-emea.com\/de\/wp-json\/wp\/v2\/pages\/41970","targetHints":{"allow":["GET"]}}],"collection":[{"href":"https:\/\/info.encore-emea.com\/de\/wp-json\/wp\/v2\/pages"}],"about":[{"href":"https:\/\/info.encore-emea.com\/de\/wp-json\/wp\/v2\/types\/page"}],"author":[{"embeddable":true,"href":"https:\/\/info.encore-emea.com\/de\/wp-json\/wp\/v2\/users\/6869"}],"replies":[{"embeddable":true,"href":"https:\/\/info.encore-emea.com\/de\/wp-json\/wp\/v2\/comments?post=41970"}],"version-history":[{"count":0,"href":"https:\/\/info.encore-emea.com\/de\/wp-json\/wp\/v2\/pages\/41970\/revisions"}],"wp:attachment":[{"href":"https:\/\/info.encore-emea.com\/de\/wp-json\/wp\/v2\/media?parent=41970"}],"wp:term":[{"taxonomy":"post_tag","embeddable":true,"href":"https:\/\/info.encore-emea.com\/de\/wp-json\/wp\/v2\/tags?post=41970"}],"curies":[{"name":"wp","href":"https:\/\/api.w.org\/{rel}","templated":true}]}}