{"id":48281,"date":"2023-03-24T11:32:39","date_gmt":"2023-03-24T11:32:39","guid":{"rendered":"https:\/\/www.encore-emea.com\/?page_id=48281"},"modified":"2023-03-24T11:36:57","modified_gmt":"2023-03-24T11:36:57","slug":"future-meeting-space-2022-download","status":"publish","type":"page","link":"https:\/\/info.encore-emea.com\/de\/future-meeting-space-2022-download\/","title":{"rendered":"Future Meeting Space 2022"},"content":{"rendered":"\t\t<div data-elementor-type=\"wp-page\" data-elementor-id=\"48281\" class=\"elementor elementor-48281 elementor-48280\" data-elementor-post-type=\"page\">\n\t\t\t\t\t\t<section class=\"elementor-section elementor-top-section elementor-element elementor-element-7b1f658 elementor-section-boxed elementor-section-height-default elementor-section-height-default\" data-id=\"7b1f658\" data-element_type=\"section\">\n\t\t\t\t\t\t<div class=\"elementor-container elementor-column-gap-default\">\n\t\t\t\t\t<div class=\"elementor-column elementor-col-100 elementor-top-column elementor-element elementor-element-4764664\" data-id=\"4764664\" data-element_type=\"column\">\n\t\t\t<div class=\"elementor-widget-wrap elementor-element-populated\">\n\t\t\t\t\t\t<div class=\"elementor-element elementor-element-f7edef9 elementor-widget elementor-widget-text-editor\" data-id=\"f7edef9\" data-element_type=\"widget\" data-widget_type=\"text-editor.default\">\n\t\t\t\t<div class=\"elementor-widget-container\">\n\t\t\t\t\t\t\t\t\t<h2 style=\"text-align: center\"><span class=\"TextRun SCXW91841074 BCX8\" lang=\"DE-DE\" xml:lang=\"DE-DE\" data-contrast=\"none\"><span class=\"NormalTextRun SCXW91841074 BCX8\">Entdecken Sie, was in der Veranstaltungsbranche auf uns zukommt<\/span><\/span><span class=\"EOP SCXW91841074 BCX8\" data-ccp-props=\"{&quot;201341983&quot;:0,&quot;335559740&quot;:276}\">\u00a0<\/span><\/h2>\t\t\t\t\t\t\t\t<\/div>\n\t\t\t\t<\/div>\n\t\t\t\t<div class=\"elementor-element elementor-element-b4780a0 elementor-widget elementor-widget-spacer\" data-id=\"b4780a0\" data-element_type=\"widget\" data-widget_type=\"spacer.default\">\n\t\t\t\t<div class=\"elementor-widget-container\">\n\t\t\t\t\t\t\t<div class=\"elementor-spacer\">\n\t\t\t<div class=\"elementor-spacer-inner\"><\/div>\n\t\t<\/div>\n\t\t\t\t\t\t<\/div>\n\t\t\t\t<\/div>\n\t\t\t\t\t<\/div>\n\t\t<\/div>\n\t\t\t\t\t<\/div>\n\t\t<\/section>\n\t\t\t\t<section class=\"elementor-section elementor-top-section elementor-element elementor-element-6fda137 elementor-section-stretched elementor-section-boxed elementor-section-height-default elementor-section-height-default\" data-id=\"6fda137\" data-element_type=\"section\" data-settings=\"{&quot;stretch_section&quot;:&quot;section-stretched&quot;}\">\n\t\t\t\t\t\t<div class=\"elementor-container elementor-column-gap-default\">\n\t\t\t\t\t<div class=\"elementor-column elementor-col-66 elementor-top-column elementor-element elementor-element-9e1d15b\" data-id=\"9e1d15b\" data-element_type=\"column\" data-settings=\"{&quot;background_background&quot;:&quot;classic&quot;}\">\n\t\t\t<div class=\"elementor-widget-wrap elementor-element-populated\">\n\t\t\t\t\t\t<div class=\"elementor-element elementor-element-c4e7586 elementor-widget elementor-widget-text-editor\" data-id=\"c4e7586\" data-element_type=\"widget\" data-widget_type=\"text-editor.default\">\n\t\t\t\t<div class=\"elementor-widget-container\">\n\t\t\t\t\t\t\t\t\t<p><span data-contrast=\"none\">M\u00f6chten Sie \u00fcber die Trends in der MICE-Branche auf dem Laufenden bleiben? Wir berichten kontinuierlich \u00fcber neueste Erkenntnisse und sind sehr stolz, den Innovationsverbund Future Meeting Space (FMS) als Forschungspartner zu unterst\u00fctzen. Initiiert vom German Convention Bureau e.V. (GCB) und dem Fraunhofer-Institut f\u00fcr Arbeitswirtschaft und Organisation (IAO), antizipiert FMS relevante Entwicklungen im \u00d6kosystem von Events und erarbeitet differenzierte Handlungsempfehlungen f\u00fcr Unternehmen und Eventplaner.<\/span><span data-ccp-props=\"{&quot;201341983&quot;:0,&quot;335559740&quot;:276}\">\u00a0<\/span><\/p><p><strong>Zu den wichtigsten Handlungsempfehlungen, die die Reisemotivation in der MICE-Branche positiv beeinflussen, geh\u00f6ren laut der j\u00fcngsten Studie:\u00a0\u00a0<\/strong><\/p>\t\t\t\t\t\t\t\t<\/div>\n\t\t\t\t<\/div>\n\t\t\t\t<div class=\"elementor-element elementor-element-d576d31 elementor-widget elementor-widget-spacer\" data-id=\"d576d31\" data-element_type=\"widget\" data-widget_type=\"spacer.default\">\n\t\t\t\t<div class=\"elementor-widget-container\">\n\t\t\t\t\t\t\t<div class=\"elementor-spacer\">\n\t\t\t<div class=\"elementor-spacer-inner\"><\/div>\n\t\t<\/div>\n\t\t\t\t\t\t<\/div>\n\t\t\t\t<\/div>\n\t\t\t\t<div class=\"elementor-element elementor-element-0c66ee3 elementor-widget elementor-widget-text-editor\" data-id=\"0c66ee3\" data-element_type=\"widget\" data-widget_type=\"text-editor.default\">\n\t\t\t\t<div class=\"elementor-widget-container\">\n\t\t\t\t\t\t\t\t\t<ul style=\"color: #00bfde\"><li style=\"list-style-type: none\"><ul><li style=\"list-style-type: none\"><ul><li><span style=\"color: #000000\"><span class=\"TextRun SCXW49316318 BCX0\" lang=\"DE-DE\" xml:lang=\"DE-DE\" data-contrast=\"none\"><span class=\"NormalTextRun SCXW49316318 BCX0\" data-ccp-charstyle=\"normaltextrun\" data-ccp-charstyle-defn=\"{&quot;ObjectId&quot;:&quot;8a20d020-9ab8-4dfa-b257-ee9c53d70b4f|58&quot;,&quot;ClassId&quot;:1073872969,&quot;Properties&quot;:[469775450,&quot;normaltextrun&quot;,201340122,&quot;1&quot;,134233614,&quot;true&quot;,469778129,&quot;normaltextrun&quot;,335572020,&quot;1&quot;,469778324,&quot;Default Paragraph Font&quot;]}\">Vermeidung von <\/span><span class=\"NormalTextRun SCXW49316318 BCX0\" data-ccp-charstyle=\"normaltextrun\">Mehrbelastung der Mitarbeite<\/span><span class=\"NormalTextRun SCXW49316318 BCX0\" data-ccp-charstyle=\"normaltextrun\">nden <\/span><span class=\"NormalTextRun SCXW49316318 BCX0\" data-ccp-charstyle=\"normaltextrun\">durch<\/span><span class=\"NormalTextRun SCXW49316318 BCX0\" data-ccp-charstyle=\"normaltextrun\"> Eventbesuche und<\/span><span class=\"NormalTextRun SCXW49316318 BCX0\" data-ccp-charstyle=\"normaltextrun\"> M\u00f6glichkeit zur <\/span><span class=\"NormalTextRun SCXW49316318 BCX0\" data-ccp-charstyle=\"normaltextrun\">selbstbestimmte<\/span><span class=\"NormalTextRun SCXW49316318 BCX0\" data-ccp-charstyle=\"normaltextrun\">n<\/span><span class=\"NormalTextRun SCXW49316318 BCX0\" data-ccp-charstyle=\"normaltextrun\"> Planung<\/span><\/span><span class=\"EOP SCXW49316318 BCX0\" data-ccp-props=\"{&quot;134233117&quot;:false,&quot;134233118&quot;:false,&quot;335559738&quot;:0,&quot;335559739&quot;:0}\">\u00a0<\/span><\/span><\/li><li><span style=\"color: #000000\"><span class=\"TextRun SCXW11951263 BCX0\" lang=\"DE-DE\" xml:lang=\"DE-DE\" data-contrast=\"none\"><span class=\"NormalTextRun SCXW11951263 BCX0\" data-ccp-charstyle=\"normaltextrun\" data-ccp-charstyle-defn=\"{&quot;ObjectId&quot;:&quot;8a20d020-9ab8-4dfa-b257-ee9c53d70b4f|58&quot;,&quot;ClassId&quot;:1073872969,&quot;Properties&quot;:[469775450,&quot;normaltextrun&quot;,201340122,&quot;1&quot;,134233614,&quot;true&quot;,469778129,&quot;normaltextrun&quot;,335572020,&quot;1&quot;,469778324,&quot;Default Paragraph Font&quot;]}\">Festlegung eines<\/span><span class=\"NormalTextRun SCXW11951263 BCX0\" data-ccp-charstyle=\"normaltextrun\"> Event-K<\/span><span class=\"NormalTextRun SCXW11951263 BCX0\" data-ccp-charstyle=\"normaltextrun\">ontingents und eines entsprechenden Budgets, \u00fcber das die Mitarbeite<\/span><span class=\"NormalTextRun SCXW11951263 BCX0\" data-ccp-charstyle=\"normaltextrun\">nden <\/span><span class=\"NormalTextRun SCXW11951263 BCX0\" data-ccp-charstyle=\"normaltextrun\">frei\u202fverf\u00fcgen k\u00f6nnen<\/span><\/span><span class=\"EOP SCXW11951263 BCX0\" data-ccp-props=\"{&quot;134233117&quot;:false,&quot;134233118&quot;:false,&quot;335559738&quot;:0,&quot;335559739&quot;:0}\">\u00a0<\/span><\/span><\/li><li><span style=\"color: #000000\"><span class=\"TextRun SCXW176658918 BCX0\" lang=\"DE-DE\" xml:lang=\"DE-DE\" data-contrast=\"none\"><span class=\"NormalTextRun SCXW176658918 BCX0\" data-ccp-charstyle=\"normaltextrun\" data-ccp-charstyle-defn=\"{&quot;ObjectId&quot;:&quot;8a20d020-9ab8-4dfa-b257-ee9c53d70b4f|58&quot;,&quot;ClassId&quot;:1073872969,&quot;Properties&quot;:[469775450,&quot;normaltextrun&quot;,201340122,&quot;1&quot;,134233614,&quot;true&quot;,469778129,&quot;normaltextrun&quot;,335572020,&quot;1&quot;,469778324,&quot;Default Paragraph Font&quot;]}\">A<\/span><span class=\"NormalTextRun SCXW176658918 BCX0\" data-ccp-charstyle=\"normaltextrun\">ttraktive Mobilit\u00e4tsangebote\u00a0<\/span><\/span><span class=\"EOP SCXW176658918 BCX0\" data-ccp-props=\"{&quot;134233117&quot;:false,&quot;134233118&quot;:false,&quot;335559738&quot;:0,&quot;335559739&quot;:0}\">\u00a0<\/span><\/span><\/li><li><span class=\"TextRun SCXW62574749 BCX0\" lang=\"DE-DE\" xml:lang=\"DE-DE\" data-contrast=\"none\"><span style=\"color: #000000\"><span class=\"NormalTextRun SCXW62574749 BCX0\" data-ccp-charstyle=\"normaltextrun\" data-ccp-charstyle-defn=\"{&quot;ObjectId&quot;:&quot;8a20d020-9ab8-4dfa-b257-ee9c53d70b4f|58&quot;,&quot;ClassId&quot;:1073872969,&quot;Properties&quot;:[469775450,&quot;normaltextrun&quot;,201340122,&quot;1&quot;,134233614,&quot;true&quot;,469778129,&quot;normaltextrun&quot;,335572020,&quot;1&quot;,469778324,&quot;Default Paragraph Font&quot;]}\">M\u00f6glichkeit zur Verl\u00e4ngerung einer Gesch\u00e4ftsreise durch \u201e<\/span><span class=\"NormalTextRun SpellingErrorV2Themed SCXW62574749 BCX0\" data-ccp-charstyle=\"spellingerror\" data-ccp-charstyle-defn=\"{&quot;ObjectId&quot;:&quot;8a20d020-9ab8-4dfa-b257-ee9c53d70b4f|62&quot;,&quot;ClassId&quot;:1073872969,&quot;Properties&quot;:[469775450,&quot;spellingerror&quot;,201340122,&quot;1&quot;,134233614,&quot;true&quot;,469778129,&quot;spellingerror&quot;,335572020,&quot;1&quot;,469778324,&quot;Default Paragraph Font&quot;]}\">Workation<\/span><\/span><span class=\"NormalTextRun SCXW62574749 BCX0\" data-ccp-charstyle=\"normaltextrun\"><span style=\"color: #000000\">\u201c<\/span><\/span><\/span><span class=\"TextRun SCXW62574749 BCX0\" lang=\"DE-DE\" xml:lang=\"DE-DE\" data-contrast=\"none\"><span class=\"NormalTextRun SCXW62574749 BCX0\" data-ccp-charstyle=\"normaltextrun\">\u202f<\/span><\/span><span class=\"TextRun SCXW62574749 BCX0\" lang=\"DE-DE\" xml:lang=\"DE-DE\" data-contrast=\"auto\"><span class=\"NormalTextRun SCXW62574749 BCX0\" data-ccp-charstyle=\"eop\" data-ccp-charstyle-defn=\"{&quot;ObjectId&quot;:&quot;8a20d020-9ab8-4dfa-b257-ee9c53d70b4f|60&quot;,&quot;ClassId&quot;:1073872969,&quot;Properties&quot;:[469775450,&quot;eop&quot;,201340122,&quot;1&quot;,134233614,&quot;true&quot;,469778129,&quot;eop&quot;,335572020,&quot;1&quot;,469778324,&quot;Default Paragraph Font&quot;]}\">\u200b<\/span><\/span><\/li><\/ul><\/li><\/ul><\/li><\/ul>\t\t\t\t\t\t\t\t<\/div>\n\t\t\t\t<\/div>\n\t\t\t\t<div class=\"elementor-element elementor-element-09b279a elementor-widget elementor-widget-text-editor\" data-id=\"09b279a\" data-element_type=\"widget\" data-widget_type=\"text-editor.default\">\n\t\t\t\t<div class=\"elementor-widget-container\">\n\t\t\t\t\t\t\t\t\t<p><span class=\"TextRun SCXW165378683 BCX0\" lang=\"DE-DE\" xml:lang=\"DE-DE\" data-contrast=\"auto\"><span class=\"NormalTextRun SCXW165378683 BCX0\" data-ccp-charstyle=\"eop\" data-ccp-charstyle-defn=\"{&quot;ObjectId&quot;:&quot;8a20d020-9ab8-4dfa-b257-ee9c53d70b4f|60&quot;,&quot;ClassId&quot;:1073872969,&quot;Properties&quot;:[469775450,&quot;eop&quot;,201340122,&quot;1&quot;,134233614,&quot;true&quot;,469778129,&quot;eop&quot;,335572020,&quot;1&quot;,469778324,&quot;Default Paragraph Font&quot;]}\">Laden Sie Ihr kostenloses Exemplar de<\/span><span class=\"NormalTextRun SCXW165378683 BCX0\" data-ccp-charstyle=\"eop\">r<\/span><span class=\"NormalTextRun SCXW165378683 BCX0\" data-ccp-charstyle=\"eop\"> vollst\u00e4ndigen FMS<\/span><span class=\"NormalTextRun SCXW165378683 BCX0\" data-ccp-charstyle=\"eop\">&#8211;<\/span><span class=\"NormalTextRun SCXW165378683 BCX0\" data-ccp-charstyle=\"eop\">Abschluss<\/span><span class=\"NormalTextRun SCXW165378683 BCX0\" data-ccp-charstyle=\"eop\">-Studie <\/span><span class=\"NormalTextRun SCXW165378683 BCX0\" data-ccp-charstyle=\"eop\">2022 <\/span><span class=\"NormalTextRun SCXW165378683 BCX0\" data-ccp-charstyle=\"eop\">mit allen Ergebnissen und Handlungsempfehlungen sowie Infografiken h<\/span><span class=\"NormalTextRun SCXW165378683 BCX0\" data-ccp-charstyle=\"eop\">erunter, um Einblicke zu erhalten<\/span><span class=\"NormalTextRun SCXW165378683 BCX0\" data-ccp-charstyle=\"eop\">, die <\/span><span class=\"NormalTextRun SCXW165378683 BCX0\" data-ccp-charstyle=\"eop\">Sie bei der Planung <\/span><span class=\"NormalTextRun SCXW165378683 BCX0\" data-ccp-charstyle=\"eop\">Ihrer n\u00e4chsten <\/span><span class=\"NormalTextRun SCXW165378683 BCX0\" data-ccp-charstyle=\"eop\">Pr\u00e4senzveranstaltungen unterst\u00fct<\/span><span class=\"NormalTextRun SCXW165378683 BCX0\" data-ccp-charstyle=\"eop\">zen.<\/span><\/span><span class=\"EOP SCXW165378683 BCX0\" data-ccp-props=\"{&quot;134233117&quot;:false,&quot;134233118&quot;:false,&quot;335559738&quot;:0,&quot;335559739&quot;:0}\">\u00a0<\/span><\/p>\t\t\t\t\t\t\t\t<\/div>\n\t\t\t\t<\/div>\n\t\t\t\t\t<\/div>\n\t\t<\/div>\n\t\t\t\t<div class=\"elementor-column elementor-col-33 elementor-top-column elementor-element elementor-element-a9c7835\" data-id=\"a9c7835\" data-element_type=\"column\" data-settings=\"{&quot;background_background&quot;:&quot;gradient&quot;}\">\n\t\t\t<div class=\"elementor-widget-wrap elementor-element-populated\">\n\t\t\t\t\t\t<div class=\"elementor-element elementor-element-cbdd9ed elementor-widget elementor-widget-text-editor\" data-id=\"cbdd9ed\" data-element_type=\"widget\" data-widget_type=\"text-editor.default\">\n\t\t\t\t<div class=\"elementor-widget-container\">\n\t\t\t\t\t\t\t\t\t<h5 style=\"text-align: center\"><span style=\"color: #ffffff\">Downloaden Sie die FMS-Abschluss-Studie &amp; Infografiken<\/span><\/h5><h5 style=\"text-align: center\"><span style=\"color: #ffffff\">f\u00fcr einen umfassenden Einblick<\/span><\/h5>\t\t\t\t\t\t\t\t<\/div>\n\t\t\t\t<\/div>\n\t\t\t\t<div class=\"elementor-element elementor-element-988e955 elementor-hidden-mobile elementor-widget elementor-widget-spacer\" data-id=\"988e955\" data-element_type=\"widget\" data-widget_type=\"spacer.default\">\n\t\t\t\t<div class=\"elementor-widget-container\">\n\t\t\t\t\t\t\t<div class=\"elementor-spacer\">\n\t\t\t<div class=\"elementor-spacer-inner\"><\/div>\n\t\t<\/div>\n\t\t\t\t\t\t<\/div>\n\t\t\t\t<\/div>\n\t\t\t\t<div class=\"elementor-element elementor-element-56e0e13 elementor-cta--skin-cover elementor-animated-content elementor-bg-transform elementor-bg-transform-zoom-in elementor-widget elementor-widget-call-to-action\" data-id=\"56e0e13\" data-element_type=\"widget\" data-widget_type=\"call-to-action.default\">\n\t\t\t\t<div class=\"elementor-widget-container\">\n\t\t\t\t\t\t\t<div class=\"elementor-cta\">\n\t\t\t\t\t<div class=\"elementor-cta__bg-wrapper\">\n\t\t\t\t<div class=\"elementor-cta__bg elementor-bg\" style=\"background-image: url(https:\/\/cdn.encoreglobal.com\/wp-content\/uploads\/sites\/2\/2023\/03\/24113432\/FMS-Brochure3-1-1024x319.png);\" role=\"img\" aria-label=\"FMS-Brochure3.png\"><\/div>\n\t\t\t\t<div class=\"elementor-cta__bg-overlay\"><\/div>\n\t\t\t<\/div>\n\t\t\t\t\t\t\t<div class=\"elementor-cta__content\">\n\t\t\t\t\n\t\t\t\t\n\t\t\t\t\n\t\t\t\t\t\t\t\t\t<div class=\"elementor-cta__button-wrapper elementor-cta__content-item elementor-content-item elementor-animated-item--grow\">\n\t\t\t\t\t<a class=\"elementor-cta__button elementor-button elementor-size-\" href=\"https:\/\/www.encore-emea.com\/de\/danke-fms\/\">\n\t\t\t\t\t\tHerunterladen\t\t\t\t\t<\/a>\n\t\t\t\t\t<\/div>\n\t\t\t\t\t\t\t<\/div>\n\t\t\t\t\t\t<\/div>\n\t\t\t\t\t\t<\/div>\n\t\t\t\t<\/div>\n\t\t\t\t\t<\/div>\n\t\t<\/div>\n\t\t\t\t\t<\/div>\n\t\t<\/section>\n\t\t\t\t<\/div>\n\t\t","protected":false},"excerpt":{"rendered":"<p>Entdecken Sie, was in der Veranstaltungsbranche auf uns zukommt\u00a0 M\u00f6chten Sie \u00fcber die Trends in der MICE-Branche auf dem Laufenden bleiben? Wir berichten kontinuierlich \u00fcber neueste Erkenntnisse und sind sehr stolz, den Innovationsverbund Future Meeting Space (FMS) als Forschungspartner zu unterst\u00fctzen. Initiiert vom German Convention Bureau e.V. (GCB) und dem Fraunhofer-Institut f\u00fcr Arbeitswirtschaft und Organisation &#8230; <a href=\"https:\/\/info.encore-emea.com\/de\/future-meeting-space-2022-download\/\">Weiterlesen<\/a><\/p>\n","protected":false},"author":5628,"featured_media":0,"parent":0,"menu_order":0,"comment_status":"closed","ping_status":"closed","template":"page-templates\/template-hybrid.php","meta":{"footnotes":""},"tags":[],"class_list":["post-48281","page","type-page","status-publish","hentry"],"yoast_head":"<!-- This site is optimized with the Yoast SEO Premium plugin v25.4 (Yoast SEO v25.4) - https:\/\/yoast.com\/wordpress\/plugins\/seo\/ -->\n<title>Future Meeting Space 2022 - Encore EMEA<\/title>\n<meta name=\"robots\" content=\"noindex, follow, max-snippet:-1, max-image-preview:large, max-video-preview:-1\" \/>\n<meta property=\"og:locale\" content=\"de_DE\" \/>\n<meta property=\"og:type\" content=\"article\" \/>\n<meta property=\"og:title\" content=\"Future Meeting Space 2022\" \/>\n<meta property=\"og:description\" content=\"Entdecken Sie, was in der Veranstaltungsbranche auf uns zukommt\u00a0 M\u00f6chten Sie \u00fcber die Trends in der MICE-Branche auf dem Laufenden bleiben? Wir berichten kontinuierlich \u00fcber neueste Erkenntnisse und sind sehr stolz, den Innovationsverbund Future Meeting Space (FMS) als Forschungspartner zu unterst\u00fctzen. Initiiert vom German Convention Bureau e.V. (GCB) und dem Fraunhofer-Institut f\u00fcr Arbeitswirtschaft und Organisation ... Weiterlesen\" \/>\n<meta property=\"og:url\" content=\"https:\/\/info.encore-emea.com\/de\/future-meeting-space-2022-download\/\" \/>\n<meta property=\"og:site_name\" content=\"Encore EMEA\" \/>\n<meta property=\"article:publisher\" content=\"https:\/\/www.facebook.com\/EncoreEMEA\" \/>\n<meta property=\"article:modified_time\" content=\"2023-03-24T11:36:57+00:00\" \/>\n<meta name=\"twitter:card\" content=\"summary_large_image\" \/>\n<meta name=\"twitter:site\" content=\"@EncoreEMEA\" \/>\n<meta name=\"twitter:label1\" content=\"Gesch\u00e4tzte Lesezeit\" \/>\n\t<meta name=\"twitter:data1\" content=\"1 Minute\" \/>\n<script type=\"application\/ld+json\" class=\"yoast-schema-graph\">{\"@context\":\"https:\/\/schema.org\",\"@graph\":[{\"@type\":\"WebPage\",\"@id\":\"https:\/\/info.encore-emea.com\/de\/future-meeting-space-2022-download\/\",\"url\":\"https:\/\/info.encore-emea.com\/de\/future-meeting-space-2022-download\/\",\"name\":\"Future Meeting Space 2022 - Encore EMEA\",\"isPartOf\":{\"@id\":\"https:\/\/info.encore-emea.com\/#website\"},\"datePublished\":\"2023-03-24T11:32:39+00:00\",\"dateModified\":\"2023-03-24T11:36:57+00:00\",\"breadcrumb\":{\"@id\":\"https:\/\/info.encore-emea.com\/de\/future-meeting-space-2022-download\/#breadcrumb\"},\"inLanguage\":\"de-DE\",\"potentialAction\":[{\"@type\":\"ReadAction\",\"target\":[\"https:\/\/info.encore-emea.com\/de\/future-meeting-space-2022-download\/\"]}]},{\"@type\":\"BreadcrumbList\",\"@id\":\"https:\/\/info.encore-emea.com\/de\/future-meeting-space-2022-download\/#breadcrumb\",\"itemListElement\":[{\"@type\":\"ListItem\",\"position\":1,\"name\":\"Home\",\"item\":\"https:\/\/info.encore-emea.com\/de\/\"},{\"@type\":\"ListItem\",\"position\":2,\"name\":\"Future Meeting Space 2022\"}]},{\"@type\":\"WebSite\",\"@id\":\"https:\/\/info.encore-emea.com\/#website\",\"url\":\"https:\/\/info.encore-emea.com\/\",\"name\":\"Encore EMEA\",\"description\":\"Events That Transform\",\"publisher\":{\"@id\":\"https:\/\/info.encore-emea.com\/#organization\"},\"potentialAction\":[{\"@type\":\"SearchAction\",\"target\":{\"@type\":\"EntryPoint\",\"urlTemplate\":\"https:\/\/info.encore-emea.com\/?s={search_term_string}\"},\"query-input\":{\"@type\":\"PropertyValueSpecification\",\"valueRequired\":true,\"valueName\":\"search_term_string\"}}],\"inLanguage\":\"de-DE\"},{\"@type\":\"Organization\",\"@id\":\"https:\/\/info.encore-emea.com\/#organization\",\"name\":\"ENCORE EMEA\",\"url\":\"https:\/\/info.encore-emea.com\/\",\"logo\":{\"@type\":\"ImageObject\",\"inLanguage\":\"de-DE\",\"@id\":\"https:\/\/info.encore-emea.com\/#\/schema\/logo\/image\/\",\"url\":\"https:\/\/cdn.encoreglobal.com\/wp-content\/uploads\/sites\/2\/2021\/01\/13170758\/encore_logo_RGB.png\",\"contentUrl\":\"https:\/\/cdn.encoreglobal.com\/wp-content\/uploads\/sites\/2\/2021\/01\/13170758\/encore_logo_RGB.png\",\"width\":6797,\"height\":1934,\"caption\":\"ENCORE EMEA\"},\"image\":{\"@id\":\"https:\/\/info.encore-emea.com\/#\/schema\/logo\/image\/\"},\"sameAs\":[\"https:\/\/www.facebook.com\/EncoreEMEA\",\"https:\/\/x.com\/EncoreEMEA\",\"https:\/\/www.instagram.com\/encoreemea\/\",\"https:\/\/www.linkedin.com\/company\/encoreuk\/\"]}]}<\/script>\n<!-- \/ Yoast SEO Premium plugin. -->","yoast_head_json":{"title":"Future Meeting Space 2022 - Encore EMEA","robots":{"index":"noindex","follow":"follow","max-snippet":"max-snippet:-1","max-image-preview":"max-image-preview:large","max-video-preview":"max-video-preview:-1"},"og_locale":"de_DE","og_type":"article","og_title":"Future Meeting Space 2022","og_description":"Entdecken Sie, was in der Veranstaltungsbranche auf uns zukommt\u00a0 M\u00f6chten Sie \u00fcber die Trends in der MICE-Branche auf dem Laufenden bleiben? Wir berichten kontinuierlich \u00fcber neueste Erkenntnisse und sind sehr stolz, den Innovationsverbund Future Meeting Space (FMS) als Forschungspartner zu unterst\u00fctzen. Initiiert vom German Convention Bureau e.V. (GCB) und dem Fraunhofer-Institut f\u00fcr Arbeitswirtschaft und Organisation ... Weiterlesen","og_url":"https:\/\/info.encore-emea.com\/de\/future-meeting-space-2022-download\/","og_site_name":"Encore EMEA","article_publisher":"https:\/\/www.facebook.com\/EncoreEMEA","article_modified_time":"2023-03-24T11:36:57+00:00","twitter_card":"summary_large_image","twitter_site":"@EncoreEMEA","twitter_misc":{"Gesch\u00e4tzte Lesezeit":"1 Minute"},"schema":{"@context":"https:\/\/schema.org","@graph":[{"@type":"WebPage","@id":"https:\/\/info.encore-emea.com\/de\/future-meeting-space-2022-download\/","url":"https:\/\/info.encore-emea.com\/de\/future-meeting-space-2022-download\/","name":"Future Meeting Space 2022 - Encore EMEA","isPartOf":{"@id":"https:\/\/info.encore-emea.com\/#website"},"datePublished":"2023-03-24T11:32:39+00:00","dateModified":"2023-03-24T11:36:57+00:00","breadcrumb":{"@id":"https:\/\/info.encore-emea.com\/de\/future-meeting-space-2022-download\/#breadcrumb"},"inLanguage":"de-DE","potentialAction":[{"@type":"ReadAction","target":["https:\/\/info.encore-emea.com\/de\/future-meeting-space-2022-download\/"]}]},{"@type":"BreadcrumbList","@id":"https:\/\/info.encore-emea.com\/de\/future-meeting-space-2022-download\/#breadcrumb","itemListElement":[{"@type":"ListItem","position":1,"name":"Home","item":"https:\/\/info.encore-emea.com\/de\/"},{"@type":"ListItem","position":2,"name":"Future Meeting Space 2022"}]},{"@type":"WebSite","@id":"https:\/\/info.encore-emea.com\/#website","url":"https:\/\/info.encore-emea.com\/","name":"Encore EMEA","description":"Events That Transform","publisher":{"@id":"https:\/\/info.encore-emea.com\/#organization"},"potentialAction":[{"@type":"SearchAction","target":{"@type":"EntryPoint","urlTemplate":"https:\/\/info.encore-emea.com\/?s={search_term_string}"},"query-input":{"@type":"PropertyValueSpecification","valueRequired":true,"valueName":"search_term_string"}}],"inLanguage":"de-DE"},{"@type":"Organization","@id":"https:\/\/info.encore-emea.com\/#organization","name":"ENCORE EMEA","url":"https:\/\/info.encore-emea.com\/","logo":{"@type":"ImageObject","inLanguage":"de-DE","@id":"https:\/\/info.encore-emea.com\/#\/schema\/logo\/image\/","url":"https:\/\/cdn.encoreglobal.com\/wp-content\/uploads\/sites\/2\/2021\/01\/13170758\/encore_logo_RGB.png","contentUrl":"https:\/\/cdn.encoreglobal.com\/wp-content\/uploads\/sites\/2\/2021\/01\/13170758\/encore_logo_RGB.png","width":6797,"height":1934,"caption":"ENCORE EMEA"},"image":{"@id":"https:\/\/info.encore-emea.com\/#\/schema\/logo\/image\/"},"sameAs":["https:\/\/www.facebook.com\/EncoreEMEA","https:\/\/x.com\/EncoreEMEA","https:\/\/www.instagram.com\/encoreemea\/","https:\/\/www.linkedin.com\/company\/encoreuk\/"]}]}},"_links":{"self":[{"href":"https:\/\/info.encore-emea.com\/de\/wp-json\/wp\/v2\/pages\/48281","targetHints":{"allow":["GET"]}}],"collection":[{"href":"https:\/\/info.encore-emea.com\/de\/wp-json\/wp\/v2\/pages"}],"about":[{"href":"https:\/\/info.encore-emea.com\/de\/wp-json\/wp\/v2\/types\/page"}],"author":[{"embeddable":true,"href":"https:\/\/info.encore-emea.com\/de\/wp-json\/wp\/v2\/users\/5628"}],"replies":[{"embeddable":true,"href":"https:\/\/info.encore-emea.com\/de\/wp-json\/wp\/v2\/comments?post=48281"}],"version-history":[{"count":0,"href":"https:\/\/info.encore-emea.com\/de\/wp-json\/wp\/v2\/pages\/48281\/revisions"}],"wp:attachment":[{"href":"https:\/\/info.encore-emea.com\/de\/wp-json\/wp\/v2\/media?parent=48281"}],"wp:term":[{"taxonomy":"post_tag","embeddable":true,"href":"https:\/\/info.encore-emea.com\/de\/wp-json\/wp\/v2\/tags?post=48281"}],"curies":[{"name":"wp","href":"https:\/\/api.w.org\/{rel}","templated":true}]}}