{"id":13632,"date":"2020-05-09T00:20:21","date_gmt":"2020-05-09T00:20:21","guid":{"rendered":"https:\/\/staging.encore-emea.com\/modern-slavery-act\/"},"modified":"2022-11-13T18:40:11","modified_gmt":"2022-11-13T18:40:11","slug":"modern-slavery-act","status":"publish","type":"page","link":"https:\/\/info.encore-emea.com\/fr\/modern-slavery-act\/","title":{"rendered":"Modern Slavery Act"},"content":{"rendered":"\t\t<div data-elementor-type=\"wp-page\" data-elementor-id=\"13632\" class=\"elementor elementor-13632 elementor-3\" data-elementor-post-type=\"page\">\n\t\t\t\t\t\t<section class=\"elementor-section elementor-top-section elementor-element elementor-element-20ccea3 elementor-section-boxed elementor-section-height-default elementor-section-height-default\" data-id=\"20ccea3\" data-element_type=\"section\">\n\t\t\t\t\t\t<div class=\"elementor-container elementor-column-gap-default\">\n\t\t\t\t\t<div class=\"elementor-column elementor-col-100 elementor-top-column elementor-element elementor-element-52e6750f\" data-id=\"52e6750f\" data-element_type=\"column\">\n\t\t\t<div class=\"elementor-widget-wrap elementor-element-populated\">\n\t\t\t\t\t\t<div class=\"elementor-element elementor-element-5ae887bf elementor-widget elementor-widget-text-editor\" data-id=\"5ae887bf\" data-element_type=\"widget\" data-widget_type=\"text-editor.default\">\n\t\t\t\t<div class=\"elementor-widget-container\">\n\t\t\t\t\t\t\t\t\t<h1><strong>Modern Slavery Act &#8211; Loi sur l&rsquo;esclavage moderne <\/strong><\/h1><p>Les soci\u00e9t\u00e9s du groupe Encore s&rsquo;engagent \u00e0 mener leurs activit\u00e9s de mani\u00e8re l\u00e9gale et \u00e9thique. C&rsquo;est pourquoi nous participons au Modern Slavery Act. Nous attendons des fournisseurs avec lesquels nous travaillons qu&rsquo;ils se comportent \u00e9galement de cette mani\u00e8re. Afin d&rsquo;\u00e9liminer et de pr\u00e9venir l&rsquo;esclavage et le trafic d\u2019\u00eatres humains dans nos cha\u00eenes d&rsquo;approvisionnement, nous avons mis en place diff\u00e9rents processus pour \u00e9valuer et combattre les risques de traite et d&rsquo;esclavage. Ces processus sont mis en \u0153uvre par Encore aux \u00c9tats-Unis et en France, Monaco et la Suisse. Ces processus de v\u00e9rification impliquent toutes les personnes et tous les services qui traitent avec nos fournisseurs, y compris nos \u00e9quipes d&rsquo;audit interne.<\/p><p>Une formation est dispens\u00e9e pour identifier et signaler le trafic d&rsquo;\u00eatres humains et l&rsquo;esclavage \u00e0 tout le personnel employ\u00e9 directement ou indirectement par Encore et li\u00e9 \u00e0 la cha\u00eene d&rsquo;approvisionnement. Une politique sur la traite des \u00eatres humains et l&rsquo;esclavage a \u00e9galement \u00e9t\u00e9 distribu\u00e9e \u00e0 tous les employ\u00e9s d&rsquo;Encore en France.<\/p><p>Tous les fournisseurs en relation avec Encore ont \u00e9t\u00e9 sensibilis\u00e9s \u00e0 notre engagement \u00e0 mener nos affaires de mani\u00e8re l\u00e9gale et \u00e9thique, ainsi qu&rsquo;\u00e0 nos attentes envers tous les fournisseurs pour qu&rsquo;ils agissent de la m\u00eame mani\u00e8re. Encore a remis \u00e0 ses fournisseurs son code de conduite des fournisseurs, qui interdit explicitement, entre autres, le recours au travail forc\u00e9 ou involontaire de quelque nature que ce soit, y compris le travail ill\u00e9gal des enfants. Nos fournisseurs confirment par \u00e9crit qu&rsquo;ils ont pris connaissance du code de conduite Encore des fournisseurs et sont ainsi tenus de respecter ces normes.<\/p>\t\t\t\t\t\t\t\t<\/div>\n\t\t\t\t<\/div>\n\t\t\t\t\t<\/div>\n\t\t<\/div>\n\t\t\t\t\t<\/div>\n\t\t<\/section>\n\t\t\t\t<\/div>\n\t\t","protected":false},"excerpt":{"rendered":"<p>Modern Slavery Act &#8211; Loi sur l&rsquo;esclavage moderne Les soci\u00e9t\u00e9s du groupe Encore s&rsquo;engagent \u00e0 mener leurs activit\u00e9s de mani\u00e8re l\u00e9gale et \u00e9thique. C&rsquo;est pourquoi nous participons au Modern Slavery Act. Nous attendons des fournisseurs avec lesquels nous travaillons qu&rsquo;ils se comportent \u00e9galement de cette mani\u00e8re. Afin d&rsquo;\u00e9liminer et de pr\u00e9venir l&rsquo;esclavage et le trafic &#8230; <a href=\"https:\/\/info.encore-emea.com\/fr\/modern-slavery-act\/\">En savoir plus<\/a><\/p>\n","protected":false},"author":41,"featured_media":24463,"parent":0,"menu_order":0,"comment_status":"closed","ping_status":"closed","template":"","meta":{"footnotes":""},"tags":[],"class_list":["post-13632","page","type-page","status-publish","has-post-thumbnail","hentry"],"yoast_head":"<!-- This site is optimized with the Yoast SEO Premium plugin v25.4 (Yoast SEO v25.4) - https:\/\/yoast.com\/wordpress\/plugins\/seo\/ -->\n<title>Modern Slavery Act - Lawful and Ethical Business - Encore EMEA<\/title>\n<meta name=\"description\" content=\"The Encore family of companies are dedicated to conducting business in a lawful and ethical manner. That&#039;s why we participate in the Modern Slavery Act.\" \/>\n<meta name=\"robots\" content=\"noindex, follow, max-snippet:-1, max-image-preview:large, max-video-preview:-1\" \/>\n<meta property=\"og:locale\" content=\"fr_FR\" \/>\n<meta property=\"og:type\" content=\"article\" \/>\n<meta property=\"og:title\" content=\"Modern Slavery Act\" \/>\n<meta property=\"og:description\" content=\"The Encore family of companies are dedicated to conducting business in a lawful and ethical manner. That&#039;s why we participate in the Modern Slavery Act.\" \/>\n<meta property=\"og:url\" content=\"https:\/\/info.encore-emea.com\/modern-slavery-act\/\" \/>\n<meta property=\"og:site_name\" content=\"Encore EMEA\" \/>\n<meta property=\"article:publisher\" content=\"https:\/\/www.facebook.com\/EncoreEMEA\" \/>\n<meta property=\"article:modified_time\" content=\"2022-11-13T18:40:11+00:00\" \/>\n<meta property=\"og:image\" content=\"https:\/\/cdn.encoreglobal.com\/wp-content\/uploads\/sites\/2\/2021\/07\/04065312\/encore_generic_feature.png\" \/>\n\t<meta property=\"og:image:width\" content=\"708\" \/>\n\t<meta property=\"og:image:height\" content=\"395\" \/>\n\t<meta property=\"og:image:type\" content=\"image\/png\" \/>\n<meta name=\"twitter:card\" content=\"summary_large_image\" \/>\n<meta name=\"twitter:site\" content=\"@EncoreEMEA\" \/>\n<meta name=\"twitter:label1\" content=\"Dur\u00e9e de lecture estim\u00e9e\" \/>\n\t<meta name=\"twitter:data1\" content=\"2 minutes\" \/>\n<script type=\"application\/ld+json\" class=\"yoast-schema-graph\">{\"@context\":\"https:\/\/schema.org\",\"@graph\":[{\"@type\":\"WebPage\",\"@id\":\"https:\/\/info.encore-emea.com\/modern-slavery-act\/\",\"url\":\"https:\/\/info.encore-emea.com\/modern-slavery-act\/\",\"name\":\"Modern Slavery Act - Lawful and Ethical Business - Encore EMEA\",\"isPartOf\":{\"@id\":\"https:\/\/info.encore-emea.com\/#website\"},\"primaryImageOfPage\":{\"@id\":\"https:\/\/info.encore-emea.com\/modern-slavery-act\/#primaryimage\"},\"image\":{\"@id\":\"https:\/\/info.encore-emea.com\/modern-slavery-act\/#primaryimage\"},\"thumbnailUrl\":\"https:\/\/cdn.encoreglobal.com\/wp-content\/uploads\/sites\/2\/2021\/07\/04065312\/encore_generic_feature.png\",\"datePublished\":\"2020-05-09T00:20:21+00:00\",\"dateModified\":\"2022-11-13T18:40:11+00:00\",\"description\":\"The Encore family of companies are dedicated to conducting business in a lawful and ethical manner. That's why we participate in the Modern Slavery Act.\",\"breadcrumb\":{\"@id\":\"https:\/\/info.encore-emea.com\/modern-slavery-act\/#breadcrumb\"},\"inLanguage\":\"fr-FR\",\"potentialAction\":[{\"@type\":\"ReadAction\",\"target\":[\"https:\/\/info.encore-emea.com\/modern-slavery-act\/\"]}]},{\"@type\":\"ImageObject\",\"inLanguage\":\"fr-FR\",\"@id\":\"https:\/\/info.encore-emea.com\/modern-slavery-act\/#primaryimage\",\"url\":\"https:\/\/cdn.encoreglobal.com\/wp-content\/uploads\/sites\/2\/2021\/07\/04065312\/encore_generic_feature.png\",\"contentUrl\":\"https:\/\/cdn.encoreglobal.com\/wp-content\/uploads\/sites\/2\/2021\/07\/04065312\/encore_generic_feature.png\",\"width\":708,\"height\":395},{\"@type\":\"BreadcrumbList\",\"@id\":\"https:\/\/info.encore-emea.com\/modern-slavery-act\/#breadcrumb\",\"itemListElement\":[{\"@type\":\"ListItem\",\"position\":1,\"name\":\"Home\",\"item\":\"https:\/\/info.encore-emea.com\/fr\/\"},{\"@type\":\"ListItem\",\"position\":2,\"name\":\"Modern Slavery Act\"}]},{\"@type\":\"WebSite\",\"@id\":\"https:\/\/info.encore-emea.com\/#website\",\"url\":\"https:\/\/info.encore-emea.com\/\",\"name\":\"Encore EMEA\",\"description\":\"Events That Transform\",\"publisher\":{\"@id\":\"https:\/\/info.encore-emea.com\/#organization\"},\"potentialAction\":[{\"@type\":\"SearchAction\",\"target\":{\"@type\":\"EntryPoint\",\"urlTemplate\":\"https:\/\/info.encore-emea.com\/?s={search_term_string}\"},\"query-input\":{\"@type\":\"PropertyValueSpecification\",\"valueRequired\":true,\"valueName\":\"search_term_string\"}}],\"inLanguage\":\"fr-FR\"},{\"@type\":\"Organization\",\"@id\":\"https:\/\/info.encore-emea.com\/#organization\",\"name\":\"ENCORE EMEA\",\"url\":\"https:\/\/info.encore-emea.com\/\",\"logo\":{\"@type\":\"ImageObject\",\"inLanguage\":\"fr-FR\",\"@id\":\"https:\/\/info.encore-emea.com\/#\/schema\/logo\/image\/\",\"url\":\"https:\/\/cdn.encoreglobal.com\/wp-content\/uploads\/sites\/2\/2021\/01\/13170758\/encore_logo_RGB.png\",\"contentUrl\":\"https:\/\/cdn.encoreglobal.com\/wp-content\/uploads\/sites\/2\/2021\/01\/13170758\/encore_logo_RGB.png\",\"width\":6797,\"height\":1934,\"caption\":\"ENCORE EMEA\"},\"image\":{\"@id\":\"https:\/\/info.encore-emea.com\/#\/schema\/logo\/image\/\"},\"sameAs\":[\"https:\/\/www.facebook.com\/EncoreEMEA\",\"https:\/\/x.com\/EncoreEMEA\",\"https:\/\/www.instagram.com\/encoreemea\/\",\"https:\/\/www.linkedin.com\/company\/encoreuk\/\"]}]}<\/script>\n<!-- \/ Yoast SEO Premium plugin. -->","yoast_head_json":{"title":"Modern Slavery Act - Lawful and Ethical Business - Encore EMEA","description":"The Encore family of companies are dedicated to conducting business in a lawful and ethical manner. That's why we participate in the Modern Slavery Act.","robots":{"index":"noindex","follow":"follow","max-snippet":"max-snippet:-1","max-image-preview":"max-image-preview:large","max-video-preview":"max-video-preview:-1"},"og_locale":"fr_FR","og_type":"article","og_title":"Modern Slavery Act","og_description":"The Encore family of companies are dedicated to conducting business in a lawful and ethical manner. That's why we participate in the Modern Slavery Act.","og_url":"https:\/\/info.encore-emea.com\/modern-slavery-act\/","og_site_name":"Encore EMEA","article_publisher":"https:\/\/www.facebook.com\/EncoreEMEA","article_modified_time":"2022-11-13T18:40:11+00:00","og_image":[{"width":708,"height":395,"url":"https:\/\/cdn.encoreglobal.com\/wp-content\/uploads\/sites\/2\/2021\/07\/04065312\/encore_generic_feature.png","type":"image\/png"}],"twitter_card":"summary_large_image","twitter_site":"@EncoreEMEA","twitter_misc":{"Dur\u00e9e de lecture estim\u00e9e":"2 minutes"},"schema":{"@context":"https:\/\/schema.org","@graph":[{"@type":"WebPage","@id":"https:\/\/info.encore-emea.com\/modern-slavery-act\/","url":"https:\/\/info.encore-emea.com\/modern-slavery-act\/","name":"Modern Slavery Act - Lawful and Ethical Business - Encore EMEA","isPartOf":{"@id":"https:\/\/info.encore-emea.com\/#website"},"primaryImageOfPage":{"@id":"https:\/\/info.encore-emea.com\/modern-slavery-act\/#primaryimage"},"image":{"@id":"https:\/\/info.encore-emea.com\/modern-slavery-act\/#primaryimage"},"thumbnailUrl":"https:\/\/cdn.encoreglobal.com\/wp-content\/uploads\/sites\/2\/2021\/07\/04065312\/encore_generic_feature.png","datePublished":"2020-05-09T00:20:21+00:00","dateModified":"2022-11-13T18:40:11+00:00","description":"The Encore family of companies are dedicated to conducting business in a lawful and ethical manner. That's why we participate in the Modern Slavery Act.","breadcrumb":{"@id":"https:\/\/info.encore-emea.com\/modern-slavery-act\/#breadcrumb"},"inLanguage":"fr-FR","potentialAction":[{"@type":"ReadAction","target":["https:\/\/info.encore-emea.com\/modern-slavery-act\/"]}]},{"@type":"ImageObject","inLanguage":"fr-FR","@id":"https:\/\/info.encore-emea.com\/modern-slavery-act\/#primaryimage","url":"https:\/\/cdn.encoreglobal.com\/wp-content\/uploads\/sites\/2\/2021\/07\/04065312\/encore_generic_feature.png","contentUrl":"https:\/\/cdn.encoreglobal.com\/wp-content\/uploads\/sites\/2\/2021\/07\/04065312\/encore_generic_feature.png","width":708,"height":395},{"@type":"BreadcrumbList","@id":"https:\/\/info.encore-emea.com\/modern-slavery-act\/#breadcrumb","itemListElement":[{"@type":"ListItem","position":1,"name":"Home","item":"https:\/\/info.encore-emea.com\/fr\/"},{"@type":"ListItem","position":2,"name":"Modern Slavery Act"}]},{"@type":"WebSite","@id":"https:\/\/info.encore-emea.com\/#website","url":"https:\/\/info.encore-emea.com\/","name":"Encore EMEA","description":"Events That Transform","publisher":{"@id":"https:\/\/info.encore-emea.com\/#organization"},"potentialAction":[{"@type":"SearchAction","target":{"@type":"EntryPoint","urlTemplate":"https:\/\/info.encore-emea.com\/?s={search_term_string}"},"query-input":{"@type":"PropertyValueSpecification","valueRequired":true,"valueName":"search_term_string"}}],"inLanguage":"fr-FR"},{"@type":"Organization","@id":"https:\/\/info.encore-emea.com\/#organization","name":"ENCORE EMEA","url":"https:\/\/info.encore-emea.com\/","logo":{"@type":"ImageObject","inLanguage":"fr-FR","@id":"https:\/\/info.encore-emea.com\/#\/schema\/logo\/image\/","url":"https:\/\/cdn.encoreglobal.com\/wp-content\/uploads\/sites\/2\/2021\/01\/13170758\/encore_logo_RGB.png","contentUrl":"https:\/\/cdn.encoreglobal.com\/wp-content\/uploads\/sites\/2\/2021\/01\/13170758\/encore_logo_RGB.png","width":6797,"height":1934,"caption":"ENCORE EMEA"},"image":{"@id":"https:\/\/info.encore-emea.com\/#\/schema\/logo\/image\/"},"sameAs":["https:\/\/www.facebook.com\/EncoreEMEA","https:\/\/x.com\/EncoreEMEA","https:\/\/www.instagram.com\/encoreemea\/","https:\/\/www.linkedin.com\/company\/encoreuk\/"]}]}},"_links":{"self":[{"href":"https:\/\/info.encore-emea.com\/fr\/wp-json\/wp\/v2\/pages\/13632","targetHints":{"allow":["GET"]}}],"collection":[{"href":"https:\/\/info.encore-emea.com\/fr\/wp-json\/wp\/v2\/pages"}],"about":[{"href":"https:\/\/info.encore-emea.com\/fr\/wp-json\/wp\/v2\/types\/page"}],"author":[{"embeddable":true,"href":"https:\/\/info.encore-emea.com\/fr\/wp-json\/wp\/v2\/users\/41"}],"replies":[{"embeddable":true,"href":"https:\/\/info.encore-emea.com\/fr\/wp-json\/wp\/v2\/comments?post=13632"}],"version-history":[{"count":0,"href":"https:\/\/info.encore-emea.com\/fr\/wp-json\/wp\/v2\/pages\/13632\/revisions"}],"wp:featuredmedia":[{"embeddable":true,"href":"https:\/\/info.encore-emea.com\/fr\/wp-json\/wp\/v2\/media\/24463"}],"wp:attachment":[{"href":"https:\/\/info.encore-emea.com\/fr\/wp-json\/wp\/v2\/media?parent=13632"}],"wp:term":[{"taxonomy":"post_tag","embeddable":true,"href":"https:\/\/info.encore-emea.com\/fr\/wp-json\/wp\/v2\/tags?post=13632"}],"curies":[{"name":"wp","href":"https:\/\/api.w.org\/{rel}","templated":true}]}}