{"id":2257,"date":"2020-07-11T05:36:44","date_gmt":"2020-07-11T05:36:44","guid":{"rendered":"https:\/\/staging.encore-emea.com\/bandwidth-calculator\/"},"modified":"2023-01-12T06:12:58","modified_gmt":"2023-01-12T06:12:58","slug":"calculateur-de-bande-passante","status":"publish","type":"page","link":"https:\/\/info.encore-emea.com\/fr\/calculateur-de-bande-passante\/","title":{"rendered":"Calculateur de bande passante"},"content":{"rendered":"\t\t<div data-elementor-type=\"wp-page\" data-elementor-id=\"2257\" class=\"elementor elementor-2257 elementor-1015\" data-elementor-post-type=\"page\">\n\t\t\t\t\t\t<section class=\"elementor-section elementor-top-section elementor-element elementor-element-18f736d6 elementor-section-boxed elementor-section-height-default elementor-section-height-default\" data-id=\"18f736d6\" data-element_type=\"section\">\n\t\t\t\t\t\t<div class=\"elementor-container elementor-column-gap-default\">\n\t\t\t\t\t<div class=\"elementor-column elementor-col-100 elementor-top-column elementor-element elementor-element-7bd0a133\" data-id=\"7bd0a133\" data-element_type=\"column\">\n\t\t\t<div class=\"elementor-widget-wrap elementor-element-populated\">\n\t\t\t\t\t\t<div class=\"elementor-element elementor-element-2c77194 elementor-widget elementor-widget-image\" data-id=\"2c77194\" data-element_type=\"widget\" data-widget_type=\"image.default\">\n\t\t\t\t<div class=\"elementor-widget-container\">\n\t\t\t\t\t\t\t\t\t\t\t\t\t\t\t<img fetchpriority=\"high\" decoding=\"async\" width=\"1024\" height=\"84\" src=\"https:\/\/cdn.encoreglobal.com\/wp-content\/uploads\/sites\/2\/2021\/05\/25134457\/EncoreEMEA_BandwidthCalc.png\" class=\"attachment-large size-large wp-image-22175\" alt=\"\" srcset=\"https:\/\/cdn.encoreglobal.com\/wp-content\/uploads\/sites\/2\/2021\/05\/25134457\/EncoreEMEA_BandwidthCalc.png 1024w, https:\/\/cdn.encoreglobal.com\/wp-content\/uploads\/sites\/2\/2021\/05\/25134457\/EncoreEMEA_BandwidthCalc-300x25.png 300w, https:\/\/cdn.encoreglobal.com\/wp-content\/uploads\/sites\/2\/2021\/05\/25134457\/EncoreEMEA_BandwidthCalc-768x63.png 768w\" sizes=\"(max-width: 1024px) 100vw, 1024px\" \/>\t\t\t\t\t\t\t\t\t\t\t\t\t\t\t<\/div>\n\t\t\t\t<\/div>\n\t\t\t\t\t<\/div>\n\t\t<\/div>\n\t\t\t\t\t<\/div>\n\t\t<\/section>\n\t\t\t\t<section class=\"elementor-section elementor-top-section elementor-element elementor-element-554d68be elementor-section-boxed elementor-section-height-default elementor-section-height-default\" data-id=\"554d68be\" data-element_type=\"section\">\n\t\t\t\t\t\t<div class=\"elementor-container elementor-column-gap-default\">\n\t\t\t\t\t<div class=\"elementor-column elementor-col-50 elementor-top-column elementor-element elementor-element-27ca4a12\" data-id=\"27ca4a12\" data-element_type=\"column\">\n\t\t\t<div class=\"elementor-widget-wrap elementor-element-populated\">\n\t\t\t\t\t\t<div class=\"elementor-element elementor-element-15a11a7 elementor-widget elementor-widget-heading\" data-id=\"15a11a7\" data-element_type=\"widget\" data-widget_type=\"heading.default\">\n\t\t\t\t<div class=\"elementor-widget-container\">\n\t\t\t\t\t<h2 class=\"elementor-heading-title elementor-size-default\">Comment \u00e7a marche<\/h2>\t\t\t\t<\/div>\n\t\t\t\t<\/div>\n\t\t\t\t<div class=\"elementor-element elementor-element-368a2563 elementor-widget elementor-widget-text-editor\" data-id=\"368a2563\" data-element_type=\"widget\" data-widget_type=\"text-editor.default\">\n\t\t\t\t<div class=\"elementor-widget-container\">\n\t\t\t\t\t\t\t\t\t<p>Saisissez une estimation du nombre de participants \u00e0 la r\u00e9union, le type d&rsquo;utilisation, et si vous souhaitez prendre en charge plusieurs appareils par participant. Pour plusieurs appareils, nous calculerons un forfait de bande passante suppl\u00e9mentaire de 25%, en partant du principe que la plupart des utilisateurs n&rsquo;utiliseront qu&rsquo;un seul appareil \u00e0 la fois<\/p><p>Bande passante Partag\u00e9e ou D\u00e9di\u00e9e: Vous \u00eates-vous d\u00e9j\u00e0 demand\u00e9 quelle \u00e9tait la diff\u00e9rence et \u00e0 quel moment faut-il choisir l\u2019une ou l\u2019autre? Vous souhaitez en savoir plus sur Internet pour les \u00e9v\u00e9nements? <strong>Regardez notre vid\u00e9o!<\/strong><\/p>\t\t\t\t\t\t\t\t<\/div>\n\t\t\t\t<\/div>\n\t\t\t\t\t<\/div>\n\t\t<\/div>\n\t\t\t\t<div class=\"elementor-column elementor-col-50 elementor-top-column elementor-element elementor-element-480e7eb1\" data-id=\"480e7eb1\" data-element_type=\"column\">\n\t\t\t<div class=\"elementor-widget-wrap elementor-element-populated\">\n\t\t\t\t\t\t<div class=\"elementor-element elementor-element-75db11d2 elementor-widget elementor-widget-video\" data-id=\"75db11d2\" data-element_type=\"widget\" data-settings=\"{&quot;video_type&quot;:&quot;vimeo&quot;}\" data-widget_type=\"video.default\">\n\t\t\t\t<div class=\"elementor-widget-container\">\n\t\t\t\t\t\t\t<div class=\"elementor-wrapper elementor-open-inline\">\n\t\t\t<iframe class=\"elementor-video-iframe\" allowfullscreen allow=\"clipboard-write\" title=\"Lecteur vid\u00e9o vimeo\" src=\"https:\/\/player.vimeo.com\/video\/449353681?color&amp;autopause=0&amp;loop=0&amp;muted=0&amp;title=1&amp;portrait=1&amp;byline=1&amp;h=9d0006fdf9#t=\"><\/iframe>\t\t<\/div>\n\t\t\t\t\t\t<\/div>\n\t\t\t\t<\/div>\n\t\t\t\t\t<\/div>\n\t\t<\/div>\n\t\t\t\t\t<\/div>\n\t\t<\/section>\n\t\t\t\t<section class=\"elementor-section elementor-top-section elementor-element elementor-element-3fcd5cd elementor-section-stretched elementor-section-boxed elementor-section-height-default elementor-section-height-default\" data-id=\"3fcd5cd\" data-element_type=\"section\" data-settings=\"{&quot;stretch_section&quot;:&quot;section-stretched&quot;,&quot;background_background&quot;:&quot;classic&quot;}\">\n\t\t\t\t\t\t<div class=\"elementor-container elementor-column-gap-default\">\n\t\t\t\t\t<div class=\"elementor-column elementor-col-100 elementor-top-column elementor-element elementor-element-5f9174b\" data-id=\"5f9174b\" data-element_type=\"column\">\n\t\t\t<div class=\"elementor-widget-wrap elementor-element-populated\">\n\t\t\t\t\t\t<div class=\"elementor-element elementor-element-4e03c4e elementor-widget elementor-widget-encore-bandwidth\" data-id=\"4e03c4e\" data-element_type=\"widget\" data-widget_type=\"encore-bandwidth.default\">\n\t\t\t\t<div class=\"elementor-widget-container\">\n\t\t\t\t\t\n<div id=\"bandwidth-calculator\"><\/div>\n\n<script>\n    let reactData = {\"bandwidth_title\":\"\",\"bandwidth_description\":\"\",\"bandwidth_result_first_text\":\"\",\"bandwidth_result_second_text\":\"\",\"bandwidth_column_two_text\":\"\",\"bandwidth_contact_btn\":\"\",\"bandwidth_question_btn\":\"\",\"bandwidth_question_sendto\":\"internet@encoreglobal.com\",\"bandwidth_question_sendto_subject\":\"\",\"bandwidth_email_btn\":\"\",\"pdf_results_txt\":\"\",\"pdf-bandwidth-calculator-logo\":false,\"pdf_description_txt\":\"\",\"pdf_copyright_txt\":\"\",\"pdf_contact_txt\":\"\",\"attendee_color\":\"\",\"attendee_calculations\":\"%users*(LOG(1.01531,%users)*%tier)*100\",\"attendee_tooltip\":\"\",\"attendee_title\":\"\",\"attendee_1_column_description\":\"\",\"attendee_results_text\":\"\",\"pdf_attendee_results_text\":\"\",\"attendee_2_input_label\":\"\",\"attendee_2_column_description\":\"\",\"attendee_3_input_label\":\"\",\"attendee_3_column_description\":\"\",\"live_streams_color\":\"\",\"live_streams_calculations\":\"(%encoders*15)+(%streams*5)\",\"live_streams_tooltip\":\"\",\"live_streams_title\":\"\",\"live_streams_1_column_description\":\"\",\"live_streams_results_text\":\"\",\"pdf_live_streams_results_text\":\"\",\"live_streams_2_input_label\":\"\",\"live_streams_2_column_description\":\"\",\"live_streams_3_input_label\":\"\",\"live_streams_3_column_description\":\"\",\"presenter_color\":\"\",\"presenter_calculations\":\"%sessions*%tier\",\"presenter_tooltip\":\"\",\"presenter_title\":\"\",\"presenter_1_column_description\":\"\",\"presenter_results_text\":\"\",\"pdf_presenter_results_text\":\"\",\"presenter_2_input_label\":\"\",\"presenter_2_column_description\":\"\",\"presenter_3_input_label\":\"\",\"presenter_3_column_description\":\"\",\"staff_color\":\"\",\"staff_calculations\":\"(%users*1.1)+5\",\"staff_tooltip\":\"\",\"staff_title\":\"\",\"staff_1_column_description\":\"\",\"staff_results_text\":\"\",\"pdf_staff_results_text\":\"\",\"staff_2_input_label\":\"\",\"staff_2_column_description\":\"\",\"registration_color\":\"\",\"registration_calculations\":\"%type\",\"registration_tooltip\":\"\",\"registration_title\":\"\",\"registration_1_column_description\":\"\",\"registration_results_text\":\"\",\"pdf_registration_results_text\":\"\",\"registration_2_input_label\":\"\",\"registration_2_column_description\":\"\",\"registration_2_input_custom_label\":\"\",\"production_color\":\"\",\"production_calculations\":\"%production\",\"production_tooltip\":\"\",\"production_title\":\"\",\"production_1_column_description\":\"\",\"production_results_text\":\"\",\"pdf_production_results_text\":\"\",\"production_2_input_label\":\"\",\"production_2_column_description\":\"\"};\n<\/script>\n\n<div class=\"modal micromodal-slide bandwidth-modal\" id=\"contactRep\" aria-hidden=\"true\">\n    <div class=\"modal__overlay\" tabindex=\"-1\" data-micromodal-close>\n        <div class=\"modal__container\" role=\"dialog\" aria-modal=\"true\" aria-labelledby=\"modal-1-title\" style=\"width:60%;\">\n            <header class=\"modal__header\">\n                <h2 class=\"modal__title\" id=\"modal-1-title\">\n                    Contact Representative\n                <\/h2>\n                <button class=\"modal__close close-btn\" aria-label=\"Close modal\" data-micromodal-close><\/button>\n            <\/header>\n            <main class=\"modal__content\" id=\"modal-1-content\">\n                <iframe src=\"https:\/\/create.encoreglobal.com\/eContactGlobalLocator?utm_source=&utm_medium=&utm_campaign=&utm_term=&utm_content=&utm_id=&campid=&furl=https:\/\/info.encore-emea.com\/fr\/wp-json\/wp\/v2\/pages\/2257\" title=\"\" width=\"100%\" height=\"1100px\" style=\"border:0px solid white;\"><\/iframe>                <!--<script src=\"\/\/info.encoreglobal.com\/js\/forms2\/js\/forms2.min.js\"><\/script>\n                <form id=\"mktoForm_1190\"><\/form>\n                <script>MktoForms2.loadForm(\"\/\/info.encoreglobal.com\", \"920-VLN-838\", 1190);<\/script>-->\n            <\/main>\n            <footer class=\"modal__footer\">\n                <button class=\"modal__btn close-btn\" data-micromodal-close aria-label=\"Close this dialog window\">Close<\/button>\n            <\/footer>\n        <\/div>\n    <\/div>\n<\/div>\n\t\t\t\t<\/div>\n\t\t\t\t<\/div>\n\t\t\t\t\t<\/div>\n\t\t<\/div>\n\t\t\t\t\t<\/div>\n\t\t<\/section>\n\t\t\t\t<\/div>\n\t\t","protected":false},"excerpt":{"rendered":"<p>Comment \u00e7a marche Saisissez une estimation du nombre de participants \u00e0 la r\u00e9union, le type d&rsquo;utilisation, et si vous souhaitez prendre en charge plusieurs appareils par participant. Pour plusieurs appareils, nous calculerons un forfait de bande passante suppl\u00e9mentaire de 25%, en partant du principe que la plupart des utilisateurs n&rsquo;utiliseront qu&rsquo;un seul appareil \u00e0 la &#8230; <a href=\"https:\/\/info.encore-emea.com\/fr\/calculateur-de-bande-passante\/\">En savoir plus<\/a><\/p>\n","protected":false},"author":6934,"featured_media":0,"parent":0,"menu_order":0,"comment_status":"closed","ping_status":"closed","template":"","meta":{"footnotes":""},"tags":[],"class_list":["post-2257","page","type-page","status-publish","hentry"],"yoast_head":"<!-- This site is optimized with the Yoast SEO Premium plugin v25.4 (Yoast SEO v25.4) - https:\/\/yoast.com\/wordpress\/plugins\/seo\/ -->\n<title>Calculateur de bande passante - Encore EMEA<\/title>\n<meta name=\"description\" content=\"Le calculateur de bande passante exclusif d&#039;Encore vous offre la confiance dont vous avez besoin pour planifier les d\u00e9tails techniques de votre \u00e9v\u00e9nement.\" \/>\n<meta name=\"robots\" content=\"noindex, follow, max-snippet:-1, max-image-preview:large, max-video-preview:-1\" \/>\n<meta property=\"og:locale\" content=\"fr_FR\" \/>\n<meta property=\"og:type\" content=\"article\" \/>\n<meta property=\"og:title\" content=\"Calculateur de bande passante\" \/>\n<meta property=\"og:description\" content=\"Le calculateur de bande passante exclusif d&#039;Encore vous offre la confiance dont vous avez besoin pour planifier les d\u00e9tails techniques de votre \u00e9v\u00e9nement.\" \/>\n<meta property=\"og:url\" content=\"https:\/\/info.encore-emea.com\/bandwidth-calculator\/\" \/>\n<meta property=\"og:site_name\" content=\"Encore EMEA\" \/>\n<meta property=\"article:publisher\" content=\"https:\/\/www.facebook.com\/EncoreEMEA\" \/>\n<meta property=\"article:modified_time\" content=\"2023-01-12T06:12:58+00:00\" \/>\n<meta property=\"og:image\" content=\"https:\/\/www.encoreglobal.com\/app\/uploads\/sites\/2\/2021\/05\/EncoreEMEA_BandwidthCalc.png\" \/>\n<meta name=\"twitter:card\" content=\"summary_large_image\" \/>\n<meta name=\"twitter:site\" content=\"@EncoreEMEA\" \/>\n<meta name=\"twitter:label1\" content=\"Dur\u00e9e de lecture estim\u00e9e\" \/>\n\t<meta name=\"twitter:data1\" content=\"1 minute\" \/>\n<script type=\"application\/ld+json\" class=\"yoast-schema-graph\">{\"@context\":\"https:\/\/schema.org\",\"@graph\":[{\"@type\":\"WebPage\",\"@id\":\"https:\/\/info.encore-emea.com\/bandwidth-calculator\/\",\"url\":\"https:\/\/info.encore-emea.com\/bandwidth-calculator\/\",\"name\":\"Calculateur de bande passante - Encore EMEA\",\"isPartOf\":{\"@id\":\"https:\/\/info.encore-emea.com\/#website\"},\"primaryImageOfPage\":{\"@id\":\"https:\/\/info.encore-emea.com\/bandwidth-calculator\/#primaryimage\"},\"image\":{\"@id\":\"https:\/\/info.encore-emea.com\/bandwidth-calculator\/#primaryimage\"},\"thumbnailUrl\":\"https:\/\/www.encoreglobal.com\/app\/uploads\/sites\/2\/2021\/05\/EncoreEMEA_BandwidthCalc.png\",\"datePublished\":\"2020-07-11T05:36:44+00:00\",\"dateModified\":\"2023-01-12T06:12:58+00:00\",\"description\":\"Le calculateur de bande passante exclusif d'Encore vous offre la confiance dont vous avez besoin pour planifier les d\u00e9tails techniques de votre \u00e9v\u00e9nement.\",\"breadcrumb\":{\"@id\":\"https:\/\/info.encore-emea.com\/bandwidth-calculator\/#breadcrumb\"},\"inLanguage\":\"fr-FR\",\"potentialAction\":[{\"@type\":\"ReadAction\",\"target\":[\"https:\/\/info.encore-emea.com\/bandwidth-calculator\/\"]}]},{\"@type\":\"ImageObject\",\"inLanguage\":\"fr-FR\",\"@id\":\"https:\/\/info.encore-emea.com\/bandwidth-calculator\/#primaryimage\",\"url\":\"https:\/\/www.encoreglobal.com\/app\/uploads\/sites\/2\/2021\/05\/EncoreEMEA_BandwidthCalc.png\",\"contentUrl\":\"https:\/\/www.encoreglobal.com\/app\/uploads\/sites\/2\/2021\/05\/EncoreEMEA_BandwidthCalc.png\"},{\"@type\":\"BreadcrumbList\",\"@id\":\"https:\/\/info.encore-emea.com\/bandwidth-calculator\/#breadcrumb\",\"itemListElement\":[{\"@type\":\"ListItem\",\"position\":1,\"name\":\"Home\",\"item\":\"https:\/\/info.encore-emea.com\/fr\/\"},{\"@type\":\"ListItem\",\"position\":2,\"name\":\"Calculateur de bande passante\"}]},{\"@type\":\"WebSite\",\"@id\":\"https:\/\/info.encore-emea.com\/#website\",\"url\":\"https:\/\/info.encore-emea.com\/\",\"name\":\"Encore EMEA\",\"description\":\"Events That Transform\",\"publisher\":{\"@id\":\"https:\/\/info.encore-emea.com\/#organization\"},\"potentialAction\":[{\"@type\":\"SearchAction\",\"target\":{\"@type\":\"EntryPoint\",\"urlTemplate\":\"https:\/\/info.encore-emea.com\/?s={search_term_string}\"},\"query-input\":{\"@type\":\"PropertyValueSpecification\",\"valueRequired\":true,\"valueName\":\"search_term_string\"}}],\"inLanguage\":\"fr-FR\"},{\"@type\":\"Organization\",\"@id\":\"https:\/\/info.encore-emea.com\/#organization\",\"name\":\"ENCORE EMEA\",\"url\":\"https:\/\/info.encore-emea.com\/\",\"logo\":{\"@type\":\"ImageObject\",\"inLanguage\":\"fr-FR\",\"@id\":\"https:\/\/info.encore-emea.com\/#\/schema\/logo\/image\/\",\"url\":\"https:\/\/cdn.encoreglobal.com\/wp-content\/uploads\/sites\/2\/2021\/01\/13170758\/encore_logo_RGB.png\",\"contentUrl\":\"https:\/\/cdn.encoreglobal.com\/wp-content\/uploads\/sites\/2\/2021\/01\/13170758\/encore_logo_RGB.png\",\"width\":6797,\"height\":1934,\"caption\":\"ENCORE EMEA\"},\"image\":{\"@id\":\"https:\/\/info.encore-emea.com\/#\/schema\/logo\/image\/\"},\"sameAs\":[\"https:\/\/www.facebook.com\/EncoreEMEA\",\"https:\/\/x.com\/EncoreEMEA\",\"https:\/\/www.instagram.com\/encoreemea\/\",\"https:\/\/www.linkedin.com\/company\/encoreuk\/\"]}]}<\/script>\n<!-- \/ Yoast SEO Premium plugin. -->","yoast_head_json":{"title":"Calculateur de bande passante - Encore EMEA","description":"Le calculateur de bande passante exclusif d'Encore vous offre la confiance dont vous avez besoin pour planifier les d\u00e9tails techniques de votre \u00e9v\u00e9nement.","robots":{"index":"noindex","follow":"follow","max-snippet":"max-snippet:-1","max-image-preview":"max-image-preview:large","max-video-preview":"max-video-preview:-1"},"og_locale":"fr_FR","og_type":"article","og_title":"Calculateur de bande passante","og_description":"Le calculateur de bande passante exclusif d'Encore vous offre la confiance dont vous avez besoin pour planifier les d\u00e9tails techniques de votre \u00e9v\u00e9nement.","og_url":"https:\/\/info.encore-emea.com\/bandwidth-calculator\/","og_site_name":"Encore EMEA","article_publisher":"https:\/\/www.facebook.com\/EncoreEMEA","article_modified_time":"2023-01-12T06:12:58+00:00","og_image":[{"url":"https:\/\/www.encoreglobal.com\/app\/uploads\/sites\/2\/2021\/05\/EncoreEMEA_BandwidthCalc.png","type":"","width":"","height":""}],"twitter_card":"summary_large_image","twitter_site":"@EncoreEMEA","twitter_misc":{"Dur\u00e9e de lecture estim\u00e9e":"1 minute"},"schema":{"@context":"https:\/\/schema.org","@graph":[{"@type":"WebPage","@id":"https:\/\/info.encore-emea.com\/bandwidth-calculator\/","url":"https:\/\/info.encore-emea.com\/bandwidth-calculator\/","name":"Calculateur de bande passante - Encore EMEA","isPartOf":{"@id":"https:\/\/info.encore-emea.com\/#website"},"primaryImageOfPage":{"@id":"https:\/\/info.encore-emea.com\/bandwidth-calculator\/#primaryimage"},"image":{"@id":"https:\/\/info.encore-emea.com\/bandwidth-calculator\/#primaryimage"},"thumbnailUrl":"https:\/\/www.encoreglobal.com\/app\/uploads\/sites\/2\/2021\/05\/EncoreEMEA_BandwidthCalc.png","datePublished":"2020-07-11T05:36:44+00:00","dateModified":"2023-01-12T06:12:58+00:00","description":"Le calculateur de bande passante exclusif d'Encore vous offre la confiance dont vous avez besoin pour planifier les d\u00e9tails techniques de votre \u00e9v\u00e9nement.","breadcrumb":{"@id":"https:\/\/info.encore-emea.com\/bandwidth-calculator\/#breadcrumb"},"inLanguage":"fr-FR","potentialAction":[{"@type":"ReadAction","target":["https:\/\/info.encore-emea.com\/bandwidth-calculator\/"]}]},{"@type":"ImageObject","inLanguage":"fr-FR","@id":"https:\/\/info.encore-emea.com\/bandwidth-calculator\/#primaryimage","url":"https:\/\/www.encoreglobal.com\/app\/uploads\/sites\/2\/2021\/05\/EncoreEMEA_BandwidthCalc.png","contentUrl":"https:\/\/www.encoreglobal.com\/app\/uploads\/sites\/2\/2021\/05\/EncoreEMEA_BandwidthCalc.png"},{"@type":"BreadcrumbList","@id":"https:\/\/info.encore-emea.com\/bandwidth-calculator\/#breadcrumb","itemListElement":[{"@type":"ListItem","position":1,"name":"Home","item":"https:\/\/info.encore-emea.com\/fr\/"},{"@type":"ListItem","position":2,"name":"Calculateur de bande passante"}]},{"@type":"WebSite","@id":"https:\/\/info.encore-emea.com\/#website","url":"https:\/\/info.encore-emea.com\/","name":"Encore EMEA","description":"Events That Transform","publisher":{"@id":"https:\/\/info.encore-emea.com\/#organization"},"potentialAction":[{"@type":"SearchAction","target":{"@type":"EntryPoint","urlTemplate":"https:\/\/info.encore-emea.com\/?s={search_term_string}"},"query-input":{"@type":"PropertyValueSpecification","valueRequired":true,"valueName":"search_term_string"}}],"inLanguage":"fr-FR"},{"@type":"Organization","@id":"https:\/\/info.encore-emea.com\/#organization","name":"ENCORE EMEA","url":"https:\/\/info.encore-emea.com\/","logo":{"@type":"ImageObject","inLanguage":"fr-FR","@id":"https:\/\/info.encore-emea.com\/#\/schema\/logo\/image\/","url":"https:\/\/cdn.encoreglobal.com\/wp-content\/uploads\/sites\/2\/2021\/01\/13170758\/encore_logo_RGB.png","contentUrl":"https:\/\/cdn.encoreglobal.com\/wp-content\/uploads\/sites\/2\/2021\/01\/13170758\/encore_logo_RGB.png","width":6797,"height":1934,"caption":"ENCORE EMEA"},"image":{"@id":"https:\/\/info.encore-emea.com\/#\/schema\/logo\/image\/"},"sameAs":["https:\/\/www.facebook.com\/EncoreEMEA","https:\/\/x.com\/EncoreEMEA","https:\/\/www.instagram.com\/encoreemea\/","https:\/\/www.linkedin.com\/company\/encoreuk\/"]}]}},"_links":{"self":[{"href":"https:\/\/info.encore-emea.com\/fr\/wp-json\/wp\/v2\/pages\/2257","targetHints":{"allow":["GET"]}}],"collection":[{"href":"https:\/\/info.encore-emea.com\/fr\/wp-json\/wp\/v2\/pages"}],"about":[{"href":"https:\/\/info.encore-emea.com\/fr\/wp-json\/wp\/v2\/types\/page"}],"author":[{"embeddable":true,"href":"https:\/\/info.encore-emea.com\/fr\/wp-json\/wp\/v2\/users\/6934"}],"replies":[{"embeddable":true,"href":"https:\/\/info.encore-emea.com\/fr\/wp-json\/wp\/v2\/comments?post=2257"}],"version-history":[{"count":0,"href":"https:\/\/info.encore-emea.com\/fr\/wp-json\/wp\/v2\/pages\/2257\/revisions"}],"wp:attachment":[{"href":"https:\/\/info.encore-emea.com\/fr\/wp-json\/wp\/v2\/media?parent=2257"}],"wp:term":[{"taxonomy":"post_tag","embeddable":true,"href":"https:\/\/info.encore-emea.com\/fr\/wp-json\/wp\/v2\/tags?post=2257"}],"curies":[{"name":"wp","href":"https:\/\/api.w.org\/{rel}","templated":true}]}}