{"id":2301,"date":"2020-05-13T00:03:01","date_gmt":"2020-05-13T00:03:01","guid":{"rendered":"https:\/\/staging.encore-emea.com\/event-solutions\/"},"modified":"2021-07-08T12:41:57","modified_gmt":"2021-07-08T12:41:57","slug":"solutions-evenementielles","status":"publish","type":"page","link":"https:\/\/info.encore-emea.com\/fr\/solutions-evenementielles\/","title":{"rendered":"Solutions \u00e9v\u00e8nementielles"},"content":{"rendered":"\t\t<div data-elementor-type=\"wp-page\" data-elementor-id=\"2301\" class=\"elementor elementor-2301 elementor-17\" data-elementor-post-type=\"page\">\n\t\t\t\t\t\t<section class=\"elementor-section elementor-top-section elementor-element elementor-element-80e8699 elementor-section-boxed elementor-section-height-default elementor-section-height-default\" data-id=\"80e8699\" data-element_type=\"section\">\n\t\t\t\t\t\t<div class=\"elementor-container elementor-column-gap-default\">\n\t\t\t\t\t<div class=\"elementor-column elementor-col-100 elementor-top-column elementor-element elementor-element-c7acd6e\" data-id=\"c7acd6e\" data-element_type=\"column\">\n\t\t\t<div class=\"elementor-widget-wrap elementor-element-populated\">\n\t\t\t\t\t\t<div class=\"elementor-element elementor-element-c29ea3b elementor-widget elementor-widget-video\" data-id=\"c29ea3b\" data-element_type=\"widget\" data-settings=\"{&quot;video_type&quot;:&quot;vimeo&quot;,&quot;show_image_overlay&quot;:&quot;yes&quot;,&quot;image_overlay&quot;:{&quot;url&quot;:&quot;https:\\\/\\\/encoreglobal.com\\\/app\\\/uploads\\\/sites\\\/2\\\/2021\\\/01\\\/brand-release-2.png&quot;,&quot;id&quot;:15888,&quot;size&quot;:&quot;&quot;}}\" data-widget_type=\"video.default\">\n\t\t\t\t<div class=\"elementor-widget-container\">\n\t\t\t\t\t\t\t<div class=\"elementor-wrapper elementor-open-inline\">\n\t\t\t<iframe class=\"elementor-video-iframe\" allowfullscreen allow=\"clipboard-write\" title=\"Lecteur vid\u00e9o vimeo\" src=\"https:\/\/player.vimeo.com\/video\/498329275?color&amp;autopause=0&amp;loop=0&amp;muted=0&amp;title=0&amp;portrait=0&amp;byline=0&amp;h=a40cf6e3fc#t=\"><\/iframe>\t\t\t\t<div class=\"elementor-custom-embed-image-overlay\" style=\"background-image: url(https:\/\/cdn.encoreglobal.com\/wp-content\/uploads\/sites\/2\/2021\/01\/19093652\/brand-release-2.png);\">\n\t\t\t\t\t\t\t\t\t\t\t\t\t\t\t\t<div class=\"elementor-custom-embed-play\" role=\"button\" aria-label=\"Lire la vid\u00e9o\" tabindex=\"0\">\n\t\t\t\t\t\t\t<i aria-hidden=\"true\" class=\"eicon-play\"><\/i>\t\t\t\t\t\t<\/div>\n\t\t\t\t\t\t\t\t\t<\/div>\n\t\t\t\t\t<\/div>\n\t\t\t\t\t\t<\/div>\n\t\t\t\t<\/div>\n\t\t\t\t<div class=\"elementor-element elementor-element-db581d3 elementor-widget elementor-widget-text-editor\" data-id=\"db581d3\" data-element_type=\"widget\" data-widget_type=\"text-editor.default\">\n\t\t\t\t<div class=\"elementor-widget-container\">\n\t\t\t\t\t\t\t\t\t<p style=\"text-align: center\">Notre partenariat va au-del\u00e0 du souci du d\u00e9tail pour faire en sorte que votre histoire soit per\u00e7ue de la mani\u00e8re la plus engageante possible. Pour la consultation, la planification, la gestion et la pr\u00e9production et jusqu\u2019\u00e0 la r\u00e9alisation de l\u2019\u00e9v\u00e8nement et la pr\u00e9paration du suivant, nous avons les \u00e9quipes et les solutions qu\u2019il faut pour obtenir le bon r\u00e9sultat<\/p>\t\t\t\t\t\t\t\t<\/div>\n\t\t\t\t<\/div>\n\t\t\t\t\t<\/div>\n\t\t<\/div>\n\t\t\t\t\t<\/div>\n\t\t<\/section>\n\t\t\t\t<section class=\"elementor-section elementor-top-section elementor-element elementor-element-cb376a6 elementor-section-boxed elementor-section-height-default elementor-section-height-default\" data-id=\"cb376a6\" data-element_type=\"section\">\n\t\t\t\t\t\t<div class=\"elementor-container elementor-column-gap-default\">\n\t\t\t\t\t<div class=\"elementor-column elementor-col-16 elementor-top-column elementor-element elementor-element-1eb3f6a\" data-id=\"1eb3f6a\" data-element_type=\"column\">\n\t\t\t<div class=\"elementor-widget-wrap\">\n\t\t\t\t\t\t\t<\/div>\n\t\t<\/div>\n\t\t\t\t<div class=\"elementor-column elementor-col-66 elementor-top-column elementor-element elementor-element-466a332\" data-id=\"466a332\" data-element_type=\"column\">\n\t\t\t<div class=\"elementor-widget-wrap elementor-element-populated\">\n\t\t\t\t\t\t<div class=\"elementor-element elementor-element-3f16641b elementor-widget elementor-widget-heading\" data-id=\"3f16641b\" data-element_type=\"widget\" data-widget_type=\"heading.default\">\n\t\t\t\t<div class=\"elementor-widget-container\">\n\t\t\t\t\t<h2 class=\"elementor-heading-title elementor-size-default\">Solutions \u00e9v\u00e8nementielles <\/h2>\t\t\t\t<\/div>\n\t\t\t\t<\/div>\n\t\t\t\t<section class=\"elementor-section elementor-inner-section elementor-element elementor-element-1485eb8 elementor-section-boxed elementor-section-height-default elementor-section-height-default\" data-id=\"1485eb8\" data-element_type=\"section\">\n\t\t\t\t\t\t<div class=\"elementor-container elementor-column-gap-default\">\n\t\t\t\t\t<div class=\"elementor-column elementor-col-50 elementor-inner-column elementor-element elementor-element-aafa0a5\" data-id=\"aafa0a5\" data-element_type=\"column\">\n\t\t\t<div class=\"elementor-widget-wrap elementor-element-populated\">\n\t\t\t\t\t\t<div class=\"elementor-element elementor-element-5dfb5b93 elementor-widget elementor-widget-encore-capabilities\" data-id=\"5dfb5b93\" data-element_type=\"widget\" data-widget_type=\"encore-capabilities.default\">\n\t\t\t\t<div class=\"elementor-widget-container\">\n\t\t\t\t\t<div class=\"capability-wrapper\">\n\t<div class=\"entry\" style=\"background-image:url(https:\/\/info.encoreglobal.com\/app\/uploads\/sites\/2\/2020\/10\/Encore_EventSolutions_Creative.jpg);\">\n\t\t<div class=\"entry-display teal\">\n\t\t\t<div class=\"title\">Cr\u00e9ation<\/div>\n            <div class=\"clear\"><\/div>\n\t\t\t<div class=\"link\">\n\t\t\t\t<a href=\"\/fr\/creativite\/\">En savoir plus<\/a>\n\t\t\t<\/div>\n\t\t<\/div>\n\t<\/div>\n<\/div>\n\t\t\t\t<\/div>\n\t\t\t\t<\/div>\n\t\t\t\t<div class=\"elementor-element elementor-element-ebe79c8 elementor-widget elementor-widget-encore-capabilities\" data-id=\"ebe79c8\" data-element_type=\"widget\" data-widget_type=\"encore-capabilities.default\">\n\t\t\t\t<div class=\"elementor-widget-container\">\n\t\t\t\t\t<div class=\"capability-wrapper\">\n\t<div class=\"entry\" style=\"background-image:url(https:\/\/info.encoreglobal.com\/app\/uploads\/sites\/2\/2020\/10\/Encore_EventSolutions_Technology.jpg);\">\n\t\t<div class=\"entry-display orange\">\n\t\t\t<div class=\"title\">Technologie<\/div>\n            <div class=\"clear\"><\/div>\n\t\t\t<div class=\"link\">\n\t\t\t\t<a href=\"\/fr\/solutions-evenementielles\/technologie\/\">En savoir plus<\/a>\n\t\t\t<\/div>\n\t\t<\/div>\n\t<\/div>\n<\/div>\n\t\t\t\t<\/div>\n\t\t\t\t<\/div>\n\t\t\t\t\t<\/div>\n\t\t<\/div>\n\t\t\t\t<div class=\"elementor-column elementor-col-50 elementor-inner-column elementor-element elementor-element-a097121\" data-id=\"a097121\" data-element_type=\"column\">\n\t\t\t<div class=\"elementor-widget-wrap elementor-element-populated\">\n\t\t\t\t\t\t<div class=\"elementor-element elementor-element-5a50ee0f elementor-widget elementor-widget-encore-capabilities\" data-id=\"5a50ee0f\" data-element_type=\"widget\" data-widget_type=\"encore-capabilities.default\">\n\t\t\t\t<div class=\"elementor-widget-container\">\n\t\t\t\t\t<div class=\"capability-wrapper\">\n\t<div class=\"entry\" style=\"background-image:url(https:\/\/info.encoreglobal.com\/app\/uploads\/sites\/2\/2020\/10\/Encore_EventSolutions_Production.jpg);\">\n\t\t<div class=\"entry-display green\">\n\t\t\t<div class=\"title\">Production<\/div>\n            <div class=\"clear\"><\/div>\n\t\t\t<div class=\"link\">\n\t\t\t\t<a href=\"\/fr\/production\/\">En savoir plus<\/a>\n\t\t\t<\/div>\n\t\t<\/div>\n\t<\/div>\n<\/div>\n\t\t\t\t<\/div>\n\t\t\t\t<\/div>\n\t\t\t\t<div class=\"elementor-element elementor-element-0de343a elementor-widget elementor-widget-encore-capabilities\" data-id=\"0de343a\" data-element_type=\"widget\" data-widget_type=\"encore-capabilities.default\">\n\t\t\t\t<div class=\"elementor-widget-container\">\n\t\t\t\t\t<div class=\"capability-wrapper\">\n\t<div class=\"entry\" style=\"background-image:url(https:\/\/info.encoreglobal.com\/app\/uploads\/sites\/2\/2020\/10\/Encore_EventType_VirtualandHybridEvents.jpg);\">\n\t\t<div class=\"entry-display green\">\n\t\t\t<div class=\"title\">Virtual &amp; Hybrid Events<\/div>\n            <div class=\"clear\"><\/div>\n\t\t\t<div class=\"link\">\n\t\t\t\t<a href=\"\/fr\/virtual-hybrid-events\/\">En savoir plus<\/a>\n\t\t\t<\/div>\n\t\t<\/div>\n\t<\/div>\n<\/div>\n\t\t\t\t<\/div>\n\t\t\t\t<\/div>\n\t\t\t\t\t<\/div>\n\t\t<\/div>\n\t\t\t\t\t<\/div>\n\t\t<\/section>\n\t\t\t\t\t<\/div>\n\t\t<\/div>\n\t\t\t\t<div class=\"elementor-column elementor-col-16 elementor-top-column elementor-element elementor-element-05ae36e\" data-id=\"05ae36e\" data-element_type=\"column\">\n\t\t\t<div class=\"elementor-widget-wrap\">\n\t\t\t\t\t\t\t<\/div>\n\t\t<\/div>\n\t\t\t\t\t<\/div>\n\t\t<\/section>\n\t\t\t\t<section class=\"elementor-section elementor-top-section elementor-element elementor-element-6fc56a8 elementor-section-boxed elementor-section-height-default elementor-section-height-default\" data-id=\"6fc56a8\" data-element_type=\"section\">\n\t\t\t\t\t\t<div class=\"elementor-container elementor-column-gap-default\">\n\t\t\t\t\t<div class=\"elementor-column elementor-col-100 elementor-top-column elementor-element elementor-element-614145b\" data-id=\"614145b\" data-element_type=\"column\">\n\t\t\t<div class=\"elementor-widget-wrap elementor-element-populated\">\n\t\t\t\t\t\t<div class=\"elementor-element elementor-element-e81b4dc elementor-widget elementor-widget-spacer\" data-id=\"e81b4dc\" data-element_type=\"widget\" data-widget_type=\"spacer.default\">\n\t\t\t\t<div class=\"elementor-widget-container\">\n\t\t\t\t\t\t\t<div class=\"elementor-spacer\">\n\t\t\t<div class=\"elementor-spacer-inner\"><\/div>\n\t\t<\/div>\n\t\t\t\t\t\t<\/div>\n\t\t\t\t<\/div>\n\t\t\t\t<div class=\"elementor-element elementor-element-92742a2 elementor-widget elementor-widget-text-editor\" data-id=\"92742a2\" data-element_type=\"widget\" data-widget_type=\"text-editor.default\">\n\t\t\t\t<div class=\"elementor-widget-container\">\n\t\t\t\t\t\t\t\t\t<h3><a href=\"https:\/\/www.encore-emea.com\/fr\/creativite\/\"><strong>Une cr\u00e9ativit\u00e9 qui inspire<\/strong><\/a><\/h3><p>M\u00eame au stade du \u00ab\u00a0et si\u2026\u00a0?\u00a0\u00bb, nos consultants et concepteurs travaillent avec vous pour vous aider \u00e0 inspirer les participants et \u00e0 mettre en \u0153uvre la derni\u00e8re technologie. Gr\u00e2ce aux id\u00e9es et \u00e0 la cr\u00e9ativit\u00e9 de nos \u00e9quipes de professionnels, \u00ab\u00a0et si\u2026\u00a0?\u00a0\u00bb devient \u00ab\u00a0pourquoi pas\u00a0?\u00a0\u00bb<\/p><h3><a href=\"https:\/\/www.encore-emea.com\/fr\/production\/\"><strong>Une production qui engage<\/strong><\/a><\/h3><p>Avec des pr\u00e9sentations cl\u00e9s en main pour chaque congr\u00e8s aux \u00c9tats-Unis et chaque partenaire h\u00f4telier dans le monde, nous produisons des \u00e9v\u00e8nements professionnels en pr\u00e9sentiel, virtuels et hybrides dans le respect des r\u00e8gles de s\u00e9curit\u00e9 pour tous les budgets.<\/p><h3><a href=\"https:\/\/staging.encoreglobal.com\/fr\/technologie\/\"><strong>Une technologie qui connecte<\/strong><\/a><\/h3><p>Un \u00e9v\u00e8nement en live n\u2019a pas besoin d\u2019\u00eatre tape \u00e0 l\u2019\u0153il pour \u00eatre r\u00e9ussi. En revanche, il est d\u00e9terminant de connecter les personnes. En suivant les derni\u00e8res avanc\u00e9es du secteur et de la technologie, nous sommes capables de donner vie \u00e0 tout un \u00e9ventail de solutions gagnantes.<\/p><p class=\"MsoNormal\" style=\"margin: 0cm 0cm 8pt;line-height: 15.5467px;font-size: 11pt;font-family: Calibri;color: #000000\">\u00a0<\/p>\t\t\t\t\t\t\t\t<\/div>\n\t\t\t\t<\/div>\n\t\t\t\t\t<\/div>\n\t\t<\/div>\n\t\t\t\t\t<\/div>\n\t\t<\/section>\n\t\t\t\t<\/div>\n\t\t","protected":false},"excerpt":{"rendered":"<p>Notre partenariat va au-del\u00e0 du souci du d\u00e9tail pour faire en sorte que votre histoire soit per\u00e7ue de la mani\u00e8re la plus engageante possible. Pour la consultation, la planification, la gestion et la pr\u00e9production et jusqu\u2019\u00e0 la r\u00e9alisation de l\u2019\u00e9v\u00e8nement et la pr\u00e9paration du suivant, nous avons les \u00e9quipes et les solutions qu\u2019il faut pour &#8230; <a href=\"https:\/\/info.encore-emea.com\/fr\/solutions-evenementielles\/\">En savoir plus<\/a><\/p>\n","protected":false},"author":41,"featured_media":6039,"parent":0,"menu_order":0,"comment_status":"closed","ping_status":"closed","template":"","meta":{"footnotes":""},"tags":[],"class_list":["post-2301","page","type-page","status-publish","has-post-thumbnail","hentry"],"yoast_head":"<!-- This site is optimized with the Yoast SEO Premium plugin v25.4 (Yoast SEO v25.4) - https:\/\/yoast.com\/wordpress\/plugins\/seo\/ -->\n<title>Solutions \u00e9v\u00e8nementielles - Encore EMEA<\/title>\n<meta name=\"description\" content=\"Nos solutions \u00e9v\u00e8nementielles proposent des services de cr\u00e9ation, de production et de technologie qui donnent vie \u00e0 votre vision\" \/>\n<meta name=\"robots\" content=\"noindex, follow, max-snippet:-1, max-image-preview:large, max-video-preview:-1\" \/>\n<meta property=\"og:locale\" content=\"fr_FR\" \/>\n<meta property=\"og:type\" content=\"article\" \/>\n<meta property=\"og:title\" content=\"Solutions \u00e9v\u00e8nementielles\" \/>\n<meta property=\"og:description\" content=\"Nos solutions \u00e9v\u00e8nementielles proposent des services de cr\u00e9ation, de production et de technologie qui donnent vie \u00e0 votre vision\" \/>\n<meta property=\"og:url\" content=\"https:\/\/info.encore-emea.com\/fr\/solutions-evenementielles\/\" \/>\n<meta property=\"og:site_name\" content=\"Encore EMEA\" \/>\n<meta property=\"article:publisher\" content=\"https:\/\/www.facebook.com\/EncoreEMEA\" \/>\n<meta property=\"article:modified_time\" content=\"2021-07-08T12:41:57+00:00\" \/>\n<meta property=\"og:image\" content=\"https:\/\/cdn.encoreglobal.com\/wp-content\/uploads\/sites\/2\/2020\/10\/25101436\/Encore_EventSolutions_Header.jpg\" \/>\n\t<meta property=\"og:image:width\" content=\"2560\" \/>\n\t<meta property=\"og:image:height\" content=\"1440\" \/>\n\t<meta property=\"og:image:type\" content=\"image\/jpeg\" \/>\n<meta name=\"twitter:card\" content=\"summary_large_image\" \/>\n<meta name=\"twitter:site\" content=\"@EncoreEMEA\" \/>\n<meta name=\"twitter:label1\" content=\"Dur\u00e9e de lecture estim\u00e9e\" \/>\n\t<meta name=\"twitter:data1\" content=\"1 minute\" \/>\n<script type=\"application\/ld+json\" class=\"yoast-schema-graph\">{\"@context\":\"https:\/\/schema.org\",\"@graph\":[{\"@type\":\"WebPage\",\"@id\":\"https:\/\/info.encore-emea.com\/fr\/solutions-evenementielles\/\",\"url\":\"https:\/\/info.encore-emea.com\/fr\/solutions-evenementielles\/\",\"name\":\"Solutions \u00e9v\u00e8nementielles - Encore EMEA\",\"isPartOf\":{\"@id\":\"https:\/\/info.encore-emea.com\/#website\"},\"primaryImageOfPage\":{\"@id\":\"https:\/\/info.encore-emea.com\/fr\/solutions-evenementielles\/#primaryimage\"},\"image\":{\"@id\":\"https:\/\/info.encore-emea.com\/fr\/solutions-evenementielles\/#primaryimage\"},\"thumbnailUrl\":\"https:\/\/cdn.encoreglobal.com\/wp-content\/uploads\/sites\/2\/2020\/10\/25101436\/Encore_EventSolutions_Header.jpg\",\"datePublished\":\"2020-05-13T00:03:01+00:00\",\"dateModified\":\"2021-07-08T12:41:57+00:00\",\"description\":\"Nos solutions \u00e9v\u00e8nementielles proposent des services de cr\u00e9ation, de production et de technologie qui donnent vie \u00e0 votre vision\",\"breadcrumb\":{\"@id\":\"https:\/\/info.encore-emea.com\/fr\/solutions-evenementielles\/#breadcrumb\"},\"inLanguage\":\"fr-FR\",\"potentialAction\":[{\"@type\":\"ReadAction\",\"target\":[\"https:\/\/info.encore-emea.com\/fr\/solutions-evenementielles\/\"]}]},{\"@type\":\"ImageObject\",\"inLanguage\":\"fr-FR\",\"@id\":\"https:\/\/info.encore-emea.com\/fr\/solutions-evenementielles\/#primaryimage\",\"url\":\"https:\/\/cdn.encoreglobal.com\/wp-content\/uploads\/sites\/2\/2020\/10\/25101436\/Encore_EventSolutions_Header.jpg\",\"contentUrl\":\"https:\/\/cdn.encoreglobal.com\/wp-content\/uploads\/sites\/2\/2020\/10\/25101436\/Encore_EventSolutions_Header.jpg\",\"width\":2560,\"height\":1440},{\"@type\":\"BreadcrumbList\",\"@id\":\"https:\/\/info.encore-emea.com\/fr\/solutions-evenementielles\/#breadcrumb\",\"itemListElement\":[{\"@type\":\"ListItem\",\"position\":1,\"name\":\"Home\",\"item\":\"https:\/\/info.encore-emea.com\/fr\/\"},{\"@type\":\"ListItem\",\"position\":2,\"name\":\"Solutions \u00e9v\u00e8nementielles\"}]},{\"@type\":\"WebSite\",\"@id\":\"https:\/\/info.encore-emea.com\/#website\",\"url\":\"https:\/\/info.encore-emea.com\/\",\"name\":\"Encore EMEA\",\"description\":\"Events That Transform\",\"publisher\":{\"@id\":\"https:\/\/info.encore-emea.com\/#organization\"},\"potentialAction\":[{\"@type\":\"SearchAction\",\"target\":{\"@type\":\"EntryPoint\",\"urlTemplate\":\"https:\/\/info.encore-emea.com\/?s={search_term_string}\"},\"query-input\":{\"@type\":\"PropertyValueSpecification\",\"valueRequired\":true,\"valueName\":\"search_term_string\"}}],\"inLanguage\":\"fr-FR\"},{\"@type\":\"Organization\",\"@id\":\"https:\/\/info.encore-emea.com\/#organization\",\"name\":\"ENCORE EMEA\",\"url\":\"https:\/\/info.encore-emea.com\/\",\"logo\":{\"@type\":\"ImageObject\",\"inLanguage\":\"fr-FR\",\"@id\":\"https:\/\/info.encore-emea.com\/#\/schema\/logo\/image\/\",\"url\":\"https:\/\/cdn.encoreglobal.com\/wp-content\/uploads\/sites\/2\/2021\/01\/13170758\/encore_logo_RGB.png\",\"contentUrl\":\"https:\/\/cdn.encoreglobal.com\/wp-content\/uploads\/sites\/2\/2021\/01\/13170758\/encore_logo_RGB.png\",\"width\":6797,\"height\":1934,\"caption\":\"ENCORE EMEA\"},\"image\":{\"@id\":\"https:\/\/info.encore-emea.com\/#\/schema\/logo\/image\/\"},\"sameAs\":[\"https:\/\/www.facebook.com\/EncoreEMEA\",\"https:\/\/x.com\/EncoreEMEA\",\"https:\/\/www.instagram.com\/encoreemea\/\",\"https:\/\/www.linkedin.com\/company\/encoreuk\/\"]}]}<\/script>\n<!-- \/ Yoast SEO Premium plugin. -->","yoast_head_json":{"title":"Solutions \u00e9v\u00e8nementielles - Encore EMEA","description":"Nos solutions \u00e9v\u00e8nementielles proposent des services de cr\u00e9ation, de production et de technologie qui donnent vie \u00e0 votre vision","robots":{"index":"noindex","follow":"follow","max-snippet":"max-snippet:-1","max-image-preview":"max-image-preview:large","max-video-preview":"max-video-preview:-1"},"og_locale":"fr_FR","og_type":"article","og_title":"Solutions \u00e9v\u00e8nementielles","og_description":"Nos solutions \u00e9v\u00e8nementielles proposent des services de cr\u00e9ation, de production et de technologie qui donnent vie \u00e0 votre vision","og_url":"https:\/\/info.encore-emea.com\/fr\/solutions-evenementielles\/","og_site_name":"Encore EMEA","article_publisher":"https:\/\/www.facebook.com\/EncoreEMEA","article_modified_time":"2021-07-08T12:41:57+00:00","og_image":[{"width":2560,"height":1440,"url":"https:\/\/cdn.encoreglobal.com\/wp-content\/uploads\/sites\/2\/2020\/10\/25101436\/Encore_EventSolutions_Header.jpg","type":"image\/jpeg"}],"twitter_card":"summary_large_image","twitter_site":"@EncoreEMEA","twitter_misc":{"Dur\u00e9e de lecture estim\u00e9e":"1 minute"},"schema":{"@context":"https:\/\/schema.org","@graph":[{"@type":"WebPage","@id":"https:\/\/info.encore-emea.com\/fr\/solutions-evenementielles\/","url":"https:\/\/info.encore-emea.com\/fr\/solutions-evenementielles\/","name":"Solutions \u00e9v\u00e8nementielles - Encore EMEA","isPartOf":{"@id":"https:\/\/info.encore-emea.com\/#website"},"primaryImageOfPage":{"@id":"https:\/\/info.encore-emea.com\/fr\/solutions-evenementielles\/#primaryimage"},"image":{"@id":"https:\/\/info.encore-emea.com\/fr\/solutions-evenementielles\/#primaryimage"},"thumbnailUrl":"https:\/\/cdn.encoreglobal.com\/wp-content\/uploads\/sites\/2\/2020\/10\/25101436\/Encore_EventSolutions_Header.jpg","datePublished":"2020-05-13T00:03:01+00:00","dateModified":"2021-07-08T12:41:57+00:00","description":"Nos solutions \u00e9v\u00e8nementielles proposent des services de cr\u00e9ation, de production et de technologie qui donnent vie \u00e0 votre vision","breadcrumb":{"@id":"https:\/\/info.encore-emea.com\/fr\/solutions-evenementielles\/#breadcrumb"},"inLanguage":"fr-FR","potentialAction":[{"@type":"ReadAction","target":["https:\/\/info.encore-emea.com\/fr\/solutions-evenementielles\/"]}]},{"@type":"ImageObject","inLanguage":"fr-FR","@id":"https:\/\/info.encore-emea.com\/fr\/solutions-evenementielles\/#primaryimage","url":"https:\/\/cdn.encoreglobal.com\/wp-content\/uploads\/sites\/2\/2020\/10\/25101436\/Encore_EventSolutions_Header.jpg","contentUrl":"https:\/\/cdn.encoreglobal.com\/wp-content\/uploads\/sites\/2\/2020\/10\/25101436\/Encore_EventSolutions_Header.jpg","width":2560,"height":1440},{"@type":"BreadcrumbList","@id":"https:\/\/info.encore-emea.com\/fr\/solutions-evenementielles\/#breadcrumb","itemListElement":[{"@type":"ListItem","position":1,"name":"Home","item":"https:\/\/info.encore-emea.com\/fr\/"},{"@type":"ListItem","position":2,"name":"Solutions \u00e9v\u00e8nementielles"}]},{"@type":"WebSite","@id":"https:\/\/info.encore-emea.com\/#website","url":"https:\/\/info.encore-emea.com\/","name":"Encore EMEA","description":"Events That Transform","publisher":{"@id":"https:\/\/info.encore-emea.com\/#organization"},"potentialAction":[{"@type":"SearchAction","target":{"@type":"EntryPoint","urlTemplate":"https:\/\/info.encore-emea.com\/?s={search_term_string}"},"query-input":{"@type":"PropertyValueSpecification","valueRequired":true,"valueName":"search_term_string"}}],"inLanguage":"fr-FR"},{"@type":"Organization","@id":"https:\/\/info.encore-emea.com\/#organization","name":"ENCORE EMEA","url":"https:\/\/info.encore-emea.com\/","logo":{"@type":"ImageObject","inLanguage":"fr-FR","@id":"https:\/\/info.encore-emea.com\/#\/schema\/logo\/image\/","url":"https:\/\/cdn.encoreglobal.com\/wp-content\/uploads\/sites\/2\/2021\/01\/13170758\/encore_logo_RGB.png","contentUrl":"https:\/\/cdn.encoreglobal.com\/wp-content\/uploads\/sites\/2\/2021\/01\/13170758\/encore_logo_RGB.png","width":6797,"height":1934,"caption":"ENCORE EMEA"},"image":{"@id":"https:\/\/info.encore-emea.com\/#\/schema\/logo\/image\/"},"sameAs":["https:\/\/www.facebook.com\/EncoreEMEA","https:\/\/x.com\/EncoreEMEA","https:\/\/www.instagram.com\/encoreemea\/","https:\/\/www.linkedin.com\/company\/encoreuk\/"]}]}},"_links":{"self":[{"href":"https:\/\/info.encore-emea.com\/fr\/wp-json\/wp\/v2\/pages\/2301","targetHints":{"allow":["GET"]}}],"collection":[{"href":"https:\/\/info.encore-emea.com\/fr\/wp-json\/wp\/v2\/pages"}],"about":[{"href":"https:\/\/info.encore-emea.com\/fr\/wp-json\/wp\/v2\/types\/page"}],"author":[{"embeddable":true,"href":"https:\/\/info.encore-emea.com\/fr\/wp-json\/wp\/v2\/users\/41"}],"replies":[{"embeddable":true,"href":"https:\/\/info.encore-emea.com\/fr\/wp-json\/wp\/v2\/comments?post=2301"}],"version-history":[{"count":0,"href":"https:\/\/info.encore-emea.com\/fr\/wp-json\/wp\/v2\/pages\/2301\/revisions"}],"wp:featuredmedia":[{"embeddable":true,"href":"https:\/\/info.encore-emea.com\/fr\/wp-json\/wp\/v2\/media\/6039"}],"wp:attachment":[{"href":"https:\/\/info.encore-emea.com\/fr\/wp-json\/wp\/v2\/media?parent=2301"}],"wp:term":[{"taxonomy":"post_tag","embeddable":true,"href":"https:\/\/info.encore-emea.com\/fr\/wp-json\/wp\/v2\/tags?post=2301"}],"curies":[{"name":"wp","href":"https:\/\/api.w.org\/{rel}","templated":true}]}}