{"id":2305,"date":"2020-05-13T00:04:26","date_gmt":"2020-05-13T00:04:26","guid":{"rendered":"https:\/\/staging.encore-emea.com\/event-type\/"},"modified":"2021-05-31T15:44:09","modified_gmt":"2021-05-31T15:44:09","slug":"categories-evenements","status":"publish","type":"page","link":"https:\/\/info.encore-emea.com\/fr\/categories-evenements\/","title":{"rendered":"Cat\u00e9gories d\u2019\u00e9v\u00e8nements"},"content":{"rendered":"\t\t<div data-elementor-type=\"wp-page\" data-elementor-id=\"2305\" class=\"elementor elementor-2305 elementor-21\" data-elementor-post-type=\"page\">\n\t\t\t\t\t\t<section class=\"elementor-section elementor-top-section elementor-element elementor-element-e8f5f40 elementor-section-boxed elementor-section-height-default elementor-section-height-default\" data-id=\"e8f5f40\" data-element_type=\"section\">\n\t\t\t\t\t\t<div class=\"elementor-container elementor-column-gap-default\">\n\t\t\t\t\t<div class=\"elementor-column elementor-col-100 elementor-top-column elementor-element elementor-element-bc2d6fc\" data-id=\"bc2d6fc\" data-element_type=\"column\">\n\t\t\t<div class=\"elementor-widget-wrap elementor-element-populated\">\n\t\t\t\t\t\t<div class=\"elementor-element elementor-element-1ca0d81a elementor-widget elementor-widget-heading\" data-id=\"1ca0d81a\" data-element_type=\"widget\" data-widget_type=\"heading.default\">\n\t\t\t\t<div class=\"elementor-widget-container\">\n\t\t\t\t\t<h2 class=\"elementor-heading-title elementor-size-default\">Cat\u00e9gories d'\u00e9v\u00e8nements<\/h2>\t\t\t\t<\/div>\n\t\t\t\t<\/div>\n\t\t\t\t\t<\/div>\n\t\t<\/div>\n\t\t\t\t\t<\/div>\n\t\t<\/section>\n\t\t\t\t<section class=\"elementor-section elementor-top-section elementor-element elementor-element-8da340f elementor-section-boxed elementor-section-height-default elementor-section-height-default\" data-id=\"8da340f\" data-element_type=\"section\">\n\t\t\t\t\t\t<div class=\"elementor-container elementor-column-gap-default\">\n\t\t\t\t\t<div class=\"elementor-column elementor-col-33 elementor-top-column elementor-element elementor-element-d444335\" data-id=\"d444335\" data-element_type=\"column\">\n\t\t\t<div class=\"elementor-widget-wrap elementor-element-populated\">\n\t\t\t\t\t\t<div class=\"elementor-element elementor-element-6a6d4a0 elementor-widget elementor-widget-encore-capabilities\" data-id=\"6a6d4a0\" data-element_type=\"widget\" data-widget_type=\"encore-capabilities.default\">\n\t\t\t\t<div class=\"elementor-widget-container\">\n\t\t\t\t\t<div class=\"capability-wrapper\">\n\t<div class=\"entry\" style=\"background-image:url(https:\/\/info.encoreglobal.com\/app\/uploads\/sites\/2\/2020\/10\/Encore_EventType_CorporateMeetingsandLiveEvents.jpg);\">\n\t\t<div class=\"entry-display teal\">\n\t\t\t<div class=\"title\">R\u00e9unions d\u2019Entreprises et \u00c9v\u00e8nements Live<\/div>\n            <div class=\"clear\"><\/div>\n\t\t\t<div class=\"link\">\n\t\t\t\t<a href=\"reunions-entreprises-evenements-live\">En savoir plus<\/a>\n\t\t\t<\/div>\n\t\t<\/div>\n\t<\/div>\n<\/div>\n\t\t\t\t<\/div>\n\t\t\t\t<\/div>\n\t\t\t\t\t<\/div>\n\t\t<\/div>\n\t\t\t\t<div class=\"elementor-column elementor-col-33 elementor-top-column elementor-element elementor-element-473852a\" data-id=\"473852a\" data-element_type=\"column\">\n\t\t\t<div class=\"elementor-widget-wrap elementor-element-populated\">\n\t\t\t\t\t\t<div class=\"elementor-element elementor-element-a47335f elementor-widget elementor-widget-encore-capabilities\" data-id=\"a47335f\" data-element_type=\"widget\" data-widget_type=\"encore-capabilities.default\">\n\t\t\t\t<div class=\"elementor-widget-container\">\n\t\t\t\t\t<div class=\"capability-wrapper\">\n\t<div class=\"entry\" style=\"background-image:url(https:\/\/info.encoreglobal.com\/app\/uploads\/sites\/2\/2020\/10\/Encore_EventType_ConventionsandExhibtions.jpg);\">\n\t\t<div class=\"entry-display teal\">\n\t\t\t<div class=\"title\">Congr\u00e8s et Salons professionnels<\/div>\n            <div class=\"clear\"><\/div>\n\t\t\t<div class=\"link\">\n\t\t\t\t<a href=\"\/fr\/congres-et-salons-professionnels\/\">En savoir plus<\/a>\n\t\t\t<\/div>\n\t\t<\/div>\n\t<\/div>\n<\/div>\n\t\t\t\t<\/div>\n\t\t\t\t<\/div>\n\t\t\t\t\t<\/div>\n\t\t<\/div>\n\t\t\t\t<div class=\"elementor-column elementor-col-33 elementor-top-column elementor-element elementor-element-7dae24e\" data-id=\"7dae24e\" data-element_type=\"column\">\n\t\t\t<div class=\"elementor-widget-wrap elementor-element-populated\">\n\t\t\t\t\t\t<div class=\"elementor-element elementor-element-f669cf8 elementor-widget elementor-widget-encore-capabilities\" data-id=\"f669cf8\" data-element_type=\"widget\" data-widget_type=\"encore-capabilities.default\">\n\t\t\t\t<div class=\"elementor-widget-container\">\n\t\t\t\t\t<div class=\"capability-wrapper\">\n\t<div class=\"entry\" style=\"background-image:url(https:\/\/info.encoreglobal.com\/app\/uploads\/sites\/2\/2020\/10\/117-Live_Justin-Bieber-1-scaled-1.jpg);\">\n\t\t<div class=\"entry-display teal\">\n\t\t\t<div class=\"title\">Special Events<\/div>\n            <div class=\"clear\"><\/div>\n\t\t\t<div class=\"link\">\n\t\t\t\t<a href=\"\/fr\/special-events\/\">En savoir plus<\/a>\n\t\t\t<\/div>\n\t\t<\/div>\n\t<\/div>\n<\/div>\n\t\t\t\t<\/div>\n\t\t\t\t<\/div>\n\t\t\t\t\t<\/div>\n\t\t<\/div>\n\t\t\t\t\t<\/div>\n\t\t<\/section>\n\t\t\t\t<section class=\"elementor-section elementor-top-section elementor-element elementor-element-844803d elementor-section-boxed elementor-section-height-default elementor-section-height-default\" data-id=\"844803d\" data-element_type=\"section\">\n\t\t\t\t\t\t<div class=\"elementor-container elementor-column-gap-default\">\n\t\t\t\t\t<div class=\"elementor-column elementor-col-16 elementor-top-column elementor-element elementor-element-1b73dea\" data-id=\"1b73dea\" data-element_type=\"column\">\n\t\t\t<div class=\"elementor-widget-wrap\">\n\t\t\t\t\t\t\t<\/div>\n\t\t<\/div>\n\t\t\t\t<div class=\"elementor-column elementor-col-66 elementor-top-column elementor-element elementor-element-7a4b99c\" data-id=\"7a4b99c\" data-element_type=\"column\">\n\t\t\t<div class=\"elementor-widget-wrap elementor-element-populated\">\n\t\t\t\t\t\t<section class=\"elementor-section elementor-inner-section elementor-element elementor-element-1f4aa2f elementor-section-boxed elementor-section-height-default elementor-section-height-default\" data-id=\"1f4aa2f\" data-element_type=\"section\">\n\t\t\t\t\t\t<div class=\"elementor-container elementor-column-gap-default\">\n\t\t\t\t\t<div class=\"elementor-column elementor-col-50 elementor-inner-column elementor-element elementor-element-1b50793\" data-id=\"1b50793\" data-element_type=\"column\">\n\t\t\t<div class=\"elementor-widget-wrap elementor-element-populated\">\n\t\t\t\t\t\t<div class=\"elementor-element elementor-element-cb7db96 elementor-widget elementor-widget-encore-capabilities\" data-id=\"cb7db96\" data-element_type=\"widget\" data-widget_type=\"encore-capabilities.default\">\n\t\t\t\t<div class=\"elementor-widget-container\">\n\t\t\t\t\t<div class=\"capability-wrapper\">\n\t<div class=\"entry\" style=\"background-image:url(https:\/\/info.encoreglobal.com\/app\/uploads\/sites\/2\/2021\/05\/Encore_TheaterAndConcert_HeaderImage.jpg);\">\n\t\t<div class=\"entry-display teal\">\n\t\t\t<div class=\"title\">Services pour les th\u00e9\u00e2tres et les concerts<\/div>\n            <div class=\"clear\"><\/div>\n\t\t\t<div class=\"link\">\n\t\t\t\t<a href=\"\/fr\/services-pour-les-theatres-et-les-concerts\/\">En savoir plus<\/a>\n\t\t\t<\/div>\n\t\t<\/div>\n\t<\/div>\n<\/div>\n\t\t\t\t<\/div>\n\t\t\t\t<\/div>\n\t\t\t\t\t<\/div>\n\t\t<\/div>\n\t\t\t\t<div class=\"elementor-column elementor-col-50 elementor-inner-column elementor-element elementor-element-4581432\" data-id=\"4581432\" data-element_type=\"column\">\n\t\t\t<div class=\"elementor-widget-wrap elementor-element-populated\">\n\t\t\t\t\t\t<div class=\"elementor-element elementor-element-3e05696 elementor-widget elementor-widget-encore-capabilities\" data-id=\"3e05696\" data-element_type=\"widget\" data-widget_type=\"encore-capabilities.default\">\n\t\t\t\t<div class=\"elementor-widget-container\">\n\t\t\t\t\t<div class=\"capability-wrapper\">\n\t<div class=\"entry\" style=\"background-image:url(https:\/\/info.encoreglobal.com\/app\/uploads\/sites\/2\/2021\/05\/Encore_Dry-Hire-Theatre-Concert-Special-Events_Header.jpg);\">\n\t\t<div class=\"entry-display teal\">\n\t\t\t<div class=\"title\">Dry Hire<\/div>\n            <div class=\"clear\"><\/div>\n\t\t\t<div class=\"link\">\n\t\t\t\t<a href=\"\/fr\/dry-hire\/\">En savoir plus<\/a>\n\t\t\t<\/div>\n\t\t<\/div>\n\t<\/div>\n<\/div>\n\t\t\t\t<\/div>\n\t\t\t\t<\/div>\n\t\t\t\t\t<\/div>\n\t\t<\/div>\n\t\t\t\t\t<\/div>\n\t\t<\/section>\n\t\t\t\t\t<\/div>\n\t\t<\/div>\n\t\t\t\t<div class=\"elementor-column elementor-col-16 elementor-top-column elementor-element elementor-element-4760247\" data-id=\"4760247\" data-element_type=\"column\">\n\t\t\t<div class=\"elementor-widget-wrap\">\n\t\t\t\t\t\t\t<\/div>\n\t\t<\/div>\n\t\t\t\t\t<\/div>\n\t\t<\/section>\n\t\t\t\t<\/div>\n\t\t","protected":false},"excerpt":{"rendered":"<p>Cat\u00e9gories d&rsquo;\u00e9v\u00e8nements R\u00e9unions d\u2019Entreprises et \u00c9v\u00e8nements Live Learn More Congr\u00e8s et Salons professionnels Learn More Special Events Learn More Services pour les th\u00e9\u00e2tres et les concerts Learn More Dry Hire Learn More &#8230; <a href=\"https:\/\/info.encore-emea.com\/fr\/categories-evenements\/\">En savoir plus<\/a><\/p>\n","protected":false},"author":6934,"featured_media":14402,"parent":0,"menu_order":0,"comment_status":"closed","ping_status":"closed","template":"","meta":{"footnotes":""},"tags":[],"class_list":["post-2305","page","type-page","status-publish","has-post-thumbnail","hentry"],"yoast_head":"<!-- This site is optimized with the Yoast SEO Premium plugin v25.4 (Yoast SEO v25.4) - https:\/\/yoast.com\/wordpress\/plugins\/seo\/ -->\n<title>Cat\u00e9gories d\u2019\u00e9v\u00e8nements - Live Event, Meeting, Concert, virtual &amp; hybrid - Encore EMEA<\/title>\n<meta name=\"description\" content=\"Through our services and technology, Encore will help to create the ultimate meeting or event \u2013 whether in-person, hybrid or virtual.\" \/>\n<meta name=\"robots\" content=\"noindex, follow, max-snippet:-1, max-image-preview:large, max-video-preview:-1\" \/>\n<meta property=\"og:locale\" content=\"fr_FR\" \/>\n<meta property=\"og:type\" content=\"article\" \/>\n<meta property=\"og:title\" content=\"Cat\u00e9gories d\u2019\u00e9v\u00e8nements\" \/>\n<meta property=\"og:description\" content=\"Through our services and technology, Encore will help to create the ultimate meeting or event \u2013 whether in-person, hybrid or virtual.\" \/>\n<meta property=\"og:url\" content=\"https:\/\/info.encore-emea.com\/event-type\/\" \/>\n<meta property=\"og:site_name\" content=\"Encore EMEA\" \/>\n<meta property=\"article:publisher\" content=\"https:\/\/www.facebook.com\/EncoreEMEA\" \/>\n<meta property=\"article:modified_time\" content=\"2021-05-31T15:44:09+00:00\" \/>\n<meta property=\"og:image\" content=\"https:\/\/cdn.encoreglobal.com\/wp-content\/uploads\/sites\/2\/2021\/01\/03134327\/Encore_EventType_Header_2.jpg\" \/>\n\t<meta property=\"og:image:width\" content=\"2560\" \/>\n\t<meta property=\"og:image:height\" content=\"1440\" \/>\n\t<meta property=\"og:image:type\" content=\"image\/jpeg\" \/>\n<meta name=\"twitter:card\" content=\"summary_large_image\" \/>\n<meta name=\"twitter:site\" content=\"@EncoreEMEA\" \/>\n<meta name=\"twitter:label1\" content=\"Dur\u00e9e de lecture estim\u00e9e\" \/>\n\t<meta name=\"twitter:data1\" content=\"1 minute\" \/>\n<script type=\"application\/ld+json\" class=\"yoast-schema-graph\">{\"@context\":\"https:\/\/schema.org\",\"@graph\":[{\"@type\":\"WebPage\",\"@id\":\"https:\/\/info.encore-emea.com\/event-type\/\",\"url\":\"https:\/\/info.encore-emea.com\/event-type\/\",\"name\":\"Cat\u00e9gories d\u2019\u00e9v\u00e8nements - Live Event, Meeting, Concert, virtual & hybrid - Encore EMEA\",\"isPartOf\":{\"@id\":\"https:\/\/info.encore-emea.com\/#website\"},\"primaryImageOfPage\":{\"@id\":\"https:\/\/info.encore-emea.com\/event-type\/#primaryimage\"},\"image\":{\"@id\":\"https:\/\/info.encore-emea.com\/event-type\/#primaryimage\"},\"thumbnailUrl\":\"https:\/\/cdn.encoreglobal.com\/wp-content\/uploads\/sites\/2\/2021\/01\/03134327\/Encore_EventType_Header_2.jpg\",\"datePublished\":\"2020-05-13T00:04:26+00:00\",\"dateModified\":\"2021-05-31T15:44:09+00:00\",\"description\":\"Through our services and technology, Encore will help to create the ultimate meeting or event \u2013 whether in-person, hybrid or virtual.\",\"breadcrumb\":{\"@id\":\"https:\/\/info.encore-emea.com\/event-type\/#breadcrumb\"},\"inLanguage\":\"fr-FR\",\"potentialAction\":[{\"@type\":\"ReadAction\",\"target\":[\"https:\/\/info.encore-emea.com\/event-type\/\"]}]},{\"@type\":\"ImageObject\",\"inLanguage\":\"fr-FR\",\"@id\":\"https:\/\/info.encore-emea.com\/event-type\/#primaryimage\",\"url\":\"https:\/\/cdn.encoreglobal.com\/wp-content\/uploads\/sites\/2\/2021\/01\/03134327\/Encore_EventType_Header_2.jpg\",\"contentUrl\":\"https:\/\/cdn.encoreglobal.com\/wp-content\/uploads\/sites\/2\/2021\/01\/03134327\/Encore_EventType_Header_2.jpg\",\"width\":2560,\"height\":1440},{\"@type\":\"BreadcrumbList\",\"@id\":\"https:\/\/info.encore-emea.com\/event-type\/#breadcrumb\",\"itemListElement\":[{\"@type\":\"ListItem\",\"position\":1,\"name\":\"Home\",\"item\":\"https:\/\/info.encore-emea.com\/fr\/\"},{\"@type\":\"ListItem\",\"position\":2,\"name\":\"Cat\u00e9gories d\u2019\u00e9v\u00e8nements\"}]},{\"@type\":\"WebSite\",\"@id\":\"https:\/\/info.encore-emea.com\/#website\",\"url\":\"https:\/\/info.encore-emea.com\/\",\"name\":\"Encore EMEA\",\"description\":\"Events That Transform\",\"publisher\":{\"@id\":\"https:\/\/info.encore-emea.com\/#organization\"},\"potentialAction\":[{\"@type\":\"SearchAction\",\"target\":{\"@type\":\"EntryPoint\",\"urlTemplate\":\"https:\/\/info.encore-emea.com\/?s={search_term_string}\"},\"query-input\":{\"@type\":\"PropertyValueSpecification\",\"valueRequired\":true,\"valueName\":\"search_term_string\"}}],\"inLanguage\":\"fr-FR\"},{\"@type\":\"Organization\",\"@id\":\"https:\/\/info.encore-emea.com\/#organization\",\"name\":\"ENCORE EMEA\",\"url\":\"https:\/\/info.encore-emea.com\/\",\"logo\":{\"@type\":\"ImageObject\",\"inLanguage\":\"fr-FR\",\"@id\":\"https:\/\/info.encore-emea.com\/#\/schema\/logo\/image\/\",\"url\":\"https:\/\/cdn.encoreglobal.com\/wp-content\/uploads\/sites\/2\/2021\/01\/13170758\/encore_logo_RGB.png\",\"contentUrl\":\"https:\/\/cdn.encoreglobal.com\/wp-content\/uploads\/sites\/2\/2021\/01\/13170758\/encore_logo_RGB.png\",\"width\":6797,\"height\":1934,\"caption\":\"ENCORE EMEA\"},\"image\":{\"@id\":\"https:\/\/info.encore-emea.com\/#\/schema\/logo\/image\/\"},\"sameAs\":[\"https:\/\/www.facebook.com\/EncoreEMEA\",\"https:\/\/x.com\/EncoreEMEA\",\"https:\/\/www.instagram.com\/encoreemea\/\",\"https:\/\/www.linkedin.com\/company\/encoreuk\/\"]}]}<\/script>\n<!-- \/ Yoast SEO Premium plugin. -->","yoast_head_json":{"title":"Cat\u00e9gories d\u2019\u00e9v\u00e8nements - Live Event, Meeting, Concert, virtual & hybrid - Encore EMEA","description":"Through our services and technology, Encore will help to create the ultimate meeting or event \u2013 whether in-person, hybrid or virtual.","robots":{"index":"noindex","follow":"follow","max-snippet":"max-snippet:-1","max-image-preview":"max-image-preview:large","max-video-preview":"max-video-preview:-1"},"og_locale":"fr_FR","og_type":"article","og_title":"Cat\u00e9gories d\u2019\u00e9v\u00e8nements","og_description":"Through our services and technology, Encore will help to create the ultimate meeting or event \u2013 whether in-person, hybrid or virtual.","og_url":"https:\/\/info.encore-emea.com\/event-type\/","og_site_name":"Encore EMEA","article_publisher":"https:\/\/www.facebook.com\/EncoreEMEA","article_modified_time":"2021-05-31T15:44:09+00:00","og_image":[{"width":2560,"height":1440,"url":"https:\/\/cdn.encoreglobal.com\/wp-content\/uploads\/sites\/2\/2021\/01\/03134327\/Encore_EventType_Header_2.jpg","type":"image\/jpeg"}],"twitter_card":"summary_large_image","twitter_site":"@EncoreEMEA","twitter_misc":{"Dur\u00e9e de lecture estim\u00e9e":"1 minute"},"schema":{"@context":"https:\/\/schema.org","@graph":[{"@type":"WebPage","@id":"https:\/\/info.encore-emea.com\/event-type\/","url":"https:\/\/info.encore-emea.com\/event-type\/","name":"Cat\u00e9gories d\u2019\u00e9v\u00e8nements - Live Event, Meeting, Concert, virtual & hybrid - Encore EMEA","isPartOf":{"@id":"https:\/\/info.encore-emea.com\/#website"},"primaryImageOfPage":{"@id":"https:\/\/info.encore-emea.com\/event-type\/#primaryimage"},"image":{"@id":"https:\/\/info.encore-emea.com\/event-type\/#primaryimage"},"thumbnailUrl":"https:\/\/cdn.encoreglobal.com\/wp-content\/uploads\/sites\/2\/2021\/01\/03134327\/Encore_EventType_Header_2.jpg","datePublished":"2020-05-13T00:04:26+00:00","dateModified":"2021-05-31T15:44:09+00:00","description":"Through our services and technology, Encore will help to create the ultimate meeting or event \u2013 whether in-person, hybrid or virtual.","breadcrumb":{"@id":"https:\/\/info.encore-emea.com\/event-type\/#breadcrumb"},"inLanguage":"fr-FR","potentialAction":[{"@type":"ReadAction","target":["https:\/\/info.encore-emea.com\/event-type\/"]}]},{"@type":"ImageObject","inLanguage":"fr-FR","@id":"https:\/\/info.encore-emea.com\/event-type\/#primaryimage","url":"https:\/\/cdn.encoreglobal.com\/wp-content\/uploads\/sites\/2\/2021\/01\/03134327\/Encore_EventType_Header_2.jpg","contentUrl":"https:\/\/cdn.encoreglobal.com\/wp-content\/uploads\/sites\/2\/2021\/01\/03134327\/Encore_EventType_Header_2.jpg","width":2560,"height":1440},{"@type":"BreadcrumbList","@id":"https:\/\/info.encore-emea.com\/event-type\/#breadcrumb","itemListElement":[{"@type":"ListItem","position":1,"name":"Home","item":"https:\/\/info.encore-emea.com\/fr\/"},{"@type":"ListItem","position":2,"name":"Cat\u00e9gories d\u2019\u00e9v\u00e8nements"}]},{"@type":"WebSite","@id":"https:\/\/info.encore-emea.com\/#website","url":"https:\/\/info.encore-emea.com\/","name":"Encore EMEA","description":"Events That Transform","publisher":{"@id":"https:\/\/info.encore-emea.com\/#organization"},"potentialAction":[{"@type":"SearchAction","target":{"@type":"EntryPoint","urlTemplate":"https:\/\/info.encore-emea.com\/?s={search_term_string}"},"query-input":{"@type":"PropertyValueSpecification","valueRequired":true,"valueName":"search_term_string"}}],"inLanguage":"fr-FR"},{"@type":"Organization","@id":"https:\/\/info.encore-emea.com\/#organization","name":"ENCORE EMEA","url":"https:\/\/info.encore-emea.com\/","logo":{"@type":"ImageObject","inLanguage":"fr-FR","@id":"https:\/\/info.encore-emea.com\/#\/schema\/logo\/image\/","url":"https:\/\/cdn.encoreglobal.com\/wp-content\/uploads\/sites\/2\/2021\/01\/13170758\/encore_logo_RGB.png","contentUrl":"https:\/\/cdn.encoreglobal.com\/wp-content\/uploads\/sites\/2\/2021\/01\/13170758\/encore_logo_RGB.png","width":6797,"height":1934,"caption":"ENCORE EMEA"},"image":{"@id":"https:\/\/info.encore-emea.com\/#\/schema\/logo\/image\/"},"sameAs":["https:\/\/www.facebook.com\/EncoreEMEA","https:\/\/x.com\/EncoreEMEA","https:\/\/www.instagram.com\/encoreemea\/","https:\/\/www.linkedin.com\/company\/encoreuk\/"]}]}},"_links":{"self":[{"href":"https:\/\/info.encore-emea.com\/fr\/wp-json\/wp\/v2\/pages\/2305","targetHints":{"allow":["GET"]}}],"collection":[{"href":"https:\/\/info.encore-emea.com\/fr\/wp-json\/wp\/v2\/pages"}],"about":[{"href":"https:\/\/info.encore-emea.com\/fr\/wp-json\/wp\/v2\/types\/page"}],"author":[{"embeddable":true,"href":"https:\/\/info.encore-emea.com\/fr\/wp-json\/wp\/v2\/users\/6934"}],"replies":[{"embeddable":true,"href":"https:\/\/info.encore-emea.com\/fr\/wp-json\/wp\/v2\/comments?post=2305"}],"version-history":[{"count":0,"href":"https:\/\/info.encore-emea.com\/fr\/wp-json\/wp\/v2\/pages\/2305\/revisions"}],"wp:featuredmedia":[{"embeddable":true,"href":"https:\/\/info.encore-emea.com\/fr\/wp-json\/wp\/v2\/media\/14402"}],"wp:attachment":[{"href":"https:\/\/info.encore-emea.com\/fr\/wp-json\/wp\/v2\/media?parent=2305"}],"wp:term":[{"taxonomy":"post_tag","embeddable":true,"href":"https:\/\/info.encore-emea.com\/fr\/wp-json\/wp\/v2\/tags?post=2305"}],"curies":[{"name":"wp","href":"https:\/\/api.w.org\/{rel}","templated":true}]}}