{"id":2329,"date":"2020-07-12T17:51:39","date_gmt":"2020-07-12T17:51:39","guid":{"rendered":"https:\/\/staging.encore-emea.com\/news-hub\/"},"modified":"2023-01-12T06:08:46","modified_gmt":"2023-01-12T06:08:46","slug":"actualites","status":"publish","type":"page","link":"https:\/\/info.encore-emea.com\/fr\/actualites\/","title":{"rendered":"Actualit\u00e9s"},"content":{"rendered":"\t\t<div data-elementor-type=\"wp-page\" data-elementor-id=\"2329\" class=\"elementor elementor-2329 elementor-1032\" data-elementor-post-type=\"page\">\n\t\t\t\t\t\t<section class=\"elementor-section elementor-top-section elementor-element elementor-element-59dc4ffa elementor-section-stretched logo-bg right elementor-section-boxed elementor-section-height-default elementor-section-height-default\" data-id=\"59dc4ffa\" data-element_type=\"section\" data-settings=\"{&quot;stretch_section&quot;:&quot;section-stretched&quot;}\">\n\t\t\t\t\t\t<div class=\"elementor-container elementor-column-gap-default\">\n\t\t\t\t\t<div class=\"elementor-column elementor-col-33 elementor-top-column elementor-element elementor-element-24eb50af\" data-id=\"24eb50af\" data-element_type=\"column\">\n\t\t\t<div class=\"elementor-widget-wrap\">\n\t\t\t\t\t\t\t<\/div>\n\t\t<\/div>\n\t\t\t\t<div class=\"elementor-column elementor-col-33 elementor-top-column elementor-element elementor-element-4694ca9b\" data-id=\"4694ca9b\" data-element_type=\"column\">\n\t\t\t<div class=\"elementor-widget-wrap elementor-element-populated\">\n\t\t\t\t\t\t<div class=\"elementor-element elementor-element-76082305 elementor-widget elementor-widget-heading\" data-id=\"76082305\" data-element_type=\"widget\" data-widget_type=\"heading.default\">\n\t\t\t\t<div class=\"elementor-widget-container\">\n\t\t\t\t\t<h2 class=\"elementor-heading-title elementor-size-default\">Derni\u00e8res parutions<\/h2>\t\t\t\t<\/div>\n\t\t\t\t<\/div>\n\t\t\t\t<div class=\"elementor-element elementor-element-57b38e9 elementor-widget elementor-widget-encore-posttype\" data-id=\"57b38e9\" data-element_type=\"widget\" data-widget_type=\"encore-posttype.default\">\n\t\t\t\t<div class=\"elementor-widget-container\">\n\t\t\t\t\t<div class=\"container-fluid news-releases-elementor\">\n\t\t\t<div class=\"row\">\n\t\t\t<div class=\"col-md-4\">\n\t\t\t\t<img fetchpriority=\"high\" decoding=\"async\" width=\"1956\" height=\"904\" src=\"https:\/\/cdn.encoreglobal.com\/wp-content\/uploads\/sites\/2\/2024\/04\/11110852\/Untitled-design-19.png\" class=\"attachment-post-thumbnail size-post-thumbnail wp-post-image\" alt=\"\" srcset=\"https:\/\/cdn.encoreglobal.com\/wp-content\/uploads\/sites\/2\/2024\/04\/11110852\/Untitled-design-19.png 1956w, https:\/\/cdn.encoreglobal.com\/wp-content\/uploads\/sites\/2\/2024\/04\/11110852\/Untitled-design-19-300x139.png 300w, https:\/\/cdn.encoreglobal.com\/wp-content\/uploads\/sites\/2\/2024\/04\/11110852\/Untitled-design-19-1024x473.png 1024w, https:\/\/cdn.encoreglobal.com\/wp-content\/uploads\/sites\/2\/2024\/04\/11110852\/Untitled-design-19-768x355.png 768w, https:\/\/cdn.encoreglobal.com\/wp-content\/uploads\/sites\/2\/2024\/04\/11110852\/Untitled-design-19-1536x710.png 1536w\" sizes=\"(max-width: 1956px) 100vw, 1956px\" \/>\t\t\t<\/div>\n\t\t\t<div class=\"col-md-8\">\n\t\t\t\t<h3>Encore est annonc\u00e9 comme le dernier membre de la World Sustainable Hospitality Alliance\u00a0<\/h3>\t\t\t\t<div class=\"news-meta\">\n\t\t\t\t\t<div class=\"date\">mai 24, 2024<\/div>\n\t\t\t\t\t<div class=\"name\">News Release<\/div>\n\t\t\t\t<\/div>\n\n\t\t\t\t<div class=\"excerpt\">\n\t\t\t\t\t<p>Encore, le principal partenaire mondial de production d&rsquo;\u00e9v\u00e9nements, est fier d&rsquo;annoncer son affiliation \u00e0 la World Sustainable Hospitality Alliance (l&rsquo;Alliance) &#8211; une alliance compos\u00e9e de pr\u00e8s de 50 membres partageant les m\u00eames id\u00e9es, qui s&rsquo;attaquent ensemble aux d\u00e9fis critiques ayant un impact sur la plan\u00e8te, les personnes et les lieux dans le monde entier.\u00a0 Encore &#8230; <a href=\"https:\/\/info.encore-emea.com\/fr\/news-releases\/news-sustainable-hospitality-alliance\/\">En savoir plus<\/a><\/p>\n\t\t\t\t<\/div>\n\t\t\t<\/div>\n\t\t<\/div>\n\t\t\t<div class=\"row\">\n\t\t\t<div class=\"col-md-4\">\n\t\t\t\t<img decoding=\"async\" width=\"1308\" height=\"603\" src=\"https:\/\/cdn.encoreglobal.com\/wp-content\/uploads\/sites\/2\/2024\/03\/27112051\/Illuminating-Brighter-Future-News-Banner.jpg\" class=\"attachment-post-thumbnail size-post-thumbnail wp-post-image\" alt=\"\" srcset=\"https:\/\/cdn.encoreglobal.com\/wp-content\/uploads\/sites\/2\/2024\/03\/27112051\/Illuminating-Brighter-Future-News-Banner.jpg 1308w, https:\/\/cdn.encoreglobal.com\/wp-content\/uploads\/sites\/2\/2024\/03\/27112051\/Illuminating-Brighter-Future-News-Banner-300x138.jpg 300w, https:\/\/cdn.encoreglobal.com\/wp-content\/uploads\/sites\/2\/2024\/03\/27112051\/Illuminating-Brighter-Future-News-Banner-1024x472.jpg 1024w, https:\/\/cdn.encoreglobal.com\/wp-content\/uploads\/sites\/2\/2024\/03\/27112051\/Illuminating-Brighter-Future-News-Banner-768x354.jpg 768w\" sizes=\"(max-width: 1308px) 100vw, 1308px\" \/>\t\t\t<\/div>\n\t\t\t<div class=\"col-md-8\">\n\t\t\t\t<h3>Encore annonce son initiative en mati\u00e8re de d\u00e9veloppement durable \u00ab\u00a0Illuminating a Brighter Future\u00a0\u00bb Plateforme d&rsquo;entreprise responsable\u00a0<\/h3>\t\t\t\t<div class=\"news-meta\">\n\t\t\t\t\t<div class=\"date\">mars 28, 2024<\/div>\n\t\t\t\t\t<div class=\"name\">News Release<\/div>\n\t\t\t\t<\/div>\n\n\t\t\t\t<div class=\"excerpt\">\n\t\t\t\t\t<p>L&rsquo;entreprise nomme \u00e9galement Patrick Sullivan au poste de directeur de la durabilit\u00e9 mondiale.\u00a0 Encore a le plaisir d&rsquo;annoncer une nouvelle plateforme d&rsquo;entreprise responsable, Illuminating a Brighter Future. Cette plateforme r\u00e9unit l&rsquo;ensemble des initiatives d&rsquo;Encore qui rendent le monde meilleur en mettant l&rsquo;accent sur les personnes, la plan\u00e8te et la responsabilit\u00e9.\u00a0\u00a0 En tant qu&rsquo;entreprise d&rsquo;h\u00f4tellerie et &#8230; <a href=\"https:\/\/info.encore-emea.com\/fr\/news-releases\/encore-annonce-son-initiative-en-matiere-de-developpement-durable-illuminating-a-brighter-future-plateforme-dentreprise-responsable\/\">En savoir plus<\/a><\/p>\n\t\t\t\t<\/div>\n\t\t\t<\/div>\n\t\t<\/div>\n\t\t\t<div class=\"row\">\n\t\t\t<div class=\"col-md-4\">\n\t\t\t\t<img decoding=\"async\" width=\"5793\" height=\"2736\" src=\"https:\/\/cdn.encoreglobal.com\/wp-content\/uploads\/sites\/2\/2024\/03\/21154052\/Stefica_NL-Banner-Photo.png\" class=\"attachment-post-thumbnail size-post-thumbnail wp-post-image\" alt=\"\" srcset=\"https:\/\/cdn.encoreglobal.com\/wp-content\/uploads\/sites\/2\/2024\/03\/21154052\/Stefica_NL-Banner-Photo.png 5793w, https:\/\/cdn.encoreglobal.com\/wp-content\/uploads\/sites\/2\/2024\/03\/21154052\/Stefica_NL-Banner-Photo-300x142.png 300w, https:\/\/cdn.encoreglobal.com\/wp-content\/uploads\/sites\/2\/2024\/03\/21154052\/Stefica_NL-Banner-Photo-1024x484.png 1024w, https:\/\/cdn.encoreglobal.com\/wp-content\/uploads\/sites\/2\/2024\/03\/21154052\/Stefica_NL-Banner-Photo-768x363.png 768w, https:\/\/cdn.encoreglobal.com\/wp-content\/uploads\/sites\/2\/2024\/03\/21154052\/Stefica_NL-Banner-Photo-1536x725.png 1536w, https:\/\/cdn.encoreglobal.com\/wp-content\/uploads\/sites\/2\/2024\/03\/21154052\/Stefica_NL-Banner-Photo-2048x967.png 2048w\" sizes=\"(max-width: 5793px) 100vw, 5793px\" \/>\t\t\t<\/div>\n\t\t\t<div class=\"col-md-8\">\n\t\t\t\t<h3>Encore ajoute Stefica Divkovic \u00e0 son \u00e9quipe de direction mondiale \u00a0<\/h3>\t\t\t\t<div class=\"news-meta\">\n\t\t\t\t\t<div class=\"date\">mars 25, 2024<\/div>\n\t\t\t\t\t<div class=\"name\">News Release<\/div>\n\t\t\t\t<\/div>\n\n\t\t\t\t<div class=\"excerpt\">\n\t\t\t\t\t<p>Encore, a leading global event technology and production services company, has named Stefica Divkovic the Managing Director for Europe, the Middle East, and Africa (EMEA). In her new role, Divkovic will develop and execute Encore&rsquo;s strategic plan for the EMEA region.\u00a0\u00a0 Divkovic has extensive experience driving business growth, managing operations, and transforming corporate cultures in &#8230; <a href=\"https:\/\/info.encore-emea.com\/fr\/news-releases\/encore-ajoute-stefica-divkovic-a-son-equipe-de-direction-mondiale\/\">En savoir plus<\/a><\/p>\n\t\t\t\t<\/div>\n\t\t\t<\/div>\n\t\t<\/div>\n\t<\/div>\n\t\t\t\t<\/div>\n\t\t\t\t<\/div>\n\t\t\t\t<div class=\"elementor-element elementor-element-d18813d elementor-widget-divider--view-line elementor-widget elementor-widget-divider\" data-id=\"d18813d\" data-element_type=\"widget\" data-widget_type=\"divider.default\">\n\t\t\t\t<div class=\"elementor-widget-container\">\n\t\t\t\t\t\t\t<div class=\"elementor-divider\">\n\t\t\t<span class=\"elementor-divider-separator\">\n\t\t\t\t\t\t<\/span>\n\t\t<\/div>\n\t\t\t\t\t\t<\/div>\n\t\t\t\t<\/div>\n\t\t\t\t<div class=\"elementor-element elementor-element-278e0c9 elementor-align-center elementor-widget elementor-widget-button\" data-id=\"278e0c9\" data-element_type=\"widget\" data-widget_type=\"button.default\">\n\t\t\t\t<div class=\"elementor-widget-container\">\n\t\t\t\t\t\t\t\t\t<div class=\"elementor-button-wrapper\">\n\t\t\t\t\t<a class=\"elementor-button elementor-button-link elementor-size-sm\" href=\"\/fr\/news-releases\/\">\n\t\t\t\t\t\t<span class=\"elementor-button-content-wrapper\">\n\t\t\t\t\t\t\t\t\t<span class=\"elementor-button-text\">Archives<\/span>\n\t\t\t\t\t<\/span>\n\t\t\t\t\t<\/a>\n\t\t\t\t<\/div>\n\t\t\t\t\t\t\t\t<\/div>\n\t\t\t\t<\/div>\n\t\t\t\t\t<\/div>\n\t\t<\/div>\n\t\t\t\t<div class=\"elementor-column elementor-col-33 elementor-top-column elementor-element elementor-element-29c272ae\" data-id=\"29c272ae\" data-element_type=\"column\">\n\t\t\t<div class=\"elementor-widget-wrap\">\n\t\t\t\t\t\t\t<\/div>\n\t\t<\/div>\n\t\t\t\t\t<\/div>\n\t\t<\/section>\n\t\t\t\t<section class=\"elementor-section elementor-top-section elementor-element elementor-element-3871e927 elementor-section-stretched elementor-section-boxed elementor-section-height-default elementor-section-height-default\" data-id=\"3871e927\" data-element_type=\"section\" data-settings=\"{&quot;stretch_section&quot;:&quot;section-stretched&quot;,&quot;background_background&quot;:&quot;classic&quot;}\">\n\t\t\t\t\t\t<div class=\"elementor-container elementor-column-gap-default\">\n\t\t\t\t\t<div class=\"elementor-column elementor-col-33 elementor-top-column elementor-element elementor-element-56defb8a\" data-id=\"56defb8a\" data-element_type=\"column\">\n\t\t\t<div class=\"elementor-widget-wrap elementor-element-populated\">\n\t\t\t\t\t\t<div class=\"elementor-element elementor-element-5ccffdb2 elementor-widget elementor-widget-image\" data-id=\"5ccffdb2\" data-element_type=\"widget\" data-widget_type=\"image.default\">\n\t\t\t\t<div class=\"elementor-widget-container\">\n\t\t\t\t\t\t\t\t\t\t\t\t\t\t\t<img loading=\"lazy\" decoding=\"async\" width=\"335\" height=\"412\" src=\"https:\/\/cdn.encoreglobal.com\/wp-content\/uploads\/sites\/2\/2020\/08\/04031834\/encore-icon.png\" class=\"attachment-large size-large wp-image-1969\" alt=\"\" srcset=\"https:\/\/cdn.encoreglobal.com\/wp-content\/uploads\/sites\/2\/2020\/08\/04031834\/encore-icon.png 335w, https:\/\/cdn.encoreglobal.com\/wp-content\/uploads\/sites\/2\/2020\/08\/04031834\/encore-icon-244x300.png 244w\" sizes=\"(max-width: 335px) 100vw, 335px\" \/>\t\t\t\t\t\t\t\t\t\t\t\t\t\t\t<\/div>\n\t\t\t\t<\/div>\n\t\t\t\t\t<\/div>\n\t\t<\/div>\n\t\t\t\t<div class=\"elementor-column elementor-col-33 elementor-top-column elementor-element elementor-element-3f0a017\" data-id=\"3f0a017\" data-element_type=\"column\">\n\t\t\t<div class=\"elementor-widget-wrap elementor-element-populated\">\n\t\t\t\t\t\t<div class=\"elementor-element elementor-element-47379179 elementor-widget elementor-widget-text-editor\" data-id=\"47379179\" data-element_type=\"widget\" data-widget_type=\"text-editor.default\">\n\t\t\t\t<div class=\"elementor-widget-container\">\n\t\t\t\t\t\t\t\t\t<h3>Ressources M\u00e9dia<\/h3><p>L\u2018identit\u00e9 professionnelle d\u2019Encore. Photos et s\u00e9quences sous licences, \u00e0 usage \u00e9ditorial. Ceci est qui nous sommes et comment nous souhaitons \u00eatre repr\u00e9sent\u00e9s sur le march\u00e9.<\/p><p><a style=\"color: #fff;\" href=\"\/brand-assets\/\"><strong>Learn More<\/strong><\/a><\/p>\t\t\t\t\t\t\t\t<\/div>\n\t\t\t\t<\/div>\n\t\t\t\t\t<\/div>\n\t\t<\/div>\n\t\t\t\t<div class=\"elementor-column elementor-col-33 elementor-top-column elementor-element elementor-element-28582105\" data-id=\"28582105\" data-element_type=\"column\">\n\t\t\t<div class=\"elementor-widget-wrap\">\n\t\t\t\t\t\t\t<\/div>\n\t\t<\/div>\n\t\t\t\t\t<\/div>\n\t\t<\/section>\n\t\t\t\t<section class=\"elementor-section elementor-top-section elementor-element elementor-element-48bc694 elementor-section-boxed elementor-section-height-default elementor-section-height-default\" data-id=\"48bc694\" data-element_type=\"section\">\n\t\t\t\t\t\t<div class=\"elementor-container elementor-column-gap-default\">\n\t\t\t\t\t<div class=\"elementor-column elementor-col-100 elementor-top-column elementor-element elementor-element-066c94f\" data-id=\"066c94f\" data-element_type=\"column\">\n\t\t\t<div class=\"elementor-widget-wrap\">\n\t\t\t\t\t\t\t<\/div>\n\t\t<\/div>\n\t\t\t\t\t<\/div>\n\t\t<\/section>\n\t\t\t\t<\/div>\n\t\t","protected":false},"excerpt":{"rendered":"<p>Derni\u00e8res parutions Intrado Digital Media and Encore Enter Strategic Partnership to Lead the Future of Business Events June 30, 2021 News Release Global industry leaders combine production and technology services to deliver unmatched event experiences for virtual and in-person audiences Intrado Corporation (\u201cIntrado\u201d or the \u201cCompany\u201d), a global leader in technology-enabled services, and Encore, a &#8230; <a href=\"https:\/\/info.encore-emea.com\/fr\/news-releases\/encore-ajoute-stefica-divkovic-a-son-equipe-de-direction-mondiale\/\">En savoir plus<\/a><\/p>\n","protected":false},"author":24,"featured_media":24463,"parent":0,"menu_order":0,"comment_status":"closed","ping_status":"closed","template":"","meta":{"footnotes":""},"tags":[],"class_list":["post-2329","page","type-page","status-publish","has-post-thumbnail","hentry"],"yoast_head":"<!-- This site is optimized with the Yoast SEO Premium plugin v25.4 (Yoast SEO v25.4) - https:\/\/yoast.com\/wordpress\/plugins\/seo\/ -->\n<title>Actualit\u00e9s - Encore EMEA<\/title>\n<meta name=\"description\" content=\"Les toutes derni\u00e8res nouvelles de la famille Encore. Abonnez-vous \u00e0 notre newsletter et gardez bien cette page en favoris\" \/>\n<meta name=\"robots\" content=\"noindex, follow, max-snippet:-1, max-image-preview:large, max-video-preview:-1\" \/>\n<meta property=\"og:locale\" content=\"fr_FR\" \/>\n<meta property=\"og:type\" content=\"article\" \/>\n<meta property=\"og:title\" content=\"Actualit\u00e9s\" \/>\n<meta property=\"og:description\" content=\"Les toutes derni\u00e8res nouvelles de la famille Encore. Abonnez-vous \u00e0 notre newsletter et gardez bien cette page en favoris\" \/>\n<meta property=\"og:url\" content=\"https:\/\/info.encore-emea.com\/news-hub\/\" \/>\n<meta property=\"og:site_name\" content=\"Encore EMEA\" \/>\n<meta property=\"article:publisher\" content=\"https:\/\/www.facebook.com\/EncoreEMEA\" \/>\n<meta property=\"article:modified_time\" content=\"2023-01-12T06:08:46+00:00\" \/>\n<meta property=\"og:image\" content=\"https:\/\/cdn.encoreglobal.com\/wp-content\/uploads\/sites\/2\/2021\/07\/04065312\/encore_generic_feature.png\" \/>\n\t<meta property=\"og:image:width\" content=\"708\" \/>\n\t<meta property=\"og:image:height\" content=\"395\" \/>\n\t<meta property=\"og:image:type\" content=\"image\/png\" \/>\n<meta name=\"twitter:card\" content=\"summary_large_image\" \/>\n<meta name=\"twitter:site\" content=\"@EncoreEMEA\" \/>\n<meta name=\"twitter:label1\" content=\"Dur\u00e9e de lecture estim\u00e9e\" \/>\n\t<meta name=\"twitter:data1\" content=\"2 minutes\" \/>\n<script type=\"application\/ld+json\" class=\"yoast-schema-graph\">{\"@context\":\"https:\/\/schema.org\",\"@graph\":[{\"@type\":\"WebPage\",\"@id\":\"https:\/\/info.encore-emea.com\/news-hub\/\",\"url\":\"https:\/\/info.encore-emea.com\/news-hub\/\",\"name\":\"Actualit\u00e9s - Encore EMEA\",\"isPartOf\":{\"@id\":\"https:\/\/info.encore-emea.com\/#website\"},\"primaryImageOfPage\":{\"@id\":\"https:\/\/info.encore-emea.com\/news-hub\/#primaryimage\"},\"image\":{\"@id\":\"https:\/\/info.encore-emea.com\/news-hub\/#primaryimage\"},\"thumbnailUrl\":\"https:\/\/cdn.encoreglobal.com\/wp-content\/uploads\/sites\/2\/2021\/07\/04065312\/encore_generic_feature.png\",\"datePublished\":\"2020-07-12T17:51:39+00:00\",\"dateModified\":\"2023-01-12T06:08:46+00:00\",\"description\":\"Les toutes derni\u00e8res nouvelles de la famille Encore. Abonnez-vous \u00e0 notre newsletter et gardez bien cette page en favoris\",\"breadcrumb\":{\"@id\":\"https:\/\/info.encore-emea.com\/news-hub\/#breadcrumb\"},\"inLanguage\":\"fr-FR\",\"potentialAction\":[{\"@type\":\"ReadAction\",\"target\":[\"https:\/\/info.encore-emea.com\/news-hub\/\"]}]},{\"@type\":\"ImageObject\",\"inLanguage\":\"fr-FR\",\"@id\":\"https:\/\/info.encore-emea.com\/news-hub\/#primaryimage\",\"url\":\"https:\/\/cdn.encoreglobal.com\/wp-content\/uploads\/sites\/2\/2021\/07\/04065312\/encore_generic_feature.png\",\"contentUrl\":\"https:\/\/cdn.encoreglobal.com\/wp-content\/uploads\/sites\/2\/2021\/07\/04065312\/encore_generic_feature.png\",\"width\":708,\"height\":395},{\"@type\":\"BreadcrumbList\",\"@id\":\"https:\/\/info.encore-emea.com\/news-hub\/#breadcrumb\",\"itemListElement\":[{\"@type\":\"ListItem\",\"position\":1,\"name\":\"Home\",\"item\":\"https:\/\/info.encore-emea.com\/fr\/\"},{\"@type\":\"ListItem\",\"position\":2,\"name\":\"Actualit\u00e9s\"}]},{\"@type\":\"WebSite\",\"@id\":\"https:\/\/info.encore-emea.com\/#website\",\"url\":\"https:\/\/info.encore-emea.com\/\",\"name\":\"Encore EMEA\",\"description\":\"Events That Transform\",\"publisher\":{\"@id\":\"https:\/\/info.encore-emea.com\/#organization\"},\"potentialAction\":[{\"@type\":\"SearchAction\",\"target\":{\"@type\":\"EntryPoint\",\"urlTemplate\":\"https:\/\/info.encore-emea.com\/?s={search_term_string}\"},\"query-input\":{\"@type\":\"PropertyValueSpecification\",\"valueRequired\":true,\"valueName\":\"search_term_string\"}}],\"inLanguage\":\"fr-FR\"},{\"@type\":\"Organization\",\"@id\":\"https:\/\/info.encore-emea.com\/#organization\",\"name\":\"ENCORE EMEA\",\"url\":\"https:\/\/info.encore-emea.com\/\",\"logo\":{\"@type\":\"ImageObject\",\"inLanguage\":\"fr-FR\",\"@id\":\"https:\/\/info.encore-emea.com\/#\/schema\/logo\/image\/\",\"url\":\"https:\/\/cdn.encoreglobal.com\/wp-content\/uploads\/sites\/2\/2021\/01\/13170758\/encore_logo_RGB.png\",\"contentUrl\":\"https:\/\/cdn.encoreglobal.com\/wp-content\/uploads\/sites\/2\/2021\/01\/13170758\/encore_logo_RGB.png\",\"width\":6797,\"height\":1934,\"caption\":\"ENCORE EMEA\"},\"image\":{\"@id\":\"https:\/\/info.encore-emea.com\/#\/schema\/logo\/image\/\"},\"sameAs\":[\"https:\/\/www.facebook.com\/EncoreEMEA\",\"https:\/\/x.com\/EncoreEMEA\",\"https:\/\/www.instagram.com\/encoreemea\/\",\"https:\/\/www.linkedin.com\/company\/encoreuk\/\"]}]}<\/script>\n<!-- \/ Yoast SEO Premium plugin. -->","yoast_head_json":{"title":"Actualit\u00e9s - Encore EMEA","description":"Les toutes derni\u00e8res nouvelles de la famille Encore. Abonnez-vous \u00e0 notre newsletter et gardez bien cette page en favoris","robots":{"index":"noindex","follow":"follow","max-snippet":"max-snippet:-1","max-image-preview":"max-image-preview:large","max-video-preview":"max-video-preview:-1"},"og_locale":"fr_FR","og_type":"article","og_title":"Actualit\u00e9s","og_description":"Les toutes derni\u00e8res nouvelles de la famille Encore. Abonnez-vous \u00e0 notre newsletter et gardez bien cette page en favoris","og_url":"https:\/\/info.encore-emea.com\/news-hub\/","og_site_name":"Encore EMEA","article_publisher":"https:\/\/www.facebook.com\/EncoreEMEA","article_modified_time":"2023-01-12T06:08:46+00:00","og_image":[{"width":708,"height":395,"url":"https:\/\/cdn.encoreglobal.com\/wp-content\/uploads\/sites\/2\/2021\/07\/04065312\/encore_generic_feature.png","type":"image\/png"}],"twitter_card":"summary_large_image","twitter_site":"@EncoreEMEA","twitter_misc":{"Dur\u00e9e de lecture estim\u00e9e":"2 minutes"},"schema":{"@context":"https:\/\/schema.org","@graph":[{"@type":"WebPage","@id":"https:\/\/info.encore-emea.com\/news-hub\/","url":"https:\/\/info.encore-emea.com\/news-hub\/","name":"Actualit\u00e9s - Encore EMEA","isPartOf":{"@id":"https:\/\/info.encore-emea.com\/#website"},"primaryImageOfPage":{"@id":"https:\/\/info.encore-emea.com\/news-hub\/#primaryimage"},"image":{"@id":"https:\/\/info.encore-emea.com\/news-hub\/#primaryimage"},"thumbnailUrl":"https:\/\/cdn.encoreglobal.com\/wp-content\/uploads\/sites\/2\/2021\/07\/04065312\/encore_generic_feature.png","datePublished":"2020-07-12T17:51:39+00:00","dateModified":"2023-01-12T06:08:46+00:00","description":"Les toutes derni\u00e8res nouvelles de la famille Encore. Abonnez-vous \u00e0 notre newsletter et gardez bien cette page en favoris","breadcrumb":{"@id":"https:\/\/info.encore-emea.com\/news-hub\/#breadcrumb"},"inLanguage":"fr-FR","potentialAction":[{"@type":"ReadAction","target":["https:\/\/info.encore-emea.com\/news-hub\/"]}]},{"@type":"ImageObject","inLanguage":"fr-FR","@id":"https:\/\/info.encore-emea.com\/news-hub\/#primaryimage","url":"https:\/\/cdn.encoreglobal.com\/wp-content\/uploads\/sites\/2\/2021\/07\/04065312\/encore_generic_feature.png","contentUrl":"https:\/\/cdn.encoreglobal.com\/wp-content\/uploads\/sites\/2\/2021\/07\/04065312\/encore_generic_feature.png","width":708,"height":395},{"@type":"BreadcrumbList","@id":"https:\/\/info.encore-emea.com\/news-hub\/#breadcrumb","itemListElement":[{"@type":"ListItem","position":1,"name":"Home","item":"https:\/\/info.encore-emea.com\/fr\/"},{"@type":"ListItem","position":2,"name":"Actualit\u00e9s"}]},{"@type":"WebSite","@id":"https:\/\/info.encore-emea.com\/#website","url":"https:\/\/info.encore-emea.com\/","name":"Encore EMEA","description":"Events That Transform","publisher":{"@id":"https:\/\/info.encore-emea.com\/#organization"},"potentialAction":[{"@type":"SearchAction","target":{"@type":"EntryPoint","urlTemplate":"https:\/\/info.encore-emea.com\/?s={search_term_string}"},"query-input":{"@type":"PropertyValueSpecification","valueRequired":true,"valueName":"search_term_string"}}],"inLanguage":"fr-FR"},{"@type":"Organization","@id":"https:\/\/info.encore-emea.com\/#organization","name":"ENCORE EMEA","url":"https:\/\/info.encore-emea.com\/","logo":{"@type":"ImageObject","inLanguage":"fr-FR","@id":"https:\/\/info.encore-emea.com\/#\/schema\/logo\/image\/","url":"https:\/\/cdn.encoreglobal.com\/wp-content\/uploads\/sites\/2\/2021\/01\/13170758\/encore_logo_RGB.png","contentUrl":"https:\/\/cdn.encoreglobal.com\/wp-content\/uploads\/sites\/2\/2021\/01\/13170758\/encore_logo_RGB.png","width":6797,"height":1934,"caption":"ENCORE EMEA"},"image":{"@id":"https:\/\/info.encore-emea.com\/#\/schema\/logo\/image\/"},"sameAs":["https:\/\/www.facebook.com\/EncoreEMEA","https:\/\/x.com\/EncoreEMEA","https:\/\/www.instagram.com\/encoreemea\/","https:\/\/www.linkedin.com\/company\/encoreuk\/"]}]}},"_links":{"self":[{"href":"https:\/\/info.encore-emea.com\/fr\/wp-json\/wp\/v2\/pages\/2329","targetHints":{"allow":["GET"]}}],"collection":[{"href":"https:\/\/info.encore-emea.com\/fr\/wp-json\/wp\/v2\/pages"}],"about":[{"href":"https:\/\/info.encore-emea.com\/fr\/wp-json\/wp\/v2\/types\/page"}],"author":[{"embeddable":true,"href":"https:\/\/info.encore-emea.com\/fr\/wp-json\/wp\/v2\/users\/24"}],"replies":[{"embeddable":true,"href":"https:\/\/info.encore-emea.com\/fr\/wp-json\/wp\/v2\/comments?post=2329"}],"version-history":[{"count":0,"href":"https:\/\/info.encore-emea.com\/fr\/wp-json\/wp\/v2\/pages\/2329\/revisions"}],"wp:featuredmedia":[{"embeddable":true,"href":"https:\/\/info.encore-emea.com\/fr\/wp-json\/wp\/v2\/media\/24463"}],"wp:attachment":[{"href":"https:\/\/info.encore-emea.com\/fr\/wp-json\/wp\/v2\/media?parent=2329"}],"wp:term":[{"taxonomy":"post_tag","embeddable":true,"href":"https:\/\/info.encore-emea.com\/fr\/wp-json\/wp\/v2\/tags?post=2329"}],"curies":[{"name":"wp","href":"https:\/\/api.w.org\/{rel}","templated":true}]}}