{"id":27497,"date":"2021-09-15T09:34:22","date_gmt":"2021-09-15T09:34:22","guid":{"rendered":"https:\/\/www.encore-emea.com\/?page_id=27497"},"modified":"2021-09-15T09:34:24","modified_gmt":"2021-09-15T09:34:24","slug":"nous-sommes-impatients-de-parler-avec-vous-hybrid","status":"publish","type":"page","link":"https:\/\/info.encore-emea.com\/fr\/nous-sommes-impatients-de-parler-avec-vous-hybrid\/","title":{"rendered":"Nous sommes impatients de parler avec vous ! Hybrid LP"},"content":{"rendered":"\t\t<div data-elementor-type=\"wp-page\" data-elementor-id=\"27497\" class=\"elementor elementor-27497 elementor-27494\" data-elementor-post-type=\"page\">\n\t\t\t\t\t\t<section class=\"elementor-section elementor-top-section elementor-element elementor-element-3a38d82 elementor-section-boxed elementor-section-height-default elementor-section-height-default\" data-id=\"3a38d82\" data-element_type=\"section\">\n\t\t\t\t\t\t<div class=\"elementor-container elementor-column-gap-default\">\n\t\t\t\t\t<div class=\"elementor-column elementor-col-25 elementor-top-column elementor-element elementor-element-032761e\" data-id=\"032761e\" data-element_type=\"column\">\n\t\t\t<div class=\"elementor-widget-wrap\">\n\t\t\t\t\t\t\t<\/div>\n\t\t<\/div>\n\t\t\t\t<div class=\"elementor-column elementor-col-50 elementor-top-column elementor-element elementor-element-57f666d\" data-id=\"57f666d\" data-element_type=\"column\">\n\t\t\t<div class=\"elementor-widget-wrap elementor-element-populated\">\n\t\t\t\t\t\t<div class=\"elementor-element elementor-element-9e7b259 elementor-widget elementor-widget-heading\" data-id=\"9e7b259\" data-element_type=\"widget\" data-widget_type=\"heading.default\">\n\t\t\t\t<div class=\"elementor-widget-container\">\n\t\t\t\t\t<h2 class=\"elementor-heading-title elementor-size-default\">C'est fait !<\/h2>\t\t\t\t<\/div>\n\t\t\t\t<\/div>\n\t\t\t\t<div class=\"elementor-element elementor-element-d590223 elementor-widget elementor-widget-text-editor\" data-id=\"d590223\" data-element_type=\"widget\" data-widget_type=\"text-editor.default\">\n\t\t\t\t<div class=\"elementor-widget-container\">\n\t\t\t\t\t\t\t\t\t<p style=\"text-align: center;\">Nous avons re\u00e7u votre demande. Un membre de notre \u00e9quipe vous contactera bient\u00f4t ! Ensemble, nous transformerons votre vision en exp\u00e9riences \u00e9v\u00e9nementielles inspirantes.<\/p>\t\t\t\t\t\t\t\t<\/div>\n\t\t\t\t<\/div>\n\t\t\t\t\t<\/div>\n\t\t<\/div>\n\t\t\t\t<div class=\"elementor-column elementor-col-25 elementor-top-column elementor-element elementor-element-4c9c700\" data-id=\"4c9c700\" data-element_type=\"column\">\n\t\t\t<div class=\"elementor-widget-wrap\">\n\t\t\t\t\t\t\t<\/div>\n\t\t<\/div>\n\t\t\t\t\t<\/div>\n\t\t<\/section>\n\t\t\t\t<section class=\"elementor-section elementor-top-section elementor-element elementor-element-b958937 elementor-section-boxed elementor-section-height-default elementor-section-height-default\" data-id=\"b958937\" data-element_type=\"section\">\n\t\t\t\t\t\t<div class=\"elementor-container elementor-column-gap-default\">\n\t\t\t\t\t<div class=\"elementor-column elementor-col-100 elementor-top-column elementor-element elementor-element-7ee1231\" data-id=\"7ee1231\" data-element_type=\"column\">\n\t\t\t<div class=\"elementor-widget-wrap elementor-element-populated\">\n\t\t\t\t\t\t<div class=\"elementor-element elementor-element-31c3b7e elementor-widget elementor-widget-text-editor\" data-id=\"31c3b7e\" data-element_type=\"widget\" data-widget_type=\"text-editor.default\">\n\t\t\t\t<div class=\"elementor-widget-container\">\n\t\t\t\t\t\t\t\t\t<p style=\"text-align: center;\">En attendant, jetez un coup d&rsquo;\u0153il aux services et aux offres sur notre site web. Ou d\u00e9couvrez le monde d&rsquo;Encore sur nos canaux de m\u00e9dias sociaux !<\/p>\t\t\t\t\t\t\t\t<\/div>\n\t\t\t\t<\/div>\n\t\t\t\t\t<\/div>\n\t\t<\/div>\n\t\t\t\t\t<\/div>\n\t\t<\/section>\n\t\t\t\t<section class=\"elementor-section elementor-top-section elementor-element elementor-element-a01b248 elementor-section-boxed elementor-section-height-default elementor-section-height-default\" data-id=\"a01b248\" data-element_type=\"section\">\n\t\t\t\t\t\t<div class=\"elementor-container elementor-column-gap-default\">\n\t\t\t\t\t<div class=\"elementor-column elementor-col-20 elementor-top-column elementor-element elementor-element-c689856\" data-id=\"c689856\" data-element_type=\"column\">\n\t\t\t<div class=\"elementor-widget-wrap elementor-element-populated\">\n\t\t\t\t\t\t<div class=\"elementor-element elementor-element-88ecbdd elementor-widget elementor-widget-image\" data-id=\"88ecbdd\" data-element_type=\"widget\" data-widget_type=\"image.default\">\n\t\t\t\t<div class=\"elementor-widget-container\">\n\t\t\t\t\t\t\t\t\t\t\t\t\t\t\t\t<a href=\"https:\/\/www.facebook.com\/EncoreEMEA\" target=\"_blank\">\n\t\t\t\t\t\t\t<img decoding=\"async\" width=\"200\" height=\"200\" src=\"https:\/\/cdn.encoreglobal.com\/wp-content\/uploads\/sites\/2\/2021\/02\/23153832\/Facebook_Option1.png\" class=\"attachment-large size-large wp-image-17541\" alt=\"\" srcset=\"https:\/\/cdn.encoreglobal.com\/wp-content\/uploads\/sites\/2\/2021\/02\/23153832\/Facebook_Option1.png 200w, https:\/\/cdn.encoreglobal.com\/wp-content\/uploads\/sites\/2\/2021\/02\/23153832\/Facebook_Option1-150x150.png 150w\" sizes=\"(max-width: 200px) 100vw, 200px\" \/>\t\t\t\t\t\t\t\t<\/a>\n\t\t\t\t\t\t\t\t\t\t\t\t\t\t\t<\/div>\n\t\t\t\t<\/div>\n\t\t\t\t\t<\/div>\n\t\t<\/div>\n\t\t\t\t<div class=\"elementor-column elementor-col-20 elementor-top-column elementor-element elementor-element-b1438bf\" data-id=\"b1438bf\" data-element_type=\"column\">\n\t\t\t<div class=\"elementor-widget-wrap elementor-element-populated\">\n\t\t\t\t\t\t<div class=\"elementor-element elementor-element-4a0a16e elementor-widget elementor-widget-image\" data-id=\"4a0a16e\" data-element_type=\"widget\" data-widget_type=\"image.default\">\n\t\t\t\t<div class=\"elementor-widget-container\">\n\t\t\t\t\t\t\t\t\t\t\t\t\t\t\t\t<a href=\"https:\/\/www.instagram.com\/encoreemea\/\" target=\"_blank\">\n\t\t\t\t\t\t\t<img decoding=\"async\" width=\"200\" height=\"200\" src=\"https:\/\/cdn.encoreglobal.com\/wp-content\/uploads\/sites\/2\/2021\/02\/23155304\/Instagram_Option1.png\" class=\"attachment-large size-large wp-image-17553\" alt=\"\" srcset=\"https:\/\/cdn.encoreglobal.com\/wp-content\/uploads\/sites\/2\/2021\/02\/23155304\/Instagram_Option1.png 200w, https:\/\/cdn.encoreglobal.com\/wp-content\/uploads\/sites\/2\/2021\/02\/23155304\/Instagram_Option1-150x150.png 150w\" sizes=\"(max-width: 200px) 100vw, 200px\" \/>\t\t\t\t\t\t\t\t<\/a>\n\t\t\t\t\t\t\t\t\t\t\t\t\t\t\t<\/div>\n\t\t\t\t<\/div>\n\t\t\t\t\t<\/div>\n\t\t<\/div>\n\t\t\t\t<div class=\"elementor-column elementor-col-20 elementor-top-column elementor-element elementor-element-180de1c\" data-id=\"180de1c\" data-element_type=\"column\">\n\t\t\t<div class=\"elementor-widget-wrap elementor-element-populated\">\n\t\t\t\t\t\t<div class=\"elementor-element elementor-element-725bd64 elementor-widget elementor-widget-image\" data-id=\"725bd64\" data-element_type=\"widget\" data-widget_type=\"image.default\">\n\t\t\t\t<div class=\"elementor-widget-container\">\n\t\t\t\t\t\t\t\t\t\t\t\t\t\t\t\t<a href=\"https:\/\/twitter.com\/EncoreEMEA\" target=\"_blank\">\n\t\t\t\t\t\t\t<img decoding=\"async\" width=\"200\" height=\"200\" src=\"https:\/\/cdn.encoreglobal.com\/wp-content\/uploads\/sites\/2\/2021\/02\/23153835\/Twitter_Option1.png\" class=\"attachment-large size-large wp-image-17545\" alt=\"\" srcset=\"https:\/\/cdn.encoreglobal.com\/wp-content\/uploads\/sites\/2\/2021\/02\/23153835\/Twitter_Option1.png 200w, https:\/\/cdn.encoreglobal.com\/wp-content\/uploads\/sites\/2\/2021\/02\/23153835\/Twitter_Option1-150x150.png 150w\" sizes=\"(max-width: 200px) 100vw, 200px\" \/>\t\t\t\t\t\t\t\t<\/a>\n\t\t\t\t\t\t\t\t\t\t\t\t\t\t\t<\/div>\n\t\t\t\t<\/div>\n\t\t\t\t\t<\/div>\n\t\t<\/div>\n\t\t\t\t<div class=\"elementor-column elementor-col-20 elementor-top-column elementor-element elementor-element-e4cc5d1\" data-id=\"e4cc5d1\" data-element_type=\"column\">\n\t\t\t<div class=\"elementor-widget-wrap elementor-element-populated\">\n\t\t\t\t\t\t<div class=\"elementor-element elementor-element-5f1c179 elementor-widget elementor-widget-image\" data-id=\"5f1c179\" data-element_type=\"widget\" data-widget_type=\"image.default\">\n\t\t\t\t<div class=\"elementor-widget-container\">\n\t\t\t\t\t\t\t\t\t\t\t\t\t\t\t\t<a href=\"https:\/\/www.linkedin.com\/company\/encoreuk\/\" target=\"_blank\">\n\t\t\t\t\t\t\t<img loading=\"lazy\" decoding=\"async\" width=\"200\" height=\"200\" src=\"https:\/\/cdn.encoreglobal.com\/wp-content\/uploads\/sites\/2\/2021\/02\/23153821\/Linkeidn_Option1.png\" class=\"attachment-large size-large wp-image-17533\" alt=\"\" srcset=\"https:\/\/cdn.encoreglobal.com\/wp-content\/uploads\/sites\/2\/2021\/02\/23153821\/Linkeidn_Option1.png 200w, https:\/\/cdn.encoreglobal.com\/wp-content\/uploads\/sites\/2\/2021\/02\/23153821\/Linkeidn_Option1-150x150.png 150w\" sizes=\"(max-width: 200px) 100vw, 200px\" \/>\t\t\t\t\t\t\t\t<\/a>\n\t\t\t\t\t\t\t\t\t\t\t\t\t\t\t<\/div>\n\t\t\t\t<\/div>\n\t\t\t\t\t<\/div>\n\t\t<\/div>\n\t\t\t\t<div class=\"elementor-column elementor-col-20 elementor-top-column elementor-element elementor-element-4f8e81e\" data-id=\"4f8e81e\" data-element_type=\"column\">\n\t\t\t<div class=\"elementor-widget-wrap elementor-element-populated\">\n\t\t\t\t\t\t<div class=\"elementor-element elementor-element-acd1477 elementor-widget elementor-widget-image\" data-id=\"acd1477\" data-element_type=\"widget\" data-widget_type=\"image.default\">\n\t\t\t\t<div class=\"elementor-widget-container\">\n\t\t\t\t\t\t\t\t\t\t\t\t\t\t\t\t<a href=\"https:\/\/vimeo.com\/encoreemea\" target=\"_blank\">\n\t\t\t\t\t\t\t<img loading=\"lazy\" decoding=\"async\" width=\"200\" height=\"200\" src=\"https:\/\/cdn.encoreglobal.com\/wp-content\/uploads\/sites\/2\/2021\/02\/23153829\/Vimeo_Option.png\" class=\"attachment-large size-large wp-image-17537\" alt=\"\" srcset=\"https:\/\/cdn.encoreglobal.com\/wp-content\/uploads\/sites\/2\/2021\/02\/23153829\/Vimeo_Option.png 200w, https:\/\/cdn.encoreglobal.com\/wp-content\/uploads\/sites\/2\/2021\/02\/23153829\/Vimeo_Option-150x150.png 150w\" sizes=\"(max-width: 200px) 100vw, 200px\" \/>\t\t\t\t\t\t\t\t<\/a>\n\t\t\t\t\t\t\t\t\t\t\t\t\t\t\t<\/div>\n\t\t\t\t<\/div>\n\t\t\t\t\t<\/div>\n\t\t<\/div>\n\t\t\t\t\t<\/div>\n\t\t<\/section>\n\t\t\t\t<\/div>\n\t\t","protected":false},"excerpt":{"rendered":"<p>C&rsquo;est fait ! Nous avons re\u00e7u votre demande. Un membre de notre \u00e9quipe vous contactera bient\u00f4t ! Ensemble, nous transformerons votre vision en exp\u00e9riences \u00e9v\u00e9nementielles inspirantes. En attendant, jetez un coup d&rsquo;\u0153il aux services et aux offres sur notre site web. Ou d\u00e9couvrez le monde d&rsquo;Encore sur nos canaux de m\u00e9dias sociaux ! &#8230; <a href=\"https:\/\/info.encore-emea.com\/fr\/nous-sommes-impatients-de-parler-avec-vous-hybrid\/\">En savoir plus<\/a><\/p>\n","protected":false},"author":41,"featured_media":0,"parent":0,"menu_order":0,"comment_status":"closed","ping_status":"closed","template":"","meta":{"footnotes":""},"tags":[],"class_list":["post-27497","page","type-page","status-publish","hentry"],"yoast_head":"<!-- This site is optimized with the Yoast SEO Premium plugin v25.4 (Yoast SEO v25.4) - https:\/\/yoast.com\/wordpress\/plugins\/seo\/ -->\n<title>Nous sommes impatients de parler avec vous ! Hybrid LP - Encore EMEA<\/title>\n<meta name=\"robots\" content=\"noindex, follow, max-snippet:-1, max-image-preview:large, max-video-preview:-1\" \/>\n<meta property=\"og:locale\" content=\"fr_FR\" \/>\n<meta property=\"og:type\" content=\"article\" \/>\n<meta property=\"og:title\" content=\"Nous sommes impatients de parler avec vous ! Hybrid LP\" \/>\n<meta property=\"og:description\" content=\"C&rsquo;est fait ! Nous avons re\u00e7u votre demande. Un membre de notre \u00e9quipe vous contactera bient\u00f4t ! Ensemble, nous transformerons votre vision en exp\u00e9riences \u00e9v\u00e9nementielles inspirantes. En attendant, jetez un coup d&rsquo;\u0153il aux services et aux offres sur notre site web. Ou d\u00e9couvrez le monde d&rsquo;Encore sur nos canaux de m\u00e9dias sociaux ! ... En savoir plus\" \/>\n<meta property=\"og:url\" content=\"https:\/\/info.encore-emea.com\/looking-forward-to-speak-with-you-hybrid\/\" \/>\n<meta property=\"og:site_name\" content=\"Encore EMEA\" \/>\n<meta property=\"article:publisher\" content=\"https:\/\/www.facebook.com\/EncoreEMEA\" \/>\n<meta property=\"article:modified_time\" content=\"2021-09-15T09:34:24+00:00\" \/>\n<meta property=\"og:image\" content=\"https:\/\/www.encoreglobal.com\/app\/uploads\/sites\/2\/2021\/02\/Facebook_Option1.png\" \/>\n<meta name=\"twitter:card\" content=\"summary_large_image\" \/>\n<meta name=\"twitter:site\" content=\"@EncoreEMEA\" \/>\n<meta name=\"twitter:label1\" content=\"Dur\u00e9e de lecture estim\u00e9e\" \/>\n\t<meta name=\"twitter:data1\" content=\"2 minutes\" \/>\n<script type=\"application\/ld+json\" class=\"yoast-schema-graph\">{\"@context\":\"https:\/\/schema.org\",\"@graph\":[{\"@type\":\"WebPage\",\"@id\":\"https:\/\/info.encore-emea.com\/looking-forward-to-speak-with-you-hybrid\/\",\"url\":\"https:\/\/info.encore-emea.com\/looking-forward-to-speak-with-you-hybrid\/\",\"name\":\"Nous sommes impatients de parler avec vous ! Hybrid LP - Encore EMEA\",\"isPartOf\":{\"@id\":\"https:\/\/info.encore-emea.com\/#website\"},\"primaryImageOfPage\":{\"@id\":\"https:\/\/info.encore-emea.com\/looking-forward-to-speak-with-you-hybrid\/#primaryimage\"},\"image\":{\"@id\":\"https:\/\/info.encore-emea.com\/looking-forward-to-speak-with-you-hybrid\/#primaryimage\"},\"thumbnailUrl\":\"https:\/\/www.encoreglobal.com\/app\/uploads\/sites\/2\/2021\/02\/Facebook_Option1.png\",\"datePublished\":\"2021-09-15T09:34:22+00:00\",\"dateModified\":\"2021-09-15T09:34:24+00:00\",\"breadcrumb\":{\"@id\":\"https:\/\/info.encore-emea.com\/looking-forward-to-speak-with-you-hybrid\/#breadcrumb\"},\"inLanguage\":\"fr-FR\",\"potentialAction\":[{\"@type\":\"ReadAction\",\"target\":[\"https:\/\/info.encore-emea.com\/looking-forward-to-speak-with-you-hybrid\/\"]}]},{\"@type\":\"ImageObject\",\"inLanguage\":\"fr-FR\",\"@id\":\"https:\/\/info.encore-emea.com\/looking-forward-to-speak-with-you-hybrid\/#primaryimage\",\"url\":\"https:\/\/www.encoreglobal.com\/app\/uploads\/sites\/2\/2021\/02\/Facebook_Option1.png\",\"contentUrl\":\"https:\/\/www.encoreglobal.com\/app\/uploads\/sites\/2\/2021\/02\/Facebook_Option1.png\"},{\"@type\":\"BreadcrumbList\",\"@id\":\"https:\/\/info.encore-emea.com\/looking-forward-to-speak-with-you-hybrid\/#breadcrumb\",\"itemListElement\":[{\"@type\":\"ListItem\",\"position\":1,\"name\":\"Home\",\"item\":\"https:\/\/info.encore-emea.com\/fr\/\"},{\"@type\":\"ListItem\",\"position\":2,\"name\":\"Nous sommes impatients de parler avec vous ! Hybrid LP\"}]},{\"@type\":\"WebSite\",\"@id\":\"https:\/\/info.encore-emea.com\/#website\",\"url\":\"https:\/\/info.encore-emea.com\/\",\"name\":\"Encore EMEA\",\"description\":\"Events That Transform\",\"publisher\":{\"@id\":\"https:\/\/info.encore-emea.com\/#organization\"},\"potentialAction\":[{\"@type\":\"SearchAction\",\"target\":{\"@type\":\"EntryPoint\",\"urlTemplate\":\"https:\/\/info.encore-emea.com\/?s={search_term_string}\"},\"query-input\":{\"@type\":\"PropertyValueSpecification\",\"valueRequired\":true,\"valueName\":\"search_term_string\"}}],\"inLanguage\":\"fr-FR\"},{\"@type\":\"Organization\",\"@id\":\"https:\/\/info.encore-emea.com\/#organization\",\"name\":\"ENCORE EMEA\",\"url\":\"https:\/\/info.encore-emea.com\/\",\"logo\":{\"@type\":\"ImageObject\",\"inLanguage\":\"fr-FR\",\"@id\":\"https:\/\/info.encore-emea.com\/#\/schema\/logo\/image\/\",\"url\":\"https:\/\/cdn.encoreglobal.com\/wp-content\/uploads\/sites\/2\/2021\/01\/13170758\/encore_logo_RGB.png\",\"contentUrl\":\"https:\/\/cdn.encoreglobal.com\/wp-content\/uploads\/sites\/2\/2021\/01\/13170758\/encore_logo_RGB.png\",\"width\":6797,\"height\":1934,\"caption\":\"ENCORE EMEA\"},\"image\":{\"@id\":\"https:\/\/info.encore-emea.com\/#\/schema\/logo\/image\/\"},\"sameAs\":[\"https:\/\/www.facebook.com\/EncoreEMEA\",\"https:\/\/x.com\/EncoreEMEA\",\"https:\/\/www.instagram.com\/encoreemea\/\",\"https:\/\/www.linkedin.com\/company\/encoreuk\/\"]}]}<\/script>\n<!-- \/ Yoast SEO Premium plugin. -->","yoast_head_json":{"title":"Nous sommes impatients de parler avec vous ! Hybrid LP - Encore EMEA","robots":{"index":"noindex","follow":"follow","max-snippet":"max-snippet:-1","max-image-preview":"max-image-preview:large","max-video-preview":"max-video-preview:-1"},"og_locale":"fr_FR","og_type":"article","og_title":"Nous sommes impatients de parler avec vous ! Hybrid LP","og_description":"C&rsquo;est fait ! Nous avons re\u00e7u votre demande. Un membre de notre \u00e9quipe vous contactera bient\u00f4t ! Ensemble, nous transformerons votre vision en exp\u00e9riences \u00e9v\u00e9nementielles inspirantes. En attendant, jetez un coup d&rsquo;\u0153il aux services et aux offres sur notre site web. Ou d\u00e9couvrez le monde d&rsquo;Encore sur nos canaux de m\u00e9dias sociaux ! ... En savoir plus","og_url":"https:\/\/info.encore-emea.com\/looking-forward-to-speak-with-you-hybrid\/","og_site_name":"Encore EMEA","article_publisher":"https:\/\/www.facebook.com\/EncoreEMEA","article_modified_time":"2021-09-15T09:34:24+00:00","og_image":[{"url":"https:\/\/www.encoreglobal.com\/app\/uploads\/sites\/2\/2021\/02\/Facebook_Option1.png","type":"","width":"","height":""}],"twitter_card":"summary_large_image","twitter_site":"@EncoreEMEA","twitter_misc":{"Dur\u00e9e de lecture estim\u00e9e":"2 minutes"},"schema":{"@context":"https:\/\/schema.org","@graph":[{"@type":"WebPage","@id":"https:\/\/info.encore-emea.com\/looking-forward-to-speak-with-you-hybrid\/","url":"https:\/\/info.encore-emea.com\/looking-forward-to-speak-with-you-hybrid\/","name":"Nous sommes impatients de parler avec vous ! Hybrid LP - Encore EMEA","isPartOf":{"@id":"https:\/\/info.encore-emea.com\/#website"},"primaryImageOfPage":{"@id":"https:\/\/info.encore-emea.com\/looking-forward-to-speak-with-you-hybrid\/#primaryimage"},"image":{"@id":"https:\/\/info.encore-emea.com\/looking-forward-to-speak-with-you-hybrid\/#primaryimage"},"thumbnailUrl":"https:\/\/www.encoreglobal.com\/app\/uploads\/sites\/2\/2021\/02\/Facebook_Option1.png","datePublished":"2021-09-15T09:34:22+00:00","dateModified":"2021-09-15T09:34:24+00:00","breadcrumb":{"@id":"https:\/\/info.encore-emea.com\/looking-forward-to-speak-with-you-hybrid\/#breadcrumb"},"inLanguage":"fr-FR","potentialAction":[{"@type":"ReadAction","target":["https:\/\/info.encore-emea.com\/looking-forward-to-speak-with-you-hybrid\/"]}]},{"@type":"ImageObject","inLanguage":"fr-FR","@id":"https:\/\/info.encore-emea.com\/looking-forward-to-speak-with-you-hybrid\/#primaryimage","url":"https:\/\/www.encoreglobal.com\/app\/uploads\/sites\/2\/2021\/02\/Facebook_Option1.png","contentUrl":"https:\/\/www.encoreglobal.com\/app\/uploads\/sites\/2\/2021\/02\/Facebook_Option1.png"},{"@type":"BreadcrumbList","@id":"https:\/\/info.encore-emea.com\/looking-forward-to-speak-with-you-hybrid\/#breadcrumb","itemListElement":[{"@type":"ListItem","position":1,"name":"Home","item":"https:\/\/info.encore-emea.com\/fr\/"},{"@type":"ListItem","position":2,"name":"Nous sommes impatients de parler avec vous ! Hybrid LP"}]},{"@type":"WebSite","@id":"https:\/\/info.encore-emea.com\/#website","url":"https:\/\/info.encore-emea.com\/","name":"Encore EMEA","description":"Events That Transform","publisher":{"@id":"https:\/\/info.encore-emea.com\/#organization"},"potentialAction":[{"@type":"SearchAction","target":{"@type":"EntryPoint","urlTemplate":"https:\/\/info.encore-emea.com\/?s={search_term_string}"},"query-input":{"@type":"PropertyValueSpecification","valueRequired":true,"valueName":"search_term_string"}}],"inLanguage":"fr-FR"},{"@type":"Organization","@id":"https:\/\/info.encore-emea.com\/#organization","name":"ENCORE EMEA","url":"https:\/\/info.encore-emea.com\/","logo":{"@type":"ImageObject","inLanguage":"fr-FR","@id":"https:\/\/info.encore-emea.com\/#\/schema\/logo\/image\/","url":"https:\/\/cdn.encoreglobal.com\/wp-content\/uploads\/sites\/2\/2021\/01\/13170758\/encore_logo_RGB.png","contentUrl":"https:\/\/cdn.encoreglobal.com\/wp-content\/uploads\/sites\/2\/2021\/01\/13170758\/encore_logo_RGB.png","width":6797,"height":1934,"caption":"ENCORE EMEA"},"image":{"@id":"https:\/\/info.encore-emea.com\/#\/schema\/logo\/image\/"},"sameAs":["https:\/\/www.facebook.com\/EncoreEMEA","https:\/\/x.com\/EncoreEMEA","https:\/\/www.instagram.com\/encoreemea\/","https:\/\/www.linkedin.com\/company\/encoreuk\/"]}]}},"_links":{"self":[{"href":"https:\/\/info.encore-emea.com\/fr\/wp-json\/wp\/v2\/pages\/27497","targetHints":{"allow":["GET"]}}],"collection":[{"href":"https:\/\/info.encore-emea.com\/fr\/wp-json\/wp\/v2\/pages"}],"about":[{"href":"https:\/\/info.encore-emea.com\/fr\/wp-json\/wp\/v2\/types\/page"}],"author":[{"embeddable":true,"href":"https:\/\/info.encore-emea.com\/fr\/wp-json\/wp\/v2\/users\/41"}],"replies":[{"embeddable":true,"href":"https:\/\/info.encore-emea.com\/fr\/wp-json\/wp\/v2\/comments?post=27497"}],"version-history":[{"count":0,"href":"https:\/\/info.encore-emea.com\/fr\/wp-json\/wp\/v2\/pages\/27497\/revisions"}],"wp:attachment":[{"href":"https:\/\/info.encore-emea.com\/fr\/wp-json\/wp\/v2\/media?parent=27497"}],"wp:term":[{"taxonomy":"post_tag","embeddable":true,"href":"https:\/\/info.encore-emea.com\/fr\/wp-json\/wp\/v2\/tags?post=27497"}],"curies":[{"name":"wp","href":"https:\/\/api.w.org\/{rel}","templated":true}]}}