{"id":33563,"date":"2021-11-16T16:38:12","date_gmt":"2021-11-16T16:38:12","guid":{"rendered":"https:\/\/www.encore-emea.com\/?page_id=33563"},"modified":"2021-11-16T21:01:03","modified_gmt":"2021-11-16T21:01:03","slug":"une-creativite-qui-inspire","status":"publish","type":"page","link":"https:\/\/info.encore-emea.com\/fr\/une-creativite-qui-inspire\/","title":{"rendered":"Une cr\u00e9ativit\u00e9 qui inspire"},"content":{"rendered":"\t\t<div data-elementor-type=\"wp-page\" data-elementor-id=\"33563\" class=\"elementor elementor-33563 elementor-32907\" data-elementor-post-type=\"page\">\n\t\t\t\t\t\t<section class=\"elementor-section elementor-top-section elementor-element elementor-element-115d3e5 elementor-section-boxed elementor-section-height-default elementor-section-height-default\" data-id=\"115d3e5\" data-element_type=\"section\">\n\t\t\t\t\t\t<div class=\"elementor-container elementor-column-gap-default\">\n\t\t\t\t\t<div class=\"elementor-column elementor-col-100 elementor-top-column elementor-element elementor-element-3db7372f\" data-id=\"3db7372f\" data-element_type=\"column\">\n\t\t\t<div class=\"elementor-widget-wrap elementor-element-populated\">\n\t\t\t\t\t\t<div class=\"elementor-element elementor-element-7f2c6a91 elementor-widget elementor-widget-heading\" data-id=\"7f2c6a91\" data-element_type=\"widget\" data-widget_type=\"heading.default\">\n\t\t\t\t<div class=\"elementor-widget-container\">\n\t\t\t\t\t<h2 class=\"elementor-heading-title elementor-size-default\">Transformer les id\u00e9es en exp\u00e9riences.<\/h2>\t\t\t\t<\/div>\n\t\t\t\t<\/div>\n\t\t\t\t\t<\/div>\n\t\t<\/div>\n\t\t\t\t\t<\/div>\n\t\t<\/section>\n\t\t\t\t<section class=\"elementor-section elementor-top-section elementor-element elementor-element-ea88742 elementor-section-boxed elementor-section-height-default elementor-section-height-default\" data-id=\"ea88742\" data-element_type=\"section\">\n\t\t\t\t\t\t<div class=\"elementor-container elementor-column-gap-default\">\n\t\t\t\t\t<div class=\"elementor-column elementor-col-100 elementor-top-column elementor-element elementor-element-7644f038\" data-id=\"7644f038\" data-element_type=\"column\">\n\t\t\t<div class=\"elementor-widget-wrap elementor-element-populated\">\n\t\t\t\t\t\t<div class=\"elementor-element elementor-element-514247b8 elementor-widget elementor-widget-text-editor\" data-id=\"514247b8\" data-element_type=\"widget\" data-widget_type=\"text-editor.default\">\n\t\t\t\t<div class=\"elementor-widget-container\">\n\t\t\t\t\t\t\t\t\t<p style=\"text-align: center;\">Avec une r\u00e9elle passion pour leur m\u00e9tier et l\u2019excellence comme objectif, nos membres d\u2019\u00e9quipe mettent en \u0153uvre des solutions cr\u00e9atives qui donnent vie aux grandes id\u00e9es et captivent le public. Notre \u00e9quipe de strat\u00e8ges et de concepteurs travaille avec vous d\u00e8s le d\u00e9but pour imaginer les moyens les plus engageants de connecter et d&rsquo;inspirer vos participants virtuels, hybrides et en personne.<\/p><p style=\"text-align: center;\">La collaboration est la pierre angulaire de notre approche. Ensemble, nous \u00e9laborerons une strat\u00e9gie cr\u00e9ative qui produira des r\u00e9sultats concrets. Quelle que soit l&rsquo;ampleur, la taille, le caract\u00e8re non conventionnel ou l&rsquo;imagination de votre prochain \u00e9v\u00e9nement, notre mission est de le faire passer au niveau sup\u00e9rieur.<\/p>\t\t\t\t\t\t\t\t<\/div>\n\t\t\t\t<\/div>\n\t\t\t\t\t<\/div>\n\t\t<\/div>\n\t\t\t\t\t<\/div>\n\t\t<\/section>\n\t\t\t\t<section class=\"elementor-section elementor-top-section elementor-element elementor-element-1ba54bb8 elementor-section-stretched elementor-section-boxed elementor-section-height-default elementor-section-height-default\" data-id=\"1ba54bb8\" data-element_type=\"section\" data-settings=\"{&quot;background_background&quot;:&quot;classic&quot;,&quot;stretch_section&quot;:&quot;section-stretched&quot;}\">\n\t\t\t\t\t\t<div class=\"elementor-container elementor-column-gap-default\">\n\t\t\t\t\t<div class=\"elementor-column elementor-col-100 elementor-top-column elementor-element elementor-element-6c1471c3\" data-id=\"6c1471c3\" data-element_type=\"column\">\n\t\t\t<div class=\"elementor-widget-wrap elementor-element-populated\">\n\t\t\t\t\t\t<div class=\"elementor-element elementor-element-60b77fcf elementor-widget elementor-widget-heading\" data-id=\"60b77fcf\" data-element_type=\"widget\" data-widget_type=\"heading.default\">\n\t\t\t\t<div class=\"elementor-widget-container\">\n\t\t\t\t\t<h2 class=\"elementor-heading-title elementor-size-default\">Services cr\u00e9atifs<\/h2>\t\t\t\t<\/div>\n\t\t\t\t<\/div>\n\t\t\t\t\t<\/div>\n\t\t<\/div>\n\t\t\t\t\t<\/div>\n\t\t<\/section>\n\t\t\t\t<section class=\"elementor-section elementor-top-section elementor-element elementor-element-7acdfa4b elementor-section-stretched elementor-section-boxed elementor-section-height-default elementor-section-height-default\" data-id=\"7acdfa4b\" data-element_type=\"section\" data-settings=\"{&quot;background_background&quot;:&quot;classic&quot;,&quot;stretch_section&quot;:&quot;section-stretched&quot;}\">\n\t\t\t\t\t\t<div class=\"elementor-container elementor-column-gap-default\">\n\t\t\t\t\t<div class=\"elementor-column elementor-col-33 elementor-top-column elementor-element elementor-element-647ee3ec\" data-id=\"647ee3ec\" data-element_type=\"column\" data-settings=\"{&quot;background_background&quot;:&quot;classic&quot;}\">\n\t\t\t<div class=\"elementor-widget-wrap elementor-element-populated\">\n\t\t\t\t\t\t<div class=\"elementor-element elementor-element-13cf9df4 elementor-widget elementor-widget-heading\" data-id=\"13cf9df4\" data-element_type=\"widget\" data-widget_type=\"heading.default\">\n\t\t\t\t<div class=\"elementor-widget-container\">\n\t\t\t\t\t<h5 class=\"elementor-heading-title elementor-size-default\">Conception et strat\u00e9gie de l\u2019\u00e9v\u00e8nement<\/h5>\t\t\t\t<\/div>\n\t\t\t\t<\/div>\n\t\t\t\t<div class=\"elementor-element elementor-element-7baac7ab elementor-widget elementor-widget-text-editor\" data-id=\"7baac7ab\" data-element_type=\"widget\" data-widget_type=\"text-editor.default\">\n\t\t\t\t<div class=\"elementor-widget-container\">\n\t\t\t\t\t\t\t\t\t<ul style=\"color: #ffffff;\"><li>Planning strat\u00e9gique<\/li><\/ul><p>\u00a0<\/p><ul style=\"color: #ffffff;\"><li>Strat\u00e9gies d\u2019engagement<\/li><\/ul><p>\u00a0<\/p><ul style=\"color: #ffffff;\"><li>Elaboration de th\u00e8me<\/li><\/ul><p>\u00a0<\/p><ul style=\"color: #ffffff;\"><li>Conception de l\u2019environnement<\/li><\/ul><p>\u00a0<\/p><ul style=\"color: #ffffff;\"><li>Conception de l\u2019exp\u00e9rience<\/li><\/ul><p>\u00a0<\/p>\t\t\t\t\t\t\t\t<\/div>\n\t\t\t\t<\/div>\n\t\t\t\t\t<\/div>\n\t\t<\/div>\n\t\t\t\t<div class=\"elementor-column elementor-col-33 elementor-top-column elementor-element elementor-element-50059e7b\" data-id=\"50059e7b\" data-element_type=\"column\" data-settings=\"{&quot;background_background&quot;:&quot;classic&quot;}\">\n\t\t\t<div class=\"elementor-widget-wrap elementor-element-populated\">\n\t\t\t\t\t\t<div class=\"elementor-element elementor-element-5d8be0cc elementor-widget elementor-widget-heading\" data-id=\"5d8be0cc\" data-element_type=\"widget\" data-widget_type=\"heading.default\">\n\t\t\t\t<div class=\"elementor-widget-container\">\n\t\t\t\t\t<h5 class=\"elementor-heading-title elementor-size-default\">Branding de l\u2019\u00e9v\u00e8nement<\/h5>\t\t\t\t<\/div>\n\t\t\t\t<\/div>\n\t\t\t\t<div class=\"elementor-element elementor-element-30b8226c elementor-widget elementor-widget-text-editor\" data-id=\"30b8226c\" data-element_type=\"widget\" data-widget_type=\"text-editor.default\">\n\t\t\t\t<div class=\"elementor-widget-container\">\n\t\t\t\t\t\t\t\t\t<ul style=\"color: #ffffff;\"><li>Elaboration de th\u00e8me<\/li><\/ul><p>\u00a0<\/p><ul style=\"color: #ffffff;\"><li>Conception du logo et des visuels<\/li><\/ul><p>\u00a0<\/p><ul style=\"color: #ffffff;\"><li>Affichage num\u00e9rique<\/li><\/ul><p>\u00a0<\/p><ul style=\"color: #ffffff;\"><li>Banni\u00e8res<\/li><\/ul><p>\u00a0<\/p><ul style=\"color: #ffffff;\"><li>Posters<\/li><\/ul><p>\u00a0<\/p><ul style=\"color: #ffffff;\"><li>Autocollants pour portes et fen\u00eatres<\/li><\/ul><p>\u00a0<\/p>\t\t\t\t\t\t\t\t<\/div>\n\t\t\t\t<\/div>\n\t\t\t\t\t<\/div>\n\t\t<\/div>\n\t\t\t\t<div class=\"elementor-column elementor-col-33 elementor-top-column elementor-element elementor-element-4baadb5d\" data-id=\"4baadb5d\" data-element_type=\"column\" data-settings=\"{&quot;background_background&quot;:&quot;classic&quot;}\">\n\t\t\t<div class=\"elementor-widget-wrap elementor-element-populated\">\n\t\t\t\t\t\t<div class=\"elementor-element elementor-element-375d01a3 elementor-widget elementor-widget-heading\" data-id=\"375d01a3\" data-element_type=\"widget\" data-widget_type=\"heading.default\">\n\t\t\t\t<div class=\"elementor-widget-container\">\n\t\t\t\t\t<h5 class=\"elementor-heading-title elementor-size-default\">Elaboration decontenus<\/h5>\t\t\t\t<\/div>\n\t\t\t\t<\/div>\n\t\t\t\t<div class=\"elementor-element elementor-element-5d7281c4 elementor-widget elementor-widget-text-editor\" data-id=\"5d7281c4\" data-element_type=\"widget\" data-widget_type=\"text-editor.default\">\n\t\t\t\t<div class=\"elementor-widget-container\">\n\t\t\t\t\t\t\t\t\t<ul style=\"color: #ffffff;\"><li>R\u00e9alisation de vid\u00e9os<\/li><\/ul><p>\u00a0<\/p><ul style=\"color: #ffffff;\"><li>Conception graphique<\/li><\/ul><p>\u00a0<\/p><ul style=\"color: #ffffff;\"><li>Animations de logos<\/li><\/ul><p>\u00a0<\/p><ul style=\"color: #ffffff;\"><li>Mod\u00e8les de pr\u00e9sentation<\/li><\/ul><p>\u00a0<\/p><ul style=\"color: #ffffff;\"><li>Interstitiels<\/li><\/ul><p>\u00a0<\/p><ul style=\"color: #ffffff;\"><li>Images anim\u00e9es<\/li><\/ul><p>\u00a0<\/p><ul style=\"color: #ffffff;\"><li>Pr\u00e9paration de discours<\/li><\/ul><p>\u00a0<\/p><ul style=\"color: #ffffff;\"><li>Coaching des intervenants<\/li><\/ul><p>\u00a0<\/p>\t\t\t\t\t\t\t\t<\/div>\n\t\t\t\t<\/div>\n\t\t\t\t\t<\/div>\n\t\t<\/div>\n\t\t\t\t\t<\/div>\n\t\t<\/section>\n\t\t\t\t<section class=\"elementor-section elementor-top-section elementor-element elementor-element-3cba5046 elementor-section-boxed elementor-section-height-default elementor-section-height-default\" data-id=\"3cba5046\" data-element_type=\"section\" data-settings=\"{&quot;background_background&quot;:&quot;classic&quot;}\">\n\t\t\t\t\t\t<div class=\"elementor-container elementor-column-gap-default\">\n\t\t\t\t\t<div class=\"elementor-column elementor-col-100 elementor-top-column elementor-element elementor-element-16ab173e\" data-id=\"16ab173e\" data-element_type=\"column\">\n\t\t\t<div class=\"elementor-widget-wrap elementor-element-populated\">\n\t\t\t\t\t\t<div class=\"elementor-element elementor-element-319dcacc elementor-widget elementor-widget-spacer\" data-id=\"319dcacc\" data-element_type=\"widget\" data-widget_type=\"spacer.default\">\n\t\t\t\t<div class=\"elementor-widget-container\">\n\t\t\t\t\t\t\t<div class=\"elementor-spacer\">\n\t\t\t<div class=\"elementor-spacer-inner\"><\/div>\n\t\t<\/div>\n\t\t\t\t\t\t<\/div>\n\t\t\t\t<\/div>\n\t\t\t\t<div class=\"elementor-element elementor-element-5b5dc39e elementor-widget elementor-widget-heading\" data-id=\"5b5dc39e\" data-element_type=\"widget\" data-widget_type=\"heading.default\">\n\t\t\t\t<div class=\"elementor-widget-container\">\n\t\t\t\t\t<h2 class=\"elementor-heading-title elementor-size-default\">Services de cr\u00e9ation, de production et de technologie<\/h2>\t\t\t\t<\/div>\n\t\t\t\t<\/div>\n\t\t\t\t\t<\/div>\n\t\t<\/div>\n\t\t\t\t\t<\/div>\n\t\t<\/section>\n\t\t\t\t<section class=\"elementor-section elementor-inner-section elementor-element elementor-element-17303a82 elementor-section-boxed elementor-section-height-default elementor-section-height-default\" data-id=\"17303a82\" data-element_type=\"section\">\n\t\t\t\t\t\t<div class=\"elementor-container elementor-column-gap-default\">\n\t\t\t\t\t<div class=\"elementor-column elementor-col-33 elementor-inner-column elementor-element elementor-element-13449a94\" data-id=\"13449a94\" data-element_type=\"column\">\n\t\t\t<div class=\"elementor-widget-wrap elementor-element-populated\">\n\t\t\t\t\t\t<div class=\"elementor-element elementor-element-674acca4 elementor-widget elementor-widget-encore-capabilities\" data-id=\"674acca4\" data-element_type=\"widget\" data-widget_type=\"encore-capabilities.default\">\n\t\t\t\t<div class=\"elementor-widget-container\">\n\t\t\t\t\t<div class=\"capability-wrapper\">\n\t<div class=\"entry\" style=\"background-image:url(https:\/\/info.encoreglobal.com\/app\/uploads\/sites\/2\/2021\/10\/Encore-Creative-Production-Image.jpg);\">\n\t\t<div class=\"entry-display orange\">\n\t\t\t<div class=\"title\">Cr\u00e9ation<\/div>\n            <div class=\"clear\"><\/div>\n\t\t\t<div class=\"link\">\n\t\t\t\t<a href=\"https:\/\/www.encore-emea.com\/fr\/solutions-evenementielles\/creativite\/\">En savoir plus<\/a>\n\t\t\t<\/div>\n\t\t<\/div>\n\t<\/div>\n<\/div>\n\t\t\t\t<\/div>\n\t\t\t\t<\/div>\n\t\t\t\t\t<\/div>\n\t\t<\/div>\n\t\t\t\t<div class=\"elementor-column elementor-col-33 elementor-inner-column elementor-element elementor-element-6c2a4f1b\" data-id=\"6c2a4f1b\" data-element_type=\"column\">\n\t\t\t<div class=\"elementor-widget-wrap elementor-element-populated\">\n\t\t\t\t\t\t<div class=\"elementor-element elementor-element-6a960773 elementor-widget elementor-widget-encore-capabilities\" data-id=\"6a960773\" data-element_type=\"widget\" data-widget_type=\"encore-capabilities.default\">\n\t\t\t\t<div class=\"elementor-widget-container\">\n\t\t\t\t\t<div class=\"capability-wrapper\">\n\t<div class=\"entry\" style=\"background-image:url(https:\/\/info.encoreglobal.com\/app\/uploads\/sites\/2\/2021\/10\/Encore-On-site-Production-Image.jpg);\">\n\t\t<div class=\"entry-display teal\">\n\t\t\t<div class=\"title\">Production<\/div>\n            <div class=\"clear\"><\/div>\n\t\t\t<div class=\"link\">\n\t\t\t\t<a href=\"https:\/\/www.encore-emea.com\/fr\/une-production-qui-suscite-linteret\/\">En savoir plus<\/a>\n\t\t\t<\/div>\n\t\t<\/div>\n\t<\/div>\n<\/div>\n\t\t\t\t<\/div>\n\t\t\t\t<\/div>\n\t\t\t\t\t<\/div>\n\t\t<\/div>\n\t\t\t\t<div class=\"elementor-column elementor-col-33 elementor-inner-column elementor-element elementor-element-2dc58872\" data-id=\"2dc58872\" data-element_type=\"column\">\n\t\t\t<div class=\"elementor-widget-wrap elementor-element-populated\">\n\t\t\t\t\t\t<div class=\"elementor-element elementor-element-31d3a51d elementor-widget elementor-widget-encore-capabilities\" data-id=\"31d3a51d\" data-element_type=\"widget\" data-widget_type=\"encore-capabilities.default\">\n\t\t\t\t<div class=\"elementor-widget-container\">\n\t\t\t\t\t<div class=\"capability-wrapper\">\n\t<div class=\"entry\" style=\"background-image:url(https:\/\/info.encoreglobal.com\/app\/uploads\/sites\/2\/2021\/10\/man-on-screen-within-chime-live-application.png);\">\n\t\t<div class=\"entry-display green\">\n\t\t\t<div class=\"title\">Technologie<\/div>\n            <div class=\"clear\"><\/div>\n\t\t\t<div class=\"link\">\n\t\t\t\t<a href=\"https:\/\/www.encore-emea.com\/fr\/la-technologie-qui-connecte\/\">En savoir plus<\/a>\n\t\t\t<\/div>\n\t\t<\/div>\n\t<\/div>\n<\/div>\n\t\t\t\t<\/div>\n\t\t\t\t<\/div>\n\t\t\t\t\t<\/div>\n\t\t<\/div>\n\t\t\t\t\t<\/div>\n\t\t<\/section>\n\t\t\t\t<\/div>\n\t\t","protected":false},"excerpt":{"rendered":"<p>Transformer les id\u00e9es en exp\u00e9riences. Avec une r\u00e9elle passion pour leur m\u00e9tier et l\u2019excellence comme objectif, nos membres d\u2019\u00e9quipe mettent en \u0153uvre des solutions cr\u00e9atives qui donnent vie aux grandes id\u00e9es et captivent le public. Notre \u00e9quipe de strat\u00e8ges et de concepteurs travaille avec vous d\u00e8s le d\u00e9but pour imaginer les moyens les plus engageants &#8230; <a href=\"https:\/\/info.encore-emea.com\/fr\/une-creativite-qui-inspire\/\">En savoir plus<\/a><\/p>\n","protected":false},"author":5628,"featured_media":0,"parent":0,"menu_order":0,"comment_status":"closed","ping_status":"closed","template":"","meta":{"footnotes":""},"tags":[],"class_list":["post-33563","page","type-page","status-publish","hentry"],"yoast_head":"<!-- This site is optimized with the Yoast SEO Premium plugin v25.4 (Yoast SEO v25.4) - https:\/\/yoast.com\/wordpress\/plugins\/seo\/ -->\n<title>Une cr\u00e9ativit\u00e9 qui inspire - Encore EMEA<\/title>\n<meta name=\"robots\" content=\"noindex, follow, max-snippet:-1, max-image-preview:large, max-video-preview:-1\" \/>\n<meta property=\"og:locale\" content=\"fr_FR\" \/>\n<meta property=\"og:type\" content=\"article\" \/>\n<meta property=\"og:title\" content=\"Une cr\u00e9ativit\u00e9 qui inspire\" \/>\n<meta property=\"og:description\" content=\"Transformer les id\u00e9es en exp\u00e9riences. Avec une r\u00e9elle passion pour leur m\u00e9tier et l\u2019excellence comme objectif, nos membres d\u2019\u00e9quipe mettent en \u0153uvre des solutions cr\u00e9atives qui donnent vie aux grandes id\u00e9es et captivent le public. Notre \u00e9quipe de strat\u00e8ges et de concepteurs travaille avec vous d\u00e8s le d\u00e9but pour imaginer les moyens les plus engageants ... En savoir plus\" \/>\n<meta property=\"og:url\" content=\"https:\/\/info.encore-emea.com\/fr\/une-creativite-qui-inspire\/\" \/>\n<meta property=\"og:site_name\" content=\"Encore EMEA\" \/>\n<meta property=\"article:publisher\" content=\"https:\/\/www.facebook.com\/EncoreEMEA\" \/>\n<meta property=\"article:modified_time\" content=\"2021-11-16T21:01:03+00:00\" \/>\n<meta name=\"twitter:card\" content=\"summary_large_image\" \/>\n<meta name=\"twitter:site\" content=\"@EncoreEMEA\" \/>\n<meta name=\"twitter:label1\" content=\"Dur\u00e9e de lecture estim\u00e9e\" \/>\n\t<meta name=\"twitter:data1\" content=\"1 minute\" \/>\n<script type=\"application\/ld+json\" class=\"yoast-schema-graph\">{\"@context\":\"https:\/\/schema.org\",\"@graph\":[{\"@type\":\"WebPage\",\"@id\":\"https:\/\/info.encore-emea.com\/fr\/une-creativite-qui-inspire\/\",\"url\":\"https:\/\/info.encore-emea.com\/fr\/une-creativite-qui-inspire\/\",\"name\":\"Une cr\u00e9ativit\u00e9 qui inspire - Encore EMEA\",\"isPartOf\":{\"@id\":\"https:\/\/info.encore-emea.com\/#website\"},\"datePublished\":\"2021-11-16T16:38:12+00:00\",\"dateModified\":\"2021-11-16T21:01:03+00:00\",\"breadcrumb\":{\"@id\":\"https:\/\/info.encore-emea.com\/fr\/une-creativite-qui-inspire\/#breadcrumb\"},\"inLanguage\":\"fr-FR\",\"potentialAction\":[{\"@type\":\"ReadAction\",\"target\":[\"https:\/\/info.encore-emea.com\/fr\/une-creativite-qui-inspire\/\"]}]},{\"@type\":\"BreadcrumbList\",\"@id\":\"https:\/\/info.encore-emea.com\/fr\/une-creativite-qui-inspire\/#breadcrumb\",\"itemListElement\":[{\"@type\":\"ListItem\",\"position\":1,\"name\":\"Home\",\"item\":\"https:\/\/info.encore-emea.com\/fr\/\"},{\"@type\":\"ListItem\",\"position\":2,\"name\":\"Une cr\u00e9ativit\u00e9 qui inspire\"}]},{\"@type\":\"WebSite\",\"@id\":\"https:\/\/info.encore-emea.com\/#website\",\"url\":\"https:\/\/info.encore-emea.com\/\",\"name\":\"Encore EMEA\",\"description\":\"Events That Transform\",\"publisher\":{\"@id\":\"https:\/\/info.encore-emea.com\/#organization\"},\"potentialAction\":[{\"@type\":\"SearchAction\",\"target\":{\"@type\":\"EntryPoint\",\"urlTemplate\":\"https:\/\/info.encore-emea.com\/?s={search_term_string}\"},\"query-input\":{\"@type\":\"PropertyValueSpecification\",\"valueRequired\":true,\"valueName\":\"search_term_string\"}}],\"inLanguage\":\"fr-FR\"},{\"@type\":\"Organization\",\"@id\":\"https:\/\/info.encore-emea.com\/#organization\",\"name\":\"ENCORE EMEA\",\"url\":\"https:\/\/info.encore-emea.com\/\",\"logo\":{\"@type\":\"ImageObject\",\"inLanguage\":\"fr-FR\",\"@id\":\"https:\/\/info.encore-emea.com\/#\/schema\/logo\/image\/\",\"url\":\"https:\/\/cdn.encoreglobal.com\/wp-content\/uploads\/sites\/2\/2021\/01\/13170758\/encore_logo_RGB.png\",\"contentUrl\":\"https:\/\/cdn.encoreglobal.com\/wp-content\/uploads\/sites\/2\/2021\/01\/13170758\/encore_logo_RGB.png\",\"width\":6797,\"height\":1934,\"caption\":\"ENCORE EMEA\"},\"image\":{\"@id\":\"https:\/\/info.encore-emea.com\/#\/schema\/logo\/image\/\"},\"sameAs\":[\"https:\/\/www.facebook.com\/EncoreEMEA\",\"https:\/\/x.com\/EncoreEMEA\",\"https:\/\/www.instagram.com\/encoreemea\/\",\"https:\/\/www.linkedin.com\/company\/encoreuk\/\"]}]}<\/script>\n<!-- \/ Yoast SEO Premium plugin. -->","yoast_head_json":{"title":"Une cr\u00e9ativit\u00e9 qui inspire - Encore EMEA","robots":{"index":"noindex","follow":"follow","max-snippet":"max-snippet:-1","max-image-preview":"max-image-preview:large","max-video-preview":"max-video-preview:-1"},"og_locale":"fr_FR","og_type":"article","og_title":"Une cr\u00e9ativit\u00e9 qui inspire","og_description":"Transformer les id\u00e9es en exp\u00e9riences. Avec une r\u00e9elle passion pour leur m\u00e9tier et l\u2019excellence comme objectif, nos membres d\u2019\u00e9quipe mettent en \u0153uvre des solutions cr\u00e9atives qui donnent vie aux grandes id\u00e9es et captivent le public. Notre \u00e9quipe de strat\u00e8ges et de concepteurs travaille avec vous d\u00e8s le d\u00e9but pour imaginer les moyens les plus engageants ... En savoir plus","og_url":"https:\/\/info.encore-emea.com\/fr\/une-creativite-qui-inspire\/","og_site_name":"Encore EMEA","article_publisher":"https:\/\/www.facebook.com\/EncoreEMEA","article_modified_time":"2021-11-16T21:01:03+00:00","twitter_card":"summary_large_image","twitter_site":"@EncoreEMEA","twitter_misc":{"Dur\u00e9e de lecture estim\u00e9e":"1 minute"},"schema":{"@context":"https:\/\/schema.org","@graph":[{"@type":"WebPage","@id":"https:\/\/info.encore-emea.com\/fr\/une-creativite-qui-inspire\/","url":"https:\/\/info.encore-emea.com\/fr\/une-creativite-qui-inspire\/","name":"Une cr\u00e9ativit\u00e9 qui inspire - Encore EMEA","isPartOf":{"@id":"https:\/\/info.encore-emea.com\/#website"},"datePublished":"2021-11-16T16:38:12+00:00","dateModified":"2021-11-16T21:01:03+00:00","breadcrumb":{"@id":"https:\/\/info.encore-emea.com\/fr\/une-creativite-qui-inspire\/#breadcrumb"},"inLanguage":"fr-FR","potentialAction":[{"@type":"ReadAction","target":["https:\/\/info.encore-emea.com\/fr\/une-creativite-qui-inspire\/"]}]},{"@type":"BreadcrumbList","@id":"https:\/\/info.encore-emea.com\/fr\/une-creativite-qui-inspire\/#breadcrumb","itemListElement":[{"@type":"ListItem","position":1,"name":"Home","item":"https:\/\/info.encore-emea.com\/fr\/"},{"@type":"ListItem","position":2,"name":"Une cr\u00e9ativit\u00e9 qui inspire"}]},{"@type":"WebSite","@id":"https:\/\/info.encore-emea.com\/#website","url":"https:\/\/info.encore-emea.com\/","name":"Encore EMEA","description":"Events That Transform","publisher":{"@id":"https:\/\/info.encore-emea.com\/#organization"},"potentialAction":[{"@type":"SearchAction","target":{"@type":"EntryPoint","urlTemplate":"https:\/\/info.encore-emea.com\/?s={search_term_string}"},"query-input":{"@type":"PropertyValueSpecification","valueRequired":true,"valueName":"search_term_string"}}],"inLanguage":"fr-FR"},{"@type":"Organization","@id":"https:\/\/info.encore-emea.com\/#organization","name":"ENCORE EMEA","url":"https:\/\/info.encore-emea.com\/","logo":{"@type":"ImageObject","inLanguage":"fr-FR","@id":"https:\/\/info.encore-emea.com\/#\/schema\/logo\/image\/","url":"https:\/\/cdn.encoreglobal.com\/wp-content\/uploads\/sites\/2\/2021\/01\/13170758\/encore_logo_RGB.png","contentUrl":"https:\/\/cdn.encoreglobal.com\/wp-content\/uploads\/sites\/2\/2021\/01\/13170758\/encore_logo_RGB.png","width":6797,"height":1934,"caption":"ENCORE EMEA"},"image":{"@id":"https:\/\/info.encore-emea.com\/#\/schema\/logo\/image\/"},"sameAs":["https:\/\/www.facebook.com\/EncoreEMEA","https:\/\/x.com\/EncoreEMEA","https:\/\/www.instagram.com\/encoreemea\/","https:\/\/www.linkedin.com\/company\/encoreuk\/"]}]}},"_links":{"self":[{"href":"https:\/\/info.encore-emea.com\/fr\/wp-json\/wp\/v2\/pages\/33563","targetHints":{"allow":["GET"]}}],"collection":[{"href":"https:\/\/info.encore-emea.com\/fr\/wp-json\/wp\/v2\/pages"}],"about":[{"href":"https:\/\/info.encore-emea.com\/fr\/wp-json\/wp\/v2\/types\/page"}],"author":[{"embeddable":true,"href":"https:\/\/info.encore-emea.com\/fr\/wp-json\/wp\/v2\/users\/5628"}],"replies":[{"embeddable":true,"href":"https:\/\/info.encore-emea.com\/fr\/wp-json\/wp\/v2\/comments?post=33563"}],"version-history":[{"count":0,"href":"https:\/\/info.encore-emea.com\/fr\/wp-json\/wp\/v2\/pages\/33563\/revisions"}],"wp:attachment":[{"href":"https:\/\/info.encore-emea.com\/fr\/wp-json\/wp\/v2\/media?parent=33563"}],"wp:term":[{"taxonomy":"post_tag","embeddable":true,"href":"https:\/\/info.encore-emea.com\/fr\/wp-json\/wp\/v2\/tags?post=33563"}],"curies":[{"name":"wp","href":"https:\/\/api.w.org\/{rel}","templated":true}]}}