{"id":33580,"date":"2021-11-16T17:17:13","date_gmt":"2021-11-16T17:17:13","guid":{"rendered":"https:\/\/www.encore-emea.com\/?page_id=33580"},"modified":"2021-11-16T21:04:01","modified_gmt":"2021-11-16T21:04:01","slug":"une-production-qui-suscite-linteret","status":"publish","type":"page","link":"https:\/\/info.encore-emea.com\/fr\/une-production-qui-suscite-linteret\/","title":{"rendered":"Une production qui suscite l&rsquo;int\u00e9r\u00eat"},"content":{"rendered":"\t\t<div data-elementor-type=\"wp-page\" data-elementor-id=\"33580\" class=\"elementor elementor-33580 elementor-32917\" data-elementor-post-type=\"page\">\n\t\t\t\t\t\t<section class=\"elementor-section elementor-top-section elementor-element elementor-element-2feecf8d elementor-section-boxed elementor-section-height-default elementor-section-height-default\" data-id=\"2feecf8d\" data-element_type=\"section\">\n\t\t\t\t\t\t<div class=\"elementor-container elementor-column-gap-default\">\n\t\t\t\t\t<div class=\"elementor-column elementor-col-100 elementor-top-column elementor-element elementor-element-7c56984\" data-id=\"7c56984\" data-element_type=\"column\">\n\t\t\t<div class=\"elementor-widget-wrap elementor-element-populated\">\n\t\t\t\t\t\t<div class=\"elementor-element elementor-element-71ba6552 elementor-widget elementor-widget-heading\" data-id=\"71ba6552\" data-element_type=\"widget\" data-widget_type=\"heading.default\">\n\t\t\t\t<div class=\"elementor-widget-container\">\n\t\t\t\t\t<h2 class=\"elementor-heading-title elementor-size-default\">Pr\u00e9parer le terrain pour l\u2019extraordinaire <\/h2>\t\t\t\t<\/div>\n\t\t\t\t<\/div>\n\t\t\t\t\t<\/div>\n\t\t<\/div>\n\t\t\t\t\t<\/div>\n\t\t<\/section>\n\t\t\t\t<section class=\"elementor-section elementor-top-section elementor-element elementor-element-460b307c elementor-section-stretched elementor-section-boxed elementor-section-height-default elementor-section-height-default\" data-id=\"460b307c\" data-element_type=\"section\" data-settings=\"{&quot;stretch_section&quot;:&quot;section-stretched&quot;}\">\n\t\t\t\t\t\t<div class=\"elementor-container elementor-column-gap-default\">\n\t\t\t\t\t<div class=\"elementor-column elementor-col-100 elementor-top-column elementor-element elementor-element-19439c05\" data-id=\"19439c05\" data-element_type=\"column\">\n\t\t\t<div class=\"elementor-widget-wrap elementor-element-populated\">\n\t\t\t\t\t\t<div class=\"elementor-element elementor-element-711bc199 elementor-widget elementor-widget-text-editor\" data-id=\"711bc199\" data-element_type=\"widget\" data-widget_type=\"text-editor.default\">\n\t\t\t\t<div class=\"elementor-widget-container\">\n\t\t\t\t\t\t\t\t\t<p style=\"text-align: center;\">En tant que leader de la production \u00e9v\u00e8nementielle, il n\u2019y a rien que nous n\u2019ayons vu et aucun r\u00eave n\u2019est irr\u00e9alisable. Nos \u00e9quipes de production sont les meilleures de leur cat\u00e9gorie pour transformer des id\u00e9es jet\u00e9es sur un tableau blanc en exp\u00e9riences uniques. Vous pouvez imaginer encore plus grand et nous pouvons vous aider \u00e0 pr\u00e9parer le terrain pour y arriver.<\/p><p style=\"text-align: center;\" data-ccp-props=\"{\">Qu&rsquo;il s&rsquo;agisse d&rsquo;un \u00e9v\u00e9nement hybride, virtuel ou en personne, Encore s&rsquo;engage \u00e0 vous fournir un rassemblement qui engage les participants de mani\u00e8re nouvelle et imaginative.<\/p>\t\t\t\t\t\t\t\t<\/div>\n\t\t\t\t<\/div>\n\t\t\t\t\t<\/div>\n\t\t<\/div>\n\t\t\t\t\t<\/div>\n\t\t<\/section>\n\t\t\t\t<section class=\"elementor-section elementor-top-section elementor-element elementor-element-1b4629ca elementor-section-stretched elementor-section-boxed elementor-section-height-default elementor-section-height-default\" data-id=\"1b4629ca\" data-element_type=\"section\" data-settings=\"{&quot;background_background&quot;:&quot;classic&quot;,&quot;stretch_section&quot;:&quot;section-stretched&quot;}\">\n\t\t\t\t\t\t<div class=\"elementor-container elementor-column-gap-default\">\n\t\t\t\t\t<div class=\"elementor-column elementor-col-100 elementor-top-column elementor-element elementor-element-6ab6a6c\" data-id=\"6ab6a6c\" data-element_type=\"column\">\n\t\t\t<div class=\"elementor-widget-wrap elementor-element-populated\">\n\t\t\t\t\t\t<div class=\"elementor-element elementor-element-6f0c58cf elementor-widget elementor-widget-heading\" data-id=\"6f0c58cf\" data-element_type=\"widget\" data-widget_type=\"heading.default\">\n\t\t\t\t<div class=\"elementor-widget-container\">\n\t\t\t\t\t<h2 class=\"elementor-heading-title elementor-size-default\">Services de production<\/h2>\t\t\t\t<\/div>\n\t\t\t\t<\/div>\n\t\t\t\t\t<\/div>\n\t\t<\/div>\n\t\t\t\t\t<\/div>\n\t\t<\/section>\n\t\t\t\t<section class=\"elementor-section elementor-top-section elementor-element elementor-element-3f4898aa elementor-section-stretched elementor-section-boxed elementor-section-height-default elementor-section-height-default\" data-id=\"3f4898aa\" data-element_type=\"section\" data-settings=\"{&quot;background_background&quot;:&quot;classic&quot;,&quot;stretch_section&quot;:&quot;section-stretched&quot;}\">\n\t\t\t\t\t\t<div class=\"elementor-container elementor-column-gap-default\">\n\t\t\t\t\t<div class=\"elementor-column elementor-col-25 elementor-top-column elementor-element elementor-element-5d125b8a\" data-id=\"5d125b8a\" data-element_type=\"column\" data-settings=\"{&quot;background_background&quot;:&quot;classic&quot;}\">\n\t\t\t<div class=\"elementor-widget-wrap elementor-element-populated\">\n\t\t\t\t\t\t<div class=\"elementor-element elementor-element-11d03c55 elementor-widget elementor-widget-heading\" data-id=\"11d03c55\" data-element_type=\"widget\" data-widget_type=\"heading.default\">\n\t\t\t\t<div class=\"elementor-widget-container\">\n\t\t\t\t\t<h5 class=\"elementor-heading-title elementor-size-default\">Services de mise en sc\u00e8ne <\/h5>\t\t\t\t<\/div>\n\t\t\t\t<\/div>\n\t\t\t\t<div class=\"elementor-element elementor-element-74c8ef2e elementor-widget elementor-widget-text-editor\" data-id=\"74c8ef2e\" data-element_type=\"widget\" data-widget_type=\"text-editor.default\">\n\t\t\t\t<div class=\"elementor-widget-container\">\n\t\t\t\t\t\t\t\t\t<ul style=\"color: #ffffff;\"><li>Conception de la production et de la mise en sc\u00e8ne<\/li><\/ul><p>\u00a0<\/p><ul style=\"color: #ffffff;\"><li>Production de concerts et tourn\u00e9es<\/li><\/ul><p>\u00a0<\/p><ul style=\"color: #ffffff;\"><li>Support technique pour le th\u00e9\u00e2tre<\/li><\/ul><p>\u00a0<\/p><ul style=\"color: #ffffff;\"><li>Pop-up &amp; Sc\u00e8nes de pr\u00e9sentation<\/li><\/ul>\t\t\t\t\t\t\t\t<\/div>\n\t\t\t\t<\/div>\n\t\t\t\t\t<\/div>\n\t\t<\/div>\n\t\t\t\t<div class=\"elementor-column elementor-col-25 elementor-top-column elementor-element elementor-element-6a554090\" data-id=\"6a554090\" data-element_type=\"column\" data-settings=\"{&quot;background_background&quot;:&quot;classic&quot;}\">\n\t\t\t<div class=\"elementor-widget-wrap elementor-element-populated\">\n\t\t\t\t\t\t<div class=\"elementor-element elementor-element-2dad0573 elementor-widget elementor-widget-heading\" data-id=\"2dad0573\" data-element_type=\"widget\" data-widget_type=\"heading.default\">\n\t\t\t\t<div class=\"elementor-widget-container\">\n\t\t\t\t\t<h5 class=\"elementor-heading-title elementor-size-default\">Sc\u00e8ne et d\u00e9cors <\/h5>\t\t\t\t<\/div>\n\t\t\t\t<\/div>\n\t\t\t\t<div class=\"elementor-element elementor-element-550d9da7 elementor-widget elementor-widget-text-editor\" data-id=\"550d9da7\" data-element_type=\"widget\" data-widget_type=\"text-editor.default\">\n\t\t\t\t<div class=\"elementor-widget-container\">\n\t\t\t\t\t\t\t\t\t<ul style=\"color: #ffffff;\"><li>Murs LED<\/li><\/ul><p>\u00a0<\/p><ul style=\"color: #ffffff;\"><li>D\u00e9cors modulaires<\/li><\/ul><p>\u00a0<\/p><ul style=\"color: #ffffff;\"><li>Panneaux et dalles de sc\u00e8ne<\/li><\/ul><p>\u00a0<\/p><ul style=\"color: #ffffff;\"><li>Mobilier sp\u00e9cifique<\/li><\/ul><p>\u00a0<\/p><ul style=\"color: #ffffff;\"><li>Espaces de travail collaboratif (Huddle rooms)<\/li><\/ul>\t\t\t\t\t\t\t\t<\/div>\n\t\t\t\t<\/div>\n\t\t\t\t\t<\/div>\n\t\t<\/div>\n\t\t\t\t<div class=\"elementor-column elementor-col-25 elementor-top-column elementor-element elementor-element-723815ad\" data-id=\"723815ad\" data-element_type=\"column\" data-settings=\"{&quot;background_background&quot;:&quot;classic&quot;}\">\n\t\t\t<div class=\"elementor-widget-wrap elementor-element-populated\">\n\t\t\t\t\t\t<div class=\"elementor-element elementor-element-26cb098b elementor-widget elementor-widget-heading\" data-id=\"26cb098b\" data-element_type=\"widget\" data-widget_type=\"heading.default\">\n\t\t\t\t<div class=\"elementor-widget-container\">\n\t\t\t\t\t<h5 class=\"elementor-heading-title elementor-size-default\">Gestion du spectacle <\/h5>\t\t\t\t<\/div>\n\t\t\t\t<\/div>\n\t\t\t\t<div class=\"elementor-element elementor-element-29cf488b elementor-widget elementor-widget-text-editor\" data-id=\"29cf488b\" data-element_type=\"widget\" data-widget_type=\"text-editor.default\">\n\t\t\t\t<div class=\"elementor-widget-container\">\n\t\t\t\t\t\t\t\t\t<ul style=\"color: #ffffff;\"><li>Production de spectacles<\/li><\/ul><p>\u00a0<\/p><ul style=\"color: #ffffff;\"><li>Gestion de la sc\u00e8ne<\/li><\/ul><p>\u00a0<\/p><ul style=\"color: #ffffff;\"><li>Gestion des talents<\/li><\/ul><p>\u00a0<\/p>\t\t\t\t\t\t\t\t<\/div>\n\t\t\t\t<\/div>\n\t\t\t\t\t<\/div>\n\t\t<\/div>\n\t\t\t\t<div class=\"elementor-column elementor-col-25 elementor-top-column elementor-element elementor-element-30368fcc\" data-id=\"30368fcc\" data-element_type=\"column\" data-settings=\"{&quot;background_background&quot;:&quot;classic&quot;}\">\n\t\t\t<div class=\"elementor-widget-wrap elementor-element-populated\">\n\t\t\t\t\t\t<div class=\"elementor-element elementor-element-2a3c5aec elementor-widget elementor-widget-heading\" data-id=\"2a3c5aec\" data-element_type=\"widget\" data-widget_type=\"heading.default\">\n\t\t\t\t<div class=\"elementor-widget-container\">\n\t\t\t\t\t<h5 class=\"elementor-heading-title elementor-size-default\">Services d\u2019exposition <\/h5>\t\t\t\t<\/div>\n\t\t\t\t<\/div>\n\t\t\t\t<div class=\"elementor-element elementor-element-3db6ac4b elementor-widget elementor-widget-text-editor\" data-id=\"3db6ac4b\" data-element_type=\"widget\" data-widget_type=\"text-editor.default\">\n\t\t\t\t<div class=\"elementor-widget-container\">\n\t\t\t\t\t\t\t\t\t<ul style=\"color: #ffffff;\"><li>Conception et r\u00e9alisation d\u2019expositions<\/li><\/ul><p>\u00a0<\/p><ul style=\"color: #ffffff;\"><li>Services de fabrication tous corps d\u2019\u00e9tat<\/li><\/ul>\t\t\t\t\t\t\t\t<\/div>\n\t\t\t\t<\/div>\n\t\t\t\t\t<\/div>\n\t\t<\/div>\n\t\t\t\t\t<\/div>\n\t\t<\/section>\n\t\t\t\t<section class=\"elementor-section elementor-top-section elementor-element elementor-element-4694c991 elementor-section-boxed elementor-section-height-default elementor-section-height-default\" data-id=\"4694c991\" data-element_type=\"section\" data-settings=\"{&quot;background_background&quot;:&quot;classic&quot;}\">\n\t\t\t\t\t\t<div class=\"elementor-container elementor-column-gap-default\">\n\t\t\t\t\t<div class=\"elementor-column elementor-col-100 elementor-top-column elementor-element elementor-element-4a085012\" data-id=\"4a085012\" data-element_type=\"column\">\n\t\t\t<div class=\"elementor-widget-wrap elementor-element-populated\">\n\t\t\t\t\t\t<div class=\"elementor-element elementor-element-7d638c50 elementor-widget elementor-widget-spacer\" data-id=\"7d638c50\" data-element_type=\"widget\" data-widget_type=\"spacer.default\">\n\t\t\t\t<div class=\"elementor-widget-container\">\n\t\t\t\t\t\t\t<div class=\"elementor-spacer\">\n\t\t\t<div class=\"elementor-spacer-inner\"><\/div>\n\t\t<\/div>\n\t\t\t\t\t\t<\/div>\n\t\t\t\t<\/div>\n\t\t\t\t<div class=\"elementor-element elementor-element-5bbb295c elementor-widget elementor-widget-heading\" data-id=\"5bbb295c\" data-element_type=\"widget\" data-widget_type=\"heading.default\">\n\t\t\t\t<div class=\"elementor-widget-container\">\n\t\t\t\t\t<h2 class=\"elementor-heading-title elementor-size-default\">Services de cr\u00e9ation, de production et de technologie<\/h2>\t\t\t\t<\/div>\n\t\t\t\t<\/div>\n\t\t\t\t\t<\/div>\n\t\t<\/div>\n\t\t\t\t\t<\/div>\n\t\t<\/section>\n\t\t\t\t<section class=\"elementor-section elementor-inner-section elementor-element elementor-element-49c4cd5f elementor-section-boxed elementor-section-height-default elementor-section-height-default\" data-id=\"49c4cd5f\" data-element_type=\"section\">\n\t\t\t\t\t\t<div class=\"elementor-container elementor-column-gap-default\">\n\t\t\t\t\t<div class=\"elementor-column elementor-col-33 elementor-inner-column elementor-element elementor-element-46a76d0\" data-id=\"46a76d0\" data-element_type=\"column\">\n\t\t\t<div class=\"elementor-widget-wrap elementor-element-populated\">\n\t\t\t\t\t\t<div class=\"elementor-element elementor-element-7c3d04dd elementor-widget elementor-widget-encore-capabilities\" data-id=\"7c3d04dd\" data-element_type=\"widget\" data-widget_type=\"encore-capabilities.default\">\n\t\t\t\t<div class=\"elementor-widget-container\">\n\t\t\t\t\t<div class=\"capability-wrapper\">\n\t<div class=\"entry\" style=\"background-image:url(https:\/\/info.encoreglobal.com\/app\/uploads\/sites\/2\/2021\/10\/Encore-Creative-Production-Image.jpg);\">\n\t\t<div class=\"entry-display orange\">\n\t\t\t<div class=\"title\">Cr\u00e9ation<\/div>\n            <div class=\"clear\"><\/div>\n\t\t\t<div class=\"link\">\n\t\t\t\t<a href=\"https:\/\/www.encore-emea.com\/fr\/une-creativite-qui-inspire\/\">En savoir plus<\/a>\n\t\t\t<\/div>\n\t\t<\/div>\n\t<\/div>\n<\/div>\n\t\t\t\t<\/div>\n\t\t\t\t<\/div>\n\t\t\t\t\t<\/div>\n\t\t<\/div>\n\t\t\t\t<div class=\"elementor-column elementor-col-33 elementor-inner-column elementor-element elementor-element-10f7a109\" data-id=\"10f7a109\" data-element_type=\"column\">\n\t\t\t<div class=\"elementor-widget-wrap elementor-element-populated\">\n\t\t\t\t\t\t<div class=\"elementor-element elementor-element-29691d21 elementor-widget elementor-widget-encore-capabilities\" data-id=\"29691d21\" data-element_type=\"widget\" data-widget_type=\"encore-capabilities.default\">\n\t\t\t\t<div class=\"elementor-widget-container\">\n\t\t\t\t\t<div class=\"capability-wrapper\">\n\t<div class=\"entry\" style=\"background-image:url(https:\/\/info.encoreglobal.com\/app\/uploads\/sites\/2\/2021\/10\/Encore-On-site-Production-Image.jpg);\">\n\t\t<div class=\"entry-display teal\">\n\t\t\t<div class=\"title\">Production<\/div>\n            <div class=\"clear\"><\/div>\n\t\t\t<div class=\"link\">\n\t\t\t\t<a href=\"https:\/\/www.encore-emea.com\/fr\/solutions-evenementielles\/production\/\">En savoir plus<\/a>\n\t\t\t<\/div>\n\t\t<\/div>\n\t<\/div>\n<\/div>\n\t\t\t\t<\/div>\n\t\t\t\t<\/div>\n\t\t\t\t\t<\/div>\n\t\t<\/div>\n\t\t\t\t<div class=\"elementor-column elementor-col-33 elementor-inner-column elementor-element elementor-element-561e08b0\" data-id=\"561e08b0\" data-element_type=\"column\">\n\t\t\t<div class=\"elementor-widget-wrap elementor-element-populated\">\n\t\t\t\t\t\t<div class=\"elementor-element elementor-element-27062345 elementor-widget elementor-widget-encore-capabilities\" data-id=\"27062345\" data-element_type=\"widget\" data-widget_type=\"encore-capabilities.default\">\n\t\t\t\t<div class=\"elementor-widget-container\">\n\t\t\t\t\t<div class=\"capability-wrapper\">\n\t<div class=\"entry\" style=\"background-image:url(https:\/\/info.encoreglobal.com\/app\/uploads\/sites\/2\/2021\/10\/man-on-screen-within-chime-live-application.png);\">\n\t\t<div class=\"entry-display green\">\n\t\t\t<div class=\"title\">Technologie<\/div>\n            <div class=\"clear\"><\/div>\n\t\t\t<div class=\"link\">\n\t\t\t\t<a href=\"https:\/\/www.encore-emea.com\/fr\/la-technologie-qui-connecte\/\">En savoir plus<\/a>\n\t\t\t<\/div>\n\t\t<\/div>\n\t<\/div>\n<\/div>\n\t\t\t\t<\/div>\n\t\t\t\t<\/div>\n\t\t\t\t\t<\/div>\n\t\t<\/div>\n\t\t\t\t\t<\/div>\n\t\t<\/section>\n\t\t\t\t<\/div>\n\t\t","protected":false},"excerpt":{"rendered":"<p>Pr\u00e9parer le terrain pour l\u2019extraordinaire En tant que leader de la production \u00e9v\u00e8nementielle, il n\u2019y a rien que nous n\u2019ayons vu et aucun r\u00eave n\u2019est irr\u00e9alisable. Nos \u00e9quipes de production sont les meilleures de leur cat\u00e9gorie pour transformer des id\u00e9es jet\u00e9es sur un tableau blanc en exp\u00e9riences uniques. Vous pouvez imaginer encore plus grand et &#8230; <a href=\"https:\/\/info.encore-emea.com\/fr\/une-production-qui-suscite-linteret\/\">En savoir plus<\/a><\/p>\n","protected":false},"author":5628,"featured_media":0,"parent":0,"menu_order":0,"comment_status":"closed","ping_status":"closed","template":"","meta":{"footnotes":""},"tags":[],"class_list":["post-33580","page","type-page","status-publish","hentry"],"yoast_head":"<!-- This site is optimized with the Yoast SEO Premium plugin v25.4 (Yoast SEO v25.4) - https:\/\/yoast.com\/wordpress\/plugins\/seo\/ -->\n<title>Une production qui suscite l&#039;int\u00e9r\u00eat - Encore EMEA<\/title>\n<meta name=\"robots\" content=\"noindex, follow, max-snippet:-1, max-image-preview:large, max-video-preview:-1\" \/>\n<meta property=\"og:locale\" content=\"fr_FR\" \/>\n<meta property=\"og:type\" content=\"article\" \/>\n<meta property=\"og:title\" content=\"Une production qui suscite l&#039;int\u00e9r\u00eat\" \/>\n<meta property=\"og:description\" content=\"Pr\u00e9parer le terrain pour l\u2019extraordinaire En tant que leader de la production \u00e9v\u00e8nementielle, il n\u2019y a rien que nous n\u2019ayons vu et aucun r\u00eave n\u2019est irr\u00e9alisable. Nos \u00e9quipes de production sont les meilleures de leur cat\u00e9gorie pour transformer des id\u00e9es jet\u00e9es sur un tableau blanc en exp\u00e9riences uniques. Vous pouvez imaginer encore plus grand et ... En savoir plus\" \/>\n<meta property=\"og:url\" content=\"https:\/\/info.encore-emea.com\/production-that-engages\/\" \/>\n<meta property=\"og:site_name\" content=\"Encore EMEA\" \/>\n<meta property=\"article:publisher\" content=\"https:\/\/www.facebook.com\/EncoreEMEA\" \/>\n<meta property=\"article:modified_time\" content=\"2021-11-16T21:04:01+00:00\" \/>\n<meta name=\"twitter:card\" content=\"summary_large_image\" \/>\n<meta name=\"twitter:site\" content=\"@EncoreEMEA\" \/>\n<meta name=\"twitter:label1\" content=\"Dur\u00e9e de lecture estim\u00e9e\" \/>\n\t<meta name=\"twitter:data1\" content=\"1 minute\" \/>\n<script type=\"application\/ld+json\" class=\"yoast-schema-graph\">{\"@context\":\"https:\/\/schema.org\",\"@graph\":[{\"@type\":\"WebPage\",\"@id\":\"https:\/\/info.encore-emea.com\/production-that-engages\/\",\"url\":\"https:\/\/info.encore-emea.com\/production-that-engages\/\",\"name\":\"Une production qui suscite l'int\u00e9r\u00eat - Encore EMEA\",\"isPartOf\":{\"@id\":\"https:\/\/info.encore-emea.com\/#website\"},\"datePublished\":\"2021-11-16T17:17:13+00:00\",\"dateModified\":\"2021-11-16T21:04:01+00:00\",\"breadcrumb\":{\"@id\":\"https:\/\/info.encore-emea.com\/production-that-engages\/#breadcrumb\"},\"inLanguage\":\"fr-FR\",\"potentialAction\":[{\"@type\":\"ReadAction\",\"target\":[\"https:\/\/info.encore-emea.com\/production-that-engages\/\"]}]},{\"@type\":\"BreadcrumbList\",\"@id\":\"https:\/\/info.encore-emea.com\/production-that-engages\/#breadcrumb\",\"itemListElement\":[{\"@type\":\"ListItem\",\"position\":1,\"name\":\"Home\",\"item\":\"https:\/\/info.encore-emea.com\/fr\/\"},{\"@type\":\"ListItem\",\"position\":2,\"name\":\"Une production qui suscite l&#8217;int\u00e9r\u00eat\"}]},{\"@type\":\"WebSite\",\"@id\":\"https:\/\/info.encore-emea.com\/#website\",\"url\":\"https:\/\/info.encore-emea.com\/\",\"name\":\"Encore EMEA\",\"description\":\"Events That Transform\",\"publisher\":{\"@id\":\"https:\/\/info.encore-emea.com\/#organization\"},\"potentialAction\":[{\"@type\":\"SearchAction\",\"target\":{\"@type\":\"EntryPoint\",\"urlTemplate\":\"https:\/\/info.encore-emea.com\/?s={search_term_string}\"},\"query-input\":{\"@type\":\"PropertyValueSpecification\",\"valueRequired\":true,\"valueName\":\"search_term_string\"}}],\"inLanguage\":\"fr-FR\"},{\"@type\":\"Organization\",\"@id\":\"https:\/\/info.encore-emea.com\/#organization\",\"name\":\"ENCORE EMEA\",\"url\":\"https:\/\/info.encore-emea.com\/\",\"logo\":{\"@type\":\"ImageObject\",\"inLanguage\":\"fr-FR\",\"@id\":\"https:\/\/info.encore-emea.com\/#\/schema\/logo\/image\/\",\"url\":\"https:\/\/cdn.encoreglobal.com\/wp-content\/uploads\/sites\/2\/2021\/01\/13170758\/encore_logo_RGB.png\",\"contentUrl\":\"https:\/\/cdn.encoreglobal.com\/wp-content\/uploads\/sites\/2\/2021\/01\/13170758\/encore_logo_RGB.png\",\"width\":6797,\"height\":1934,\"caption\":\"ENCORE EMEA\"},\"image\":{\"@id\":\"https:\/\/info.encore-emea.com\/#\/schema\/logo\/image\/\"},\"sameAs\":[\"https:\/\/www.facebook.com\/EncoreEMEA\",\"https:\/\/x.com\/EncoreEMEA\",\"https:\/\/www.instagram.com\/encoreemea\/\",\"https:\/\/www.linkedin.com\/company\/encoreuk\/\"]}]}<\/script>\n<!-- \/ Yoast SEO Premium plugin. -->","yoast_head_json":{"title":"Une production qui suscite l'int\u00e9r\u00eat - Encore EMEA","robots":{"index":"noindex","follow":"follow","max-snippet":"max-snippet:-1","max-image-preview":"max-image-preview:large","max-video-preview":"max-video-preview:-1"},"og_locale":"fr_FR","og_type":"article","og_title":"Une production qui suscite l'int\u00e9r\u00eat","og_description":"Pr\u00e9parer le terrain pour l\u2019extraordinaire En tant que leader de la production \u00e9v\u00e8nementielle, il n\u2019y a rien que nous n\u2019ayons vu et aucun r\u00eave n\u2019est irr\u00e9alisable. Nos \u00e9quipes de production sont les meilleures de leur cat\u00e9gorie pour transformer des id\u00e9es jet\u00e9es sur un tableau blanc en exp\u00e9riences uniques. Vous pouvez imaginer encore plus grand et ... En savoir plus","og_url":"https:\/\/info.encore-emea.com\/production-that-engages\/","og_site_name":"Encore EMEA","article_publisher":"https:\/\/www.facebook.com\/EncoreEMEA","article_modified_time":"2021-11-16T21:04:01+00:00","twitter_card":"summary_large_image","twitter_site":"@EncoreEMEA","twitter_misc":{"Dur\u00e9e de lecture estim\u00e9e":"1 minute"},"schema":{"@context":"https:\/\/schema.org","@graph":[{"@type":"WebPage","@id":"https:\/\/info.encore-emea.com\/production-that-engages\/","url":"https:\/\/info.encore-emea.com\/production-that-engages\/","name":"Une production qui suscite l'int\u00e9r\u00eat - Encore EMEA","isPartOf":{"@id":"https:\/\/info.encore-emea.com\/#website"},"datePublished":"2021-11-16T17:17:13+00:00","dateModified":"2021-11-16T21:04:01+00:00","breadcrumb":{"@id":"https:\/\/info.encore-emea.com\/production-that-engages\/#breadcrumb"},"inLanguage":"fr-FR","potentialAction":[{"@type":"ReadAction","target":["https:\/\/info.encore-emea.com\/production-that-engages\/"]}]},{"@type":"BreadcrumbList","@id":"https:\/\/info.encore-emea.com\/production-that-engages\/#breadcrumb","itemListElement":[{"@type":"ListItem","position":1,"name":"Home","item":"https:\/\/info.encore-emea.com\/fr\/"},{"@type":"ListItem","position":2,"name":"Une production qui suscite l&#8217;int\u00e9r\u00eat"}]},{"@type":"WebSite","@id":"https:\/\/info.encore-emea.com\/#website","url":"https:\/\/info.encore-emea.com\/","name":"Encore EMEA","description":"Events That Transform","publisher":{"@id":"https:\/\/info.encore-emea.com\/#organization"},"potentialAction":[{"@type":"SearchAction","target":{"@type":"EntryPoint","urlTemplate":"https:\/\/info.encore-emea.com\/?s={search_term_string}"},"query-input":{"@type":"PropertyValueSpecification","valueRequired":true,"valueName":"search_term_string"}}],"inLanguage":"fr-FR"},{"@type":"Organization","@id":"https:\/\/info.encore-emea.com\/#organization","name":"ENCORE EMEA","url":"https:\/\/info.encore-emea.com\/","logo":{"@type":"ImageObject","inLanguage":"fr-FR","@id":"https:\/\/info.encore-emea.com\/#\/schema\/logo\/image\/","url":"https:\/\/cdn.encoreglobal.com\/wp-content\/uploads\/sites\/2\/2021\/01\/13170758\/encore_logo_RGB.png","contentUrl":"https:\/\/cdn.encoreglobal.com\/wp-content\/uploads\/sites\/2\/2021\/01\/13170758\/encore_logo_RGB.png","width":6797,"height":1934,"caption":"ENCORE EMEA"},"image":{"@id":"https:\/\/info.encore-emea.com\/#\/schema\/logo\/image\/"},"sameAs":["https:\/\/www.facebook.com\/EncoreEMEA","https:\/\/x.com\/EncoreEMEA","https:\/\/www.instagram.com\/encoreemea\/","https:\/\/www.linkedin.com\/company\/encoreuk\/"]}]}},"_links":{"self":[{"href":"https:\/\/info.encore-emea.com\/fr\/wp-json\/wp\/v2\/pages\/33580","targetHints":{"allow":["GET"]}}],"collection":[{"href":"https:\/\/info.encore-emea.com\/fr\/wp-json\/wp\/v2\/pages"}],"about":[{"href":"https:\/\/info.encore-emea.com\/fr\/wp-json\/wp\/v2\/types\/page"}],"author":[{"embeddable":true,"href":"https:\/\/info.encore-emea.com\/fr\/wp-json\/wp\/v2\/users\/5628"}],"replies":[{"embeddable":true,"href":"https:\/\/info.encore-emea.com\/fr\/wp-json\/wp\/v2\/comments?post=33580"}],"version-history":[{"count":0,"href":"https:\/\/info.encore-emea.com\/fr\/wp-json\/wp\/v2\/pages\/33580\/revisions"}],"wp:attachment":[{"href":"https:\/\/info.encore-emea.com\/fr\/wp-json\/wp\/v2\/media?parent=33580"}],"wp:term":[{"taxonomy":"post_tag","embeddable":true,"href":"https:\/\/info.encore-emea.com\/fr\/wp-json\/wp\/v2\/tags?post=33580"}],"curies":[{"name":"wp","href":"https:\/\/api.w.org\/{rel}","templated":true}]}}