{"id":41980,"date":"2022-10-19T08:39:34","date_gmt":"2022-10-19T08:39:34","guid":{"rendered":"https:\/\/www.encore-emea.com\/?page_id=41980"},"modified":"2023-01-12T06:24:42","modified_gmt":"2023-01-12T06:24:42","slug":"great-place-to-work","status":"publish","type":"page","link":"https:\/\/info.encore-emea.com\/fr\/great-place-to-work\/","title":{"rendered":"Un lieu de travail exceptionnel"},"content":{"rendered":"\t\t<div data-elementor-type=\"wp-page\" data-elementor-id=\"41980\" class=\"elementor elementor-41980 elementor-41960\" data-elementor-post-type=\"page\">\n\t\t\t\t\t\t<section class=\"elementor-section elementor-top-section elementor-element elementor-element-60aabb9 elementor-section-boxed elementor-section-height-default elementor-section-height-default\" data-id=\"60aabb9\" data-element_type=\"section\">\n\t\t\t\t\t\t<div class=\"elementor-container elementor-column-gap-default\">\n\t\t\t\t\t<div class=\"elementor-column elementor-col-100 elementor-top-column elementor-element elementor-element-ab3c216\" data-id=\"ab3c216\" data-element_type=\"column\">\n\t\t\t<div class=\"elementor-widget-wrap elementor-element-populated\">\n\t\t\t\t\t\t<div class=\"elementor-element elementor-element-47ccc05 elementor-widget elementor-widget-spacer\" data-id=\"47ccc05\" data-element_type=\"widget\" data-widget_type=\"spacer.default\">\n\t\t\t\t<div class=\"elementor-widget-container\">\n\t\t\t\t\t\t\t<div class=\"elementor-spacer\">\n\t\t\t<div class=\"elementor-spacer-inner\"><\/div>\n\t\t<\/div>\n\t\t\t\t\t\t<\/div>\n\t\t\t\t<\/div>\n\t\t\t\t\t<\/div>\n\t\t<\/div>\n\t\t\t\t\t<\/div>\n\t\t<\/section>\n\t\t\t\t<section class=\"elementor-section elementor-top-section elementor-element elementor-element-1445c66 elementor-section-boxed elementor-section-height-default elementor-section-height-default\" data-id=\"1445c66\" data-element_type=\"section\">\n\t\t\t\t\t\t<div class=\"elementor-container elementor-column-gap-default\">\n\t\t\t\t\t<div class=\"elementor-column elementor-col-50 elementor-top-column elementor-element elementor-element-6803d21\" data-id=\"6803d21\" data-element_type=\"column\">\n\t\t\t<div class=\"elementor-widget-wrap elementor-element-populated\">\n\t\t\t\t\t\t<div class=\"elementor-element elementor-element-c047b2e elementor-widget elementor-widget-heading\" data-id=\"c047b2e\" data-element_type=\"widget\" data-widget_type=\"heading.default\">\n\t\t\t\t<div class=\"elementor-widget-container\">\n\t\t\t\t\t<h3 class=\"elementor-heading-title elementor-size-default\">Des membres de l'\u00e9quipe heureux font des clients heureux!<\/h3>\t\t\t\t<\/div>\n\t\t\t\t<\/div>\n\t\t\t\t<div class=\"elementor-element elementor-element-90c278c elementor-widget elementor-widget-text-editor\" data-id=\"90c278c\" data-element_type=\"widget\" data-widget_type=\"text-editor.default\">\n\t\t\t\t<div class=\"elementor-widget-container\">\n\t\t\t\t\t\t\t\t\t<p>Encore est fier de partager qu&rsquo;il a \u00e9t\u00e9 certifi\u00e9 comme un <a href=\"https:\/\/www.greatplacetowork.com\/certified-company\/7039707\" target=\"_blank\" rel=\"noopener\">Great Place to Work\u00ae<\/a> aux \u00c9tats-Unis, au Mexique, au Royaume-Uni, en Allemagne, aux EAU et en Australie. Great Place to Work est l&rsquo;autorit\u00e9 mondiale en mati\u00e8re de culture d&rsquo;entreprise.<\/p><p>Notre \u00e9quipe mondiale vit continuellement notre objectif, notre mission et nos valeurs, et continuera \u00e0 s&rsquo;appuyer sur les forces qui ont \u00e9t\u00e9 identifi\u00e9es dans les domaines de la cr\u00e9dibilit\u00e9, du respect, de l&rsquo;\u00e9quit\u00e9, de la fiert\u00e9 et de la camaraderie. Nous nous pencherons \u00e9galement sur les possibilit\u00e9s d&rsquo;am\u00e9lioration qui sont apparues \u00e0 la suite des r\u00e9sultats de l&rsquo;enqu\u00eate men\u00e9e aupr\u00e8s des membres de l&rsquo;\u00e9quipe.<\/p><p>Les membres de notre \u00e9quipe sont le pouls constant d&rsquo;Encore, et nous sommes impatients de continuer \u00e0 d\u00e9passer les besoins de nos clients internationaux en mati\u00e8re de r\u00e9unions et d&rsquo;\u00e9v\u00e9nements et de collaborer avec nos partenaires.<\/p><p>\u00a0<\/p><p>\u00a0<\/p>\t\t\t\t\t\t\t\t<\/div>\n\t\t\t\t<\/div>\n\t\t\t\t\t<\/div>\n\t\t<\/div>\n\t\t\t\t<div class=\"elementor-column elementor-col-50 elementor-top-column elementor-element elementor-element-2ce017c\" data-id=\"2ce017c\" data-element_type=\"column\">\n\t\t\t<div class=\"elementor-widget-wrap elementor-element-populated\">\n\t\t\t\t\t\t<div class=\"elementor-element elementor-element-2e48b93 elementor-widget elementor-widget-image\" data-id=\"2e48b93\" data-element_type=\"widget\" data-widget_type=\"image.default\">\n\t\t\t\t<div class=\"elementor-widget-container\">\n\t\t\t\t\t\t\t\t\t\t\t\t\t\t\t<img fetchpriority=\"high\" decoding=\"async\" width=\"400\" height=\"400\" src=\"https:\/\/cdn.encoreglobal.com\/wp-content\/uploads\/sites\/2\/2022\/10\/26162711\/gptw3.png\" class=\"attachment-large size-large wp-image-42482\" alt=\"\" srcset=\"https:\/\/cdn.encoreglobal.com\/wp-content\/uploads\/sites\/2\/2022\/10\/26162711\/gptw3.png 400w, https:\/\/cdn.encoreglobal.com\/wp-content\/uploads\/sites\/2\/2022\/10\/26162711\/gptw3-300x300.png 300w, https:\/\/cdn.encoreglobal.com\/wp-content\/uploads\/sites\/2\/2022\/10\/26162711\/gptw3-150x150.png 150w\" sizes=\"(max-width: 400px) 100vw, 400px\" \/>\t\t\t\t\t\t\t\t\t\t\t\t\t\t\t<\/div>\n\t\t\t\t<\/div>\n\t\t\t\t\t<\/div>\n\t\t<\/div>\n\t\t\t\t\t<\/div>\n\t\t<\/section>\n\t\t\t\t<\/div>\n\t\t","protected":false},"excerpt":{"rendered":"<p>Des membres de l&rsquo;\u00e9quipe heureux font des clients heureux! Encore est fier de partager qu&rsquo;il a \u00e9t\u00e9 certifi\u00e9 comme un Great Place to Work\u00ae aux \u00c9tats-Unis, au Mexique, au Royaume-Uni, en Allemagne, aux EAU et en Australie. Great Place to Work est l&rsquo;autorit\u00e9 mondiale en mati\u00e8re de culture d&rsquo;entreprise. Notre \u00e9quipe mondiale vit continuellement notre &#8230; <a href=\"https:\/\/info.encore-emea.com\/fr\/great-place-to-work\/\">En savoir plus<\/a><\/p>\n","protected":false},"author":6869,"featured_media":0,"parent":0,"menu_order":3,"comment_status":"closed","ping_status":"closed","template":"page-templates\/template-hybrid.php","meta":{"footnotes":""},"tags":[],"class_list":["post-41980","page","type-page","status-publish","hentry"],"yoast_head":"<!-- This site is optimized with the Yoast SEO Premium plugin v25.4 (Yoast SEO v25.4) - https:\/\/yoast.com\/wordpress\/plugins\/seo\/ -->\n<title>Un lieu de travail exceptionnel - Encore EMEA<\/title>\n<meta name=\"description\" content=\"Encore est fier d&#039;annoncer qu&#039;il a \u00e9t\u00e9 certifi\u00e9 comme un Great Place to Work\u00ae,l\u2019autorit\u00e9 mondiale en mati\u00e8re de culture d\u2019entreprise.\" \/>\n<meta name=\"robots\" content=\"noindex, follow, max-snippet:-1, max-image-preview:large, max-video-preview:-1\" \/>\n<meta property=\"og:locale\" content=\"fr_FR\" \/>\n<meta property=\"og:type\" content=\"article\" \/>\n<meta property=\"og:title\" content=\"Un lieu de travail exceptionnel\" \/>\n<meta property=\"og:description\" content=\"Encore est fier d&#039;annoncer qu&#039;il a \u00e9t\u00e9 certifi\u00e9 comme un Great Place to Work\u00ae,l\u2019autorit\u00e9 mondiale en mati\u00e8re de culture d\u2019entreprise.\" \/>\n<meta property=\"og:url\" content=\"https:\/\/info.encore-emea.com\/great-place-to-work\/\" \/>\n<meta property=\"og:site_name\" content=\"Encore EMEA\" \/>\n<meta property=\"article:publisher\" content=\"https:\/\/www.facebook.com\/EncoreEMEA\" \/>\n<meta property=\"article:modified_time\" content=\"2023-01-12T06:24:42+00:00\" \/>\n<meta property=\"og:image\" content=\"https:\/\/www.encoreglobal.com\/app\/uploads\/sites\/2\/2022\/10\/gptw3.png\" \/>\n<meta name=\"twitter:card\" content=\"summary_large_image\" \/>\n<meta name=\"twitter:site\" content=\"@EncoreEMEA\" \/>\n<meta name=\"twitter:label1\" content=\"Dur\u00e9e de lecture estim\u00e9e\" \/>\n\t<meta name=\"twitter:data1\" content=\"1 minute\" \/>\n<script type=\"application\/ld+json\" class=\"yoast-schema-graph\">{\"@context\":\"https:\/\/schema.org\",\"@graph\":[{\"@type\":\"WebPage\",\"@id\":\"https:\/\/info.encore-emea.com\/great-place-to-work\/\",\"url\":\"https:\/\/info.encore-emea.com\/great-place-to-work\/\",\"name\":\"Un lieu de travail exceptionnel - Encore EMEA\",\"isPartOf\":{\"@id\":\"https:\/\/info.encore-emea.com\/#website\"},\"primaryImageOfPage\":{\"@id\":\"https:\/\/info.encore-emea.com\/great-place-to-work\/#primaryimage\"},\"image\":{\"@id\":\"https:\/\/info.encore-emea.com\/great-place-to-work\/#primaryimage\"},\"thumbnailUrl\":\"https:\/\/www.encoreglobal.com\/app\/uploads\/sites\/2\/2022\/10\/gptw3.png\",\"datePublished\":\"2022-10-19T08:39:34+00:00\",\"dateModified\":\"2023-01-12T06:24:42+00:00\",\"description\":\"Encore est fier d'annoncer qu'il a \u00e9t\u00e9 certifi\u00e9 comme un Great Place to Work\u00ae,l\u2019autorit\u00e9 mondiale en mati\u00e8re de culture d\u2019entreprise.\",\"breadcrumb\":{\"@id\":\"https:\/\/info.encore-emea.com\/great-place-to-work\/#breadcrumb\"},\"inLanguage\":\"fr-FR\",\"potentialAction\":[{\"@type\":\"ReadAction\",\"target\":[\"https:\/\/info.encore-emea.com\/great-place-to-work\/\"]}]},{\"@type\":\"ImageObject\",\"inLanguage\":\"fr-FR\",\"@id\":\"https:\/\/info.encore-emea.com\/great-place-to-work\/#primaryimage\",\"url\":\"https:\/\/www.encoreglobal.com\/app\/uploads\/sites\/2\/2022\/10\/gptw3.png\",\"contentUrl\":\"https:\/\/www.encoreglobal.com\/app\/uploads\/sites\/2\/2022\/10\/gptw3.png\"},{\"@type\":\"BreadcrumbList\",\"@id\":\"https:\/\/info.encore-emea.com\/great-place-to-work\/#breadcrumb\",\"itemListElement\":[{\"@type\":\"ListItem\",\"position\":1,\"name\":\"Home\",\"item\":\"https:\/\/info.encore-emea.com\/fr\/\"},{\"@type\":\"ListItem\",\"position\":2,\"name\":\"Un lieu de travail exceptionnel\"}]},{\"@type\":\"WebSite\",\"@id\":\"https:\/\/info.encore-emea.com\/#website\",\"url\":\"https:\/\/info.encore-emea.com\/\",\"name\":\"Encore EMEA\",\"description\":\"Events That Transform\",\"publisher\":{\"@id\":\"https:\/\/info.encore-emea.com\/#organization\"},\"potentialAction\":[{\"@type\":\"SearchAction\",\"target\":{\"@type\":\"EntryPoint\",\"urlTemplate\":\"https:\/\/info.encore-emea.com\/?s={search_term_string}\"},\"query-input\":{\"@type\":\"PropertyValueSpecification\",\"valueRequired\":true,\"valueName\":\"search_term_string\"}}],\"inLanguage\":\"fr-FR\"},{\"@type\":\"Organization\",\"@id\":\"https:\/\/info.encore-emea.com\/#organization\",\"name\":\"ENCORE EMEA\",\"url\":\"https:\/\/info.encore-emea.com\/\",\"logo\":{\"@type\":\"ImageObject\",\"inLanguage\":\"fr-FR\",\"@id\":\"https:\/\/info.encore-emea.com\/#\/schema\/logo\/image\/\",\"url\":\"https:\/\/cdn.encoreglobal.com\/wp-content\/uploads\/sites\/2\/2021\/01\/13170758\/encore_logo_RGB.png\",\"contentUrl\":\"https:\/\/cdn.encoreglobal.com\/wp-content\/uploads\/sites\/2\/2021\/01\/13170758\/encore_logo_RGB.png\",\"width\":6797,\"height\":1934,\"caption\":\"ENCORE EMEA\"},\"image\":{\"@id\":\"https:\/\/info.encore-emea.com\/#\/schema\/logo\/image\/\"},\"sameAs\":[\"https:\/\/www.facebook.com\/EncoreEMEA\",\"https:\/\/x.com\/EncoreEMEA\",\"https:\/\/www.instagram.com\/encoreemea\/\",\"https:\/\/www.linkedin.com\/company\/encoreuk\/\"]}]}<\/script>\n<!-- \/ Yoast SEO Premium plugin. -->","yoast_head_json":{"title":"Un lieu de travail exceptionnel - Encore EMEA","description":"Encore est fier d'annoncer qu'il a \u00e9t\u00e9 certifi\u00e9 comme un Great Place to Work\u00ae,l\u2019autorit\u00e9 mondiale en mati\u00e8re de culture d\u2019entreprise.","robots":{"index":"noindex","follow":"follow","max-snippet":"max-snippet:-1","max-image-preview":"max-image-preview:large","max-video-preview":"max-video-preview:-1"},"og_locale":"fr_FR","og_type":"article","og_title":"Un lieu de travail exceptionnel","og_description":"Encore est fier d'annoncer qu'il a \u00e9t\u00e9 certifi\u00e9 comme un Great Place to Work\u00ae,l\u2019autorit\u00e9 mondiale en mati\u00e8re de culture d\u2019entreprise.","og_url":"https:\/\/info.encore-emea.com\/great-place-to-work\/","og_site_name":"Encore EMEA","article_publisher":"https:\/\/www.facebook.com\/EncoreEMEA","article_modified_time":"2023-01-12T06:24:42+00:00","og_image":[{"url":"https:\/\/www.encoreglobal.com\/app\/uploads\/sites\/2\/2022\/10\/gptw3.png","type":"","width":"","height":""}],"twitter_card":"summary_large_image","twitter_site":"@EncoreEMEA","twitter_misc":{"Dur\u00e9e de lecture estim\u00e9e":"1 minute"},"schema":{"@context":"https:\/\/schema.org","@graph":[{"@type":"WebPage","@id":"https:\/\/info.encore-emea.com\/great-place-to-work\/","url":"https:\/\/info.encore-emea.com\/great-place-to-work\/","name":"Un lieu de travail exceptionnel - Encore EMEA","isPartOf":{"@id":"https:\/\/info.encore-emea.com\/#website"},"primaryImageOfPage":{"@id":"https:\/\/info.encore-emea.com\/great-place-to-work\/#primaryimage"},"image":{"@id":"https:\/\/info.encore-emea.com\/great-place-to-work\/#primaryimage"},"thumbnailUrl":"https:\/\/www.encoreglobal.com\/app\/uploads\/sites\/2\/2022\/10\/gptw3.png","datePublished":"2022-10-19T08:39:34+00:00","dateModified":"2023-01-12T06:24:42+00:00","description":"Encore est fier d'annoncer qu'il a \u00e9t\u00e9 certifi\u00e9 comme un Great Place to Work\u00ae,l\u2019autorit\u00e9 mondiale en mati\u00e8re de culture d\u2019entreprise.","breadcrumb":{"@id":"https:\/\/info.encore-emea.com\/great-place-to-work\/#breadcrumb"},"inLanguage":"fr-FR","potentialAction":[{"@type":"ReadAction","target":["https:\/\/info.encore-emea.com\/great-place-to-work\/"]}]},{"@type":"ImageObject","inLanguage":"fr-FR","@id":"https:\/\/info.encore-emea.com\/great-place-to-work\/#primaryimage","url":"https:\/\/www.encoreglobal.com\/app\/uploads\/sites\/2\/2022\/10\/gptw3.png","contentUrl":"https:\/\/www.encoreglobal.com\/app\/uploads\/sites\/2\/2022\/10\/gptw3.png"},{"@type":"BreadcrumbList","@id":"https:\/\/info.encore-emea.com\/great-place-to-work\/#breadcrumb","itemListElement":[{"@type":"ListItem","position":1,"name":"Home","item":"https:\/\/info.encore-emea.com\/fr\/"},{"@type":"ListItem","position":2,"name":"Un lieu de travail exceptionnel"}]},{"@type":"WebSite","@id":"https:\/\/info.encore-emea.com\/#website","url":"https:\/\/info.encore-emea.com\/","name":"Encore EMEA","description":"Events That Transform","publisher":{"@id":"https:\/\/info.encore-emea.com\/#organization"},"potentialAction":[{"@type":"SearchAction","target":{"@type":"EntryPoint","urlTemplate":"https:\/\/info.encore-emea.com\/?s={search_term_string}"},"query-input":{"@type":"PropertyValueSpecification","valueRequired":true,"valueName":"search_term_string"}}],"inLanguage":"fr-FR"},{"@type":"Organization","@id":"https:\/\/info.encore-emea.com\/#organization","name":"ENCORE EMEA","url":"https:\/\/info.encore-emea.com\/","logo":{"@type":"ImageObject","inLanguage":"fr-FR","@id":"https:\/\/info.encore-emea.com\/#\/schema\/logo\/image\/","url":"https:\/\/cdn.encoreglobal.com\/wp-content\/uploads\/sites\/2\/2021\/01\/13170758\/encore_logo_RGB.png","contentUrl":"https:\/\/cdn.encoreglobal.com\/wp-content\/uploads\/sites\/2\/2021\/01\/13170758\/encore_logo_RGB.png","width":6797,"height":1934,"caption":"ENCORE EMEA"},"image":{"@id":"https:\/\/info.encore-emea.com\/#\/schema\/logo\/image\/"},"sameAs":["https:\/\/www.facebook.com\/EncoreEMEA","https:\/\/x.com\/EncoreEMEA","https:\/\/www.instagram.com\/encoreemea\/","https:\/\/www.linkedin.com\/company\/encoreuk\/"]}]}},"_links":{"self":[{"href":"https:\/\/info.encore-emea.com\/fr\/wp-json\/wp\/v2\/pages\/41980","targetHints":{"allow":["GET"]}}],"collection":[{"href":"https:\/\/info.encore-emea.com\/fr\/wp-json\/wp\/v2\/pages"}],"about":[{"href":"https:\/\/info.encore-emea.com\/fr\/wp-json\/wp\/v2\/types\/page"}],"author":[{"embeddable":true,"href":"https:\/\/info.encore-emea.com\/fr\/wp-json\/wp\/v2\/users\/6869"}],"replies":[{"embeddable":true,"href":"https:\/\/info.encore-emea.com\/fr\/wp-json\/wp\/v2\/comments?post=41980"}],"version-history":[{"count":0,"href":"https:\/\/info.encore-emea.com\/fr\/wp-json\/wp\/v2\/pages\/41980\/revisions"}],"wp:attachment":[{"href":"https:\/\/info.encore-emea.com\/fr\/wp-json\/wp\/v2\/media?parent=41980"}],"wp:term":[{"taxonomy":"post_tag","embeddable":true,"href":"https:\/\/info.encore-emea.com\/fr\/wp-json\/wp\/v2\/tags?post=41980"}],"curies":[{"name":"wp","href":"https:\/\/api.w.org\/{rel}","templated":true}]}}